{"id":19611,"date":"2022-03-18T20:08:08","date_gmt":"2022-03-18T19:08:08","guid":{"rendered":"https:\/\/peaceworks.se\/?page_id=19611"},"modified":"2024-12-06T15:19:56","modified_gmt":"2024-12-06T14:19:56","slug":"lokalforeningar","status":"publish","type":"page","link":"https:\/\/peaceworks.se\/en\/engagera-dig\/organisera-dig\/lokalforeningar\/","title":{"rendered":"Local associations"},"content":{"rendered":"<div data-elementor-type=\"wp-page\" data-elementor-id=\"19611\" class=\"elementor elementor-19611\">\n\t\t\t\t\t\t<section class=\"elementor-section elementor-top-section elementor-element elementor-element-5d7cba1 elementor-section-boxed elementor-section-height-default elementor-section-height-default\" data-id=\"5d7cba1\" data-element_type=\"section\" data-e-type=\"section\">\n\t\t\t\t\t\t<div class=\"elementor-container elementor-column-gap-default\">\n\t\t\t\t\t<div class=\"elementor-column elementor-col-100 elementor-top-column elementor-element elementor-element-16fed4cb\" data-id=\"16fed4cb\" data-element_type=\"column\" data-e-type=\"column\">\n\t\t\t<div class=\"elementor-widget-wrap elementor-element-populated\">\n\t\t\t\t\t\t<div class=\"elementor-element elementor-element-efea226 elementor-widget elementor-widget-text-editor\" data-id=\"efea226\" data-element_type=\"widget\" data-e-type=\"widget\" data-widget_type=\"text-editor.default\">\n\t\t\t\t<div class=\"elementor-widget-container\">\n\t\t\t\t\t\t\t\t\t<p><\/p>\n<h1>Local associations<\/h1>\n<p><span style=\"font-weight: 300;\">Lokalf\u00f6reningarna finns till f\u00f6r dig som vill engagera dig direkt i PeaceWorks verksamhet och organisera antirasistiska, feministiska och solidariska aktiviteter tillsammans med andra unga som brinner f\u00f6r samma fr\u00e5gor. Du beh\u00f6ver inte tidigare erfarenhet av f\u00f6reningslivet, det r\u00e4cker att du delar PeaceWorks v\u00e4rdegrund, \u00e4r intresserad av att l\u00e4ra dig mer om dessa \u00e4mnen och \u00e4r taggad p\u00e5 att planera aktioner och aktiviteter med andra unga.\u00a0<\/span><\/p>\n<p><span style=\"font-weight: 300;\">Klicka dig in i v\u00e5ra lokalf\u00f6reningar h\u00e4runder f\u00f6r att l\u00e4sa mer om vad de g\u00f6r och skicka iv\u00e4g en intresseanm\u00e4lan. <\/span><\/p>\n<p><\/p>\t\t\t\t\t\t\t\t<\/div>\n\t\t\t\t<\/div>\n\t\t\t\t<div class=\"elementor-element elementor-element-6f7ce76 elementor-widget elementor-widget-spacer\" data-id=\"6f7ce76\" data-element_type=\"widget\" data-e-type=\"widget\" data-widget_type=\"spacer.default\">\n\t\t\t\t<div class=\"elementor-widget-container\">\n\t\t\t\t\t\t\t<div class=\"elementor-spacer\">\n\t\t\t<div class=\"elementor-spacer-inner\"><\/div>\n\t\t<\/div>\n\t\t\t\t\t\t<\/div>\n\t\t\t\t<\/div>\n\t\t\t\t\t<\/div>\n\t\t<\/div>\n\t\t\t\t\t<\/div>\n\t\t<\/section>\n\t\t<div class=\"elementor-element elementor-element-74ba952 e-flex e-con-boxed e-con e-parent\" data-id=\"74ba952\" data-element_type=\"container\" data-e-type=\"container\">\n\t\t\t\t\t<div class=\"e-con-inner\">\n\t\t<a class=\"eael-wrapper-link-dcf1608 --eael-wrapper-link-tag\" href=\"https:\/\/peaceworks.se\/en\/engagera-dig\/organisera-dig\/lokalforeningar\/peaceworks-stockholm\/\"><\/a><div data-eael-wrapper-link=\"eael-wrapper-link-dcf1608\" class=\"elementor-element elementor-element-dcf1608 e-con-full e-flex e-con e-child\" data-id=\"dcf1608\" data-element_type=\"container\" data-e-type=\"container\" data-settings=\"{&quot;background_background&quot;:&quot;classic&quot;}\">\n\t\t\t\t<div class=\"elementor-element elementor-element-da7bac1 elementor-widget elementor-widget-image\" data-id=\"da7bac1\" data-element_type=\"widget\" data-e-type=\"widget\" data-widget_type=\"image.default\">\n\t\t\t\t<div class=\"elementor-widget-container\">\n\t\t\t\t\t\t\t\t\t\t\t\t\t\t\t<img fetchpriority=\"high\" decoding=\"async\" width=\"400\" height=\"230\" src=\"https:\/\/peaceworks.se\/wp-content\/uploads\/2024\/12\/Stockholm_1-400x230.png\" class=\"elementor-animation-shrink attachment-medium size-medium wp-image-29073\" alt=\"\" srcset=\"https:\/\/peaceworks.se\/wp-content\/uploads\/2024\/12\/Stockholm_1-400x230.png 400w, https:\/\/peaceworks.se\/wp-content\/uploads\/2024\/12\/Stockholm_1-800x460.png 800w, https:\/\/peaceworks.se\/wp-content\/uploads\/2024\/12\/Stockholm_1-768x441.png 768w, https:\/\/peaceworks.se\/wp-content\/uploads\/2024\/12\/Stockholm_1-18x10.png 18w, https:\/\/peaceworks.se\/wp-content\/uploads\/2024\/12\/Stockholm_1.png 1001w\" sizes=\"(max-width: 400px) 100vw, 400px\" \/>\t\t\t\t\t\t\t\t\t\t\t\t\t\t\t<\/div>\n\t\t\t\t<\/div>\n\t\t\t\t<div class=\"elementor-element elementor-element-b2432f0 elementor-widget elementor-widget-heading\" data-id=\"b2432f0\" data-element_type=\"widget\" data-e-type=\"widget\" data-widget_type=\"heading.default\">\n\t\t\t\t<div class=\"elementor-widget-container\">\n\t\t\t\t\t<h4 class=\"elementor-heading-title elementor-size-default\">G\u00e5 med<\/h4>\t\t\t\t<\/div>\n\t\t\t\t<\/div>\n\t\t\t\t<div class=\"elementor-element elementor-element-c8454df elementor-view-default elementor-widget elementor-widget-icon\" data-id=\"c8454df\" data-element_type=\"widget\" data-e-type=\"widget\" data-widget_type=\"icon.default\">\n\t\t\t\t<div class=\"elementor-widget-container\">\n\t\t\t\t\t\t\t<div class=\"elementor-icon-wrapper\">\n\t\t\t<div class=\"elementor-icon elementor-animation-pulse\">\n\t\t\t<svg aria-hidden=\"true\" class=\"e-font-icon-svg e-far-hand-point-right\" viewbox=\"0 0 512 512\" xmlns=\"http:\/\/www.w3.org\/2000\/svg\"><path d=\"M428.8 137.6h-86.177a115.52 115.52 0 0 0 2.176-22.4c0-47.914-35.072-83.2-92-83.2-45.314 0-57.002 48.537-75.707 78.784-7.735 12.413-16.994 23.317-25.851 33.253l-.131.146-.129.148C135.662 161.807 127.764 168 120.8 168h-2.679c-5.747-4.952-13.536-8-22.12-8H32c-17.673 0-32 12.894-32 28.8v230.4C0 435.106 14.327 448 32 448h64c8.584 0 16.373-3.048 22.12-8h2.679c28.688 0 67.137 40 127.2 40h21.299c62.542 0 98.8-38.658 99.94-91.145 12.482-17.813 18.491-40.785 15.985-62.791A93.148 93.148 0 0 0 393.152 304H428.8c45.435 0 83.2-37.584 83.2-83.2 0-45.099-38.101-83.2-83.2-83.2zm0 118.4h-91.026c12.837 14.669 14.415 42.825-4.95 61.05 11.227 19.646 1.687 45.624-12.925 53.625 6.524 39.128-10.076 61.325-50.6 61.325H248c-45.491 0-77.21-35.913-120-39.676V215.571c25.239-2.964 42.966-21.222 59.075-39.596 11.275-12.65 21.725-25.3 30.799-39.875C232.355 112.712 244.006 80 252.8 80c23.375 0 44 8.8 44 35.2 0 35.2-26.4 53.075-26.4 70.4h158.4c18.425 0 35.2 16.5 35.2 35.2 0 18.975-16.225 35.2-35.2 35.2zM88 384c0 13.255-10.745 24-24 24s-24-10.745-24-24 10.745-24 24-24 24 10.745 24 24z\"><\/path><\/svg>\t\t\t<\/div>\n\t\t<\/div>\n\t\t\t\t\t\t<\/div>\n\t\t\t\t<\/div>\n\t\t\t\t<\/div>\n\t\t<a class=\"eael-wrapper-link-27df547 --eael-wrapper-link-tag\" href=\"https:\/\/peaceworks.se\/en\/engagera-dig\/organisera-dig\/lokalforeningar\/peaceworks-malmo\/\"><\/a><div data-eael-wrapper-link=\"eael-wrapper-link-27df547\" class=\"elementor-element elementor-element-27df547 e-con-full e-flex e-con e-child\" data-id=\"27df547\" data-element_type=\"container\" data-e-type=\"container\" data-settings=\"{&quot;background_background&quot;:&quot;classic&quot;}\">\n\t\t\t\t<div class=\"elementor-element elementor-element-a27ee53 elementor-widget elementor-widget-image\" data-id=\"a27ee53\" data-element_type=\"widget\" data-e-type=\"widget\" data-widget_type=\"image.default\">\n\t\t\t\t<div class=\"elementor-widget-container\">\n\t\t\t\t\t\t\t\t\t\t\t\t\t\t\t<img decoding=\"async\" width=\"400\" height=\"230\" src=\"https:\/\/peaceworks.se\/wp-content\/uploads\/2024\/12\/Malmo_1-400x230.png\" class=\"elementor-animation-shrink attachment-medium size-medium wp-image-29072\" alt=\"\" srcset=\"https:\/\/peaceworks.se\/wp-content\/uploads\/2024\/12\/Malmo_1-400x230.png 400w, https:\/\/peaceworks.se\/wp-content\/uploads\/2024\/12\/Malmo_1-800x460.png 800w, https:\/\/peaceworks.se\/wp-content\/uploads\/2024\/12\/Malmo_1-768x441.png 768w, https:\/\/peaceworks.se\/wp-content\/uploads\/2024\/12\/Malmo_1-18x10.png 18w, https:\/\/peaceworks.se\/wp-content\/uploads\/2024\/12\/Malmo_1.png 1001w\" sizes=\"(max-width: 400px) 100vw, 400px\" \/>\t\t\t\t\t\t\t\t\t\t\t\t\t\t\t<\/div>\n\t\t\t\t<\/div>\n\t\t\t\t<div class=\"elementor-element elementor-element-0b6df2a elementor-widget elementor-widget-heading\" data-id=\"0b6df2a\" data-element_type=\"widget\" data-e-type=\"widget\" data-widget_type=\"heading.default\">\n\t\t\t\t<div class=\"elementor-widget-container\">\n\t\t\t\t\t<h4 class=\"elementor-heading-title elementor-size-default\">G\u00e5 med<\/h4>\t\t\t\t<\/div>\n\t\t\t\t<\/div>\n\t\t\t\t<div class=\"elementor-element elementor-element-3829f52 elementor-view-default elementor-widget elementor-widget-icon\" data-id=\"3829f52\" data-element_type=\"widget\" data-e-type=\"widget\" data-widget_type=\"icon.default\">\n\t\t\t\t<div class=\"elementor-widget-container\">\n\t\t\t\t\t\t\t<div class=\"elementor-icon-wrapper\">\n\t\t\t<div class=\"elementor-icon elementor-animation-pulse\">\n\t\t\t<svg aria-hidden=\"true\" class=\"e-font-icon-svg e-far-hand-point-right\" viewbox=\"0 0 512 512\" xmlns=\"http:\/\/www.w3.org\/2000\/svg\"><path d=\"M428.8 137.6h-86.177a115.52 115.52 0 0 0 2.176-22.4c0-47.914-35.072-83.2-92-83.2-45.314 0-57.002 48.537-75.707 78.784-7.735 12.413-16.994 23.317-25.851 33.253l-.131.146-.129.148C135.662 161.807 127.764 168 120.8 168h-2.679c-5.747-4.952-13.536-8-22.12-8H32c-17.673 0-32 12.894-32 28.8v230.4C0 435.106 14.327 448 32 448h64c8.584 0 16.373-3.048 22.12-8h2.679c28.688 0 67.137 40 127.2 40h21.299c62.542 0 98.8-38.658 99.94-91.145 12.482-17.813 18.491-40.785 15.985-62.791A93.148 93.148 0 0 0 393.152 304H428.8c45.435 0 83.2-37.584 83.2-83.2 0-45.099-38.101-83.2-83.2-83.2zm0 118.4h-91.026c12.837 14.669 14.415 42.825-4.95 61.05 11.227 19.646 1.687 45.624-12.925 53.625 6.524 39.128-10.076 61.325-50.6 61.325H248c-45.491 0-77.21-35.913-120-39.676V215.571c25.239-2.964 42.966-21.222 59.075-39.596 11.275-12.65 21.725-25.3 30.799-39.875C232.355 112.712 244.006 80 252.8 80c23.375 0 44 8.8 44 35.2 0 35.2-26.4 53.075-26.4 70.4h158.4c18.425 0 35.2 16.5 35.2 35.2 0 18.975-16.225 35.2-35.2 35.2zM88 384c0 13.255-10.745 24-24 24s-24-10.745-24-24 10.745-24 24-24 24 10.745 24 24z\"><\/path><\/svg>\t\t\t<\/div>\n\t\t<\/div>\n\t\t\t\t\t\t<\/div>\n\t\t\t\t<\/div>\n\t\t\t\t<\/div>\n\t\t<a class=\"eael-wrapper-link-ef15b47 --eael-wrapper-link-tag\" href=\"https:\/\/peaceworks.se\/en\/engagera-dig\/organisera-dig\/lokalforeningar\/peaceworks-goteborg\/\"><\/a><div data-eael-wrapper-link=\"eael-wrapper-link-ef15b47\" class=\"elementor-element elementor-element-ef15b47 e-con-full e-flex e-con e-child\" data-id=\"ef15b47\" data-element_type=\"container\" data-e-type=\"container\" data-settings=\"{&quot;background_background&quot;:&quot;classic&quot;}\">\n\t\t\t\t<div class=\"elementor-element elementor-element-68eddfa elementor-widget elementor-widget-image\" data-id=\"68eddfa\" data-element_type=\"widget\" data-e-type=\"widget\" data-widget_type=\"image.default\">\n\t\t\t\t<div class=\"elementor-widget-container\">\n\t\t\t\t\t\t\t\t\t\t\t\t\t\t\t<img decoding=\"async\" width=\"400\" height=\"230\" src=\"https:\/\/peaceworks.se\/wp-content\/uploads\/2024\/12\/Goteborg_1-400x230.png\" class=\"elementor-animation-shrink attachment-medium size-medium wp-image-29071\" alt=\"\" srcset=\"https:\/\/peaceworks.se\/wp-content\/uploads\/2024\/12\/Goteborg_1-400x230.png 400w, https:\/\/peaceworks.se\/wp-content\/uploads\/2024\/12\/Goteborg_1-800x460.png 800w, https:\/\/peaceworks.se\/wp-content\/uploads\/2024\/12\/Goteborg_1-768x441.png 768w, https:\/\/peaceworks.se\/wp-content\/uploads\/2024\/12\/Goteborg_1-18x10.png 18w, https:\/\/peaceworks.se\/wp-content\/uploads\/2024\/12\/Goteborg_1.png 1001w\" sizes=\"(max-width: 400px) 100vw, 400px\" \/>\t\t\t\t\t\t\t\t\t\t\t\t\t\t\t<\/div>\n\t\t\t\t<\/div>\n\t\t\t\t<div class=\"elementor-element elementor-element-f4ed94a elementor-widget elementor-widget-heading\" data-id=\"f4ed94a\" data-element_type=\"widget\" data-e-type=\"widget\" data-widget_type=\"heading.default\">\n\t\t\t\t<div class=\"elementor-widget-container\">\n\t\t\t\t\t<h4 class=\"elementor-heading-title elementor-size-default\">G\u00e5 med<\/h4>\t\t\t\t<\/div>\n\t\t\t\t<\/div>\n\t\t\t\t<div class=\"elementor-element elementor-element-5e64fb8 elementor-view-default elementor-widget elementor-widget-icon\" data-id=\"5e64fb8\" data-element_type=\"widget\" data-e-type=\"widget\" data-widget_type=\"icon.default\">\n\t\t\t\t<div class=\"elementor-widget-container\">\n\t\t\t\t\t\t\t<div class=\"elementor-icon-wrapper\">\n\t\t\t<div class=\"elementor-icon elementor-animation-pulse\">\n\t\t\t<svg aria-hidden=\"true\" class=\"e-font-icon-svg e-far-hand-point-right\" viewbox=\"0 0 512 512\" xmlns=\"http:\/\/www.w3.org\/2000\/svg\"><path d=\"M428.8 137.6h-86.177a115.52 115.52 0 0 0 2.176-22.4c0-47.914-35.072-83.2-92-83.2-45.314 0-57.002 48.537-75.707 78.784-7.735 12.413-16.994 23.317-25.851 33.253l-.131.146-.129.148C135.662 161.807 127.764 168 120.8 168h-2.679c-5.747-4.952-13.536-8-22.12-8H32c-17.673 0-32 12.894-32 28.8v230.4C0 435.106 14.327 448 32 448h64c8.584 0 16.373-3.048 22.12-8h2.679c28.688 0 67.137 40 127.2 40h21.299c62.542 0 98.8-38.658 99.94-91.145 12.482-17.813 18.491-40.785 15.985-62.791A93.148 93.148 0 0 0 393.152 304H428.8c45.435 0 83.2-37.584 83.2-83.2 0-45.099-38.101-83.2-83.2-83.2zm0 118.4h-91.026c12.837 14.669 14.415 42.825-4.95 61.05 11.227 19.646 1.687 45.624-12.925 53.625 6.524 39.128-10.076 61.325-50.6 61.325H248c-45.491 0-77.21-35.913-120-39.676V215.571c25.239-2.964 42.966-21.222 59.075-39.596 11.275-12.65 21.725-25.3 30.799-39.875C232.355 112.712 244.006 80 252.8 80c23.375 0 44 8.8 44 35.2 0 35.2-26.4 53.075-26.4 70.4h158.4c18.425 0 35.2 16.5 35.2 35.2 0 18.975-16.225 35.2-35.2 35.2zM88 384c0 13.255-10.745 24-24 24s-24-10.745-24-24 10.745-24 24-24 24 10.745 24 24z\"><\/path><\/svg>\t\t\t<\/div>\n\t\t<\/div>\n\t\t\t\t\t\t<\/div>\n\t\t\t\t<\/div>\n\t\t\t\t<\/div>\n\t\t\t\t\t<\/div>\n\t\t\t\t<\/div>\n\t\t<div class=\"elementor-element elementor-element-28eb1d8 e-flex e-con-boxed e-con e-parent\" data-id=\"28eb1d8\" data-element_type=\"container\" data-e-type=\"container\">\n\t\t\t\t\t<div class=\"e-con-inner\">\n\t\t\t\t<div class=\"elementor-element elementor-element-e67dbab elementor-widget elementor-widget-spacer\" data-id=\"e67dbab\" data-element_type=\"widget\" data-e-type=\"widget\" data-widget_type=\"spacer.default\">\n\t\t\t\t<div class=\"elementor-widget-container\">\n\t\t\t\t\t\t\t<div class=\"elementor-spacer\">\n\t\t\t<div class=\"elementor-spacer-inner\"><\/div>\n\t\t<\/div>\n\t\t\t\t\t\t<\/div>\n\t\t\t\t<\/div>\n\t\t\t\t\t<\/div>\n\t\t\t\t<\/div>\n\t\t<div class=\"elementor-element elementor-element-2966a2d e-flex e-con-boxed e-con e-parent\" data-id=\"2966a2d\" data-element_type=\"container\" data-e-type=\"container\">\n\t\t\t\t\t<div class=\"e-con-inner\">\n\t\t\t\t<div class=\"elementor-element elementor-element-71319ca elementor-align-center elementor-widget elementor-widget-button\" data-id=\"71319ca\" data-element_type=\"widget\" data-e-type=\"widget\" data-widget_type=\"button.default\">\n\t\t\t\t<div class=\"elementor-widget-container\">\n\t\t\t\t\t\t\t\t\t<div class=\"elementor-button-wrapper\">\n\t\t\t\t\t<a class=\"elementor-button elementor-button-link elementor-size-sm\" href=\"https:\/\/peaceworks.se\/en\/ny-lokalforening\/\">\n\t\t\t\t\t\t<span class=\"elementor-button-content-wrapper\">\n\t\t\t\t\t\t\t\t\t<span class=\"elementor-button-text\">Starta ny lokalf\u00f6rening<\/span>\n\t\t\t\t\t<\/span>\n\t\t\t\t\t<\/a>\n\t\t\t\t<\/div>\n\t\t\t\t\t\t\t\t<\/div>\n\t\t\t\t<\/div>\n\t\t\t\t\t<\/div>\n\t\t\t\t<\/div>\n\t\t<div class=\"elementor-element elementor-element-7fafd43 e-flex e-con-boxed e-con e-parent\" data-id=\"7fafd43\" data-element_type=\"container\" data-e-type=\"container\">\n\t\t\t\t\t<div class=\"e-con-inner\">\n\t\t<div class=\"elementor-element elementor-element-cadfa06 e-con-full e-flex e-con e-child\" data-id=\"cadfa06\" data-element_type=\"container\" data-e-type=\"container\">\n\t\t\t\t<div class=\"elementor-element elementor-element-377eb70 elementor-widget elementor-widget-text-editor\" data-id=\"377eb70\" data-element_type=\"widget\" data-e-type=\"widget\" data-widget_type=\"text-editor.default\">\n\t\t\t\t<div class=\"elementor-widget-container\">\n\t\t\t\t\t\t\t\t\t<h4 style=\"text-align: right;\">Vill du ha mer info?<\/h4><h5 style=\"text-align: right;\">Kontakta oss<\/h5>\t\t\t\t\t\t\t\t<\/div>\n\t\t\t\t<\/div>\n\t\t\t\t<\/div>\n\t\t<div class=\"elementor-element elementor-element-dd4cac4 e-con-full e-flex e-con e-child\" data-id=\"dd4cac4\" data-element_type=\"container\" data-e-type=\"container\" data-settings=\"{&quot;background_background&quot;:&quot;classic&quot;}\">\n\t\t\t\t<div class=\"elementor-element elementor-element-7cff3d2 elementor-widget elementor-widget-text-editor\" data-id=\"7cff3d2\" data-element_type=\"widget\" data-e-type=\"widget\" data-widget_type=\"text-editor.default\">\n\t\t\t\t<div class=\"elementor-widget-container\">\n\t\t\t\t\t\t\t\t\t<h3>Rafaella G\u00e4rde<\/h3><p>Nationell f\u00f6reningssamordnare<\/p><p><a href=\"mailto:rafaella.garde@peaceworks.se\">rafaella.garde@peaceworks.se<\/a><\/p>\t\t\t\t\t\t\t\t<\/div>\n\t\t\t\t<\/div>\n\t\t\t\t<\/div>\n\t\t\t\t\t<\/div>\n\t\t\t\t<\/div>\n\t\t\t\t<\/div>","protected":false},"excerpt":{"rendered":"<p>Lokalf\u00f6reningar Lokalf\u00f6reningarna finns till f\u00f6r dig som vill engagera dig direkt i PeaceWorks verksamhet och organisera antirasistiska, feministiska och solidariska aktiviteter tillsammans med andra unga som brinner f\u00f6r samma fr\u00e5gor. Du beh\u00f6ver inte tidigare erfarenhet av f\u00f6reningslivet, det r\u00e4cker att du delar PeaceWorks v\u00e4rdegrund, \u00e4r intresserad av att l\u00e4ra dig mer om dessa \u00e4mnen och&#8230;<\/p>","protected":false},"author":1,"featured_media":26390,"parent":19524,"menu_order":2,"comment_status":"closed","ping_status":"closed","template":"","meta":{"footnotes":""},"class_list":["post-19611","page","type-page","status-publish","has-post-thumbnail","hentry"],"rttpg_featured_image_url":{"full":["https:\/\/peaceworks.se\/wp-content\/uploads\/2024\/04\/Lokalforeningar.png",1920,1081,false],"landscape":["https:\/\/peaceworks.se\/wp-content\/uploads\/2024\/04\/Lokalforeningar.png",1920,1081,false],"portraits":["https:\/\/peaceworks.se\/wp-content\/uploads\/2024\/04\/Lokalforeningar.png",1920,1081,false],"thumbnail":["https:\/\/peaceworks.se\/wp-content\/uploads\/2024\/04\/Lokalforeningar-150x150.png",150,150,true],"medium":["https:\/\/peaceworks.se\/wp-content\/uploads\/2024\/04\/Lokalforeningar-400x225.png",400,225,true],"large":["https:\/\/peaceworks.se\/wp-content\/uploads\/2024\/04\/Lokalforeningar-800x450.png",800,450,true],"1536x1536":["https:\/\/peaceworks.se\/wp-content\/uploads\/2024\/04\/Lokalforeningar-1536x865.png",1536,865,true],"2048x2048":["https:\/\/peaceworks.se\/wp-content\/uploads\/2024\/04\/Lokalforeningar.png",1920,1081,false],"trp-custom-language-flag":["https:\/\/peaceworks.se\/wp-content\/uploads\/2024\/04\/Lokalforeningar-18x10.png",18,10,true]},"rttpg_author":{"display_name":"PeaceWorks Sweden","author_link":"https:\/\/peaceworks.se\/en\/author\/p3ce-works\/"},"rttpg_comment":0,"rttpg_category":null,"rttpg_excerpt":"Lokalf\u00f6reningar Lokalf\u00f6reningarna finns till f\u00f6r dig som vill engagera dig direkt i PeaceWorks verksamhet och organisera antirasistiska, feministiska och solidariska aktiviteter tillsammans med andra unga som brinner f\u00f6r samma fr\u00e5gor. Du beh\u00f6ver inte tidigare erfarenhet av f\u00f6reningslivet, det r\u00e4cker att du delar PeaceWorks v\u00e4rdegrund, \u00e4r intresserad av att l\u00e4ra dig mer om dessa \u00e4mnen och...","_links":{"self":[{"href":"https:\/\/peaceworks.se\/en\/wp-json\/wp\/v2\/pages\/19611","targetHints":{"allow":["GET"]}}],"collection":[{"href":"https:\/\/peaceworks.se\/en\/wp-json\/wp\/v2\/pages"}],"about":[{"href":"https:\/\/peaceworks.se\/en\/wp-json\/wp\/v2\/types\/page"}],"author":[{"embeddable":true,"href":"https:\/\/peaceworks.se\/en\/wp-json\/wp\/v2\/users\/1"}],"replies":[{"embeddable":true,"href":"https:\/\/peaceworks.se\/en\/wp-json\/wp\/v2\/comments?post=19611"}],"version-history":[{"count":208,"href":"https:\/\/peaceworks.se\/en\/wp-json\/wp\/v2\/pages\/19611\/revisions"}],"predecessor-version":[{"id":29155,"href":"https:\/\/peaceworks.se\/en\/wp-json\/wp\/v2\/pages\/19611\/revisions\/29155"}],"up":[{"embeddable":true,"href":"https:\/\/peaceworks.se\/en\/wp-json\/wp\/v2\/pages\/19524"}],"wp:featuredmedia":[{"embeddable":true,"href":"https:\/\/peaceworks.se\/en\/wp-json\/wp\/v2\/media\/26390"}],"wp:attachment":[{"href":"https:\/\/peaceworks.se\/en\/wp-json\/wp\/v2\/media?parent=19611"}],"curies":[{"name":"wp","href":"https:\/\/api.w.org\/{rel}","templated":true}]}}