{"id":19613,"date":"2022-03-18T20:10:46","date_gmt":"2022-03-18T19:10:46","guid":{"rendered":"https:\/\/peaceworks.se\/?page_id=19613"},"modified":"2025-04-08T16:57:53","modified_gmt":"2025-04-08T14:57:53","slug":"anslutna-foreningar","status":"publish","type":"page","link":"https:\/\/peaceworks.se\/en\/engagera-dig\/organisera-dig\/anslutna-foreningar\/","title":{"rendered":"Anslutna f\u00f6reningar"},"content":{"rendered":"<div data-elementor-type=\"wp-page\" data-elementor-id=\"19613\" class=\"elementor elementor-19613\">\n\t\t\t\t<div class=\"elementor-element elementor-element-11959f2 e-flex e-con-boxed e-con e-parent\" data-id=\"11959f2\" data-element_type=\"container\" data-e-type=\"container\">\n\t\t\t\t\t<div class=\"e-con-inner\">\n\t\t\t\t<div class=\"elementor-element elementor-element-fd59541 elementor-widget elementor-widget-text-editor\" data-id=\"fd59541\" data-element_type=\"widget\" data-e-type=\"widget\" data-widget_type=\"text-editor.default\">\n\t\t\t\t<div class=\"elementor-widget-container\">\n\t\t\t\t\t\t\t\t\t<h1>V\u00e5ra anslutna f\u00f6reningar<\/h1>\n<p><span style=\"font-weight: 300\">H\u00e4r kan du l\u00e4sa mer om v\u00e5ra anslutna f\u00f6reningar. Det \u00e4r Ungdomsf\u00f6reningar som delar v\u00e4rdegrund med PeaceWorks och som har anslutit sig till oss som frist\u00e5ende medlemsf\u00f6reningar. F\u00f6reningarna delar medlemmar med PeaceWorks men \u00e4r i \u00f6vrigt helt autonoma och bedriver egen verksamhet med egen profil. Det inneb\u00e4r att PeaceWorks inte l\u00e4gger sig i verksamheten, s\u00e5 l\u00e4nge som den inte strider med v\u00e5r v\u00e4rdegrund och v\u00e5ra principer om<\/span><i><span style=\"font-weight: 300\"> internationell solidaritet <\/span><\/i><span style=\"font-weight: 300\">and <\/span><i><span style=\"font-weight: 300\">j\u00e4mlikhet<\/span><\/i><span style=\"font-weight: 300\">. De anslutna f\u00f6reningarna f\u00e5r tillg\u00e5ng till ekonomiskt bidrag varje \u00e5r och andra typer av st\u00f6d som underl\u00e4ttar f\u00f6r verksamheten.\u00a0<\/span><\/p>\n<p><span style=\"font-weight: 300\">Klicka dig in i v\u00e5ra anslutna f\u00f6reningar h\u00e4runder f\u00f6r att l\u00e4sa mer om vad de g\u00f6r, och skicka iv\u00e4g en intresseanm\u00e4lan.<\/span><\/p>\t\t\t\t\t\t\t\t<\/div>\n\t\t\t\t<\/div>\n\t\t\t\t\t<\/div>\n\t\t\t\t<\/div>\n\t\t<div class=\"elementor-element elementor-element-90c0c7b e-flex e-con-boxed e-con e-parent\" data-id=\"90c0c7b\" data-element_type=\"container\" data-e-type=\"container\">\n\t\t\t\t\t<div class=\"e-con-inner\">\n\t\t\t\t<div class=\"elementor-element elementor-element-3850e85 elementor-widget elementor-widget-spacer\" data-id=\"3850e85\" data-element_type=\"widget\" data-e-type=\"widget\" data-widget_type=\"spacer.default\">\n\t\t\t\t<div class=\"elementor-widget-container\">\n\t\t\t\t\t\t\t<div class=\"elementor-spacer\">\n\t\t\t<div class=\"elementor-spacer-inner\"><\/div>\n\t\t<\/div>\n\t\t\t\t\t\t<\/div>\n\t\t\t\t<\/div>\n\t\t\t\t\t<\/div>\n\t\t\t\t<\/div>\n\t\t<div class=\"elementor-element elementor-element-9529f30 e-flex e-con-boxed e-con e-parent\" data-id=\"9529f30\" data-element_type=\"container\" data-e-type=\"container\">\n\t\t\t\t\t<div class=\"e-con-inner\">\n\t\t<div class=\"elementor-element elementor-element-3950881 e-flex e-con-boxed e-con e-child\" data-id=\"3950881\" data-element_type=\"container\" data-e-type=\"container\">\n\t\t\t\t\t<div class=\"e-con-inner\">\n\t\t\t\t<div class=\"elementor-element elementor-element-ada4a26 elementor-widget elementor-widget-heading\" data-id=\"ada4a26\" data-element_type=\"widget\" data-e-type=\"widget\" data-widget_type=\"heading.default\">\n\t\t\t\t<div class=\"elementor-widget-container\">\n\t\t\t\t\t<h3 class=\"elementor-heading-title elementor-size-default\">V\u00e5ra anslutna f\u00f6reningar<\/h3>\t\t\t\t<\/div>\n\t\t\t\t<\/div>\n\t\t\t\t\t<\/div>\n\t\t\t\t<\/div>\n\t\t<div class=\"elementor-element elementor-element-0bc42da e-flex e-con-boxed e-con e-child\" data-id=\"0bc42da\" data-element_type=\"container\" data-e-type=\"container\">\n\t\t\t\t\t<div class=\"e-con-inner\">\n\t\t\t\t<div class=\"elementor-element elementor-element-77ed3d2 elementor-grid-eael-col-4 elementor-grid-tablet-eael-col-2 elementor-grid-mobile-eael-col-1 elementor-invisible elementor-widget elementor-widget-eael-post-grid\" data-id=\"77ed3d2\" data-element_type=\"widget\" data-e-type=\"widget\" data-settings=\"{&quot;_animation&quot;:&quot;pulse&quot;,&quot;eael_post_grid_columns&quot;:&quot;eael-col-4&quot;,&quot;eael_post_grid_columns_tablet&quot;:&quot;eael-col-2&quot;,&quot;eael_post_grid_columns_mobile&quot;:&quot;eael-col-1&quot;}\" data-widget_type=\"eael-post-grid.default\">\n\t\t\t\t<div class=\"elementor-widget-container\">\n\t\t\t\t\t<div id=\"eael-post-grid-77ed3d2\" class=\"eael-post-grid-container\">\n            <div class=\"eael-post-grid eael-post-appender eael-post-appender-77ed3d2 eael-post-grid-style-one\" data-layout-mode=\"grid\"><article class=\"eael-grid-post  eael-post-grid-column eael-pg-post-29499\" data-id=\"29499\">\n        <div class=\"eael-grid-post-holder\">\n            <div class=\"eael-grid-post-holder-inner\"><div class=\"eael-entry-media\"><div class=\"eael-entry-overlay fade-in\"><i class=\"fas fa-long-arrow-alt-right\" aria-hidden=\"true\"><\/i><a href=\"https:\/\/peaceworks.se\/en\/engagera-dig\/organisera-dig\/anslutna-foreningar\/ung-i-varlden\/\"><\/a><\/div><div class=\"eael-entry-thumbnail\">\n                <img fetchpriority=\"high\" decoding=\"async\" width=\"1920\" height=\"1080\" src=\"https:\/\/peaceworks.se\/wp-content\/uploads\/2025\/04\/uiv-hemsidoprofil.jpg\" class=\"attachment-full size-full wp-image-29561\" alt=\"\" srcset=\"https:\/\/peaceworks.se\/wp-content\/uploads\/2025\/04\/uiv-hemsidoprofil.jpg 1920w, https:\/\/peaceworks.se\/wp-content\/uploads\/2025\/04\/uiv-hemsidoprofil-400x225.jpg 400w, https:\/\/peaceworks.se\/wp-content\/uploads\/2025\/04\/uiv-hemsidoprofil-800x450.jpg 800w, https:\/\/peaceworks.se\/wp-content\/uploads\/2025\/04\/uiv-hemsidoprofil-768x432.jpg 768w, https:\/\/peaceworks.se\/wp-content\/uploads\/2025\/04\/uiv-hemsidoprofil-1536x864.jpg 1536w, https:\/\/peaceworks.se\/wp-content\/uploads\/2025\/04\/uiv-hemsidoprofil-18x10.jpg 18w\" sizes=\"(max-width: 1920px) 100vw, 1920px\" \/>\n            <\/div>\n        <\/div><div class=\"eael-entry-wrapper\"><header class=\"eael-entry-header\"><h3 class=\"eael-entry-title\"><a class=\"eael-grid-post-link\" href=\"https:\/\/peaceworks.se\/en\/engagera-dig\/organisera-dig\/anslutna-foreningar\/ung-i-varlden\/\" title=\"Ung i V\u00e4rlden\">Ung i V\u00e4rlden<\/a><\/h3><\/header><\/div><\/div>\n        <\/div>\n    <\/article><article class=\"eael-grid-post  eael-post-grid-column eael-pg-post-29332\" data-id=\"29332\">\n        <div class=\"eael-grid-post-holder\">\n            <div class=\"eael-grid-post-holder-inner\"><div class=\"eael-entry-media\"><div class=\"eael-entry-overlay fade-in\"><i class=\"fas fa-long-arrow-alt-right\" aria-hidden=\"true\"><\/i><a href=\"https:\/\/peaceworks.se\/en\/engagera-dig\/organisera-dig\/anslutna-foreningar\/front-for-falastin\/\"><\/a><\/div><div class=\"eael-entry-thumbnail\">\n                <img decoding=\"async\" width=\"1920\" height=\"1080\" src=\"https:\/\/peaceworks.se\/wp-content\/uploads\/2025\/10\/Medlemsforeningar-hemsidoprofil-1.jpg\" class=\"attachment-full size-full wp-image-29896\" alt=\"\" srcset=\"https:\/\/peaceworks.se\/wp-content\/uploads\/2025\/10\/Medlemsforeningar-hemsidoprofil-1.jpg 1920w, https:\/\/peaceworks.se\/wp-content\/uploads\/2025\/10\/Medlemsforeningar-hemsidoprofil-1-400x225.jpg 400w, https:\/\/peaceworks.se\/wp-content\/uploads\/2025\/10\/Medlemsforeningar-hemsidoprofil-1-800x450.jpg 800w, https:\/\/peaceworks.se\/wp-content\/uploads\/2025\/10\/Medlemsforeningar-hemsidoprofil-1-768x432.jpg 768w, https:\/\/peaceworks.se\/wp-content\/uploads\/2025\/10\/Medlemsforeningar-hemsidoprofil-1-1536x864.jpg 1536w, https:\/\/peaceworks.se\/wp-content\/uploads\/2025\/10\/Medlemsforeningar-hemsidoprofil-1-18x10.jpg 18w\" sizes=\"(max-width: 1920px) 100vw, 1920px\" \/>\n            <\/div>\n        <\/div><div class=\"eael-entry-wrapper\"><header class=\"eael-entry-header\"><h3 class=\"eael-entry-title\"><a class=\"eael-grid-post-link\" href=\"https:\/\/peaceworks.se\/en\/engagera-dig\/organisera-dig\/anslutna-foreningar\/front-for-falastin\/\" title=\"Handala Studentf\u00f6rening\">Handala Studentf\u00f6rening<\/a><\/h3><\/header><\/div><\/div>\n        <\/div>\n    <\/article><article class=\"eael-grid-post  eael-post-grid-column eael-pg-post-29280\" data-id=\"29280\">\n        <div class=\"eael-grid-post-holder\">\n            <div class=\"eael-grid-post-holder-inner\"><div class=\"eael-entry-media\"><div class=\"eael-entry-overlay fade-in\"><i class=\"fas fa-long-arrow-alt-right\" aria-hidden=\"true\"><\/i><a href=\"https:\/\/peaceworks.se\/en\/engagera-dig\/organisera-dig\/anslutna-foreningar\/grabba\/\"><\/a><\/div><div class=\"eael-entry-thumbnail\">\n                <img decoding=\"async\" width=\"1920\" height=\"1080\" src=\"https:\/\/peaceworks.se\/wp-content\/uploads\/2025\/01\/FFF-hemsidan-4.jpg\" class=\"attachment-full size-full wp-image-29352\" alt=\"\" srcset=\"https:\/\/peaceworks.se\/wp-content\/uploads\/2025\/01\/FFF-hemsidan-4.jpg 1920w, https:\/\/peaceworks.se\/wp-content\/uploads\/2025\/01\/FFF-hemsidan-4-400x225.jpg 400w, https:\/\/peaceworks.se\/wp-content\/uploads\/2025\/01\/FFF-hemsidan-4-800x450.jpg 800w, https:\/\/peaceworks.se\/wp-content\/uploads\/2025\/01\/FFF-hemsidan-4-768x432.jpg 768w, https:\/\/peaceworks.se\/wp-content\/uploads\/2025\/01\/FFF-hemsidan-4-1536x864.jpg 1536w, https:\/\/peaceworks.se\/wp-content\/uploads\/2025\/01\/FFF-hemsidan-4-18x10.jpg 18w\" sizes=\"(max-width: 1920px) 100vw, 1920px\" \/>\n            <\/div>\n        <\/div><div class=\"eael-entry-wrapper\"><header class=\"eael-entry-header\"><h3 class=\"eael-entry-title\"><a class=\"eael-grid-post-link\" href=\"https:\/\/peaceworks.se\/en\/engagera-dig\/organisera-dig\/anslutna-foreningar\/grabba\/\" title=\"GR\u00c4BBA\">GR\u00c4BBA<\/a><\/h3><\/header><\/div><\/div>\n        <\/div>\n    <\/article><article class=\"eael-grid-post  eael-post-grid-column eael-pg-post-21269\" data-id=\"21269\">\n        <div class=\"eael-grid-post-holder\">\n            <div class=\"eael-grid-post-holder-inner\"><div class=\"eael-entry-media\"><div class=\"eael-entry-overlay fade-in\"><i class=\"fas fa-long-arrow-alt-right\" aria-hidden=\"true\"><\/i><a href=\"https:\/\/peaceworks.se\/en\/engagera-dig\/organisera-dig\/anslutna-foreningar\/fundacion-amiga-malmo\/\"><\/a><\/div><div class=\"eael-entry-thumbnail\">\n                <img loading=\"lazy\" decoding=\"async\" width=\"1920\" height=\"1080\" src=\"https:\/\/peaceworks.se\/wp-content\/uploads\/2022\/10\/1.png\" class=\"attachment-full size-full wp-image-22388\" alt=\"\" srcset=\"https:\/\/peaceworks.se\/wp-content\/uploads\/2022\/10\/1.png 1920w, https:\/\/peaceworks.se\/wp-content\/uploads\/2022\/10\/1-400x225.png 400w, https:\/\/peaceworks.se\/wp-content\/uploads\/2022\/10\/1-800x450.png 800w, https:\/\/peaceworks.se\/wp-content\/uploads\/2022\/10\/1-768x432.png 768w, https:\/\/peaceworks.se\/wp-content\/uploads\/2022\/10\/1-1536x864.png 1536w, https:\/\/peaceworks.se\/wp-content\/uploads\/2022\/10\/1-18x10.png 18w\" sizes=\"(max-width: 1920px) 100vw, 1920px\" \/>\n            <\/div>\n        <\/div><div class=\"eael-entry-wrapper\"><header class=\"eael-entry-header\"><h3 class=\"eael-entry-title\"><a class=\"eael-grid-post-link\" href=\"https:\/\/peaceworks.se\/en\/engagera-dig\/organisera-dig\/anslutna-foreningar\/fundacion-amiga-malmo\/\" title=\"Fundaci\u00f3n Amiga Malm\u00f6\">Fundaci\u00f3n Amiga Malm\u00f6<\/a><\/h3><\/header><\/div><\/div>\n        <\/div>\n    <\/article><article class=\"eael-grid-post  eael-post-grid-column eael-pg-post-24735\" data-id=\"24735\">\n        <div class=\"eael-grid-post-holder\">\n            <div class=\"eael-grid-post-holder-inner\"><div class=\"eael-entry-media\"><div class=\"eael-entry-overlay fade-in\"><i class=\"fas fa-long-arrow-alt-right\" aria-hidden=\"true\"><\/i><a href=\"https:\/\/peaceworks.se\/en\/engagera-dig\/organisera-dig\/anslutna-foreningar\/mena-gruppen\/\"><\/a><\/div><div class=\"eael-entry-thumbnail\">\n                <img loading=\"lazy\" decoding=\"async\" width=\"1920\" height=\"1080\" src=\"https:\/\/peaceworks.se\/wp-content\/uploads\/2023\/11\/Menagruppen-thumb.jpg\" class=\"attachment-full size-full wp-image-24741\" alt=\"\" srcset=\"https:\/\/peaceworks.se\/wp-content\/uploads\/2023\/11\/Menagruppen-thumb.jpg 1920w, https:\/\/peaceworks.se\/wp-content\/uploads\/2023\/11\/Menagruppen-thumb-400x225.jpg 400w, https:\/\/peaceworks.se\/wp-content\/uploads\/2023\/11\/Menagruppen-thumb-800x450.jpg 800w, https:\/\/peaceworks.se\/wp-content\/uploads\/2023\/11\/Menagruppen-thumb-768x432.jpg 768w, https:\/\/peaceworks.se\/wp-content\/uploads\/2023\/11\/Menagruppen-thumb-1536x864.jpg 1536w, https:\/\/peaceworks.se\/wp-content\/uploads\/2023\/11\/Menagruppen-thumb-18x10.jpg 18w\" sizes=\"(max-width: 1920px) 100vw, 1920px\" \/>\n            <\/div>\n        <\/div><div class=\"eael-entry-wrapper\"><header class=\"eael-entry-header\"><h3 class=\"eael-entry-title\"><a class=\"eael-grid-post-link\" href=\"https:\/\/peaceworks.se\/en\/engagera-dig\/organisera-dig\/anslutna-foreningar\/mena-gruppen\/\" title=\"Svenska MENA-gruppen\">Svenska MENA-gruppen<\/a><\/h3><\/header><\/div><\/div>\n        <\/div>\n    <\/article><article class=\"eael-grid-post  eael-post-grid-column eael-pg-post-21272\" data-id=\"21272\">\n        <div class=\"eael-grid-post-holder\">\n            <div class=\"eael-grid-post-holder-inner\"><div class=\"eael-entry-media\"><div class=\"eael-entry-overlay fade-in\"><i class=\"fas fa-long-arrow-alt-right\" aria-hidden=\"true\"><\/i><a href=\"https:\/\/peaceworks.se\/en\/engagera-dig\/organisera-dig\/anslutna-foreningar\/teater-agrell\/\"><\/a><\/div><div class=\"eael-entry-thumbnail\">\n                <img loading=\"lazy\" decoding=\"async\" width=\"1920\" height=\"1080\" src=\"https:\/\/peaceworks.se\/wp-content\/uploads\/2022\/10\/3.png\" class=\"attachment-full size-full wp-image-22382\" alt=\"Teater Agrell\" srcset=\"https:\/\/peaceworks.se\/wp-content\/uploads\/2022\/10\/3.png 1920w, https:\/\/peaceworks.se\/wp-content\/uploads\/2022\/10\/3-400x225.png 400w, https:\/\/peaceworks.se\/wp-content\/uploads\/2022\/10\/3-800x450.png 800w, https:\/\/peaceworks.se\/wp-content\/uploads\/2022\/10\/3-768x432.png 768w, https:\/\/peaceworks.se\/wp-content\/uploads\/2022\/10\/3-1536x864.png 1536w, https:\/\/peaceworks.se\/wp-content\/uploads\/2022\/10\/3-18x10.png 18w\" sizes=\"(max-width: 1920px) 100vw, 1920px\" \/>\n            <\/div>\n        <\/div><div class=\"eael-entry-wrapper\"><header class=\"eael-entry-header\"><h3 class=\"eael-entry-title\"><a class=\"eael-grid-post-link\" href=\"https:\/\/peaceworks.se\/en\/engagera-dig\/organisera-dig\/anslutna-foreningar\/teater-agrell\/\" title=\"Teater Agrell\">Teater Agrell<\/a><\/h3><\/header><\/div><\/div>\n        <\/div>\n    <\/article><article class=\"eael-grid-post  eael-post-grid-column eael-pg-post-21275\" data-id=\"21275\">\n        <div class=\"eael-grid-post-holder\">\n            <div class=\"eael-grid-post-holder-inner\"><div class=\"eael-entry-media\"><div class=\"eael-entry-overlay fade-in\"><i class=\"fas fa-long-arrow-alt-right\" aria-hidden=\"true\"><\/i><a href=\"https:\/\/peaceworks.se\/en\/engagera-dig\/organisera-dig\/anslutna-foreningar\/the-challenge-group\/\"><\/a><\/div><div class=\"eael-entry-thumbnail\">\n                <img loading=\"lazy\" decoding=\"async\" width=\"1920\" height=\"1080\" src=\"https:\/\/peaceworks.se\/wp-content\/uploads\/2025\/03\/FFF-och-GRABBA-hemsidan.jpg\" class=\"attachment-full size-full wp-image-29484\" alt=\"\" srcset=\"https:\/\/peaceworks.se\/wp-content\/uploads\/2025\/03\/FFF-och-GRABBA-hemsidan.jpg 1920w, https:\/\/peaceworks.se\/wp-content\/uploads\/2025\/03\/FFF-och-GRABBA-hemsidan-400x225.jpg 400w, https:\/\/peaceworks.se\/wp-content\/uploads\/2025\/03\/FFF-och-GRABBA-hemsidan-800x450.jpg 800w, https:\/\/peaceworks.se\/wp-content\/uploads\/2025\/03\/FFF-och-GRABBA-hemsidan-768x432.jpg 768w, https:\/\/peaceworks.se\/wp-content\/uploads\/2025\/03\/FFF-och-GRABBA-hemsidan-1536x864.jpg 1536w, https:\/\/peaceworks.se\/wp-content\/uploads\/2025\/03\/FFF-och-GRABBA-hemsidan-18x10.jpg 18w\" sizes=\"(max-width: 1920px) 100vw, 1920px\" \/>\n            <\/div>\n        <\/div><div class=\"eael-entry-wrapper\"><header class=\"eael-entry-header\"><h3 class=\"eael-entry-title\"><a class=\"eael-grid-post-link\" href=\"https:\/\/peaceworks.se\/en\/engagera-dig\/organisera-dig\/anslutna-foreningar\/the-challenge-group\/\" title=\"The Challenge Group\">The Challenge Group<\/a><\/h3><\/header><\/div><\/div>\n        <\/div>\n    <\/article><\/div>\n            <div class=\"clearfix\"><\/div>\n        <\/div>\t\t\t\t<\/div>\n\t\t\t\t<\/div>\n\t\t\t\t\t<\/div>\n\t\t\t\t<\/div>\n\t\t\t\t\t<\/div>\n\t\t\t\t<\/div>\n\t\t<div class=\"elementor-element elementor-element-51d1089 e-flex e-con-boxed e-con e-parent\" data-id=\"51d1089\" data-element_type=\"container\" data-e-type=\"container\">\n\t\t\t\t\t<div class=\"e-con-inner\">\n\t\t\t\t<div class=\"elementor-element elementor-element-67af65b elementor-widget elementor-widget-spacer\" data-id=\"67af65b\" data-element_type=\"widget\" data-e-type=\"widget\" data-widget_type=\"spacer.default\">\n\t\t\t\t<div class=\"elementor-widget-container\">\n\t\t\t\t\t\t\t<div class=\"elementor-spacer\">\n\t\t\t<div class=\"elementor-spacer-inner\"><\/div>\n\t\t<\/div>\n\t\t\t\t\t\t<\/div>\n\t\t\t\t<\/div>\n\t\t\t\t\t<\/div>\n\t\t\t\t<\/div>\n\t\t<div class=\"elementor-element elementor-element-a2d5de4 e-flex e-con-boxed e-con e-parent\" data-id=\"a2d5de4\" data-element_type=\"container\" data-e-type=\"container\">\n\t\t\t\t\t<div class=\"e-con-inner\">\n\t\t<div class=\"elementor-element elementor-element-05b1d86 e-con-full e-flex e-con e-child\" data-id=\"05b1d86\" data-element_type=\"container\" data-e-type=\"container\">\n\t\t\t\t<div class=\"elementor-element elementor-element-6afed79 elementor-widget elementor-widget-text-editor\" data-id=\"6afed79\" data-element_type=\"widget\" data-e-type=\"widget\" data-widget_type=\"text-editor.default\">\n\t\t\t\t<div class=\"elementor-widget-container\">\n\t\t\t\t\t\t\t\t\t<h4 style=\"text-align: right\">Vill du ha mer info?<\/h4><h5 style=\"text-align: right\">Kontakta oss<\/h5>\t\t\t\t\t\t\t\t<\/div>\n\t\t\t\t<\/div>\n\t\t\t\t<\/div>\n\t\t<div class=\"elementor-element elementor-element-7473e83 e-con-full e-flex e-con e-child\" data-id=\"7473e83\" data-element_type=\"container\" data-e-type=\"container\" data-settings=\"{&quot;background_background&quot;:&quot;classic&quot;}\">\n\t\t\t\t<div class=\"elementor-element elementor-element-0499e23 elementor-widget elementor-widget-text-editor\" data-id=\"0499e23\" data-element_type=\"widget\" data-e-type=\"widget\" data-widget_type=\"text-editor.default\">\n\t\t\t\t<div class=\"elementor-widget-container\">\n\t\t\t\t\t\t\t\t\t<h3>Rafaella G\u00e4rde<\/h3><p>Nationell f\u00f6reningssamordnare<\/p><p><a href=\"mailto:rafaella.garde@peaceworks.se\">rafaella.garde@peaceworks.se<\/a><\/p>\t\t\t\t\t\t\t\t<\/div>\n\t\t\t\t<\/div>\n\t\t\t\t<\/div>\n\t\t\t\t\t<\/div>\n\t\t\t\t<\/div>\n\t\t\t\t<\/div>","protected":false},"excerpt":{"rendered":"<p>Har du en egen f\u00f6rening som s\u00f6ker st\u00f6d? Eller funderar du p\u00e5 att starta upp en f\u00f6rening och vill f\u00e5 r\u00e5d p\u00e5 hur du ska g\u00e5 till v\u00e4ga? Kontakta oss!<\/p>","protected":false},"author":1,"featured_media":26382,"parent":19524,"menu_order":3,"comment_status":"closed","ping_status":"closed","template":"","meta":{"footnotes":""},"class_list":["post-19613","page","type-page","status-publish","has-post-thumbnail","hentry"],"rttpg_featured_image_url":{"full":["https:\/\/peaceworks.se\/wp-content\/uploads\/2024\/04\/Anslutna-foreningar.png",1921,1081,false],"landscape":["https:\/\/peaceworks.se\/wp-content\/uploads\/2024\/04\/Anslutna-foreningar.png",1921,1081,false],"portraits":["https:\/\/peaceworks.se\/wp-content\/uploads\/2024\/04\/Anslutna-foreningar.png",1921,1081,false],"thumbnail":["https:\/\/peaceworks.se\/wp-content\/uploads\/2024\/04\/Anslutna-foreningar-150x150.png",150,150,true],"medium":["https:\/\/peaceworks.se\/wp-content\/uploads\/2024\/04\/Anslutna-foreningar-400x225.png",400,225,true],"large":["https:\/\/peaceworks.se\/wp-content\/uploads\/2024\/04\/Anslutna-foreningar-800x450.png",800,450,true],"1536x1536":["https:\/\/peaceworks.se\/wp-content\/uploads\/2024\/04\/Anslutna-foreningar-1536x864.png",1536,864,true],"2048x2048":["https:\/\/peaceworks.se\/wp-content\/uploads\/2024\/04\/Anslutna-foreningar.png",1921,1081,false],"trp-custom-language-flag":["https:\/\/peaceworks.se\/wp-content\/uploads\/2024\/04\/Anslutna-foreningar-18x10.png",18,10,true]},"rttpg_author":{"display_name":"PeaceWorks Sweden","author_link":"https:\/\/peaceworks.se\/en\/author\/p3ce-works\/"},"rttpg_comment":0,"rttpg_category":null,"rttpg_excerpt":"Har du en egen f\u00f6rening som s\u00f6ker st\u00f6d? Eller funderar du p\u00e5 att starta upp en f\u00f6rening och vill f\u00e5 r\u00e5d p\u00e5 hur du ska g\u00e5 till v\u00e4ga? Kontakta oss!","_links":{"self":[{"href":"https:\/\/peaceworks.se\/en\/wp-json\/wp\/v2\/pages\/19613","targetHints":{"allow":["GET"]}}],"collection":[{"href":"https:\/\/peaceworks.se\/en\/wp-json\/wp\/v2\/pages"}],"about":[{"href":"https:\/\/peaceworks.se\/en\/wp-json\/wp\/v2\/types\/page"}],"author":[{"embeddable":true,"href":"https:\/\/peaceworks.se\/en\/wp-json\/wp\/v2\/users\/1"}],"replies":[{"embeddable":true,"href":"https:\/\/peaceworks.se\/en\/wp-json\/wp\/v2\/comments?post=19613"}],"version-history":[{"count":155,"href":"https:\/\/peaceworks.se\/en\/wp-json\/wp\/v2\/pages\/19613\/revisions"}],"predecessor-version":[{"id":29565,"href":"https:\/\/peaceworks.se\/en\/wp-json\/wp\/v2\/pages\/19613\/revisions\/29565"}],"up":[{"embeddable":true,"href":"https:\/\/peaceworks.se\/en\/wp-json\/wp\/v2\/pages\/19524"}],"wp:featuredmedia":[{"embeddable":true,"href":"https:\/\/peaceworks.se\/en\/wp-json\/wp\/v2\/media\/26382"}],"wp:attachment":[{"href":"https:\/\/peaceworks.se\/en\/wp-json\/wp\/v2\/media?parent=19613"}],"curies":[{"name":"wp","href":"https:\/\/api.w.org\/{rel}","templated":true}]}}