{"id":19829,"date":"2022-03-19T10:50:04","date_gmt":"2022-03-19T09:50:04","guid":{"rendered":"https:\/\/peaceworks.se\/?page_id=19829"},"modified":"2024-12-06T15:43:30","modified_gmt":"2024-12-06T14:43:30","slug":"peaceworks-malmo","status":"publish","type":"page","link":"https:\/\/peaceworks.se\/en\/engagera-dig\/organisera-dig\/lokalforeningar\/peaceworks-malmo\/","title":{"rendered":"PeaceWorks Malm\u00f6"},"content":{"rendered":"\t\t<div data-elementor-type=\"wp-page\" data-elementor-id=\"19829\" class=\"elementor elementor-19829\">\n\t\t\t\t<div class=\"elementor-element elementor-element-834acec e-flex e-con-boxed e-con e-parent\" data-id=\"834acec\" data-element_type=\"container\" data-e-type=\"container\" data-settings=\"{&quot;background_background&quot;:&quot;classic&quot;}\">\n\t\t\t\t\t<div class=\"e-con-inner\">\n\t\t<div class=\"elementor-element elementor-element-f07bcc5 e-flex e-con-boxed e-con e-child\" data-id=\"f07bcc5\" data-element_type=\"container\" data-e-type=\"container\">\n\t\t\t\t\t<div class=\"e-con-inner\">\n\t\t\t\t<div class=\"elementor-element elementor-element-711a0c0 elementor-widget elementor-widget-image\" data-id=\"711a0c0\" data-element_type=\"widget\" data-e-type=\"widget\" data-widget_type=\"image.default\">\n\t\t\t\t<div class=\"elementor-widget-container\">\n\t\t\t\t\t\t\t\t\t\t\t\t\t\t\t<img fetchpriority=\"high\" decoding=\"async\" width=\"800\" height=\"460\" src=\"https:\/\/peaceworks.se\/wp-content\/uploads\/2024\/12\/Malmo_1-800x460.png\" class=\"attachment-large size-large wp-image-29072\" alt=\"\" srcset=\"https:\/\/peaceworks.se\/wp-content\/uploads\/2024\/12\/Malmo_1-800x460.png 800w, https:\/\/peaceworks.se\/wp-content\/uploads\/2024\/12\/Malmo_1-400x230.png 400w, https:\/\/peaceworks.se\/wp-content\/uploads\/2024\/12\/Malmo_1-768x441.png 768w, https:\/\/peaceworks.se\/wp-content\/uploads\/2024\/12\/Malmo_1-18x10.png 18w, https:\/\/peaceworks.se\/wp-content\/uploads\/2024\/12\/Malmo_1.png 1001w\" sizes=\"(max-width: 800px) 100vw, 800px\" \/>\t\t\t\t\t\t\t\t\t\t\t\t\t\t\t<\/div>\n\t\t\t\t<\/div>\n\t\t\t\t\t<\/div>\n\t\t\t\t<\/div>\n\t\t\t\t\t<\/div>\n\t\t\t\t<\/div>\n\t\t<div class=\"elementor-element elementor-element-5687ff8c e-flex e-con-boxed e-con e-parent\" data-id=\"5687ff8c\" data-element_type=\"container\" data-e-type=\"container\">\n\t\t\t\t\t<div class=\"e-con-inner\">\n\t\t\t\t<div class=\"elementor-element elementor-element-10c7013e elementor-widget elementor-widget-text-editor\" data-id=\"10c7013e\" data-element_type=\"widget\" data-e-type=\"widget\" data-widget_type=\"text-editor.default\">\n\t\t\t\t<div class=\"elementor-widget-container\">\n\t\t\t\t\t\t\t\t\t\n<blockquote class=\"wp-block-quote is-layout-flow wp-block-quote-is-layout-flow\"><\/blockquote>\n\n<h2 class=\"wp-block-heading\"><strong>V\u00e5r vision: <\/strong><\/h2>\n\n<p>V\u00e5r vision \u00e4r en r\u00e4ttvis v\u00e4rld i fred d\u00e4r unga \u00e4r aktiva samh\u00e4llsmedborgare. Detta samh\u00e4lle ska k\u00e4nnetecknas av fred och h\u00e5llbar utveckling, global r\u00e4ttvisa och solidaritet, \u00f6ver och f\u00f6rbi konstruerade nationella, kulturella, sociala och ekonomiska gr\u00e4nser.<\/p>\n\n<h2 class=\"wp-block-heading\"><strong>Vad vi g\u00f6r: <\/strong><\/h2>\n\n<p>Genom PeaceWorks Malm\u00f6 kan du som medlem organisera aktiviteter som du tycker beh\u00f6vs i ditt omr\u00e5de, med m\u00e5let att \u00f6ka unga m\u00e4nniskors engagemang och inflytande f\u00f6r fred och r\u00e4ttvisa p\u00e5 olika platser i Sverige.<\/p>\n\n<p><strong><em>Varf\u00f6r borde du g\u00e5 med i PeaceWorks Malm\u00f6?\u00a0<\/em><\/strong><\/p>\n\n<ul class=\"wp-block-list\">\n<li>F\u00f6r att ordna aktiviteter i solidaritet med Palestina<\/li>\n\n<li>F\u00f6r att engagera dig mot angiverilagen\u00a0<\/li>\n\n<li>F\u00f6r ett antirasistiskt Malm\u00f6\u00a0<\/li>\n\n<li>F\u00f6r ett feministiskt Malm\u00f6\u00a0<\/li>\n\n<li>F\u00f6r en v\u00e4rld fri fr\u00e5n oj\u00e4mlikhet, diskriminering och f\u00f6rtryck<\/li>\n<\/ul>\n\n<p><br \/><strong><em>Exempel p\u00e5 aktiviteter du kan vara med och driva:<\/em><\/strong><\/p>\n\n<ul class=\"wp-block-list\">\n<li>Spela in en podd\u00a0<\/li>\n\n<li>Skapa m\u00f6tesplatser f\u00f6r unga i Malm\u00f6<\/li>\n\n<li>Demonstrera\u00a0<\/li>\n\n<li>Spr\u00e5kcaf\u00e9\u00a0<\/li>\n\n<li>Utst\u00e4llningar\u00a0<\/li>\n\n<li>Filmkv\u00e4llar<\/li>\n<\/ul>\n\n<p>Varje \u00e5r delar PeaceWorks kansli ut bidrag till lokalf\u00f6reningarna som kan anv\u00e4ndas f\u00f6r att organisera de aktiviteterna. PeaceWorks Malm\u00f6s \u00e5rsm\u00f6tet \u00e4ger rum i december. Kontakta <a href=\"mailto:info@peaceworks.se\">info@peaceworks.se<\/a> om du \u00e4r intresserad av att engagera dig eller veta mer. Det g\u00e5r ocks\u00e5 att fylla i intresseformul\u00e4ret h\u00e4r under.<\/p>\n\n<h2 class=\"wp-block-heading\">Information in english:<\/h2>\n\n<p class=\"is-layout-flow wp-block-quote-is-layout-flow\"><strong>Do you want to get involved in peace, social justice, and youth organizing in Malm\u00f6? Join the local association PeaceWorks Malm\u00f6!<\/strong><\/p>\n\n<p>We reach out to those who want to engage get engaged in PeaceWorks work, participate in activities in the Malm\u00f6 area, and\/or receive support to carry out own ideas.<\/p>\n\n<h2 class=\"wp-block-heading\">What we do<\/h2>\n\n<p>Through PeaceWorks Malm\u00f6, you, as a member, can organize activities that you believe are needed in your area together with other youth. The goal is increasing the engagement and influence of young people for peace and justice in various locations in Sweden.<\/p>\n\n<p><em><strong>Why should you join PeaceWorks Malm\u00f6?<\/strong><\/em><\/p>\n\n<ul class=\"wp-block-list\">\n<li>To organize activities in solidarity with Palestine<\/li>\n\n<li>To engage against the informant law<\/li>\n\n<li>For an anti-racist Malm\u00f6<\/li>\n\n<li>For a feminist Malm\u00f6<\/li>\n\n<li>For a world free from inequality, discrimination, and oppression.<\/li>\n<\/ul>\n\n<p><br \/><strong><em>Examples of activities you can be involved in:<\/em><\/strong><\/p>\n\n<ul class=\"wp-block-list\">\n<li>Record a podcast<\/li>\n\n<li>Create meeting places for young people in Malm\u00f6<\/li>\n\n<li>Participate in demonstrations<\/li>\n\n<li>Language caf\u00e9<\/li>\n\n<li>Exhibitions<\/li>\n\n<li>Movie nights<\/li>\n<\/ul>\n\n<p>Every year, PeaceWorks Sweden distributes a grant to local branches that can be used to organize these activities. Contact <strong>info@peaceworks.se <\/strong> if you are interested in getting involved or if want more information. You can also fill in the interest form down below.<\/p>\n\n<h3 class=\"wp-block-heading\">Vill du vara med? Har du f\u00f6rslag p\u00e5 andra aktiviteter du vill delta i? Kontakta oss!\u00a0\u00a0<\/h3>\n\t\t\t\t\t\t\t\t<\/div>\n\t\t\t\t<\/div>\n\t\t\t\t\t<\/div>\n\t\t\t\t<\/div>\n\t\t<div class=\"elementor-element elementor-element-60ab514 e-flex e-con-boxed e-con e-parent\" data-id=\"60ab514\" data-element_type=\"container\" data-e-type=\"container\">\n\t\t\t\t\t<div class=\"e-con-inner\">\n\t\t\t\t<div class=\"elementor-element elementor-element-42a6464 elementor-widget elementor-widget-wpforms\" data-id=\"42a6464\" data-element_type=\"widget\" data-e-type=\"widget\" data-widget_type=\"wpforms.default\">\n\t\t\t\t<div class=\"elementor-widget-container\">\n\t\t\t\t\t<div class=\"wpforms-container wpforms-container-full wpforms-block wpforms-block-5669cb0a-753b-47bd-a894-2ba2291ead5f\" id=\"wpforms-22407\"><form id=\"wpforms-form-22407\" class=\"wpforms-validate wpforms-form wpforms-ajax-form\" data-formid=\"22407\" method=\"post\" enctype=\"multipart\/form-data\" action=\"\/en\/wp-json\/wp\/v2\/pages\/19829\" data-token=\"311802ff355391969d27a7ec38a3c1fb\" data-token-time=\"1776510376\"><div class=\"wpforms-head-container\"><div class=\"wpforms-title\">Intresseanm\u00e4lan PeaceWorks Malm\u00f6<\/div><div class=\"wpforms-description\">N\u00e4r du har fyllt i detta formul\u00e4r kommer vi att kontakta dig f\u00f6r att f\u00f6lja upp med din intresseanm\u00e4lan.<\/div><\/div><noscript class=\"wpforms-error-noscript\">Please enable JavaScript in your browser to complete this form.<\/noscript><div class=\"wpforms-field-container\"><div id=\"wpforms-22407-field_2-container\" class=\"wpforms-field wpforms-field-name\" data-field-id=\"2\"><label class=\"wpforms-field-label\" for=\"wpforms-22407-field_2\">Namn <span class=\"wpforms-required-label\">*<\/span><\/label><div class=\"wpforms-field-row wpforms-field-medium\"><div class=\"wpforms-field-row-block wpforms-first wpforms-one-half\"><input type=\"text\" id=\"wpforms-22407-field_2\" class=\"wpforms-field-name-first wpforms-field-required\" name=\"wpforms[fields][2][first]\" placeholder=\"F\u00f6rnamn\" required><label for=\"wpforms-22407-field_2\" class=\"wpforms-field-sublabel after wpforms-sublabel-hide\">First<\/label><\/div><div class=\"wpforms-field-row-block wpforms-one-half\"><input type=\"text\" id=\"wpforms-22407-field_2-last\" class=\"wpforms-field-name-last wpforms-field-required\" name=\"wpforms[fields][2][last]\" placeholder=\"Efternamn\" required><label for=\"wpforms-22407-field_2-last\" class=\"wpforms-field-sublabel after wpforms-sublabel-hide\">Last<\/label><\/div><\/div><\/div><div id=\"wpforms-22407-field_3-container\" class=\"wpforms-field wpforms-field-email\" data-field-id=\"3\"><label class=\"wpforms-field-label\" for=\"wpforms-22407-field_3\">E-post <span class=\"wpforms-required-label\">*<\/span><\/label><input type=\"email\" id=\"wpforms-22407-field_3\" class=\"wpforms-field-medium wpforms-field-required\" name=\"wpforms[fields][3]\" spellcheck=\"false\" required><\/div><div id=\"wpforms-22407-field_16-container\" class=\"wpforms-field wpforms-field-number\" data-field-id=\"16\"><label class=\"wpforms-field-label\" for=\"wpforms-22407-field_16\">Telefonnummer <span class=\"wpforms-required-label\">*<\/span><\/label><input type=\"number\" id=\"wpforms-22407-field_16\" class=\"wpforms-field-medium wpforms-field-required\" name=\"wpforms[fields][16]\" step=\"any\" required><\/div><div id=\"wpforms-22407-field_6-container\" class=\"wpforms-field wpforms-field-number\" data-field-id=\"6\"><label class=\"wpforms-field-label\" for=\"wpforms-22407-field_6\">F\u00f6delsedatum <span class=\"wpforms-required-label\">*<\/span><\/label><input type=\"number\" id=\"wpforms-22407-field_6\" class=\"wpforms-field-medium wpforms-field-required\" name=\"wpforms[fields][6]\" placeholder=\"\u00c5\u00c5\u00c5\u00c5MMDD\" step=\"any\" required><\/div><div id=\"wpforms-22407-field_26-container\" class=\"wpforms-field wpforms-field-select wpforms-field-select-style-classic\" data-field-id=\"26\"><label class=\"wpforms-field-label\" for=\"wpforms-22407-field_26\">\u00c4r du bosatt i Malm\u00f6? <span class=\"wpforms-required-label\">*<\/span><\/label><select id=\"wpforms-22407-field_26\" class=\"wpforms-field-medium wpforms-field-required\" name=\"wpforms[fields][26]\" required=\"required\"><option value=\"Ja\"  class=\"choice-1 depth-1\"  >Ja<\/option><option value=\"Nej\"  class=\"choice-2 depth-1\"  >Nej<\/option><\/select><\/div><div id=\"wpforms-22407-field_7-container\" class=\"wpforms-field wpforms-field-select wpforms-field-select-style-classic\" data-field-id=\"7\"><label class=\"wpforms-field-label\" for=\"wpforms-22407-field_7\">Har du varit engagerad i PeaceWorks tidigare? <span class=\"wpforms-required-label\">*<\/span><\/label><select id=\"wpforms-22407-field_7\" class=\"wpforms-field-medium wpforms-field-required\" name=\"wpforms[fields][7]\" required=\"required\"><option value=\"Ja\"  class=\"choice-1 depth-1\"  >Ja<\/option><option value=\"Nej\"  class=\"choice-2 depth-1\"  >Nej<\/option><option value=\"Choice 3\"  class=\"choice-3 depth-1\"  >Choice 3<\/option><\/select><\/div><div id=\"wpforms-22407-field_8-container\" class=\"wpforms-field wpforms-field-text\" data-field-id=\"8\"><label class=\"wpforms-field-label\" for=\"wpforms-22407-field_8\">Om Ja, beskriv g\u00e4rna hur:<\/label><input type=\"text\" id=\"wpforms-22407-field_8\" class=\"wpforms-field-medium\" name=\"wpforms[fields][8]\" ><\/div><div id=\"wpforms-22407-field_9-container\" class=\"wpforms-field wpforms-field-textarea\" data-field-id=\"9\"><label class=\"wpforms-field-label\" for=\"wpforms-22407-field_9\">Vilken typ av aktiviteter vill du vara med och driva? <span class=\"wpforms-required-label\">*<\/span><\/label><textarea id=\"wpforms-22407-field_9\" class=\"wpforms-field-medium wpforms-field-required\" name=\"wpforms[fields][9]\" required><\/textarea><\/div><div id=\"wpforms-22407-field_10-container\" class=\"wpforms-field wpforms-field-textarea\" data-field-id=\"10\"><label class=\"wpforms-field-label\" for=\"wpforms-22407-field_10\">Har du n\u00e5gon tidigare erfarenhet av styrelsearbete? <span class=\"wpforms-required-label\">*<\/span><\/label><textarea id=\"wpforms-22407-field_10\" class=\"wpforms-field-medium wpforms-field-required\" name=\"wpforms[fields][10]\" required><\/textarea><\/div><div id=\"wpforms-22407-field_17-container\" class=\"wpforms-field wpforms-field-checkbox\" data-field-id=\"17\"><label class=\"wpforms-field-label\">Samtycker du till att vi delar dina kontaktuppgifter med f\u00f6reningens styrelse? <span class=\"wpforms-required-label\">*<\/span><\/label><ul id=\"wpforms-22407-field_17\" class=\"wpforms-field-required\"><li class=\"choice-1 depth-1\"><input type=\"checkbox\" id=\"wpforms-22407-field_17_1\" name=\"wpforms[fields][17][]\" value=\"Ja\" required ><label class=\"wpforms-field-label-inline\" for=\"wpforms-22407-field_17_1\">Ja<\/label><\/li><li class=\"choice-2 depth-1\"><input type=\"checkbox\" id=\"wpforms-22407-field_17_2\" name=\"wpforms[fields][17][]\" value=\"Nej\" required ><label class=\"wpforms-field-label-inline\" for=\"wpforms-22407-field_17_2\">Nej<\/label><\/li><\/ul><\/div><\/div><!-- .wpforms-field-container --><div class=\"wpforms-submit-container\" ><input type=\"hidden\" name=\"wpforms[id]\" value=\"22407\"><input type=\"hidden\" name=\"page_title\" value=\"\"><input type=\"hidden\" name=\"page_url\" value=\"https:\/\/peaceworks.se\/en\/wp-json\/wp\/v2\/pages\/19829\"><input type=\"hidden\" name=\"url_referer\" value=\"\"><button type=\"submit\" name=\"wpforms[submit]\" id=\"wpforms-submit-22407\" class=\"wpforms-submit\" data-alt-text=\"Skickar \u2026\" data-submit-text=\"Skicka\" aria-live=\"assertive\" value=\"wpforms-submit\">Skicka<\/button><img decoding=\"async\" src=\"https:\/\/peaceworks.se\/wp-content\/plugins\/wpforms-lite\/assets\/images\/submit-spin.svg\" class=\"wpforms-submit-spinner\" style=\"display: none;\" width=\"26\" height=\"26\" alt=\"Loading\"><\/div><\/form><\/div>  <!-- .wpforms-container -->\t\t\t\t<\/div>\n\t\t\t\t<\/div>\n\t\t\t\t\t<\/div>\n\t\t\t\t<\/div>\n\t\t<div class=\"elementor-element elementor-element-dfd1d83 e-flex e-con-boxed e-con e-parent\" data-id=\"dfd1d83\" data-element_type=\"container\" data-e-type=\"container\">\n\t\t\t\t\t<div class=\"e-con-inner\">\n\t\t<div class=\"elementor-element elementor-element-a93beac e-con-full e-flex e-con e-child\" data-id=\"a93beac\" data-element_type=\"container\" data-e-type=\"container\">\n\t\t\t\t<div class=\"elementor-element elementor-element-21d990a elementor-widget elementor-widget-text-editor\" data-id=\"21d990a\" data-element_type=\"widget\" data-e-type=\"widget\" data-widget_type=\"text-editor.default\">\n\t\t\t\t<div class=\"elementor-widget-container\">\n\t\t\t\t\t\t\t\t\t<h4 style=\"text-align: right;\">Vill du ha mer info?<\/h4><h5 style=\"text-align: right;\">Kontakta oss<\/h5>\t\t\t\t\t\t\t\t<\/div>\n\t\t\t\t<\/div>\n\t\t\t\t<\/div>\n\t\t<div class=\"elementor-element elementor-element-5fa969a e-con-full e-flex e-con e-child\" data-id=\"5fa969a\" data-element_type=\"container\" data-e-type=\"container\" data-settings=\"{&quot;background_background&quot;:&quot;classic&quot;}\">\n\t\t\t\t<div class=\"elementor-element elementor-element-417fae7 elementor-widget elementor-widget-text-editor\" data-id=\"417fae7\" data-element_type=\"widget\" data-e-type=\"widget\" data-widget_type=\"text-editor.default\">\n\t\t\t\t<div class=\"elementor-widget-container\">\n\t\t\t\t\t\t\t\t\t<h3>Rafaella G\u00e4rde<\/h3><p>Nationell f\u00f6reningssamordnare<\/p><p><a href=\"mailto:rafaella.garde@peaceworks.se\">rafaella.garde@peaceworks.se<\/a><\/p>\t\t\t\t\t\t\t\t<\/div>\n\t\t\t\t<\/div>\n\t\t\t\t<\/div>\n\t\t\t\t\t<\/div>\n\t\t\t\t<\/div>\n\t\t\t\t<\/div>\n\t\t","protected":false},"excerpt":{"rendered":"<p>Our vision is a sustainable world in peace where young people are active citizens. This society must be characterised by peace and sustainable development, global justice and solidarity, across and beyond constructed national, cultural, social and economic boundaries.<\/p>","protected":false},"author":1,"featured_media":26464,"parent":19611,"menu_order":4,"comment_status":"closed","ping_status":"closed","template":"","meta":{"footnotes":""},"class_list":["post-19829","page","type-page","status-publish","has-post-thumbnail","hentry"],"rttpg_featured_image_url":{"full":["https:\/\/peaceworks.se\/wp-content\/uploads\/2024\/04\/Malmo-1.png",1001,861,false],"landscape":["https:\/\/peaceworks.se\/wp-content\/uploads\/2024\/04\/Malmo-1.png",1001,861,false],"portraits":["https:\/\/peaceworks.se\/wp-content\/uploads\/2024\/04\/Malmo-1.png",1001,861,false],"thumbnail":["https:\/\/peaceworks.se\/wp-content\/uploads\/2024\/04\/Malmo-1-150x150.png",150,150,true],"medium":["https:\/\/peaceworks.se\/wp-content\/uploads\/2024\/04\/Malmo-1-400x344.png",400,344,true],"large":["https:\/\/peaceworks.se\/wp-content\/uploads\/2024\/04\/Malmo-1-800x688.png",800,688,true],"1536x1536":["https:\/\/peaceworks.se\/wp-content\/uploads\/2024\/04\/Malmo-1.png",1001,861,false],"2048x2048":["https:\/\/peaceworks.se\/wp-content\/uploads\/2024\/04\/Malmo-1.png",1001,861,false],"trp-custom-language-flag":["https:\/\/peaceworks.se\/wp-content\/uploads\/2024\/04\/Malmo-1-14x12.png",14,12,true]},"rttpg_author":{"display_name":"PeaceWorks Sweden","author_link":"https:\/\/peaceworks.se\/en\/author\/p3ce-works\/"},"rttpg_comment":0,"rttpg_category":null,"rttpg_excerpt":"V\u00e5r vision \u00e4r en h\u00e5llbar v\u00e4rld i fred d\u00e4r unga \u00e4r aktiva samh\u00e4llsmedborgare. Detta samh\u00e4lle ska k\u00e4nnetecknas av fred och h\u00e5llbar utveckling, global r\u00e4ttvisa och solidaritet, \u00f6ver och f\u00f6rbi konstruerade nationella, kulturella, sociala och ekonomiska gr\u00e4nser.","_links":{"self":[{"href":"https:\/\/peaceworks.se\/en\/wp-json\/wp\/v2\/pages\/19829","targetHints":{"allow":["GET"]}}],"collection":[{"href":"https:\/\/peaceworks.se\/en\/wp-json\/wp\/v2\/pages"}],"about":[{"href":"https:\/\/peaceworks.se\/en\/wp-json\/wp\/v2\/types\/page"}],"author":[{"embeddable":true,"href":"https:\/\/peaceworks.se\/en\/wp-json\/wp\/v2\/users\/1"}],"replies":[{"embeddable":true,"href":"https:\/\/peaceworks.se\/en\/wp-json\/wp\/v2\/comments?post=19829"}],"version-history":[{"count":38,"href":"https:\/\/peaceworks.se\/en\/wp-json\/wp\/v2\/pages\/19829\/revisions"}],"predecessor-version":[{"id":29176,"href":"https:\/\/peaceworks.se\/en\/wp-json\/wp\/v2\/pages\/19829\/revisions\/29176"}],"up":[{"embeddable":true,"href":"https:\/\/peaceworks.se\/en\/wp-json\/wp\/v2\/pages\/19611"}],"wp:featuredmedia":[{"embeddable":true,"href":"https:\/\/peaceworks.se\/en\/wp-json\/wp\/v2\/media\/26464"}],"wp:attachment":[{"href":"https:\/\/peaceworks.se\/en\/wp-json\/wp\/v2\/media?parent=19829"}],"curies":[{"name":"wp","href":"https:\/\/api.w.org\/{rel}","templated":true}]}}