{"id":19930,"date":"2022-03-20T10:07:30","date_gmt":"2022-03-20T09:07:30","guid":{"rendered":"https:\/\/peaceworks.se\/?page_id=19930"},"modified":"2024-12-17T15:59:02","modified_gmt":"2024-12-17T14:59:02","slug":"vad-hande-med-freden","status":"publish","type":"page","link":"https:\/\/peaceworks.se\/en\/vart-jobb-i-sverige\/vad-hande-med-freden\/","title":{"rendered":"What happened with the peace process"},"content":{"rendered":"<div data-elementor-type=\"wp-page\" data-elementor-id=\"19930\" class=\"elementor elementor-19930\">\n\t\t\t\t\t\t<section class=\"elementor-section elementor-top-section elementor-element elementor-element-5abced4a elementor-section-boxed elementor-section-height-default elementor-section-height-default\" data-id=\"5abced4a\" data-element_type=\"section\" data-e-type=\"section\">\n\t\t\t\t\t\t<div class=\"elementor-container elementor-column-gap-default\">\n\t\t\t\t\t<div class=\"elementor-column elementor-col-100 elementor-top-column elementor-element elementor-element-5e185d47\" data-id=\"5e185d47\" data-element_type=\"column\" data-e-type=\"column\">\n\t\t\t<div class=\"elementor-widget-wrap elementor-element-populated\">\n\t\t\t\t\t\t<div class=\"elementor-element elementor-element-27779672 elementor-widget elementor-widget-text-editor\" data-id=\"27779672\" data-element_type=\"widget\" data-e-type=\"widget\" data-widget_type=\"text-editor.default\">\n\t\t\t\t<div class=\"elementor-widget-container\">\n\t\t\t\t\t\t\t\t\t<p><\/p>\n<blockquote class=\"wp-block-quote is-layout-flow wp-block-quote-is-layout-flow\">\n<p><b>What happened to peace in Colombia after a peace agreement was signed in 2016? How can we work with art for a peaceful society? And what is really peace?\u00a0<\/b><\/p>\n<\/blockquote>\n<p><\/p>\n<p><\/p>\n<p>Allt detta var en del av PeaceWorks projekt \u201cVad h\u00e4nde med freden?\u201d. L\u00e4s mer om materialet vi tog fram f\u00f6r att granska v\u00e5ld och maktstrukturer, b\u00e5de praktiskt och teoretiskt. Projektets syfte var att<span style=\"font-size: 0.9rem;\">\u00a0sprida kunskap om freden i Colombia, m\u00f6ta andra unga engagerade, l\u00e4ra mer om PeaceWorks arbete i Colombia, och att m\u00f6ta unga fredsakt\u00f6rer fr\u00e5n Colombia.\u00a0<\/span><\/p>\n<p><\/p>\t\t\t\t\t\t\t\t<\/div>\n\t\t\t\t<\/div>\n\t\t\t\t\t<\/div>\n\t\t<\/div>\n\t\t\t\t\t<\/div>\n\t\t<\/section>\n\t\t<div class=\"elementor-element elementor-element-cae9fdf e-flex e-con-boxed e-con e-parent\" data-id=\"cae9fdf\" data-element_type=\"container\" data-e-type=\"container\">\n\t\t\t\t\t<div class=\"e-con-inner\">\n\t\t\t\t<div class=\"elementor-element elementor-element-c50b0b8 elementor-widget elementor-widget-heading\" data-id=\"c50b0b8\" data-element_type=\"widget\" data-e-type=\"widget\" data-widget_type=\"heading.default\">\n\t\t\t\t<div class=\"elementor-widget-container\">\n\t\t\t\t\t<h3 class=\"elementor-heading-title elementor-size-default\">Agera f\u00f6r fred<\/h3>\t\t\t\t<\/div>\n\t\t\t\t<\/div>\n\t\t\t\t\t<\/div>\n\t\t\t\t<\/div>\n\t\t<div class=\"elementor-element elementor-element-f0d184d e-flex e-con-boxed e-con e-parent\" data-id=\"f0d184d\" data-element_type=\"container\" data-e-type=\"container\" data-settings=\"{&quot;background_background&quot;:&quot;classic&quot;}\">\n\t\t\t\t\t<div class=\"e-con-inner\">\n\t\t<div class=\"elementor-element elementor-element-e913d45 e-con-full e-flex e-con e-child\" data-id=\"e913d45\" data-element_type=\"container\" data-e-type=\"container\">\n\t\t\t\t<div class=\"elementor-element elementor-element-9d064dc elementor-grid-eael-col-1 elementor-grid-tablet-eael-col-2 elementor-grid-mobile-eael-col-1 elementor-widget elementor-widget-eael-post-grid\" data-id=\"9d064dc\" data-element_type=\"widget\" data-e-type=\"widget\" data-settings=\"{&quot;eael_post_grid_columns&quot;:&quot;eael-col-1&quot;,&quot;eael_post_grid_columns_tablet&quot;:&quot;eael-col-2&quot;,&quot;eael_post_grid_columns_mobile&quot;:&quot;eael-col-1&quot;}\" data-widget_type=\"eael-post-grid.default\">\n\t\t\t\t<div class=\"elementor-widget-container\">\n\t\t\t\t\t<div id=\"eael-post-grid-9d064dc\" class=\"eael-post-grid-container\">\n            <div class=\"eael-post-grid eael-post-appender eael-post-appender-9d064dc eael-post-grid-style-one\" data-layout-mode=\"masonry\"><article class=\"eael-grid-post  eael-post-grid-column eael-pg-post-21460\" data-id=\"21460\">\n        <div class=\"eael-grid-post-holder\">\n            <div class=\"eael-grid-post-holder-inner\"><div class=\"eael-entry-media\"><div class=\"eael-entry-overlay fade-in\"><i class=\"fas fa-long-arrow-alt-right\" aria-hidden=\"true\"><\/i><a href=\"https:\/\/peaceworks.se\/en\/vart-jobb-i-sverige\/vad-hande-med-freden\/podd-vad-hande-med-freden\/\"><\/a><\/div><div class=\"eael-entry-thumbnail\">\n                <img fetchpriority=\"high\" decoding=\"async\" width=\"400\" height=\"338\" src=\"https:\/\/peaceworks.se\/wp-content\/uploads\/2022\/04\/Captura-de-pantalla-2022-04-29-a-las-22.59.16-400x338.png\" class=\"attachment-medium size-medium wp-image-21359\" alt=\"Vad h\u00e4nde med freden podd\" srcset=\"https:\/\/peaceworks.se\/wp-content\/uploads\/2022\/04\/Captura-de-pantalla-2022-04-29-a-las-22.59.16-400x338.png 400w, https:\/\/peaceworks.se\/wp-content\/uploads\/2022\/04\/Captura-de-pantalla-2022-04-29-a-las-22.59.16-800x676.png 800w, https:\/\/peaceworks.se\/wp-content\/uploads\/2022\/04\/Captura-de-pantalla-2022-04-29-a-las-22.59.16-768x649.png 768w, https:\/\/peaceworks.se\/wp-content\/uploads\/2022\/04\/Captura-de-pantalla-2022-04-29-a-las-22.59.16-1536x1298.png 1536w, https:\/\/peaceworks.se\/wp-content\/uploads\/2022\/04\/Captura-de-pantalla-2022-04-29-a-las-22.59.16-14x12.png 14w, https:\/\/peaceworks.se\/wp-content\/uploads\/2022\/04\/Captura-de-pantalla-2022-04-29-a-las-22.59.16.png 1796w\" sizes=\"(max-width: 400px) 100vw, 400px\" \/>\n            <\/div>\n        <\/div><div class=\"eael-entry-wrapper\"><header class=\"eael-entry-header\"><h2 class=\"eael-entry-title\"><a class=\"eael-grid-post-link\" href=\"https:\/\/peaceworks.se\/en\/vart-jobb-i-sverige\/vad-hande-med-freden\/podd-vad-hande-med-freden\/\" title=\"Podd: Vad h\u00e4nde med freden\">Podd: Vad h\u00e4nde med freden<\/a><\/h2><\/header><\/div><\/div>\n        <\/div>\n    <\/article><\/div>\n            <div class=\"clearfix\"><\/div>\n        <\/div>\t\t\t\t<\/div>\n\t\t\t\t<\/div>\n\t\t\t\t<\/div>\n\t\t<div class=\"elementor-element elementor-element-7b777f9 e-con-full e-flex e-con e-child\" data-id=\"7b777f9\" data-element_type=\"container\" data-e-type=\"container\">\n\t\t\t\t<div class=\"elementor-element elementor-element-e13b423 elementor-grid-eael-col-1 elementor-grid-tablet-eael-col-2 elementor-grid-mobile-eael-col-1 elementor-widget elementor-widget-eael-post-grid\" data-id=\"e13b423\" data-element_type=\"widget\" data-e-type=\"widget\" data-settings=\"{&quot;eael_post_grid_columns&quot;:&quot;eael-col-1&quot;,&quot;eael_post_grid_columns_tablet&quot;:&quot;eael-col-2&quot;,&quot;eael_post_grid_columns_mobile&quot;:&quot;eael-col-1&quot;}\" data-widget_type=\"eael-post-grid.default\">\n\t\t\t\t<div class=\"elementor-widget-container\">\n\t\t\t\t\t<div id=\"eael-post-grid-e13b423\" class=\"eael-post-grid-container\">\n            <div class=\"eael-post-grid eael-post-appender eael-post-appender-e13b423 eael-post-grid-style-one\" data-layout-mode=\"masonry\"><article class=\"eael-grid-post  eael-post-grid-column eael-pg-post-21125\" data-id=\"21125\">\n        <div class=\"eael-grid-post-holder\">\n            <div class=\"eael-grid-post-holder-inner\"><div class=\"eael-entry-media\"><div class=\"eael-entry-overlay fade-in\"><i class=\"fas fa-long-arrow-alt-right\" aria-hidden=\"true\"><\/i><a href=\"https:\/\/peaceworks.se\/en\/vart-jobb-i-sverige\/vad-hande-med-freden\/nyheter-fran-colombia\/\"><\/a><\/div><div class=\"eael-entry-thumbnail\">\n                <img decoding=\"async\" width=\"400\" height=\"225\" src=\"https:\/\/peaceworks.se\/wp-content\/uploads\/2022\/08\/VHMF-banner-nyheter-web-900-\u00d7-1200px-1920-\u00d7-1080px-1-400x225.png\" class=\"attachment-medium size-medium wp-image-21458\" alt=\"Nyheter fr\u00e5n Colombia\" srcset=\"https:\/\/peaceworks.se\/wp-content\/uploads\/2022\/08\/VHMF-banner-nyheter-web-900-\u00d7-1200px-1920-\u00d7-1080px-1-400x225.png 400w, https:\/\/peaceworks.se\/wp-content\/uploads\/2022\/08\/VHMF-banner-nyheter-web-900-\u00d7-1200px-1920-\u00d7-1080px-1-800x450.png 800w, https:\/\/peaceworks.se\/wp-content\/uploads\/2022\/08\/VHMF-banner-nyheter-web-900-\u00d7-1200px-1920-\u00d7-1080px-1-768x432.png 768w, https:\/\/peaceworks.se\/wp-content\/uploads\/2022\/08\/VHMF-banner-nyheter-web-900-\u00d7-1200px-1920-\u00d7-1080px-1-1536x864.png 1536w, https:\/\/peaceworks.se\/wp-content\/uploads\/2022\/08\/VHMF-banner-nyheter-web-900-\u00d7-1200px-1920-\u00d7-1080px-1-18x10.png 18w, https:\/\/peaceworks.se\/wp-content\/uploads\/2022\/08\/VHMF-banner-nyheter-web-900-\u00d7-1200px-1920-\u00d7-1080px-1.png 1920w\" sizes=\"(max-width: 400px) 100vw, 400px\" \/>\n            <\/div>\n        <\/div><div class=\"eael-entry-wrapper\"><div class=\"eael-entry-content\">\n                        <div class=\"eael-grid-post-excerpt\"><p>H\u00e4r hittar du relevanta nyheter fr\u00e5n Colombia!&nbsp; Som en del...<\/p><\/div>\n                    <\/div><\/div><\/div>\n        <\/div>\n    <\/article><\/div>\n            <div class=\"clearfix\"><\/div>\n        <\/div>\t\t\t\t<\/div>\n\t\t\t\t<\/div>\n\t\t\t\t<\/div>\n\t\t\t\t\t<\/div>\n\t\t\t\t<\/div>\n\t\t<div class=\"elementor-element elementor-element-7644f53 e-flex e-con-boxed e-con e-parent\" data-id=\"7644f53\" data-element_type=\"container\" data-e-type=\"container\">\n\t\t\t\t\t<div class=\"e-con-inner\">\n\t\t\t\t<div class=\"elementor-element elementor-element-b099bcf elementor-widget elementor-widget-heading\" data-id=\"b099bcf\" data-element_type=\"widget\" data-e-type=\"widget\" data-widget_type=\"heading.default\">\n\t\t\t\t<div class=\"elementor-widget-container\">\n\t\t\t\t\t<h3 class=\"elementor-heading-title elementor-size-default\">L\u00e4s mer:<\/h3>\t\t\t\t<\/div>\n\t\t\t\t<\/div>\n\t\t\t\t<div class=\"elementor-element elementor-element-f6d3877 elementor-widget elementor-widget-html\" data-id=\"f6d3877\" data-element_type=\"widget\" data-e-type=\"widget\" data-widget_type=\"html.default\">\n\t\t\t\t<div class=\"elementor-widget-container\">\n\t\t\t\t\t<div class=\"_df_book df-lite\" id=\"df_21683\"  _slug=\"vad-hande-med-freden\" data-title=\"vad-hande-med-freden\" wpoptions=\"true\" thumbtype=\"\" ><\/div><script class=\"df-shortcode-script\" nowprocket type=\"application\/javascript\">window.option_df_21683 = {\"outline\":[],\"autoEnableOutline\":\"false\",\"autoEnableThumbnail\":\"false\",\"overwritePDFOutline\":\"false\",\"enableDownload\":\"false\",\"direction\":\"1\",\"pageSize\":\"0\",\"source\":\"http:\\\/\\\/peaceworks.se\\\/wp-content\\\/uploads\\\/2022\\\/08\\\/Booklet-uppdaterad-juli-2022-A5-Document.pdf\",\"wpOptions\":\"true\"}; if(window.DFLIP && window.DFLIP.parseBooks){window.DFLIP.parseBooks();}<\/script>\t\t\t\t<\/div>\n\t\t\t\t<\/div>\n\t\t\t\t\t<\/div>\n\t\t\t\t<\/div>\n\t\t<div class=\"elementor-element elementor-element-1efa4b6 e-flex e-con-boxed e-con e-parent\" data-id=\"1efa4b6\" data-element_type=\"container\" data-e-type=\"container\">\n\t\t\t\t\t<div class=\"e-con-inner\">\n\t\t\t\t<div class=\"elementor-element elementor-element-aa3e2a4 elementor-grid-eael-col-2 elementor-grid-tablet-eael-col-2 elementor-grid-mobile-eael-col-1 elementor-widget elementor-widget-eael-post-grid\" data-id=\"aa3e2a4\" data-element_type=\"widget\" data-e-type=\"widget\" data-settings=\"{&quot;eael_post_grid_columns&quot;:&quot;eael-col-2&quot;,&quot;eael_post_grid_columns_tablet&quot;:&quot;eael-col-2&quot;,&quot;eael_post_grid_columns_mobile&quot;:&quot;eael-col-1&quot;}\" data-widget_type=\"eael-post-grid.default\">\n\t\t\t\t<div class=\"elementor-widget-container\">\n\t\t\t\t\t<div id=\"eael-post-grid-aa3e2a4\" class=\"eael-post-grid-container\">\n            <div class=\"eael-post-grid eael-post-appender eael-post-appender-aa3e2a4 eael-post-grid-style-one\" data-layout-mode=\"grid\"><article class=\"eael-grid-post  eael-post-grid-column eael-pg-post-28192 category-faltpraktikanter\" data-id=\"28192\">\n        <div class=\"eael-grid-post-holder\">\n            <div class=\"eael-grid-post-holder-inner\"><div class=\"eael-entry-wrapper\"><header class=\"eael-entry-header\"><h4 class=\"eael-entry-title\"><a class=\"eael-grid-post-link\" href=\"https:\/\/peaceworks.se\/en\/halsningar-fran-europeiska-solidaritetskaren-i-frankrike\/\" title=\"H\u00e4lsningar fr\u00e5n Europeiska Solidaritetsk\u00e5ren i Frankrike\">H\u00e4lsningar fr\u00e5n Europeiska Solidaritetsk\u00e5ren i Frankrike<\/a><\/h4><\/header><div class=\"eael-entry-content\">\n                        <div class=\"eael-grid-post-excerpt\"><p>Genom European Solidarity Corps har Malou fr\u00e5n Sverige gjort praktik...<\/p><a href=\"https:\/\/peaceworks.se\/en\/halsningar-fran-europeiska-solidaritetskaren-i-frankrike\/\" class=\"eael-post-elements-readmore-btn\">Read More<\/a><\/div>\n                    <\/div><\/div><\/div>\n        <\/div>\n    <\/article><article class=\"eael-grid-post  eael-post-grid-column eael-pg-post-24307 category-debatt-och-opinion-faltpraktikanter-roster-fran-vara-medlemmar tags-peaceworkscolombia\" data-id=\"24307\">\n        <div class=\"eael-grid-post-holder\">\n            <div class=\"eael-grid-post-holder-inner\"><div class=\"eael-entry-wrapper\"><header class=\"eael-entry-header\"><h4 class=\"eael-entry-title\"><a class=\"eael-grid-post-link\" href=\"https:\/\/peaceworks.se\/en\/vem-tar-smallen-for-minskat-bistand-roster-fran-colombianska-inlasta-ungdomar\/\" title=\"Vem tar sm\u00e4llen f\u00f6r minskat bist\u00e5nd? R\u00f6ster fr\u00e5n colombianska inl\u00e5sta ungdomar\">Vem tar sm\u00e4llen f\u00f6r minskat bist\u00e5nd? R\u00f6ster fr\u00e5n colombianska inl\u00e5sta ungdomar<\/a><\/h4><\/header><div class=\"eael-entry-content\">\n                        <div class=\"eael-grid-post-excerpt\"><p>Relatos Internos \u00e4r\u00a0 ett projekt lett av den colombianska organisationen...<\/p><a href=\"https:\/\/peaceworks.se\/en\/vem-tar-smallen-for-minskat-bistand-roster-fran-colombianska-inlasta-ungdomar\/\" class=\"eael-post-elements-readmore-btn\">Read More<\/a><\/div>\n                    <\/div><\/div><\/div>\n        <\/div>\n    <\/article><article class=\"eael-grid-post  eael-post-grid-column eael-pg-post-24020 category-debatt-och-opinion-faltpraktikanter-roster-fran-vara-medlemmar tags-peaceworkscolombia\" data-id=\"24020\">\n        <div class=\"eael-grid-post-holder\">\n            <div class=\"eael-grid-post-holder-inner\"><div class=\"eael-entry-wrapper\"><header class=\"eael-entry-header\"><h4 class=\"eael-entry-title\"><a class=\"eael-grid-post-link\" href=\"https:\/\/peaceworks.se\/en\/vi-ar-inte-hjaltinnor-med-mantlar-men-vi-jobbar-for-att-forbattra-for-vara-systrar\/\" title=\"&#8221;Vi \u00e4r inte hj\u00e4ltinnor med mantlar, men vi jobbar f\u00f6r att f\u00f6rb\u00e4ttra f\u00f6r v\u00e5ra systrar&#8221;\">&#8221;Vi \u00e4r inte hj\u00e4ltinnor med mantlar, men vi jobbar f\u00f6r att f\u00f6rb\u00e4ttra f\u00f6r v\u00e5ra systrar&#8221;<\/a><\/h4><\/header><div class=\"eael-entry-content\">\n                        <div class=\"eael-grid-post-excerpt\"><p>Colombia \u00e4r i \u00e5r det latinamerikanska land med n\u00e4st flest...<\/p><a href=\"https:\/\/peaceworks.se\/en\/vi-ar-inte-hjaltinnor-med-mantlar-men-vi-jobbar-for-att-forbattra-for-vara-systrar\/\" class=\"eael-post-elements-readmore-btn\">Read More<\/a><\/div>\n                    <\/div><\/div><\/div>\n        <\/div>\n    <\/article><article class=\"eael-grid-post  eael-post-grid-column eael-pg-post-23758 category-debatt-och-opinion-faltpraktikanter-podcast-roster-fran-vara-medlemmar tags-colombia-praktik-i-colombia\" data-id=\"23758\">\n        <div class=\"eael-grid-post-holder\">\n            <div class=\"eael-grid-post-holder-inner\"><div class=\"eael-entry-wrapper\"><header class=\"eael-entry-header\"><h4 class=\"eael-entry-title\"><a class=\"eael-grid-post-link\" href=\"https:\/\/peaceworks.se\/en\/kreativ-ungdom-for-fred\/\" title=\"Lyssna &#8221;Kreativ ungdom f\u00f6r fred&#8221;\">Lyssna &#8221;Kreativ ungdom f\u00f6r fred&#8221;<\/a><\/h4><\/header><div class=\"eael-entry-content\">\n                        <div class=\"eael-grid-post-excerpt\"><p>\u201cSyftet \u00e4r att skapa en plattform, som till\u00e5ter unga att...<\/p><a href=\"https:\/\/peaceworks.se\/en\/kreativ-ungdom-for-fred\/\" class=\"eael-post-elements-readmore-btn\">Read More<\/a><\/div>\n                    <\/div><\/div><\/div>\n        <\/div>\n    <\/article><\/div>\n            <div class=\"clearfix\"><\/div>\n        <\/div>            <div class=\"eael-load-more-button-wrap\">\n                <button class=\"eael-load-more-button\" id=\"eael-load-more-btn-aa3e2a4\" data-widget-id=\"aa3e2a4\" data-widget=\"aa3e2a4\" data-page-id=\"19930\" data-template=\"{&quot;dir&quot;:&quot;lite&quot;,&quot;file_name&quot;:&quot;one.php&quot;,&quot;name&quot;:&quot;Post-Grid&quot;}\" data-class=\"Essential_Addons_Elementor\\Elements\\Post_Grid\" data-layout=\"grid\" data-page=\"1\" data-args=\"orderby=date&amp;order=desc&amp;ignore_sticky_posts=1&amp;post_status=publish&amp;posts_per_page=4&amp;offset=0&amp;post_type=post&amp;tax_query%5B0%5D%5Btaxonomy%5D=category&amp;tax_query%5B0%5D%5Bfield%5D=term_id&amp;tax_query%5B0%5D%5Bterms%5D%5B0%5D=187&amp;tax_query%5B0%5D%5Bterms%5D%5B1%5D=105&amp;tax_query%5Brelation%5D=AND\" data-max-page=\"14\">\n                    <span class=\"eael-btn-loader button__loader\"><\/span>\n                    <span class=\"eael_load_more_text\">Load More<\/span>\n                <\/button>\n            <\/div>\n            \t\t\t\t<\/div>\n\t\t\t\t<\/div>\n\t\t\t\t\t<\/div>\n\t\t\t\t<\/div>\n\t\t<div class=\"elementor-element elementor-element-6f707b7 e-flex e-con-boxed e-con e-parent\" data-id=\"6f707b7\" data-element_type=\"container\" data-e-type=\"container\">\n\t\t\t\t\t<div class=\"e-con-inner\">\n\t\t\t\t<div class=\"elementor-element elementor-element-8eecf05 elementor-widget elementor-widget-text-editor\" data-id=\"8eecf05\" data-element_type=\"widget\" data-e-type=\"widget\" data-widget_type=\"text-editor.default\">\n\t\t\t\t<div class=\"elementor-widget-container\">\n\t\t\t\t\t\t\t\t\t<p>Vill du ha mer info? Kontakta oss<\/p>\t\t\t\t\t\t\t\t<\/div>\n\t\t\t\t<\/div>\n\t\t\t\t\t<\/div>\n\t\t\t\t<\/div>\n\t\t<div class=\"elementor-element elementor-element-6a28168 e-flex e-con-boxed e-con e-parent\" data-id=\"6a28168\" data-element_type=\"container\" data-e-type=\"container\">\n\t\t\t\t\t<div class=\"e-con-inner\">\n\t\t<div class=\"elementor-element elementor-element-affe57b e-flex e-con-boxed e-con e-child\" data-id=\"affe57b\" data-element_type=\"container\" data-e-type=\"container\">\n\t\t\t\t\t<div class=\"e-con-inner\">\n\t\t<div class=\"elementor-element elementor-element-76d3318 e-flex e-con-boxed e-con e-child\" data-id=\"76d3318\" data-element_type=\"container\" data-e-type=\"container\">\n\t\t\t\t\t<div class=\"e-con-inner\">\n\t\t\t\t<div class=\"elementor-element elementor-element-243cc5f elementor-position-left elementor-vertical-align-middle elementor-widget elementor-widget-image-box\" data-id=\"243cc5f\" data-element_type=\"widget\" data-e-type=\"widget\" data-widget_type=\"image-box.default\">\n\t\t\t\t<div class=\"elementor-widget-container\">\n\t\t\t\t\t<div class=\"elementor-image-box-wrapper\"><figure class=\"elementor-image-box-img\"><img decoding=\"async\" width=\"900\" height=\"868\" src=\"https:\/\/peaceworks.se\/wp-content\/uploads\/2023\/09\/Skarmavbild-2023-09-26-kl.-14.36.23.png\" class=\"attachment-full size-full wp-image-24501\" alt=\"julia\" srcset=\"https:\/\/peaceworks.se\/wp-content\/uploads\/2023\/09\/Skarmavbild-2023-09-26-kl.-14.36.23.png 900w, https:\/\/peaceworks.se\/wp-content\/uploads\/2023\/09\/Skarmavbild-2023-09-26-kl.-14.36.23-400x386.png 400w, https:\/\/peaceworks.se\/wp-content\/uploads\/2023\/09\/Skarmavbild-2023-09-26-kl.-14.36.23-800x772.png 800w, https:\/\/peaceworks.se\/wp-content\/uploads\/2023\/09\/Skarmavbild-2023-09-26-kl.-14.36.23-768x741.png 768w, https:\/\/peaceworks.se\/wp-content\/uploads\/2023\/09\/Skarmavbild-2023-09-26-kl.-14.36.23-12x12.png 12w\" sizes=\"(max-width: 900px) 100vw, 900px\" \/><\/figure><div class=\"elementor-image-box-content\"><h3 class=\"elementor-image-box-title\">Julia Eriksson<\/h3><p class=\"elementor-image-box-description\">Kommunikat\u00f6r och samordnare Colombia<br>\njulia.eriksson@peaceworks.se<\/p><\/div><\/div>\t\t\t\t<\/div>\n\t\t\t\t<\/div>\n\t\t\t\t\t<\/div>\n\t\t\t\t<\/div>\n\t\t\t\t\t<\/div>\n\t\t\t\t<\/div>\n\t\t\t\t\t<\/div>\n\t\t\t\t<\/div>\n\t\t\t\t<\/div>","protected":false},"excerpt":{"rendered":"<p>Vad h\u00e4nde med freden i Colombia efter att det skrevs p\u00e5 ett fredsavtal 2016? Hur kan vi arbeta med konst f\u00f6r ett fredligt samh\u00e4lle? Och vad \u00e4r fred egentligen?\u00a0 Allt detta var en del av PeaceWorks projekt \u201cVad h\u00e4nde med freden?\u201d. L\u00e4s mer om materialet vi tog fram f\u00f6r att granska v\u00e5ld och maktstrukturer, b\u00e5de&#8230;<\/p>","protected":false},"author":1,"featured_media":21496,"parent":19505,"menu_order":3,"comment_status":"closed","ping_status":"closed","template":"","meta":{"footnotes":""},"class_list":["post-19930","page","type-page","status-publish","has-post-thumbnail","hentry"],"rttpg_featured_image_url":{"full":["https:\/\/peaceworks.se\/wp-content\/uploads\/2022\/08\/Copy-of-Copy-of-Vad-ha\u0308nde-med-freden-i-Colombia-1.png",1640,924,false],"landscape":["https:\/\/peaceworks.se\/wp-content\/uploads\/2022\/08\/Copy-of-Copy-of-Vad-ha\u0308nde-med-freden-i-Colombia-1.png",1640,924,false],"portraits":["https:\/\/peaceworks.se\/wp-content\/uploads\/2022\/08\/Copy-of-Copy-of-Vad-ha\u0308nde-med-freden-i-Colombia-1.png",1640,924,false],"thumbnail":["https:\/\/peaceworks.se\/wp-content\/uploads\/2022\/08\/Copy-of-Copy-of-Vad-ha\u0308nde-med-freden-i-Colombia-1-150x150.png",150,150,true],"medium":["https:\/\/peaceworks.se\/wp-content\/uploads\/2022\/08\/Copy-of-Copy-of-Vad-ha\u0308nde-med-freden-i-Colombia-1-400x225.png",400,225,true],"large":["https:\/\/peaceworks.se\/wp-content\/uploads\/2022\/08\/Copy-of-Copy-of-Vad-ha\u0308nde-med-freden-i-Colombia-1-800x451.png",800,451,true],"1536x1536":["https:\/\/peaceworks.se\/wp-content\/uploads\/2022\/08\/Copy-of-Copy-of-Vad-ha\u0308nde-med-freden-i-Colombia-1-1536x865.png",1536,865,true],"2048x2048":["https:\/\/peaceworks.se\/wp-content\/uploads\/2022\/08\/Copy-of-Copy-of-Vad-ha\u0308nde-med-freden-i-Colombia-1.png",1640,924,false],"trp-custom-language-flag":["https:\/\/peaceworks.se\/wp-content\/uploads\/2022\/08\/Copy-of-Copy-of-Vad-ha\u0308nde-med-freden-i-Colombia-1-18x10.png",18,10,true]},"rttpg_author":{"display_name":"PeaceWorks Sweden","author_link":"https:\/\/peaceworks.se\/en\/author\/p3ce-works\/"},"rttpg_comment":0,"rttpg_category":"","rttpg_excerpt":"Vad h\u00e4nde med freden i Colombia efter att det skrevs p\u00e5 ett fredsavtal 2016? Hur kan vi arbeta med konst f\u00f6r ett fredligt samh\u00e4lle? Och vad \u00e4r fred egentligen?\u00a0 Allt detta var en del av PeaceWorks projekt \u201cVad h\u00e4nde med freden?\u201d. L\u00e4s mer om materialet vi tog fram f\u00f6r att granska v\u00e5ld och maktstrukturer, b\u00e5de...","_links":{"self":[{"href":"https:\/\/peaceworks.se\/en\/wp-json\/wp\/v2\/pages\/19930","targetHints":{"allow":["GET"]}}],"collection":[{"href":"https:\/\/peaceworks.se\/en\/wp-json\/wp\/v2\/pages"}],"about":[{"href":"https:\/\/peaceworks.se\/en\/wp-json\/wp\/v2\/types\/page"}],"author":[{"embeddable":true,"href":"https:\/\/peaceworks.se\/en\/wp-json\/wp\/v2\/users\/1"}],"replies":[{"embeddable":true,"href":"https:\/\/peaceworks.se\/en\/wp-json\/wp\/v2\/comments?post=19930"}],"version-history":[{"count":77,"href":"https:\/\/peaceworks.se\/en\/wp-json\/wp\/v2\/pages\/19930\/revisions"}],"predecessor-version":[{"id":29266,"href":"https:\/\/peaceworks.se\/en\/wp-json\/wp\/v2\/pages\/19930\/revisions\/29266"}],"up":[{"embeddable":true,"href":"https:\/\/peaceworks.se\/en\/wp-json\/wp\/v2\/pages\/19505"}],"wp:featuredmedia":[{"embeddable":true,"href":"https:\/\/peaceworks.se\/en\/wp-json\/wp\/v2\/media\/21496"}],"wp:attachment":[{"href":"https:\/\/peaceworks.se\/en\/wp-json\/wp\/v2\/media?parent=19930"}],"curies":[{"name":"wp","href":"https:\/\/api.w.org\/{rel}","templated":true}]}}