{"id":19987,"date":"2022-03-20T13:23:49","date_gmt":"2022-03-20T12:23:49","guid":{"rendered":"https:\/\/peaceworks.se\/?page_id=19987"},"modified":"2022-03-22T13:35:53","modified_gmt":"2022-03-22T12:35:53","slug":"varfor-colombia","status":"publish","type":"page","link":"https:\/\/peaceworks.se\/en\/internationella-projekt\/colombia\/varfor-colombia\/","title":{"rendered":"Why Colombia?"},"content":{"rendered":"<div data-elementor-type=\"wp-page\" data-elementor-id=\"19987\" class=\"elementor elementor-19987\">\n\t\t\t\t\t\t<section class=\"elementor-section elementor-top-section elementor-element elementor-element-8293060 elementor-section-boxed elementor-section-height-default elementor-section-height-default\" data-id=\"8293060\" data-element_type=\"section\" data-e-type=\"section\">\n\t\t\t\t\t\t<div class=\"elementor-container elementor-column-gap-default\">\n\t\t\t\t\t<div class=\"elementor-column elementor-col-100 elementor-top-column elementor-element elementor-element-984ffc1\" data-id=\"984ffc1\" data-element_type=\"column\" data-e-type=\"column\">\n\t\t\t<div class=\"elementor-widget-wrap elementor-element-populated\">\n\t\t\t\t\t\t<div class=\"elementor-element elementor-element-9614827 elementor-widget elementor-widget-text-editor\" data-id=\"9614827\" data-element_type=\"widget\" data-e-type=\"widget\" data-widget_type=\"text-editor.default\">\n\t\t\t\t<div class=\"elementor-widget-container\">\n\t\t\t\t\t\t\t\t\t<p><span style=\"font-weight: 400;\">Ungdomar utg\u00f6r en s\u00e4rskilt utsatt och s\u00e5rbar grupp i Colombia. Deras r\u00e4ttigheter och <\/span><b>m\u00f6jligheter att organisera sig \u00e4r starkt begr\u00e4nsade<\/b><span style=\"font-weight: 400;\">, och de faller l\u00e4ttare offer f\u00f6r <\/span><b>illegala rekryteringar, tv\u00e5ngsprostitution, utomr\u00e4ttsliga avr\u00e4ttningar och tv\u00e5ngsf\u00f6rflyttningar<\/b><span style=\"font-weight: 400;\"> i k\u00f6lvattnet av den v\u00e4pnade konflikten i landet.<\/span><\/p><h3><span style=\"font-weight: 400;\">I Colombia finns en tydlig koppling mellan unga m\u00e4nniskor, fattigdom och konflikt. <\/span><\/h3><p><span style=\"font-weight: 400;\">En oj\u00e4mlik resursf\u00f6rdelning och skeva maktstrukturer bildar en form f\u00f6r strukturellt v\u00e5ld som i s\u00e4rskild grad drabbar marginaliserade ungdomar. Samtidigt drabbas dessa ungdomar h\u00e5rdare \u00e4n andra befolkningsgrupper av den v\u00e4pnade konflikten i landet.<\/span><\/p><h3><span style=\"font-weight: 400;\">Colombianska myndigheter har tidigare \u00e5tagit sig att l\u00f6sa konflikten med milit\u00e4ra medel. <\/span><\/h3><p><span style=\"font-weight: 400;\">Den omfattande militariseringen i samh\u00e4llet har lett till en utarmning av demokratiska och civila r\u00e4ttigheter och principer. Ist\u00e4llet f\u00f6r att str\u00e4va efter att skapa positiv fred, d\u00e4r de ekonomiska, politiska och sociala maktstrukturerna omvandlas, har de colombianska myndigheterna f\u00f6rberett sig p\u00e5 krig. Denna militarisering drabbar i s\u00e4rskild grad unga, vars bristande tillg\u00e5ng till utbildning och arbetsmarknad g\u00f6r att ett deltagande i kriget ofta inneb\u00e4r det enda ekonomiskt produktiva alternativet. Att delta i milit\u00e4r verksamhet ger ungdomar status, makt och legitimitet, och uppmuntras av staten sj\u00e4lv och dess institutioner.<\/span><\/p><h3><span style=\"font-weight: 400;\">Det \u00e4r inte ovanligt att unga i Colombia ses som ett problem som ska l\u00f6sas, snarare \u00e4n som en viktig resurs. <\/span><\/h3><p><span style=\"font-weight: 400;\">Den omfattande stigmatiseringen mot Colombias unga inneb\u00e4r ett betydande hinder f\u00f6r utvecklingen av initiativ och verksamhet bland unga f\u00f6rsvarare av m\u00e4nskliga r\u00e4ttigheter.<\/span><\/p><p><span style=\"font-weight: 400;\">Faktum \u00e4r att colombianska ungdomsorganisationer st\u00e4lls inf\u00f6r \u00e4nnu st\u00f6rre utmaningar och sv\u00e5righeter \u00e4n resten av det organiserade civilsamh\u00e4llet. Ungdomar som f\u00f6resl\u00e5r icke-v\u00e5ldsamma alternativ utanf\u00f6r kriget blir oftare stigmatiserade, hotade och till och med d\u00f6dade \u2013 ofta d\u00e4rf\u00f6r att de v\u00e4ljer att inte samarbeta med en specifik akt\u00f6r. \u00c4nd\u00e5 f\u00e5r de inte det skydd och den uppm\u00e4rksamhet som mer f\u00f6rankrade vuxenorganisationer f\u00e5r av det internationella bist\u00e5ndet.<\/span><\/p><h3><span style=\"font-weight: 400;\">Det \u00e4r s\u00e4rskilt sv\u00e5rt f\u00f6r unga m\u00e4nniskor att organisera sig och g\u00f6ra sina r\u00f6ster h\u00f6rda. <\/span><\/h3><p><span style=\"font-weight: 400;\">Detta beror dels p\u00e5 att ungdomar saknar kanaler genom vilka de kan driva sitt engagemang, dels p\u00e5 att andra akt\u00f6rer (s\u00e5 v\u00e4l statliga som civila) inte accepterar ungdomar som giltiga akt\u00f6rer med kapacitet och r\u00e4tt att best\u00e4mma \u00f6ver sina egna liv. Ungdomsorganisationer befinner sig l\u00e4ngst ned i hierarkin, \u00e4ven inom civilsamh\u00e4llet, vilket p\u00e5verkar b\u00e5de deras karakt\u00e4r och deras kapacitet.<\/span><\/p><h3><span style=\"font-weight: 400;\">Finns det mycket aktivism och m\u00e5nga goda initiativ bland unga i Colombia. <\/span><\/h3><p><span style=\"font-weight: 400;\">Ungdomsorganisationer och ungdomsgrupper har skapat konkreta och livskraftiga lokala initiativ kring teman som vapenv\u00e4gran, alternativ kommunikation, politisk konst, genus och folkbildning. Dessa organisationer, grupper, uttryck och initiativ har det gemensamt att de f\u00f6rs\u00f6ker ge en r\u00f6st \u00e5t marginaliserade och f\u00f6rtryckta grupper, arbetar mot utanf\u00f6rskap och \u00e4r starkt inspirerade av antimilitarism.<\/span><\/p><h3><span style=\"font-weight: 400;\">Med sitt breda fokus p\u00e5 fred, demokrati och m\u00e4nskliga r\u00e4ttigheter str\u00e4var dessa ungdomsgrupper efter en positiv fred. <\/span><\/h3><p><span style=\"font-weight: 400;\">Till skillnad fr\u00e5n den colombianska statens ensidiga fokus p\u00e5 milit\u00e4ra medel som verktyg f\u00f6r fred, arbetar dessa ungdomar f\u00f6r att skapa de sociala f\u00f6ruts\u00e4ttningar som kr\u00e4vs f\u00f6r att g\u00f6ra en h\u00e5llbar fred m\u00f6jlig, d\u00e4r begreppen s\u00e4kerhet och f\u00f6rsvar \u00e4r definierade och f\u00f6rst\u00e5dda utifr\u00e5n icke-v\u00e5ldsamma termer. Dessa typer av icke-v\u00e5ldsamma politiska aktioner kan bli g\u00e5ngj\u00e4rnet f\u00f6r att uppr\u00e4tta nationell mobilisering och \u00e5terst\u00e4lla militariseringsprocessen, och p\u00e5 s\u00e5 s\u00e4tt \u00f6ppna upp m\u00f6jligheterna f\u00f6r en bred f\u00f6rhandling och dialog kring konflikter i allm\u00e4nhet och den colombianska v\u00e4pnade konflikten i synnerhet.<\/span><\/p><p><span style=\"font-weight: 400;\"><em><strong>Det \u00e4r PeaceWorks fasta \u00f6vertygelse att ungdomar (och andra traditionellt marginaliserade grupper) m\u00e5ste delta aktivt om h\u00e5llbar och varaktig fred ska n\u00e5s i Colombia.<\/strong> <strong>Ungdomar kan vara viktiga sociala akt\u00f6rer som pressar p\u00e5 f\u00f6r en f\u00f6r\u00e4ndring, f\u00f6rutsatt att de erk\u00e4nns som akt\u00f6rer och att de har m\u00f6jligheter och resurser f\u00f6r att kunna delta.<\/strong><\/em><\/span><\/p><p><br \/><br \/><br \/><\/p>\t\t\t\t\t\t\t\t<\/div>\n\t\t\t\t<\/div>\n\t\t\t\t\t<\/div>\n\t\t<\/div>\n\t\t\t\t\t<\/div>\n\t\t<\/section>\n\t\t\t\t<\/div>","protected":false},"excerpt":{"rendered":"<p>Ungdomar utg\u00f6r en s\u00e4rskilt utsatt och s\u00e5rbar grupp i Colombia. Deras r\u00e4ttigheter och m\u00f6jligheter att organisera sig \u00e4r starkt begr\u00e4nsade, och de faller l\u00e4ttare offer f\u00f6r illegala rekryteringar, tv\u00e5ngsprostitution, utomr\u00e4ttsliga avr\u00e4ttningar och tv\u00e5ngsf\u00f6rflyttningar i k\u00f6lvattnet av den v\u00e4pnade konflikten i landet. I Colombia finns en tydlig koppling mellan unga m\u00e4nniskor, fattigdom och konflikt. En oj\u00e4mlik&#8230;<\/p>","protected":false},"author":1,"featured_media":18031,"parent":19511,"menu_order":2,"comment_status":"closed","ping_status":"closed","template":"","meta":{"footnotes":""},"class_list":["post-19987","page","type-page","status-publish","has-post-thumbnail","hentry"],"rttpg_featured_image_url":{"full":["https:\/\/peaceworks.se\/wp-content\/uploads\/2020\/10\/paz-3-520x274-1.jpg",520,274,false],"landscape":["https:\/\/peaceworks.se\/wp-content\/uploads\/2020\/10\/paz-3-520x274-1.jpg",520,274,false],"portraits":["https:\/\/peaceworks.se\/wp-content\/uploads\/2020\/10\/paz-3-520x274-1.jpg",520,274,false],"thumbnail":["https:\/\/peaceworks.se\/wp-content\/uploads\/2020\/10\/paz-3-520x274-1-150x150.jpg",150,150,true],"medium":["https:\/\/peaceworks.se\/wp-content\/uploads\/2020\/10\/paz-3-520x274-1-400x211.jpg",400,211,true],"large":["https:\/\/peaceworks.se\/wp-content\/uploads\/2020\/10\/paz-3-520x274-1.jpg",520,274,false],"1536x1536":["https:\/\/peaceworks.se\/wp-content\/uploads\/2020\/10\/paz-3-520x274-1.jpg",520,274,false],"2048x2048":["https:\/\/peaceworks.se\/wp-content\/uploads\/2020\/10\/paz-3-520x274-1.jpg",520,274,false],"trp-custom-language-flag":["https:\/\/peaceworks.se\/wp-content\/uploads\/2020\/10\/paz-3-520x274-1.jpg",18,9,false]},"rttpg_author":{"display_name":"PeaceWorks Sweden","author_link":"https:\/\/peaceworks.se\/en\/author\/p3ce-works\/"},"rttpg_comment":0,"rttpg_category":null,"rttpg_excerpt":"Ungdomar utg\u00f6r en s\u00e4rskilt utsatt och s\u00e5rbar grupp i Colombia. Deras r\u00e4ttigheter och m\u00f6jligheter att organisera sig \u00e4r starkt begr\u00e4nsade, och de faller l\u00e4ttare offer f\u00f6r illegala rekryteringar, tv\u00e5ngsprostitution, utomr\u00e4ttsliga avr\u00e4ttningar och tv\u00e5ngsf\u00f6rflyttningar i k\u00f6lvattnet av den v\u00e4pnade konflikten i landet. I Colombia finns en tydlig koppling mellan unga m\u00e4nniskor, fattigdom och konflikt. En oj\u00e4mlik...","_links":{"self":[{"href":"https:\/\/peaceworks.se\/en\/wp-json\/wp\/v2\/pages\/19987","targetHints":{"allow":["GET"]}}],"collection":[{"href":"https:\/\/peaceworks.se\/en\/wp-json\/wp\/v2\/pages"}],"about":[{"href":"https:\/\/peaceworks.se\/en\/wp-json\/wp\/v2\/types\/page"}],"author":[{"embeddable":true,"href":"https:\/\/peaceworks.se\/en\/wp-json\/wp\/v2\/users\/1"}],"replies":[{"embeddable":true,"href":"https:\/\/peaceworks.se\/en\/wp-json\/wp\/v2\/comments?post=19987"}],"version-history":[{"count":0,"href":"https:\/\/peaceworks.se\/en\/wp-json\/wp\/v2\/pages\/19987\/revisions"}],"up":[{"embeddable":true,"href":"https:\/\/peaceworks.se\/en\/wp-json\/wp\/v2\/pages\/19511"}],"wp:featuredmedia":[{"embeddable":true,"href":"https:\/\/peaceworks.se\/en\/wp-json\/wp\/v2\/media\/18031"}],"wp:attachment":[{"href":"https:\/\/peaceworks.se\/en\/wp-json\/wp\/v2\/media?parent=19987"}],"curies":[{"name":"wp","href":"https:\/\/api.w.org\/{rel}","templated":true}]}}