{"id":20730,"date":"2022-03-24T19:29:25","date_gmt":"2022-03-24T18:29:25","guid":{"rendered":"https:\/\/peaceworks.se\/?page_id=20730"},"modified":"2025-05-28T12:18:26","modified_gmt":"2025-05-28T10:18:26","slug":"peaceworks-stockholm","status":"publish","type":"page","link":"https:\/\/peaceworks.se\/en\/engagera-dig\/organisera-dig\/lokalforeningar\/peaceworks-stockholm\/","title":{"rendered":"PeaceWorks Stockholm"},"content":{"rendered":"\t\t<div data-elementor-type=\"wp-page\" data-elementor-id=\"20730\" class=\"elementor elementor-20730\">\n\t\t\t\t<div class=\"elementor-element elementor-element-14c30f0 e-flex e-con-boxed e-con e-parent\" data-id=\"14c30f0\" data-element_type=\"container\" data-e-type=\"container\" data-settings=\"{&quot;background_background&quot;:&quot;classic&quot;}\">\n\t\t\t\t\t<div class=\"e-con-inner\">\n\t\t<div class=\"elementor-element elementor-element-3d5804b e-flex e-con-boxed e-con e-child\" data-id=\"3d5804b\" data-element_type=\"container\" data-e-type=\"container\">\n\t\t\t\t\t<div class=\"e-con-inner\">\n\t\t\t\t<div class=\"elementor-element elementor-element-39614a2 elementor-widget elementor-widget-image\" data-id=\"39614a2\" data-element_type=\"widget\" data-e-type=\"widget\" data-widget_type=\"image.default\">\n\t\t\t\t<div class=\"elementor-widget-container\">\n\t\t\t\t\t\t\t\t\t\t\t\t\t\t\t<img fetchpriority=\"high\" decoding=\"async\" width=\"800\" height=\"460\" src=\"https:\/\/peaceworks.se\/wp-content\/uploads\/2024\/12\/Stockholm_1-800x460.png\" class=\"attachment-large size-large wp-image-29073\" alt=\"\" srcset=\"https:\/\/peaceworks.se\/wp-content\/uploads\/2024\/12\/Stockholm_1-800x460.png 800w, https:\/\/peaceworks.se\/wp-content\/uploads\/2024\/12\/Stockholm_1-400x230.png 400w, https:\/\/peaceworks.se\/wp-content\/uploads\/2024\/12\/Stockholm_1-768x441.png 768w, https:\/\/peaceworks.se\/wp-content\/uploads\/2024\/12\/Stockholm_1-18x10.png 18w, https:\/\/peaceworks.se\/wp-content\/uploads\/2024\/12\/Stockholm_1.png 1001w\" sizes=\"(max-width: 800px) 100vw, 800px\" \/>\t\t\t\t\t\t\t\t\t\t\t\t\t\t\t<\/div>\n\t\t\t\t<\/div>\n\t\t\t\t\t<\/div>\n\t\t\t\t<\/div>\n\t\t\t\t\t<\/div>\n\t\t\t\t<\/div>\n\t\t<div class=\"elementor-element elementor-element-177b9f51 e-flex e-con-boxed e-con e-parent\" data-id=\"177b9f51\" data-element_type=\"container\" data-e-type=\"container\">\n\t\t\t\t\t<div class=\"e-con-inner\">\n\t\t\t\t<div class=\"elementor-element elementor-element-162ca8e elementor-widget elementor-widget-text-editor\" data-id=\"162ca8e\" data-element_type=\"widget\" data-e-type=\"widget\" data-widget_type=\"text-editor.default\">\n\t\t\t\t<div class=\"elementor-widget-container\">\n\t\t\t\t\t\t\t\t\t<p>OBS! Notera att vi \u00e4r lokalf\u00f6reningen PeaceWorks Stockholm d\u00e5 v\u00e5r verksamhet utg\u00e5r lokalt i stockholmsregionen!\u00a0<\/p>\t\t\t\t\t\t\t\t<\/div>\n\t\t\t\t<\/div>\n\t\t\t\t<div class=\"elementor-element elementor-element-37fb6ab2 elementor-widget elementor-widget-text-editor\" data-id=\"37fb6ab2\" data-element_type=\"widget\" data-e-type=\"widget\" data-widget_type=\"text-editor.default\">\n\t\t\t\t<div class=\"elementor-widget-container\">\n\t\t\t\t\t\t\t\t\t<h2><strong>V\u00e5r vision: <\/strong><\/h2>\n<p><!-- \/wp:heading --><!-- wp:paragraph --><\/p>\n<p>V\u00e5r vision \u00e4r en h\u00e5llbar v\u00e4rld i fred d\u00e4r unga \u00e4r aktiva samh\u00e4llsmedborgare. Detta samh\u00e4lle ska k\u00e4nnetecknas av fred och h\u00e5llbar utveckling, global r\u00e4ttvisa och solidaritet, \u00f6ver och f\u00f6rbi konstruerade nationella, kulturella, sociala och ekonomiska gr\u00e4nser.<\/p>\n<p><!-- \/wp:paragraph --><!-- wp:heading --><\/p>\n<h2><strong>Vad vi g\u00f6r: <\/strong><\/h2>\n<p><!-- \/wp:heading --><!-- wp:paragraph --><\/p>\n<p>Vi jobbar n\u00e4ra kopplat till PeaceWorks Stockholmskontor f\u00f6r att g\u00f6ra det enkelt f\u00f6r medlemmar att engagera sig och utf\u00f6ra aktiviteter i Stockholm inom n\u00e5got av temaomr\u00e5dena:<\/p>\n<p><!-- \/wp:paragraph --><!-- wp:list --><\/p>\n<ul>\n<li style=\"list-style-type: none;\">\n<ul><!-- wp:list-item --><\/ul>\n<\/li>\n<\/ul>\n<ul>\n<li style=\"list-style-type: none;\">\n<ul>\n<li>Ungdomars organisering och inflytande<\/li>\n<\/ul>\n<\/li>\n<\/ul>\n<p><!-- \/wp:list-item --><!-- wp:list-item --><\/p>\n<ul>\n<li style=\"list-style-type: none;\">\n<ul>\n<li>Antirasism<\/li>\n<\/ul>\n<\/li>\n<\/ul>\n<p><!-- \/wp:list-item --><!-- wp:list-item --><\/p>\n<ul>\n<li style=\"list-style-type: none;\">\n<ul>\n<li>Feminism<\/li>\n<\/ul>\n<\/li>\n<\/ul>\n<p><!-- \/wp:list-item --><!-- wp:list-item --><\/p>\n<ul>\n<li style=\"list-style-type: none;\">\n<ul>\n<li>Global r\u00e4ttvisa<\/li>\n<\/ul>\n<\/li>\n<\/ul>\n<p><!-- \/wp:list-item --><\/p>\n<p><!-- \/wp:list --><!-- wp:paragraph --><\/p>\n<p>Vi v\u00e4nder oss till dig som kanske inte vill starta upp en ny f\u00f6rening, men \u00e4nd\u00e5 vill engagera sig mer i PeaceWorks arbete, delta i aktiviteter i Stockholmsomr\u00e5det eller f\u00e5 st\u00f6d att genomf\u00f6ra egna mindre projekt.<\/p>\n<p><!-- \/wp:paragraph --><!-- wp:paragraph --><\/p>\n<p>Vill du vara med? Har du f\u00f6rslag p\u00e5 andra aktiviteter du vill delta i? Eller bara lite funderingar! H\u00f6r g\u00e4rna av dig till v\u00e5r mail <strong>stockholm@peaceworks.se<\/strong>,\u00a0 du kan ocks\u00e5 f\u00f6lja oss p\u00e5 <a href=\"https:\/\/www.facebook.com\/peaceworksstockholm\/\"><strong>Facebook<\/strong><\/a> och Instagram, <strong>@peaceworksstockholm<\/strong>, f\u00f6r att h\u00e5lla dig uppdaterad eller kontakta oss.<\/p>\n<p><!-- \/wp:paragraph --><!-- wp:heading {\"level\":3} --><\/p>\n<h3><strong>Vill du s\u00f6ka projektbidrag fr\u00e5n oss?<\/strong><\/h3>\n<p><!-- \/wp:heading --><!-- wp:paragraph --><\/p>\n<p><strong><a href=\"http:\/\/peaceworks.se\/wp-content\/uploads\/2024\/11\/Original_-MALL-Ansokan-om-projektbidrag-fran-lokalforening.docx\" target=\"_blank\" rel=\"noreferrer noopener\">H\u00e4r<\/a><\/strong> \u00e5terfinns mall f\u00f6r projektbidragsans\u00f6kan med info om villkor och krav. <strong><a href=\"http:\/\/peaceworks.se\/wp-content\/uploads\/2024\/11\/Original_-MALL-rapportering-av-bidrag-utbetalt-av-PeaceWorksforening.docx\" target=\"_blank\" rel=\"noreferrer noopener\">H\u00e4r<\/a><\/strong> finns redovisningsmallen som ni fyller i efter genomf\u00f6rt projekt.<\/p>\n<p><!-- \/wp:paragraph --><!-- wp:heading --><\/p>\n<h2><strong>\u00c5rsm\u00f6te 2025<\/strong><\/h2>\n<p><!-- \/wp:heading --><!-- wp:paragraph \/--><!-- wp:paragraph --><\/p>\n<p>Nu har kallelse till PeaceWorks Stockholms \u00e5rsm\u00f6te skickats ut till alla medlemmar via mail!<\/p>\n<p><span style=\"text-decoration: underline;\">Datum och tid<\/span>: M\u00f6tet \u00e4ger rum den <strong>4 juni kl: 18.00<\/strong><br \/><span style=\"text-decoration: underline;\">Plats<\/span>: Digitalt\u00a0<br \/><span style=\"text-decoration: underline;\">Anm\u00e4lan<\/span>:\u00a0F\u00f6r att delta, v\u00e4nligen anm\u00e4l dig senast den <strong>1 juni<\/strong> via denna <a href=\"https:\/\/forms.gle\/6nJvpz5yzFra8pT8A\" target=\"_blank\" rel=\"noopener\">l\u00e4nk<\/a>. M\u00f6tesl\u00e4nken skickas samma dag som \u00e5rsm\u00f6tet till alla medlemmar som anm\u00e4lt sig i tid.\u00a0<\/p>\n<p><strong>\u00c5rsm\u00f6teshandlingarna<\/strong> kommer att publiceras p\u00e5 denna sida senast den <span style=\"text-decoration: underline;\">28 maj<\/span>.<\/p>\n<p><strong>Motioner<\/strong> ska vara styrelsen tillhanda senast den <strong>21 maj<\/strong>. Ni kan maila dessa till <strong>stockholm@peaceworks.se.<\/strong><\/p>\n<p><strong>Om du \u00e4r intresserad av att kandidera till styrelsen<\/strong>, tveka inte att kontakta valberedningen Nora Eriksson p\u00e5 mail: <strong>norisnoran@gmail.com<\/strong> senast den <strong>28 maj.<\/strong><\/p>\n<p>PS gl\u00f6m inte att bli medlem i PeaceWorks Stockholm innan \u00e5rsm\u00f6tet. Alla medlemmar som har anm\u00e4lt sig i god tid har r\u00f6str\u00e4tt.<\/p>\n<p>Till gamla medlemmar: F\u00f6r att kunna delta p\u00e5 \u00e5rsm\u00f6tet m\u00e5ste du ha f\u00f6rnyat ditt medlemskap i PeaceWorks Stockholm f\u00f6r 2025! Du ska ha f\u00e5tt en \u00e5teraktiveringsl\u00e4nk i b\u00f6rjan av \u00e5ret, men om du inte har f\u00f6rnyat \u00e4nnu kan du fylla i<a href=\"https:\/\/forms.gle\/rqa3v6xFXMpqJRjg8\" target=\"_blank\" rel=\"noopener\"> detta formul\u00e4r<\/a>. Kontakta\u00a0 rafaella.garde@peaceworks.se om det inte fungerar.<\/p>\n<p><strong>\u00c5rsm\u00f6teshandlingar 2025<\/strong><\/p>\n<p><a href=\"http:\/\/peaceworks.se\/wp-content\/uploads\/2025\/05\/Forslag-pa-dagordning-arsmote-2025-PeaceWorks-Stockholm-.docx.pdf\" target=\"_blank\" rel=\"noopener\">Fo\u0308rslag pa\u030a dagordning a\u030arsmo\u0308te 2025<\/a><br \/><a href=\"http:\/\/peaceworks.se\/wp-content\/uploads\/2025\/05\/Verksamhetsberattelse-2024-PeaceWorks-Stockholm.pdf\" target=\"_blank\" rel=\"noopener\">Verksamhetsbera\u0308ttelse 2024<\/a><br \/><a href=\"http:\/\/peaceworks.se\/wp-content\/uploads\/2025\/05\/Forenklat_arsbokslut_av_2024.docx.pdf\" target=\"_blank\" rel=\"noopener\">F\u00f6renklat \u00e5rsbokslut 2024<\/a><br \/><a href=\"http:\/\/peaceworks.se\/wp-content\/uploads\/2025\/05\/Revisionsberattelse-2024-PeaceWorks-Stockholm.pdf\">Revisionsbera\u0308ttelse 2024 <\/a><br \/><a href=\"http:\/\/peaceworks.se\/wp-content\/uploads\/2025\/05\/Verksamhetsplan-2025-PeaceWorks-Stockholm.pdf\" target=\"_blank\" rel=\"noopener\">F\u00f6rslag p\u00e5 verksamhetsplan 2025<\/a><br \/><a href=\"http:\/\/peaceworks.se\/wp-content\/uploads\/2025\/05\/Budgetforslag-2025-PeaceWorks-Stockholm-Blad1.pdf\" target=\"_blank\" rel=\"noopener\">Budgetfo\u0308rslag 2025<\/a><br \/><a href=\"http:\/\/peaceworks.se\/wp-content\/uploads\/2023\/12\/PeaceWorks-Stockholm-Stadgar-Reviderade-2021-04-14.pdf\" target=\"_blank\" rel=\"noreferrer noopener\">Stadgar PeaceWorks Stockholm<\/a><\/p>\n<p><strong>\u00c5rsm\u00f6teshandlingar 2024<\/strong><\/p>\n<p><a href=\"http:\/\/peaceworks.se\/wp-content\/uploads\/2024\/09\/Forslag-pa-dagordning-for-Arsmote-PeaceWorks-Stockholm-2024.docx.pdf\" target=\"_blank\" rel=\"noopener\">F\u00f6rslag p\u00e5 dagordning \u00e5rsm\u00f6te 2024<\/a><br \/><a href=\"http:\/\/peaceworks.se\/wp-content\/uploads\/2024\/10\/Signerad-Verksamhetsberattelse-2023-PW-Sthlm.pdf\" target=\"_blank\" rel=\"noopener\">Verksamhetsber\u00e4ttelse 2023<\/a><br \/><a href=\"http:\/\/peaceworks.se\/wp-content\/uploads\/2024\/10\/Signerad-Ekonomisk-berattelse-2023-PW-Sthlm.pdf\" target=\"_blank\" rel=\"noopener\">Ekonomisk ber\u00e4ttelse 2023<\/a><br \/><a href=\"http:\/\/peaceworks.se\/wp-content\/uploads\/2024\/10\/Revisionsberattelse-PW-Sthlm.pdf\" target=\"_blank\" rel=\"noopener\">Revisionsber\u00e4ttelse 2023<\/a><br \/><a href=\"http:\/\/peaceworks.se\/wp-content\/uploads\/2024\/10\/Signerad_Forenklat_arsbokslut2023-PW-Sthlm.pdf\" target=\"_blank\" rel=\"noopener\">F\u00f6renklat \u00e5rsbokslut 2023<\/a><br \/><a href=\"http:\/\/peaceworks.se\/wp-content\/uploads\/2024\/10\/Signerad-Verksamhetsplan-2024-PW-Sthlm.pdf\" target=\"_blank\" rel=\"noopener\">F\u00f6rslag p\u00e5 verksamhetsplan 2024<\/a><br \/><a href=\"http:\/\/peaceworks.se\/wp-content\/uploads\/2024\/10\/Budgetforslag-2024-PW-Sthlm.pdf\" target=\"_blank\" rel=\"noopener\">F\u00f6rslag p\u00e5 budget 2024<\/a><br \/><a href=\"http:\/\/peaceworks.se\/wp-content\/uploads\/2023\/12\/PeaceWorks-Stockholm-Stadgar-Reviderade-2021-04-14.pdf\" target=\"_blank\" rel=\"noreferrer noopener\">Stadgar PeaceWorks Stockholm<\/a><\/p>\n<p><strong>\u00c5rsm\u00f6teshandlingar 2023:<\/strong><\/p>\n<p><!-- \/wp:paragraph --><!-- wp:paragraph --><\/p>\n<p><a href=\"http:\/\/peaceworks.se\/wp-content\/uploads\/2023\/12\/Forslag-pa-dagordning-for-Arsmote-PeaceWorks-Stockholm-2023.pdf\" target=\"_blank\" rel=\"noreferrer noopener\">F\u00f6rslag p\u00e5 dagordning \u00e5rsm\u00f6te 2023<\/a><a href=\"http:\/\/peaceworks.se\/wp-content\/uploads\/2023\/12\/PeaceWorks-Stockholm-Stadgar-Reviderade-2021-04-14.pdf\" target=\"_blank\" rel=\"noreferrer noopener\"><br \/><\/a><a href=\"http:\/\/peaceworks.se\/wp-content\/uploads\/2023\/12\/Verksamhetsberattelse_2022-PW-stockholm.docx.pdf\" target=\"_blank\" rel=\"noreferrer noopener\">Verksamhetsber\u00e4ttelse 2022<br \/><\/a><a href=\"http:\/\/peaceworks.se\/wp-content\/uploads\/2023\/12\/PW-Stockholm-Ekonomisk-berattelse-2022.pdf\" target=\"_blank\" rel=\"noreferrer noopener\">Ekonomisk ber\u00e4ttelse 2022<br \/><\/a><a href=\"http:\/\/peaceworks.se\/wp-content\/uploads\/2023\/12\/Forenklat-arsbokslut-signerat-PW-Sthlm-2022.pdf\" target=\"_blank\" rel=\"noreferrer noopener\">F\u00f6renklat \u00e5rsbokslut 2022<br \/><\/a><a href=\"http:\/\/peaceworks.se\/wp-content\/uploads\/2023\/12\/Forslag-pa-verksamhetsplan-2023-PW-sthlm.pdf\" target=\"_blank\" rel=\"noreferrer noopener\">F\u00f6rslag p\u00e5 verksamhetsplan 2023<br \/><\/a><a href=\"http:\/\/peaceworks.se\/wp-content\/uploads\/2023\/12\/Budgetforslag-PeaceWorks-Stockholm-2023_Dec-Update.xlsx-Budgetforslag-2023.pdf\" target=\"_blank\" rel=\"noreferrer noopener\">F\u00f6rslag p\u00e5 budget 2023<\/a><\/p>\n<p><!-- \/wp:paragraph --><!-- wp:wpforms\/form-selector {\"clientId\":\"eda2e9a8-5cd6-44ca-bd58-bc4b1284ce3b\",\"formId\":\"22404\",\"displayTitle\":true,\"displayDesc\":true,\"copyPasteValue\":\"{\\u0022displayTitle\\u0022:true,\\u0022displayDesc\\u0022:true,\\u0022fieldSize\\u0022:\\u0022medium\\u0022,\\u0022fieldBorderRadius\\u0022:\\u00223px\\u0022,\\u0022fieldBackgroundColor\\u0022:\\u0022#ffffff\\u0022,\\u0022fieldBorderColor\\u0022:\\u0022rgba( 0, 0, 0, 0.25 )\\u0022,\\u0022fieldTextColor\\u0022:\\u0022rgba( 0, 0, 0, 0.7 )\\u0022,\\u0022labelSize\\u0022:\\u0022medium\\u0022,\\u0022labelColor\\u0022:\\u0022rgba( 0, 0, 0, 0.85 )\\u0022,\\u0022labelSublabelColor\\u0022:\\u0022rgba( 0, 0, 0, 0.55 )\\u0022,\\u0022labelErrorColor\\u0022:\\u0022#d63637\\u0022,\\u0022buttonSize\\u0022:\\u0022medium\\u0022,\\u0022buttonBorderRadius\\u0022:\\u00223px\\u0022,\\u0022buttonBackgroundColor\\u0022:\\u0022#066aab\\u0022,\\u0022buttonTextColor\\u0022:\\u0022#ffffff\\u0022}\"} \/--><\/p>\t\t\t\t\t\t\t\t<\/div>\n\t\t\t\t<\/div>\n\t\t\t\t<div class=\"elementor-element elementor-element-7739319 elementor-widget elementor-widget-wpforms\" data-id=\"7739319\" data-element_type=\"widget\" data-e-type=\"widget\" data-widget_type=\"wpforms.default\">\n\t\t\t\t<div class=\"elementor-widget-container\">\n\t\t\t\t\t<div class=\"wpforms-container wpforms-container-full\" id=\"wpforms-22404\"><form id=\"wpforms-form-22404\" class=\"wpforms-validate wpforms-form wpforms-ajax-form\" data-formid=\"22404\" method=\"post\" enctype=\"multipart\/form-data\" action=\"\/en\/wp-json\/wp\/v2\/pages\/20730\" data-token=\"013f244f6f09f0e6c55c5e8cf38043cc\" data-token-time=\"1778361430\"><div class=\"wpforms-head-container\"><div class=\"wpforms-title\">Intresseanm\u00e4lan PeaceWorks Stockholm<\/div><div class=\"wpforms-description\">N\u00e4r du har fyllt i detta formul\u00e4r kommer vi att kontakta dig f\u00f6r att f\u00f6lja upp med din intresseanm\u00e4lan.<\/div><\/div><noscript class=\"wpforms-error-noscript\">Please enable JavaScript in your browser to complete this form.<\/noscript><div class=\"wpforms-field-container\"><div id=\"wpforms-22404-field_2-container\" class=\"wpforms-field wpforms-field-name\" data-field-id=\"2\"><label class=\"wpforms-field-label\" for=\"wpforms-22404-field_2\">Namn <span class=\"wpforms-required-label\">*<\/span><\/label><div class=\"wpforms-field-row wpforms-field-medium\"><div class=\"wpforms-field-row-block wpforms-first wpforms-one-half\"><input type=\"text\" id=\"wpforms-22404-field_2\" class=\"wpforms-field-name-first wpforms-field-required\" name=\"wpforms[fields][2][first]\" placeholder=\"F\u00f6rnamn\" required><label for=\"wpforms-22404-field_2\" class=\"wpforms-field-sublabel after wpforms-sublabel-hide\">First<\/label><\/div><div class=\"wpforms-field-row-block wpforms-one-half\"><input type=\"text\" id=\"wpforms-22404-field_2-last\" class=\"wpforms-field-name-last wpforms-field-required\" name=\"wpforms[fields][2][last]\" placeholder=\"Efternamn\" required><label for=\"wpforms-22404-field_2-last\" class=\"wpforms-field-sublabel after wpforms-sublabel-hide\">Last<\/label><\/div><\/div><\/div><div id=\"wpforms-22404-field_3-container\" class=\"wpforms-field wpforms-field-email\" data-field-id=\"3\"><label class=\"wpforms-field-label\" for=\"wpforms-22404-field_3\">E-post <span class=\"wpforms-required-label\">*<\/span><\/label><input type=\"email\" id=\"wpforms-22404-field_3\" class=\"wpforms-field-medium wpforms-field-required\" name=\"wpforms[fields][3]\" spellcheck=\"false\" required><\/div><div id=\"wpforms-22404-field_16-container\" class=\"wpforms-field wpforms-field-number\" data-field-id=\"16\"><label class=\"wpforms-field-label\" for=\"wpforms-22404-field_16\">Telefonnummer <span class=\"wpforms-required-label\">*<\/span><\/label><input type=\"number\" id=\"wpforms-22404-field_16\" class=\"wpforms-field-medium wpforms-field-required\" name=\"wpforms[fields][16]\" step=\"any\" required><\/div><div id=\"wpforms-22404-field_6-container\" class=\"wpforms-field wpforms-field-number\" data-field-id=\"6\"><label class=\"wpforms-field-label\" for=\"wpforms-22404-field_6\">F\u00f6delsedatum <span class=\"wpforms-required-label\">*<\/span><\/label><input type=\"number\" id=\"wpforms-22404-field_6\" class=\"wpforms-field-medium wpforms-field-required\" name=\"wpforms[fields][6]\" placeholder=\"\u00c5\u00c5\u00c5\u00c5MMDD\" step=\"any\" required><\/div><div id=\"wpforms-22404-field_26-container\" class=\"wpforms-field wpforms-field-select wpforms-field-select-style-classic\" data-field-id=\"26\"><label class=\"wpforms-field-label\" for=\"wpforms-22404-field_26\">\u00c4r du bosatt i Stockholm? <span class=\"wpforms-required-label\">*<\/span><\/label><select id=\"wpforms-22404-field_26\" class=\"wpforms-field-medium wpforms-field-required\" name=\"wpforms[fields][26]\" required=\"required\"><option value=\"Ja\"  class=\"choice-1 depth-1\"  >Ja<\/option><option value=\"Nej\"  class=\"choice-2 depth-1\"  >Nej<\/option><\/select><\/div><div id=\"wpforms-22404-field_7-container\" class=\"wpforms-field wpforms-field-select wpforms-field-select-style-classic\" data-field-id=\"7\"><label class=\"wpforms-field-label\" for=\"wpforms-22404-field_7\">Har du varit engagerad i PeaceWorks tidigare? <span class=\"wpforms-required-label\">*<\/span><\/label><select id=\"wpforms-22404-field_7\" class=\"wpforms-field-medium wpforms-field-required\" name=\"wpforms[fields][7]\" required=\"required\"><option value=\"Ja\"  class=\"choice-1 depth-1\"  >Ja<\/option><option value=\"Nej\"  class=\"choice-2 depth-1\"  >Nej<\/option><option value=\"Choice 3\"  class=\"choice-3 depth-1\"  >Choice 3<\/option><\/select><\/div><div id=\"wpforms-22404-field_8-container\" class=\"wpforms-field wpforms-field-text\" data-field-id=\"8\"><label class=\"wpforms-field-label\" for=\"wpforms-22404-field_8\">Om Ja, beskriv g\u00e4rna hur:<\/label><input type=\"text\" id=\"wpforms-22404-field_8\" class=\"wpforms-field-medium\" name=\"wpforms[fields][8]\" ><\/div><div id=\"wpforms-22404-field_9-container\" class=\"wpforms-field wpforms-field-textarea\" data-field-id=\"9\"><label class=\"wpforms-field-label\" for=\"wpforms-22404-field_9\">Vilken typ av aktiviteter vill du vara med och driva? <span class=\"wpforms-required-label\">*<\/span><\/label><textarea id=\"wpforms-22404-field_9\" class=\"wpforms-field-medium wpforms-field-required\" name=\"wpforms[fields][9]\" required><\/textarea><\/div><div id=\"wpforms-22404-field_10-container\" class=\"wpforms-field wpforms-field-textarea\" data-field-id=\"10\"><label class=\"wpforms-field-label\" for=\"wpforms-22404-field_10\">Har du n\u00e5gon tidigare erfarenhet av styrelsearbete? <span class=\"wpforms-required-label\">*<\/span><\/label><textarea id=\"wpforms-22404-field_10\" class=\"wpforms-field-medium wpforms-field-required\" name=\"wpforms[fields][10]\" required><\/textarea><\/div><div id=\"wpforms-22404-field_17-container\" class=\"wpforms-field wpforms-field-checkbox\" data-field-id=\"17\"><label class=\"wpforms-field-label\">Samtycker du till att vi delar dina kontaktuppgifter med f\u00f6reningens styrelse? <span class=\"wpforms-required-label\">*<\/span><\/label><ul id=\"wpforms-22404-field_17\" class=\"wpforms-field-required\"><li class=\"choice-1 depth-1\"><input type=\"checkbox\" id=\"wpforms-22404-field_17_1\" name=\"wpforms[fields][17][]\" value=\"Ja\" required ><label class=\"wpforms-field-label-inline\" for=\"wpforms-22404-field_17_1\">Ja<\/label><\/li><li class=\"choice-2 depth-1\"><input type=\"checkbox\" id=\"wpforms-22404-field_17_2\" name=\"wpforms[fields][17][]\" value=\"Nej\" required ><label class=\"wpforms-field-label-inline\" for=\"wpforms-22404-field_17_2\">Nej<\/label><\/li><\/ul><\/div><\/div><!-- .wpforms-field-container --><div class=\"wpforms-submit-container\" ><input type=\"hidden\" name=\"wpforms[id]\" value=\"22404\"><input type=\"hidden\" name=\"page_title\" value=\"\"><input type=\"hidden\" name=\"page_url\" value=\"https:\/\/peaceworks.se\/en\/wp-json\/wp\/v2\/pages\/20730\"><input type=\"hidden\" name=\"url_referer\" value=\"\"><button type=\"submit\" name=\"wpforms[submit]\" id=\"wpforms-submit-22404\" class=\"wpforms-submit\" data-alt-text=\"Skickar \u2026\" data-submit-text=\"Skicka\" aria-live=\"assertive\" value=\"wpforms-submit\">Skicka<\/button><img decoding=\"async\" src=\"https:\/\/peaceworks.se\/wp-content\/plugins\/wpforms-lite\/assets\/images\/submit-spin.svg\" class=\"wpforms-submit-spinner\" style=\"display: none;\" width=\"26\" height=\"26\" alt=\"Loading\"><\/div><\/form><\/div>  <!-- .wpforms-container -->\t\t\t\t<\/div>\n\t\t\t\t<\/div>\n\t\t\t\t\t<\/div>\n\t\t\t\t<\/div>\n\t\t<div class=\"elementor-element elementor-element-10c0777 e-flex e-con-boxed e-con e-parent\" data-id=\"10c0777\" data-element_type=\"container\" data-e-type=\"container\">\n\t\t\t\t\t<div class=\"e-con-inner\">\n\t\t<div class=\"elementor-element elementor-element-5dd288a e-con-full e-flex e-con e-child\" data-id=\"5dd288a\" data-element_type=\"container\" data-e-type=\"container\">\n\t\t\t\t<div class=\"elementor-element elementor-element-f370c37 elementor-widget elementor-widget-text-editor\" data-id=\"f370c37\" data-element_type=\"widget\" data-e-type=\"widget\" data-widget_type=\"text-editor.default\">\n\t\t\t\t<div class=\"elementor-widget-container\">\n\t\t\t\t\t\t\t\t\t<h4 style=\"text-align: right\">Vill du ha mer info?<\/h4><h5 style=\"text-align: right\">Kontakta oss<\/h5>\t\t\t\t\t\t\t\t<\/div>\n\t\t\t\t<\/div>\n\t\t\t\t<\/div>\n\t\t<div class=\"elementor-element elementor-element-b7e3763 e-con-full e-flex e-con e-child\" data-id=\"b7e3763\" data-element_type=\"container\" data-e-type=\"container\" data-settings=\"{&quot;background_background&quot;:&quot;classic&quot;}\">\n\t\t\t\t<div class=\"elementor-element elementor-element-a7ce83c elementor-widget elementor-widget-text-editor\" data-id=\"a7ce83c\" data-element_type=\"widget\" data-e-type=\"widget\" data-widget_type=\"text-editor.default\">\n\t\t\t\t<div class=\"elementor-widget-container\">\n\t\t\t\t\t\t\t\t\t<h3>Rafaella G\u00e4rde<\/h3><p>Nationell f\u00f6reningssamordnare<\/p><p><a href=\"mailto:rafaella.garde@peaceworks.se\">rafaella.garde@peaceworks.se<\/a><\/p>\t\t\t\t\t\t\t\t<\/div>\n\t\t\t\t<\/div>\n\t\t\t\t<\/div>\n\t\t\t\t\t<\/div>\n\t\t\t\t<\/div>\n\t\t\t\t<\/div>\n\t\t","protected":false},"excerpt":{"rendered":"<p>OBS! Notera att vi \u00e4r lokalf\u00f6reningen PeaceWorks Stockholm d\u00e5 v\u00e5r verksamhet utg\u00e5r lokalt i stockholmsregionen!\u00a0 V\u00e5r vision: V\u00e5r vision \u00e4r en h\u00e5llbar v\u00e4rld i fred d\u00e4r unga \u00e4r aktiva samh\u00e4llsmedborgare. Detta samh\u00e4lle ska k\u00e4nnetecknas av fred och h\u00e5llbar utveckling, global r\u00e4ttvisa och solidaritet, \u00f6ver och f\u00f6rbi konstruerade nationella, kulturella, sociala och ekonomiska gr\u00e4nser. Vad vi&#8230;<\/p>","protected":false},"author":1,"featured_media":26462,"parent":19611,"menu_order":6,"comment_status":"closed","ping_status":"closed","template":"","meta":{"footnotes":""},"class_list":["post-20730","page","type-page","status-publish","has-post-thumbnail","hentry"],"rttpg_featured_image_url":{"full":["https:\/\/peaceworks.se\/wp-content\/uploads\/2024\/04\/Stockholm-1.png",1001,861,false],"landscape":["https:\/\/peaceworks.se\/wp-content\/uploads\/2024\/04\/Stockholm-1.png",1001,861,false],"portraits":["https:\/\/peaceworks.se\/wp-content\/uploads\/2024\/04\/Stockholm-1.png",1001,861,false],"thumbnail":["https:\/\/peaceworks.se\/wp-content\/uploads\/2024\/04\/Stockholm-1-150x150.png",150,150,true],"medium":["https:\/\/peaceworks.se\/wp-content\/uploads\/2024\/04\/Stockholm-1-400x344.png",400,344,true],"large":["https:\/\/peaceworks.se\/wp-content\/uploads\/2024\/04\/Stockholm-1-800x688.png",800,688,true],"1536x1536":["https:\/\/peaceworks.se\/wp-content\/uploads\/2024\/04\/Stockholm-1.png",1001,861,false],"2048x2048":["https:\/\/peaceworks.se\/wp-content\/uploads\/2024\/04\/Stockholm-1.png",1001,861,false],"trp-custom-language-flag":["https:\/\/peaceworks.se\/wp-content\/uploads\/2024\/04\/Stockholm-1-14x12.png",14,12,true]},"rttpg_author":{"display_name":"PeaceWorks Sweden","author_link":"https:\/\/peaceworks.se\/en\/author\/p3ce-works\/"},"rttpg_comment":0,"rttpg_category":null,"rttpg_excerpt":"OBS! Notera att vi \u00e4r lokalf\u00f6reningen PeaceWorks Stockholm d\u00e5 v\u00e5r verksamhet utg\u00e5r lokalt i stockholmsregionen!\u00a0 V\u00e5r vision: V\u00e5r vision \u00e4r en h\u00e5llbar v\u00e4rld i fred d\u00e4r unga \u00e4r aktiva samh\u00e4llsmedborgare. Detta samh\u00e4lle ska k\u00e4nnetecknas av fred och h\u00e5llbar utveckling, global r\u00e4ttvisa och solidaritet, \u00f6ver och f\u00f6rbi konstruerade nationella, kulturella, sociala och ekonomiska gr\u00e4nser. Vad vi...","_links":{"self":[{"href":"https:\/\/peaceworks.se\/en\/wp-json\/wp\/v2\/pages\/20730","targetHints":{"allow":["GET"]}}],"collection":[{"href":"https:\/\/peaceworks.se\/en\/wp-json\/wp\/v2\/pages"}],"about":[{"href":"https:\/\/peaceworks.se\/en\/wp-json\/wp\/v2\/types\/page"}],"author":[{"embeddable":true,"href":"https:\/\/peaceworks.se\/en\/wp-json\/wp\/v2\/users\/1"}],"replies":[{"embeddable":true,"href":"https:\/\/peaceworks.se\/en\/wp-json\/wp\/v2\/comments?post=20730"}],"version-history":[{"count":70,"href":"https:\/\/peaceworks.se\/en\/wp-json\/wp\/v2\/pages\/20730\/revisions"}],"predecessor-version":[{"id":29742,"href":"https:\/\/peaceworks.se\/en\/wp-json\/wp\/v2\/pages\/20730\/revisions\/29742"}],"up":[{"embeddable":true,"href":"https:\/\/peaceworks.se\/en\/wp-json\/wp\/v2\/pages\/19611"}],"wp:featuredmedia":[{"embeddable":true,"href":"https:\/\/peaceworks.se\/en\/wp-json\/wp\/v2\/media\/26462"}],"wp:attachment":[{"href":"https:\/\/peaceworks.se\/en\/wp-json\/wp\/v2\/media?parent=20730"}],"curies":[{"name":"wp","href":"https:\/\/api.w.org\/{rel}","templated":true}]}}