{"id":20829,"date":"2022-03-28T14:27:55","date_gmt":"2022-03-28T12:27:55","guid":{"rendered":"https:\/\/peaceworks.se\/?page_id=20829"},"modified":"2022-10-28T11:43:08","modified_gmt":"2022-10-28T09:43:08","slug":"relatos-internos","status":"publish","type":"page","link":"https:\/\/peaceworks.se\/en\/relatos-internos\/","title":{"rendered":"Relatos internos"},"content":{"rendered":"<p>Relatos Internos \u00e4r ett projekt som \u00e4r en del av Fundaci\u00f3n La Mixera Espacio Cultural som jobbar med att starta och driva plattformar f\u00f6r skapande av musik, konst och kultur i Tunja, Boyac\u00e1.&nbsp;<\/p>\n\n\n\n<p>Relatos Internos fokuserar fr\u00e4mst p\u00e5 att arbeta med reparativ r\u00e4ttvisa f\u00f6r unga frihetsber\u00f6vande, genom att fokusera p\u00e5 avstigmatisering och fredsbyggande. De g\u00f6r det genom en utbildningsprocess inom konst, musik, kultur, foto och radio med syftet att arbeta med konstn\u00e4rlig och kreativ kommunikation och f\u00f6r\u00e4ndringsarbete.\u00a0<\/p>\n\n\n\n<h2 class=\"wp-block-heading\"><strong>Vad f\u00e5r jag g\u00f6ra som praktikant p\u00e5 Relatos?&nbsp;<\/strong><\/h2>\n\n\n\n<p>Som praktikant p\u00e5 Relatos kommer du ha varierande uppgifter som att exempelvis arbeta med reparativ r\u00e4ttvisa p\u00e5 gr\u00e4srotsniv\u00e5 genom konstn\u00e4rligt uttryck. Du kommer delta i pedagogiskt arbete tillsammans med unga frihetsber\u00f6vande p\u00e5 ungdomsanstalt, eller liknande instutition.&nbsp; Praktikanten kommer \u00e4ven att vara behj\u00e4lplig i det dagliga arbete, delta vid m\u00f6ten, delta i workshops, \u00f6vers\u00e4tta dokument, bidra med material till sociala medier, hj\u00e4lpa till med att etablera nya samarbeten och partnerskap och bidra till att synligg\u00f6ra Relatos arbete i Sverige.&nbsp;&nbsp;<\/p>\n\n\n\n<p>L\u00e4s mer om Relatos <a href=\"https:\/\/www.relatosinternos.com.co\/\"><strong>here<\/strong><\/a>!<\/p>\n\n\n\n<h2 class=\"wp-block-heading\"><strong>Hur ans\u00f6ker du?<\/strong><\/h2>\n\n\n\n<p>Ladda upp ditt CV och personligt brev p\u00e5 spanska <strong><a href=\"https:\/\/peaceworks.se\/en\/lediga-tjanster-och-praktikplatser\/\">here<\/a><\/strong>!<\/p>\n\n\n\n<p>Genom att skicka in din ans\u00f6kan kan du bli aktuell f\u00f6r praktik p\u00e5 alla organisationer, men inkludera g\u00e4rna i ans\u00f6kan om du \u00e4r s\u00e4rskilt intresserad av n\u00e5gon av praktikplatserna!<\/p>\n\n\n\n<h2 class=\"wp-block-heading\">Om du har ytterligare fr\u00e5gor kontakta:<\/h2>\n\n\n\n<p><strong>andres.f.rodriguez@peaceworks.se <\/strong>(spanska eller engelska)<\/p>\n\n\n\n<p><strong>julia.eriksson@peaceworks.se<\/strong> (spanska, engelska eller svenska)<\/p>\n\n\n\n<p><\/p>","protected":false},"excerpt":{"rendered":"<p>Relatos Internos \u00e4r ett projekt som \u00e4r en del av Fundaci\u00f3n La Mixera Espacio Cultural som jobbar med att starta och driva plattformar f\u00f6r skapande av musik, konst och kultur i Tunja, Boyac\u00e1.&nbsp; Relatos Internos fokuserar fr\u00e4mst p\u00e5 att arbeta med reparativ r\u00e4ttvisa f\u00f6r unga frihetsber\u00f6vande, genom att fokusera p\u00e5 avstigmatisering och fredsbyggande. De g\u00f6r&#8230;<\/p>","protected":false},"author":1,"featured_media":0,"parent":0,"menu_order":0,"comment_status":"closed","ping_status":"closed","template":"","meta":{"footnotes":""},"class_list":["post-20829","page","type-page","status-publish","hentry"],"rttpg_featured_image_url":null,"rttpg_author":{"display_name":"PeaceWorks Sweden","author_link":"https:\/\/peaceworks.se\/en\/author\/p3ce-works\/"},"rttpg_comment":0,"rttpg_category":null,"rttpg_excerpt":"Relatos Internos \u00e4r ett projekt som \u00e4r en del av Fundaci\u00f3n La Mixera Espacio Cultural som jobbar med att starta och driva plattformar f\u00f6r skapande av musik, konst och kultur i Tunja, Boyac\u00e1.&nbsp; Relatos Internos fokuserar fr\u00e4mst p\u00e5 att arbeta med reparativ r\u00e4ttvisa f\u00f6r unga frihetsber\u00f6vande, genom att fokusera p\u00e5 avstigmatisering och fredsbyggande. De g\u00f6r...","_links":{"self":[{"href":"https:\/\/peaceworks.se\/en\/wp-json\/wp\/v2\/pages\/20829","targetHints":{"allow":["GET"]}}],"collection":[{"href":"https:\/\/peaceworks.se\/en\/wp-json\/wp\/v2\/pages"}],"about":[{"href":"https:\/\/peaceworks.se\/en\/wp-json\/wp\/v2\/types\/page"}],"author":[{"embeddable":true,"href":"https:\/\/peaceworks.se\/en\/wp-json\/wp\/v2\/users\/1"}],"replies":[{"embeddable":true,"href":"https:\/\/peaceworks.se\/en\/wp-json\/wp\/v2\/comments?post=20829"}],"version-history":[{"count":2,"href":"https:\/\/peaceworks.se\/en\/wp-json\/wp\/v2\/pages\/20829\/revisions"}],"predecessor-version":[{"id":22850,"href":"https:\/\/peaceworks.se\/en\/wp-json\/wp\/v2\/pages\/20829\/revisions\/22850"}],"wp:attachment":[{"href":"https:\/\/peaceworks.se\/en\/wp-json\/wp\/v2\/media?parent=20829"}],"curies":[{"name":"wp","href":"https:\/\/api.w.org\/{rel}","templated":true}]}}