{"id":20850,"date":"2022-03-28T14:55:30","date_gmt":"2022-03-28T12:55:30","guid":{"rendered":"https:\/\/peaceworks.se\/?page_id=20850"},"modified":"2022-08-26T16:04:58","modified_gmt":"2022-08-26T14:04:58","slug":"temblores","status":"publish","type":"page","link":"https:\/\/peaceworks.se\/en\/temblores\/","title":{"rendered":"Temblores"},"content":{"rendered":"<p>Temblores \u00e4r en organisation baserad i Bogot\u00e1, som jobbar med att starta och driva lokala processer i syfte att f\u00f6r\u00e4ndra maktstrukturer som bidrar till utanf\u00f6rskap och marginalisering. Temblores arbetar f\u00f6r att fr\u00e4mja en dialog mellan olika samh\u00e4llsakt\u00f6rer varifr\u00e5n det \u00e4r m\u00f6jligt att synligg\u00f6ra, f\u00f6rd\u00f6ma och bek\u00e4mpa former av v\u00e5ld som historiskt marginaliserade medborgare m\u00f6ter dagligen. De arbetar f\u00f6r att f\u00f6rsvara m\u00e4nskliga r\u00e4ttigheter och tillg\u00e5ng till r\u00e4ttvisa f\u00f6r hbtqia+ personer, sexarbetare, offer f\u00f6r polisprofilering, ungdomar som riskerar social exkludering och m\u00e4nniskor som ber\u00f6vats friheten f\u00f6r mindre brott.<\/p>\n\n\n\n<h2 class=\"wp-block-heading\"><strong>Vad f\u00e5r jag g\u00f6ra som praktikant p\u00e5 Temblores?&nbsp;<\/strong><\/h2>\n\n\n\n<p>Som praktikant p\u00e5 Temblores kommer du ha varierande uppgifter som att exempelvis st\u00f6dja forskningsarbetet, samarbeta med projektledningen och vara behj\u00e4lplig i projektans\u00f6kningsarbete, delta vid m\u00f6ten, arrangera evenemang, \u00f6vers\u00e4tta dokument, bidra med material till sociala medier, hj\u00e4lpa till med att etablera nya allianser och partnerskap och bidra till att synligg\u00f6ra Temblores arbete i Sverige.&nbsp;&nbsp;<\/p>\n\n\n\n<p>L\u00e4s mer om Temblores <a href=\"https:\/\/en.temblores.org\/\"><strong>here<\/strong><\/a>!<\/p>\n\n\n\n<h2 class=\"wp-block-heading\">Om du har ytterligare fr\u00e5gor kontakta:<\/h2>\n\n\n\n<p><strong>andres.f.rodriguez@peaceworks.se <\/strong>(spanska eller engelska)<\/p>\n\n\n\n<p><strong>julia.eriksson@peaceworks.se<\/strong> (spanska, engelska eller svenska)<\/p>","protected":false},"excerpt":{"rendered":"<p>Temblores \u00e4r en organisation baserad i Bogot\u00e1, som jobbar med att starta och driva lokala processer i syfte att f\u00f6r\u00e4ndra maktstrukturer som bidrar till utanf\u00f6rskap och marginalisering. Temblores arbetar f\u00f6r att fr\u00e4mja en dialog mellan olika samh\u00e4llsakt\u00f6rer varifr\u00e5n det \u00e4r m\u00f6jligt att synligg\u00f6ra, f\u00f6rd\u00f6ma och bek\u00e4mpa former av v\u00e5ld som historiskt marginaliserade medborgare m\u00f6ter dagligen&#8230;.<\/p>","protected":false},"author":1,"featured_media":0,"parent":0,"menu_order":0,"comment_status":"closed","ping_status":"closed","template":"","meta":{"footnotes":""},"class_list":["post-20850","page","type-page","status-publish","hentry"],"rttpg_featured_image_url":null,"rttpg_author":{"display_name":"PeaceWorks Sweden","author_link":"https:\/\/peaceworks.se\/en\/author\/p3ce-works\/"},"rttpg_comment":0,"rttpg_category":null,"rttpg_excerpt":"Temblores \u00e4r en organisation baserad i Bogot\u00e1, som jobbar med att starta och driva lokala processer i syfte att f\u00f6r\u00e4ndra maktstrukturer som bidrar till utanf\u00f6rskap och marginalisering. Temblores arbetar f\u00f6r att fr\u00e4mja en dialog mellan olika samh\u00e4llsakt\u00f6rer varifr\u00e5n det \u00e4r m\u00f6jligt att synligg\u00f6ra, f\u00f6rd\u00f6ma och bek\u00e4mpa former av v\u00e5ld som historiskt marginaliserade medborgare m\u00f6ter dagligen....","_links":{"self":[{"href":"https:\/\/peaceworks.se\/en\/wp-json\/wp\/v2\/pages\/20850","targetHints":{"allow":["GET"]}}],"collection":[{"href":"https:\/\/peaceworks.se\/en\/wp-json\/wp\/v2\/pages"}],"about":[{"href":"https:\/\/peaceworks.se\/en\/wp-json\/wp\/v2\/types\/page"}],"author":[{"embeddable":true,"href":"https:\/\/peaceworks.se\/en\/wp-json\/wp\/v2\/users\/1"}],"replies":[{"embeddable":true,"href":"https:\/\/peaceworks.se\/en\/wp-json\/wp\/v2\/comments?post=20850"}],"version-history":[{"count":1,"href":"https:\/\/peaceworks.se\/en\/wp-json\/wp\/v2\/pages\/20850\/revisions"}],"predecessor-version":[{"id":21622,"href":"https:\/\/peaceworks.se\/en\/wp-json\/wp\/v2\/pages\/20850\/revisions\/21622"}],"wp:attachment":[{"href":"https:\/\/peaceworks.se\/en\/wp-json\/wp\/v2\/media?parent=20850"}],"curies":[{"name":"wp","href":"https:\/\/api.w.org\/{rel}","templated":true}]}}