{"id":21043,"date":"2022-04-04T17:04:52","date_gmt":"2022-04-04T15:04:52","guid":{"rendered":"https:\/\/peaceworks.se\/?page_id=21043"},"modified":"2026-04-18T04:11:54","modified_gmt":"2026-04-18T02:11:54","slug":"styrelsen","status":"publish","type":"page","link":"https:\/\/peaceworks.se\/en\/om-oss\/styrelsen\/","title":{"rendered":"The board"},"content":{"rendered":"<div data-elementor-type=\"wp-page\" data-elementor-id=\"21043\" class=\"elementor elementor-21043\">\n\t\t\t\t<div class=\"elementor-element elementor-element-18a08f3 e-flex e-con-boxed e-con e-parent\" data-id=\"18a08f3\" data-element_type=\"container\" data-e-type=\"container\">\n\t\t\t\t\t<div class=\"e-con-inner\">\n\t\t\t\t<div class=\"elementor-element elementor-element-e555ec1 elementor-widget elementor-widget-heading\" data-id=\"e555ec1\" data-element_type=\"widget\" data-e-type=\"widget\" data-widget_type=\"heading.default\">\n\t\t\t\t<div class=\"elementor-widget-container\">\n\t\t\t\t\t<h1 class=\"elementor-heading-title elementor-size-default\">The board<\/h1>\t\t\t\t<\/div>\n\t\t\t\t<\/div>\n\t\t\t\t<div class=\"elementor-element elementor-element-db16808 elementor-widget__width-inherit elementor-widget elementor-widget-text-editor\" data-id=\"db16808\" data-element_type=\"widget\" data-e-type=\"widget\" data-widget_type=\"text-editor.default\">\n\t\t\t\t<div class=\"elementor-widget-container\">\n\t\t\t\t\t\t\t\t\t<p>PeaceWorks \u00e5rsm\u00f6te \u00e4r\u00a0<strong>det h\u00f6gst beslutsfattande organet<\/strong>\u00a0inom organisationen. Under \u00e5rsm\u00f6tet tills\u00e4tts organisationens f\u00f6rbundsstyrelse, vilken \u00e4r ansvarig f\u00f6r att l\u00f6pande, p\u00e5 ett strategiskt plan, styra organisationen fram\u00e5t under verksamhets\u00e5rets g\u00e5ng. Styrelsen v\u00e4ljs in p\u00e5 en tv\u00e5\u00e5rig mandatperiod \u00e5t g\u00e5ngen, men kan \u00e4ven av \u00e5rsm\u00f6tet v\u00e4ljas in flera \u00e5r i rad. Styrelsens arbete\u00a0<strong>bedrivs p\u00e5 ideell basis<\/strong>\u00a0och best\u00e5r av en ordf\u00f6rande, en vice ordf\u00f6rande och minst tre ledam\u00f6ter.\u00a0<\/p><p>Under verksamhets\u00e5ret 2025\/2026 best\u00e5r styrelsen av en ordf\u00f6rande, en viceordf\u00f6rande och tre ledam\u00f6ter, vilka \u00e4r:<\/p>\t\t\t\t\t\t\t\t<\/div>\n\t\t\t\t<\/div>\n\t\t<div class=\"elementor-element elementor-element-ae6ea15 e-con-full e-flex e-con e-child\" data-id=\"ae6ea15\" data-element_type=\"container\" data-e-type=\"container\" data-settings=\"{&quot;background_background&quot;:&quot;classic&quot;}\">\n\t\t\t\t<div class=\"elementor-element elementor-element-236625d elementor-widget elementor-widget-heading\" data-id=\"236625d\" data-element_type=\"widget\" data-e-type=\"widget\" data-widget_type=\"heading.default\">\n\t\t\t\t<div class=\"elementor-widget-container\">\n\t\t\t\t\t<h4 class=\"elementor-heading-title elementor-size-default\">Oscar Barajas <\/h4>\t\t\t\t<\/div>\n\t\t\t\t<\/div>\n\t\t\t\t<div class=\"elementor-element elementor-element-6284c2c elementor-widget elementor-widget-heading\" data-id=\"6284c2c\" data-element_type=\"widget\" data-e-type=\"widget\" data-widget_type=\"heading.default\">\n\t\t\t\t<div class=\"elementor-widget-container\">\n\t\t\t\t\t<h6 class=\"elementor-heading-title elementor-size-default\">Ordf\u00f6rande \/ Chair<\/h6>\t\t\t\t<\/div>\n\t\t\t\t<\/div>\n\t\t\t\t<div class=\"elementor-element elementor-element-e9c8eaa elementor-widget elementor-widget-text-editor\" data-id=\"e9c8eaa\" data-element_type=\"widget\" data-e-type=\"widget\" data-widget_type=\"text-editor.default\">\n\t\t\t\t<div class=\"elementor-widget-container\">\n\t\t\t\t\t\t\t\t\t<p>oscar.barajas@peaceworks.se<\/p>\t\t\t\t\t\t\t\t<\/div>\n\t\t\t\t<\/div>\n\t\t\t\t<\/div>\n\t\t<div class=\"elementor-element elementor-element-238b496 e-con-full e-flex e-con e-child\" data-id=\"238b496\" data-element_type=\"container\" data-e-type=\"container\" data-settings=\"{&quot;background_background&quot;:&quot;classic&quot;}\">\n\t\t\t\t<div class=\"elementor-element elementor-element-45a1871 elementor-widget elementor-widget-heading\" data-id=\"45a1871\" data-element_type=\"widget\" data-e-type=\"widget\" data-widget_type=\"heading.default\">\n\t\t\t\t<div class=\"elementor-widget-container\">\n\t\t\t\t\t<h4 class=\"elementor-heading-title elementor-size-default\">Nora S\u00f6derberg<\/h4>\t\t\t\t<\/div>\n\t\t\t\t<\/div>\n\t\t\t\t<div class=\"elementor-element elementor-element-1c0cd5b elementor-widget elementor-widget-heading\" data-id=\"1c0cd5b\" data-element_type=\"widget\" data-e-type=\"widget\" data-widget_type=\"heading.default\">\n\t\t\t\t<div class=\"elementor-widget-container\">\n\t\t\t\t\t<h6 class=\"elementor-heading-title elementor-size-default\">Vice-ordf\u00f6rande \/ Vice chair<\/h6>\t\t\t\t<\/div>\n\t\t\t\t<\/div>\n\t\t\t\t<div class=\"elementor-element elementor-element-210194e elementor-widget elementor-widget-text-editor\" data-id=\"210194e\" data-element_type=\"widget\" data-e-type=\"widget\" data-widget_type=\"text-editor.default\">\n\t\t\t\t<div class=\"elementor-widget-container\">\n\t\t\t\t\t\t\t\t\t<p>nora.s\u00f6derberg@peaceworks.se<\/p>\t\t\t\t\t\t\t\t<\/div>\n\t\t\t\t<\/div>\n\t\t\t\t<\/div>\n\t\t<div class=\"elementor-element elementor-element-3515a89 e-con-full e-flex e-con e-child\" data-id=\"3515a89\" data-element_type=\"container\" data-e-type=\"container\" data-settings=\"{&quot;background_background&quot;:&quot;classic&quot;}\">\n\t\t\t\t<div class=\"elementor-element elementor-element-820a3ec elementor-widget elementor-widget-heading\" data-id=\"820a3ec\" data-element_type=\"widget\" data-e-type=\"widget\" data-widget_type=\"heading.default\">\n\t\t\t\t<div class=\"elementor-widget-container\">\n\t\t\t\t\t<h4 class=\"elementor-heading-title elementor-size-default\">Shebba Kpegouni<\/h4>\t\t\t\t<\/div>\n\t\t\t\t<\/div>\n\t\t\t\t<div class=\"elementor-element elementor-element-99dd589 elementor-widget elementor-widget-heading\" data-id=\"99dd589\" data-element_type=\"widget\" data-e-type=\"widget\" data-widget_type=\"heading.default\">\n\t\t\t\t<div class=\"elementor-widget-container\">\n\t\t\t\t\t<h6 class=\"elementor-heading-title elementor-size-default\">Ledamot \/ Board Member<\/h6>\t\t\t\t<\/div>\n\t\t\t\t<\/div>\n\t\t\t\t<div class=\"elementor-element elementor-element-e25d35c elementor-widget elementor-widget-text-editor\" data-id=\"e25d35c\" data-element_type=\"widget\" data-e-type=\"widget\" data-widget_type=\"text-editor.default\">\n\t\t\t\t<div class=\"elementor-widget-container\">\n\t\t\t\t\t\t\t\t\t<p>shebba.kpegouni@peaceworks.se<\/p>\t\t\t\t\t\t\t\t<\/div>\n\t\t\t\t<\/div>\n\t\t\t\t<\/div>\n\t\t<div class=\"elementor-element elementor-element-b1e6373 e-con-full e-flex e-con e-child\" data-id=\"b1e6373\" data-element_type=\"container\" data-e-type=\"container\" data-settings=\"{&quot;background_background&quot;:&quot;classic&quot;}\">\n\t\t\t\t<div class=\"elementor-element elementor-element-8d1a2dc elementor-widget elementor-widget-heading\" data-id=\"8d1a2dc\" data-element_type=\"widget\" data-e-type=\"widget\" data-widget_type=\"heading.default\">\n\t\t\t\t<div class=\"elementor-widget-container\">\n\t\t\t\t\t<h4 class=\"elementor-heading-title elementor-size-default\">Ayob Alielhaj<\/h4>\t\t\t\t<\/div>\n\t\t\t\t<\/div>\n\t\t\t\t<div class=\"elementor-element elementor-element-91e790c elementor-widget elementor-widget-heading\" data-id=\"91e790c\" data-element_type=\"widget\" data-e-type=\"widget\" data-widget_type=\"heading.default\">\n\t\t\t\t<div class=\"elementor-widget-container\">\n\t\t\t\t\t<h6 class=\"elementor-heading-title elementor-size-default\">Ledamot \/ Board Member<\/h6>\t\t\t\t<\/div>\n\t\t\t\t<\/div>\n\t\t\t\t<div class=\"elementor-element elementor-element-abf5598 elementor-widget elementor-widget-text-editor\" data-id=\"abf5598\" data-element_type=\"widget\" data-e-type=\"widget\" data-widget_type=\"text-editor.default\">\n\t\t\t\t<div class=\"elementor-widget-container\">\n\t\t\t\t\t\t\t\t\t<p>ayob.alielhaj@peaceworks.se<\/p>\t\t\t\t\t\t\t\t<\/div>\n\t\t\t\t<\/div>\n\t\t\t\t<\/div>\n\t\t<div class=\"elementor-element elementor-element-6adeafa e-con-full e-flex e-con e-child\" data-id=\"6adeafa\" data-element_type=\"container\" data-e-type=\"container\" data-settings=\"{&quot;background_background&quot;:&quot;classic&quot;}\">\n\t\t\t\t<div class=\"elementor-element elementor-element-0d4450d elementor-widget elementor-widget-heading\" data-id=\"0d4450d\" data-element_type=\"widget\" data-e-type=\"widget\" data-widget_type=\"heading.default\">\n\t\t\t\t<div class=\"elementor-widget-container\">\n\t\t\t\t\t<h4 class=\"elementor-heading-title elementor-size-default\">Maria Sj\u00f6str\u00f6m Bruce<\/h4>\t\t\t\t<\/div>\n\t\t\t\t<\/div>\n\t\t\t\t<div class=\"elementor-element elementor-element-67fc8a4 elementor-widget elementor-widget-heading\" data-id=\"67fc8a4\" data-element_type=\"widget\" data-e-type=\"widget\" data-widget_type=\"heading.default\">\n\t\t\t\t<div class=\"elementor-widget-container\">\n\t\t\t\t\t<h6 class=\"elementor-heading-title elementor-size-default\">Ledamot \/ Board Member<\/h6>\t\t\t\t<\/div>\n\t\t\t\t<\/div>\n\t\t\t\t<div class=\"elementor-element elementor-element-bba0e87 elementor-widget elementor-widget-text-editor\" data-id=\"bba0e87\" data-element_type=\"widget\" data-e-type=\"widget\" data-widget_type=\"text-editor.default\">\n\t\t\t\t<div class=\"elementor-widget-container\">\n\t\t\t\t\t\t\t\t\t<p>maria.bruce@peaceworks.se<\/p>\t\t\t\t\t\t\t\t<\/div>\n\t\t\t\t<\/div>\n\t\t\t\t<\/div>\n\t\t\t\t<div class=\"elementor-element elementor-element-113ccdc elementor-widget__width-auto elementor-widget elementor-widget-text-editor\" data-id=\"113ccdc\" data-element_type=\"widget\" data-e-type=\"widget\" data-widget_type=\"text-editor.default\">\n\t\t\t\t<div class=\"elementor-widget-container\">\n\t\t\t\t\t\t\t\t\t<p class=\"elementor-heading-title elementor-size-default elementor-inline-editing pen\" data-elementor-setting-key=\"title\" data-pen-placeholder=\"Skriv h\u00e4r...\"><strong>Har du fr\u00e5gor till eller vill komma i kontakt med f\u00f6rbundsstyrelsen?<\/strong><\/p><p>Kontakta d\u00e5 f\u00f6rbundsstyrelsen via mail: <strong><a href=\"mailto:styrelsen@peaceworks.se\">styrelsen@peaceworks.se<\/a><\/strong>. F\u00f6rbundsstyrelsen kan du kontakta l\u00f6pande under verksamhets\u00e5ret och de kommer besvara dig s\u00e5 fort de kan<strong>!<\/strong><\/p>\t\t\t\t\t\t\t\t<\/div>\n\t\t\t\t<\/div>\n\t\t\t\t<div class=\"elementor-element elementor-element-6d73dcf elementor-widget elementor-widget-text-editor\" data-id=\"6d73dcf\" data-element_type=\"widget\" data-e-type=\"widget\" data-widget_type=\"text-editor.default\">\n\t\t\t\t<div class=\"elementor-widget-container\">\n\t\t\t\t\t\t\t\t\t<h4>Peaceworks valberedning<\/h4>\n<p>\u00c5rsm\u00f6tet tills\u00e4tter \u00e4ven en valberedning, vilken har ansvar att inf\u00f6r PeaceWorks medlemmar f\u00f6resl\u00e5 en fullst\u00e4ndig f\u00f6rbundsstyrelse vid \u00e5rsm\u00f6tet. Liksom f\u00f6rbundsstyrelsen \u00e4r \u00e4ven valberedningens arbete p\u00e5 ideell basis och kan best\u00e5 av olika antal ledam\u00f6ter. Valberedningens arbete spelar en betydande roll i formandet av styrelse, d\u00e5 de arbetar f\u00f6r att f\u00e5 fram ett f\u00f6rslag som g\u00e5r i enlighet med organisationen under en mandatperiod om 2 \u00e5r. Utifr\u00e5n praxis brukar valberedningens f\u00f6rslag v\u00e4ga tungt vid val av styrelse.<\/p>\n<p>Under verksamhets\u00e5ret 2025\/2026 best\u00e5r valberedningen av Catalina Rodriguez N\u00e4sman och Lara Siadat.&nbsp;<\/p>\n<p data-elementor-setting-key=\"title\" data-pen-placeholder=\"Skriv h\u00e4r...\"><strong>Har du n\u00e5gon du vill&nbsp;nominera till n\u00e4sta \u00e5rs&nbsp;f\u00f6rbundsstyrelse? Eller&nbsp;\u00e4r du sj\u00e4lv intresserad&nbsp;att vara en del av styrelsen?<\/strong><\/p>\n<p>Har du ytterligare fr\u00e5gor om vad det inneb\u00e4r att sitta i f\u00f6rbundsstyrelsen? Kontakta d\u00e5&nbsp;<strong>valberedningen<\/strong> via <strong><a href=\"mailto:valberedning@peaceworks.se\">valberedningen@peaceworks.se<\/a><\/strong>.<\/p>\n<p>Du kan kontakta valberedningen l\u00f6pande under verksamhets\u00e5ret som svarar dig s\u00e5 fort som m\u00f6jligt!<\/p>\t\t\t\t\t\t\t\t<\/div>\n\t\t\t\t<\/div>\n\t\t\t\t\t<\/div>\n\t\t\t\t<\/div>\n\t\t\t\t<\/div>","protected":false},"excerpt":{"rendered":"<p>Styrelsen PeaceWorks \u00e5rsm\u00f6te \u00e4r\u00a0det h\u00f6gst beslutsfattande organet\u00a0inom organisationen. Under \u00e5rsm\u00f6tet tills\u00e4tts organisationens f\u00f6rbundsstyrelse, vilken \u00e4r ansvarig f\u00f6r att l\u00f6pande, p\u00e5 ett strategiskt plan, styra organisationen fram\u00e5t under verksamhets\u00e5rets g\u00e5ng. Styrelsen v\u00e4ljs in p\u00e5 en tv\u00e5\u00e5rig mandatperiod \u00e5t g\u00e5ngen, men kan \u00e4ven av \u00e5rsm\u00f6tet v\u00e4ljas in flera \u00e5r i rad. Styrelsens arbete\u00a0bedrivs p\u00e5 ideell basis\u00a0och best\u00e5r&#8230;<\/p>","protected":false},"author":1,"featured_media":0,"parent":19498,"menu_order":5,"comment_status":"closed","ping_status":"closed","template":"","meta":{"footnotes":""},"class_list":["post-21043","page","type-page","status-publish","hentry"],"rttpg_featured_image_url":null,"rttpg_author":{"display_name":"PeaceWorks Sweden","author_link":"https:\/\/peaceworks.se\/en\/author\/p3ce-works\/"},"rttpg_comment":0,"rttpg_category":null,"rttpg_excerpt":"Styrelsen PeaceWorks \u00e5rsm\u00f6te \u00e4r\u00a0det h\u00f6gst beslutsfattande organet\u00a0inom organisationen. Under \u00e5rsm\u00f6tet tills\u00e4tts organisationens f\u00f6rbundsstyrelse, vilken \u00e4r ansvarig f\u00f6r att l\u00f6pande, p\u00e5 ett strategiskt plan, styra organisationen fram\u00e5t under verksamhets\u00e5rets g\u00e5ng. Styrelsen v\u00e4ljs in p\u00e5 en tv\u00e5\u00e5rig mandatperiod \u00e5t g\u00e5ngen, men kan \u00e4ven av \u00e5rsm\u00f6tet v\u00e4ljas in flera \u00e5r i rad. Styrelsens arbete\u00a0bedrivs p\u00e5 ideell basis\u00a0och best\u00e5r...","_links":{"self":[{"href":"https:\/\/peaceworks.se\/en\/wp-json\/wp\/v2\/pages\/21043","targetHints":{"allow":["GET"]}}],"collection":[{"href":"https:\/\/peaceworks.se\/en\/wp-json\/wp\/v2\/pages"}],"about":[{"href":"https:\/\/peaceworks.se\/en\/wp-json\/wp\/v2\/types\/page"}],"author":[{"embeddable":true,"href":"https:\/\/peaceworks.se\/en\/wp-json\/wp\/v2\/users\/1"}],"replies":[{"embeddable":true,"href":"https:\/\/peaceworks.se\/en\/wp-json\/wp\/v2\/comments?post=21043"}],"version-history":[{"count":146,"href":"https:\/\/peaceworks.se\/en\/wp-json\/wp\/v2\/pages\/21043\/revisions"}],"predecessor-version":[{"id":30021,"href":"https:\/\/peaceworks.se\/en\/wp-json\/wp\/v2\/pages\/21043\/revisions\/30021"}],"up":[{"embeddable":true,"href":"https:\/\/peaceworks.se\/en\/wp-json\/wp\/v2\/pages\/19498"}],"wp:attachment":[{"href":"https:\/\/peaceworks.se\/en\/wp-json\/wp\/v2\/media?parent=21043"}],"curies":[{"name":"wp","href":"https:\/\/api.w.org\/{rel}","templated":true}]}}