{"id":21125,"date":"2022-04-11T06:00:00","date_gmt":"2022-04-11T04:00:00","guid":{"rendered":"https:\/\/peaceworks.se\/?page_id=21125"},"modified":"2022-09-05T16:20:34","modified_gmt":"2022-09-05T14:20:34","slug":"nyheter-fran-colombia","status":"publish","type":"page","link":"https:\/\/peaceworks.se\/en\/vart-jobb-i-sverige\/vad-hande-med-freden\/nyheter-fran-colombia\/","title":{"rendered":"Nyheter fr\u00e5n Colombia"},"content":{"rendered":"<div data-elementor-type=\"wp-page\" data-elementor-id=\"21125\" class=\"elementor elementor-21125\">\n\t\t\t\t\t\t<section class=\"elementor-section elementor-top-section elementor-element elementor-element-5f12e821 elementor-section-boxed elementor-section-height-default elementor-section-height-default\" data-id=\"5f12e821\" data-element_type=\"section\" data-e-type=\"section\">\n\t\t\t\t\t\t<div class=\"elementor-container elementor-column-gap-default\">\n\t\t\t\t\t<div class=\"elementor-column elementor-col-100 elementor-top-column elementor-element elementor-element-54c06259\" data-id=\"54c06259\" data-element_type=\"column\" data-e-type=\"column\">\n\t\t\t<div class=\"elementor-widget-wrap elementor-element-populated\">\n\t\t\t\t\t\t<div class=\"elementor-element elementor-element-18b41efa elementor-widget elementor-widget-text-editor\" data-id=\"18b41efa\" data-element_type=\"widget\" data-e-type=\"widget\" data-widget_type=\"text-editor.default\">\n\t\t\t\t<div class=\"elementor-widget-container\">\n\t\t\t\t\t\t\t\t\t<p><\/p>\n<p>H\u00e4r hittar du relevanta nyheter fr\u00e5n Colombia!&nbsp;<\/p>\n<p><\/p>\n<p><\/p>\n<p>Som en del av v\u00e5rt \u201cVad h\u00e4nder med freden&#8221; projekt delar PeaceWorks h\u00e4r nyheter fr\u00e5n Colombia relaterade till fredsprocessen och andra viktiga omr\u00e5den f\u00f6r v\u00e5rt arbete som feminism, antirasism och global r\u00e4ttvisa.<\/p>\n<p><\/p>\t\t\t\t\t\t\t\t<\/div>\n\t\t\t\t<\/div>\n\t\t\t\t\t<\/div>\n\t\t<\/div>\n\t\t\t\t\t<\/div>\n\t\t<\/section>\n\t\t\t\t<section class=\"elementor-section elementor-top-section elementor-element elementor-element-682d53d elementor-section-boxed elementor-section-height-default elementor-section-height-default\" data-id=\"682d53d\" data-element_type=\"section\" data-e-type=\"section\">\n\t\t\t\t\t\t<div class=\"elementor-container elementor-column-gap-default\">\n\t\t\t\t\t<div class=\"elementor-column elementor-col-100 elementor-top-column elementor-element elementor-element-261e61a\" data-id=\"261e61a\" data-element_type=\"column\" data-e-type=\"column\">\n\t\t\t<div class=\"elementor-widget-wrap elementor-element-populated\">\n\t\t\t\t\t\t<div class=\"elementor-element elementor-element-4d5d0b2 elementor-widget elementor-widget-eael-post-timeline\" data-id=\"4d5d0b2\" data-element_type=\"widget\" data-e-type=\"widget\" data-widget_type=\"eael-post-timeline.default\">\n\t\t\t\t<div class=\"elementor-widget-container\">\n\t\t\t\t\t<div id=\"eael-post-timeline-4d5d0b2\" class=\"eael-post-timeline timeline-layout-default eael-post-timeline-arrow-\">\n            <div class=\"eael-post-timeline eael-post-appender eael-post-appender-4d5d0b2\"><article class=\"eael-timeline-post eael-timeline-column\">\n    <div class=\"eael-timeline-bullet\"><\/div>\n    <div class=\"eael-timeline-post-inner\">\n        <a class=\"eael-timeline-post-link\" href=\"https:\/\/peaceworks.se\/en\/nedmonteringen-av-stodet-till-fredsarbete-i-colombia\/\" title=\"Nedmonteringen av st\u00f6det till fredsarbete i Colombia.\">\n            <time datetime=\"June 5, 2024\">June 5, 2024<\/time>\n            <div class=\"eael-timeline-post-image  attachment-medium size-medium\" style=\"background-image: url(https:\/\/peaceworks.se\/wp-content\/uploads\/2024\/06\/207p-400x266.jpg);\"><\/div><\/a>\n    <\/div>\n<\/article><article class=\"eael-timeline-post eael-timeline-column\">\n    <div class=\"eael-timeline-bullet\"><\/div>\n    <div class=\"eael-timeline-post-inner\">\n        <a class=\"eael-timeline-post-link\" href=\"https:\/\/peaceworks.se\/en\/kidnappade-personer-friges-efter-att-en-dor-har-oppnats-for-dialog-mellan-regering-och-vapnade-grupper-i-colombia\/\" title=\"Kidnappade personer friges efter att en d\u00f6r har \u00f6ppnats f\u00f6r dialog mellan regering och v\u00e4pnade grupper i Colombia\">\n            <time datetime=\"September 12, 2022\">September 12, 2022<\/time>\n            <div class=\"eael-timeline-post-image  attachment-medium size-medium\" style=\"background-image: url(https:\/\/peaceworks.se\/wp-content\/uploads\/2022\/09\/NyheterFra\u030anColombia12sep-1-400x400.png);\"><\/div><\/a>\n    <\/div>\n<\/article><article class=\"eael-timeline-post eael-timeline-column\">\n    <div class=\"eael-timeline-bullet\"><\/div>\n    <div class=\"eael-timeline-post-inner\">\n        <a class=\"eael-timeline-post-link\" href=\"https:\/\/peaceworks.se\/en\/jep-inledde-en-utredning-av-brott-som-begatts-av-militarer-och-polisen-i-samarbete-med-paramilitara-grupper\/\" title=\"JEP inledde en utredning av brott som beg\u00e5tts av milit\u00e4rer och polisen i samarbete med paramilit\u00e4ra grupper\">\n            <time datetime=\"September 5, 2022\">September 5, 2022<\/time>\n            <div class=\"eael-timeline-post-image  attachment-medium size-medium\" style=\"background-image: url(https:\/\/peaceworks.se\/wp-content\/uploads\/2022\/09\/NyheterFra\u030anColombia5sep-1-400x400.png);\"><\/div><\/a>\n    <\/div>\n<\/article><article class=\"eael-timeline-post eael-timeline-column\">\n    <div class=\"eael-timeline-bullet\"><\/div>\n    <div class=\"eael-timeline-post-inner\">\n        <a class=\"eael-timeline-post-link\" href=\"https:\/\/peaceworks.se\/en\/rekrytering-och-tjanstgoring-i-armen-forstarker-diskriminering-i-colombia\/\" title=\"Rekrytering och tj\u00e4nstg\u00f6ring i arm\u00e9n f\u00f6rst\u00e4rker diskriminering i Colombia\">\n            <time datetime=\"August 29, 2022\">August 29, 2022<\/time>\n            <div class=\"eael-timeline-post-image  attachment-medium size-medium\" style=\"background-image: url(https:\/\/peaceworks.se\/wp-content\/uploads\/2022\/08\/NyheterFra\u030anColombia29-agosto-1-400x400.png);\"><\/div><\/a>\n    <\/div>\n<\/article><\/div>\n\t\t<\/div>            <div class=\"eael-load-more-button-wrap eael-force-hide\">\n                <button class=\"eael-load-more-button\" id=\"eael-load-more-btn-4d5d0b2\" data-widget-id=\"4d5d0b2\" data-widget=\"4d5d0b2\" data-page-id=\"21125\" data-template=\"{&quot;dir&quot;:&quot;lite&quot;,&quot;file_name&quot;:&quot;default.php&quot;,&quot;name&quot;:&quot;Post-Timeline&quot;}\" data-class=\"Essential_Addons_Elementor\\Elements\\Post_Timeline\" data-layout=\"\" data-page=\"1\" data-args=\"orderby=date&amp;order=desc&amp;ignore_sticky_posts=1&amp;post_status=publish&amp;posts_per_page=4&amp;offset=0&amp;post_type=post&amp;tax_query%5B0%5D%5Btaxonomy%5D=category&amp;tax_query%5B0%5D%5Bfield%5D=term_id&amp;tax_query%5B0%5D%5Bterms%5D%5B0%5D=345&amp;tax_query%5Brelation%5D=AND\" data-max-page=\"2\">\n                    <span class=\"eael-btn-loader button__loader\"><\/span>\n                    <span class=\"eael_load_more_text\"><\/span>\n                <\/button>\n            <\/div>\n            \t\t\t\t<\/div>\n\t\t\t\t<\/div>\n\t\t\t\t\t<\/div>\n\t\t<\/div>\n\t\t\t\t\t<\/div>\n\t\t<\/section>\n\t\t<div class=\"elementor-element elementor-element-8a9eb20 e-flex e-con-boxed e-con e-parent\" data-id=\"8a9eb20\" data-element_type=\"container\" data-e-type=\"container\">\n\t\t\t\t\t<div class=\"e-con-inner\">\n\t\t\t\t<div class=\"elementor-element elementor-element-0c78616 elementor-widget elementor-widget-spacer\" data-id=\"0c78616\" data-element_type=\"widget\" data-e-type=\"widget\" data-widget_type=\"spacer.default\">\n\t\t\t\t<div class=\"elementor-widget-container\">\n\t\t\t\t\t\t\t<div class=\"elementor-spacer\">\n\t\t\t<div class=\"elementor-spacer-inner\"><\/div>\n\t\t<\/div>\n\t\t\t\t\t\t<\/div>\n\t\t\t\t<\/div>\n\t\t\t\t\t<\/div>\n\t\t\t\t<\/div>\n\t\t<div class=\"elementor-element elementor-element-b2a0a87 e-flex e-con-boxed e-con e-parent\" data-id=\"b2a0a87\" data-element_type=\"container\" data-e-type=\"container\">\n\t\t\t\t\t<div class=\"e-con-inner\">\n\t\t\t\t<div class=\"elementor-element elementor-element-7f4b12b elementor-grid-eael-col-1 elementor-grid-tablet-eael-col-2 elementor-grid-mobile-eael-col-1 elementor-widget elementor-widget-eael-post-grid\" data-id=\"7f4b12b\" data-element_type=\"widget\" data-e-type=\"widget\" data-settings=\"{&quot;eael_post_grid_columns&quot;:&quot;eael-col-1&quot;,&quot;eael_post_grid_columns_tablet&quot;:&quot;eael-col-2&quot;,&quot;eael_post_grid_columns_mobile&quot;:&quot;eael-col-1&quot;}\" data-widget_type=\"eael-post-grid.default\">\n\t\t\t\t<div class=\"elementor-widget-container\">\n\t\t\t\t\t<div id=\"eael-post-grid-7f4b12b\" class=\"eael-post-grid-container\">\n            <div class=\"eael-post-grid eael-post-appender eael-post-appender-7f4b12b eael-post-grid-style-one\" data-layout-mode=\"masonry\"><article class=\"eael-grid-post  eael-post-grid-column eael-pg-post-19930\" data-id=\"19930\">\n        <div class=\"eael-grid-post-holder\">\n            <div class=\"eael-grid-post-holder-inner\"><div class=\"eael-entry-media\"><div class=\"eael-entry-overlay fade-in\"><i class=\"fas fa-long-arrow-alt-right\" aria-hidden=\"true\"><\/i><a href=\"https:\/\/peaceworks.se\/en\/vart-jobb-i-sverige\/vad-hande-med-freden\/\"><\/a><\/div><div class=\"eael-entry-thumbnail\">\n                <img fetchpriority=\"high\" decoding=\"async\" width=\"400\" height=\"225\" src=\"https:\/\/peaceworks.se\/wp-content\/uploads\/2022\/08\/Copy-of-Copy-of-Vad-ha\u0308nde-med-freden-i-Colombia-1-400x225.png\" class=\"attachment-medium size-medium wp-image-21496\" alt=\"vad h\u00e4nde med freden\" srcset=\"https:\/\/peaceworks.se\/wp-content\/uploads\/2022\/08\/Copy-of-Copy-of-Vad-ha\u0308nde-med-freden-i-Colombia-1-400x225.png 400w, https:\/\/peaceworks.se\/wp-content\/uploads\/2022\/08\/Copy-of-Copy-of-Vad-ha\u0308nde-med-freden-i-Colombia-1-800x451.png 800w, https:\/\/peaceworks.se\/wp-content\/uploads\/2022\/08\/Copy-of-Copy-of-Vad-ha\u0308nde-med-freden-i-Colombia-1-768x433.png 768w, https:\/\/peaceworks.se\/wp-content\/uploads\/2022\/08\/Copy-of-Copy-of-Vad-ha\u0308nde-med-freden-i-Colombia-1-1536x865.png 1536w, https:\/\/peaceworks.se\/wp-content\/uploads\/2022\/08\/Copy-of-Copy-of-Vad-ha\u0308nde-med-freden-i-Colombia-1-18x10.png 18w, https:\/\/peaceworks.se\/wp-content\/uploads\/2022\/08\/Copy-of-Copy-of-Vad-ha\u0308nde-med-freden-i-Colombia-1.png 1640w\" sizes=\"(max-width: 400px) 100vw, 400px\" \/>\n            <\/div>\n        <\/div><div class=\"eael-entry-wrapper\"><header class=\"eael-entry-header\"><h3 class=\"eael-entry-title\"><a class=\"eael-grid-post-link\" href=\"https:\/\/peaceworks.se\/en\/vart-jobb-i-sverige\/vad-hande-med-freden\/\" title=\"What happened with the peace process\">What happened with the peace process<\/a><\/h3><\/header><div class=\"eael-entry-content\">\n                        <div class=\"eael-grid-post-excerpt\"><p>What happened to the peace in Colombia after it was written ...<\/p><a href=\"https:\/\/peaceworks.se\/en\/vart-jobb-i-sverige\/vad-hande-med-freden\/\" class=\"eael-post-elements-readmore-btn\">Read More<\/a><\/div>\n                    <\/div><\/div><\/div>\n        <\/div>\n    <\/article><\/div>\n            <div class=\"clearfix\"><\/div>\n        <\/div>\t\t\t\t<\/div>\n\t\t\t\t<\/div>\n\t\t\t\t\t<\/div>\n\t\t\t\t<\/div>\n\t\t\t\t<\/div>","protected":false},"excerpt":{"rendered":"<p>H\u00e4r hittar du relevanta nyheter fr\u00e5n Colombia!&nbsp; Som en del av v\u00e5rt \u201cVad h\u00e4nder med freden&#8221; projekt delar PeaceWorks h\u00e4r nyheter fr\u00e5n Colombia relaterade till fredsprocessen och andra viktiga omr\u00e5den f\u00f6r v\u00e5rt arbete som feminism, antirasism och global r\u00e4ttvisa. September 5, 2022 August 29, 2022 April 25, 2022 April 18, 2022 Vad h\u00e4nde med freden&#8230;<\/p>","protected":false},"author":1,"featured_media":21458,"parent":19930,"menu_order":2,"comment_status":"closed","ping_status":"closed","template":"","meta":{"footnotes":""},"class_list":["post-21125","page","type-page","status-publish","has-post-thumbnail","hentry"],"rttpg_featured_image_url":{"full":["https:\/\/peaceworks.se\/wp-content\/uploads\/2022\/08\/VHMF-banner-nyheter-web-900-\u00d7-1200px-1920-\u00d7-1080px-1.png",1920,1080,false],"landscape":["https:\/\/peaceworks.se\/wp-content\/uploads\/2022\/08\/VHMF-banner-nyheter-web-900-\u00d7-1200px-1920-\u00d7-1080px-1.png",1920,1080,false],"portraits":["https:\/\/peaceworks.se\/wp-content\/uploads\/2022\/08\/VHMF-banner-nyheter-web-900-\u00d7-1200px-1920-\u00d7-1080px-1.png",1920,1080,false],"thumbnail":["https:\/\/peaceworks.se\/wp-content\/uploads\/2022\/08\/VHMF-banner-nyheter-web-900-\u00d7-1200px-1920-\u00d7-1080px-1-150x150.png",150,150,true],"medium":["https:\/\/peaceworks.se\/wp-content\/uploads\/2022\/08\/VHMF-banner-nyheter-web-900-\u00d7-1200px-1920-\u00d7-1080px-1-400x225.png",400,225,true],"large":["https:\/\/peaceworks.se\/wp-content\/uploads\/2022\/08\/VHMF-banner-nyheter-web-900-\u00d7-1200px-1920-\u00d7-1080px-1-800x450.png",800,450,true],"1536x1536":["https:\/\/peaceworks.se\/wp-content\/uploads\/2022\/08\/VHMF-banner-nyheter-web-900-\u00d7-1200px-1920-\u00d7-1080px-1-1536x864.png",1536,864,true],"2048x2048":["https:\/\/peaceworks.se\/wp-content\/uploads\/2022\/08\/VHMF-banner-nyheter-web-900-\u00d7-1200px-1920-\u00d7-1080px-1.png",1920,1080,false],"trp-custom-language-flag":["https:\/\/peaceworks.se\/wp-content\/uploads\/2022\/08\/VHMF-banner-nyheter-web-900-\u00d7-1200px-1920-\u00d7-1080px-1-18x10.png",18,10,true]},"rttpg_author":{"display_name":"PeaceWorks Sweden","author_link":"https:\/\/peaceworks.se\/en\/author\/p3ce-works\/"},"rttpg_comment":0,"rttpg_category":null,"rttpg_excerpt":"H\u00e4r hittar du relevanta nyheter fr\u00e5n Colombia!&nbsp; Som en del av v\u00e5rt \u201cVad h\u00e4nder med freden&#8221; projekt delar PeaceWorks h\u00e4r nyheter fr\u00e5n Colombia relaterade till fredsprocessen och andra viktiga omr\u00e5den f\u00f6r v\u00e5rt arbete som feminism, antirasism och global r\u00e4ttvisa. September 5, 2022 August 29, 2022 April 25, 2022 April 18, 2022 Vad h\u00e4nde med freden...","_links":{"self":[{"href":"https:\/\/peaceworks.se\/en\/wp-json\/wp\/v2\/pages\/21125","targetHints":{"allow":["GET"]}}],"collection":[{"href":"https:\/\/peaceworks.se\/en\/wp-json\/wp\/v2\/pages"}],"about":[{"href":"https:\/\/peaceworks.se\/en\/wp-json\/wp\/v2\/types\/page"}],"author":[{"embeddable":true,"href":"https:\/\/peaceworks.se\/en\/wp-json\/wp\/v2\/users\/1"}],"replies":[{"embeddable":true,"href":"https:\/\/peaceworks.se\/en\/wp-json\/wp\/v2\/comments?post=21125"}],"version-history":[{"count":14,"href":"https:\/\/peaceworks.se\/en\/wp-json\/wp\/v2\/pages\/21125\/revisions"}],"predecessor-version":[{"id":21729,"href":"https:\/\/peaceworks.se\/en\/wp-json\/wp\/v2\/pages\/21125\/revisions\/21729"}],"up":[{"embeddable":true,"href":"https:\/\/peaceworks.se\/en\/wp-json\/wp\/v2\/pages\/19930"}],"wp:featuredmedia":[{"embeddable":true,"href":"https:\/\/peaceworks.se\/en\/wp-json\/wp\/v2\/media\/21458"}],"wp:attachment":[{"href":"https:\/\/peaceworks.se\/en\/wp-json\/wp\/v2\/media?parent=21125"}],"curies":[{"name":"wp","href":"https:\/\/api.w.org\/{rel}","templated":true}]}}