{"id":21434,"date":"2022-08-24T16:06:34","date_gmt":"2022-08-24T14:06:34","guid":{"rendered":"https:\/\/peaceworks.se\/?page_id=21434"},"modified":"2025-03-11T18:42:38","modified_gmt":"2025-03-11T17:42:38","slug":"facts-over-fiction","status":"publish","type":"page","link":"https:\/\/peaceworks.se\/en\/vart-jobb-i-sverige\/facts-over-fiction\/","title":{"rendered":"Facts Over Fiction"},"content":{"rendered":"<div data-elementor-type=\"wp-page\" data-elementor-id=\"21434\" class=\"elementor elementor-21434\">\n\t\t\t\t<div class=\"elementor-element elementor-element-a972b7c e-flex e-con-boxed e-con e-parent\" data-id=\"a972b7c\" data-element_type=\"container\" data-e-type=\"container\">\n\t\t\t\t\t<div class=\"e-con-inner\">\n\t\t\t\t<div class=\"elementor-element elementor-element-6579bd7 elementor-widget__width-initial elementor-widget elementor-widget-image\" data-id=\"6579bd7\" data-element_type=\"widget\" data-e-type=\"widget\" data-widget_type=\"image.default\">\n\t\t\t\t<div class=\"elementor-widget-container\">\n\t\t\t\t\t\t\t\t\t\t\t\t\t\t\t<img fetchpriority=\"high\" decoding=\"async\" width=\"800\" height=\"800\" src=\"https:\/\/peaceworks.se\/wp-content\/uploads\/2024\/12\/Peaceworks-Metodikhandbok-Mockup-square-800x800.png\" class=\"attachment-large size-large wp-image-28335\" alt=\"\" srcset=\"https:\/\/peaceworks.se\/wp-content\/uploads\/2024\/12\/Peaceworks-Metodikhandbok-Mockup-square-800x800.png 800w, https:\/\/peaceworks.se\/wp-content\/uploads\/2024\/12\/Peaceworks-Metodikhandbok-Mockup-square-400x400.png 400w, https:\/\/peaceworks.se\/wp-content\/uploads\/2024\/12\/Peaceworks-Metodikhandbok-Mockup-square-150x150.png 150w, https:\/\/peaceworks.se\/wp-content\/uploads\/2024\/12\/Peaceworks-Metodikhandbok-Mockup-square-768x768.png 768w, https:\/\/peaceworks.se\/wp-content\/uploads\/2024\/12\/Peaceworks-Metodikhandbok-Mockup-square-12x12.png 12w, https:\/\/peaceworks.se\/wp-content\/uploads\/2024\/12\/Peaceworks-Metodikhandbok-Mockup-square.png 1080w\" sizes=\"(max-width: 800px) 100vw, 800px\" \/>\t\t\t\t\t\t\t\t\t\t\t\t\t\t\t<\/div>\n\t\t\t\t<\/div>\n\t\t<div class=\"elementor-element elementor-element-7b42625 e-con-full e-flex e-con e-child\" data-id=\"7b42625\" data-element_type=\"container\" data-e-type=\"container\">\n\t\t\t\t<div class=\"elementor-element elementor-element-c26a5d8 elementor-widget elementor-widget-heading\" data-id=\"c26a5d8\" data-element_type=\"widget\" data-e-type=\"widget\" data-widget_type=\"heading.default\">\n\t\t\t\t<div class=\"elementor-widget-container\">\n\t\t\t\t\t<h5 class=\"elementor-heading-title elementor-size-default\">Facts over Fiction<\/h5>\t\t\t\t<\/div>\n\t\t\t\t<\/div>\n\t\t\t\t<div class=\"elementor-element elementor-element-a07ff6f elementor-widget elementor-widget-heading\" data-id=\"a07ff6f\" data-element_type=\"widget\" data-e-type=\"widget\" data-widget_type=\"heading.default\">\n\t\t\t\t<div class=\"elementor-widget-container\">\n\t\t\t\t\t<h2 class=\"elementor-heading-title elementor-size-default\">Ny Bok: Mot Rasism och Desinformation \u2013 Verktyg f\u00f6r L\u00e4rare<\/h2>\t\t\t\t<\/div>\n\t\t\t\t<\/div>\n\t\t\t\t<div class=\"elementor-element elementor-element-6aca9e8 elementor-widget__width-inherit elementor-widget elementor-widget-text-editor\" data-id=\"6aca9e8\" data-element_type=\"widget\" data-e-type=\"widget\" data-widget_type=\"text-editor.default\">\n\t\t\t\t<div class=\"elementor-widget-container\">\n\t\t\t\t\t\t\t\t\t<p>Rasism \u00e4r ett gammalt problem som fortfarande pr\u00e4glar samh\u00e4llet. Fake news \u00e4r en ny utmaning, som sprids snabbt via internet och sociala medier.<\/p>\n<p>Skolan spelar en nyckelroll i att motverka b\u00e5da, men m\u00e5nga l\u00e4rare k\u00e4mpar med att oms\u00e4tta v\u00e4rdegrundsarbetet i praktiken.<\/p>\n<p>Den h\u00e4r boken erbjuder f\u00e4rdigplanerade lektioner som g\u00f6r det enkelt att arbeta antirasistiskt i klassrummet.<\/p>\t\t\t\t\t\t\t\t<\/div>\n\t\t\t\t<\/div>\n\t\t\t\t<div class=\"elementor-element elementor-element-0eb3b4c elementor-widget elementor-widget-button\" data-id=\"0eb3b4c\" data-element_type=\"widget\" data-e-type=\"widget\" data-widget_type=\"button.default\">\n\t\t\t\t<div class=\"elementor-widget-container\">\n\t\t\t\t\t\t\t\t\t<div class=\"elementor-button-wrapper\">\n\t\t\t\t\t<a class=\"elementor-button elementor-button-link elementor-size-sm\" href=\"http:\/\/peaceworks.se\/wp-content\/uploads\/2025\/02\/Peaceworks-Metodikhandbok-Digital-Uppslag.pdf\">\n\t\t\t\t\t\t<span class=\"elementor-button-content-wrapper\">\n\t\t\t\t\t\t\t\t\t<span class=\"elementor-button-text\">Ladda ner PDF (Uppslag)<\/span>\n\t\t\t\t\t<\/span>\n\t\t\t\t\t<\/a>\n\t\t\t\t<\/div>\n\t\t\t\t\t\t\t\t<\/div>\n\t\t\t\t<\/div>\n\t\t\t\t<div class=\"elementor-element elementor-element-5d1a714 elementor-widget elementor-widget-button\" data-id=\"5d1a714\" data-element_type=\"widget\" data-e-type=\"widget\" data-widget_type=\"button.default\">\n\t\t\t\t<div class=\"elementor-widget-container\">\n\t\t\t\t\t\t\t\t\t<div class=\"elementor-button-wrapper\">\n\t\t\t\t\t<a class=\"elementor-button elementor-button-link elementor-size-sm\" href=\"http:\/\/peaceworks.se\/wp-content\/uploads\/2025\/02\/Peaceworks-Metodikhandbok-Digital-Enkelsidig.pdf\">\n\t\t\t\t\t\t<span class=\"elementor-button-content-wrapper\">\n\t\t\t\t\t\t\t\t\t<span class=\"elementor-button-text\">Ladda ner PDF (Enkelsidig)<\/span>\n\t\t\t\t\t<\/span>\n\t\t\t\t\t<\/a>\n\t\t\t\t<\/div>\n\t\t\t\t\t\t\t\t<\/div>\n\t\t\t\t<\/div>\n\t\t\t\t<\/div>\n\t\t\t\t\t<\/div>\n\t\t\t\t<\/div>\n\t\t<div class=\"elementor-element elementor-element-b2114c3 e-flex e-con-boxed e-con e-parent\" data-id=\"b2114c3\" data-element_type=\"container\" data-e-type=\"container\">\n\t\t\t\t\t<div class=\"e-con-inner\">\n\t\t\t\t<div class=\"elementor-element elementor-element-03e731a elementor-widget elementor-widget-text-editor\" data-id=\"03e731a\" data-element_type=\"widget\" data-e-type=\"widget\" data-widget_type=\"text-editor.default\">\n\t\t\t\t<div class=\"elementor-widget-container\">\n\t\t\t\t\t\t\t\t\t<p><strong>Visste du att fake news och desinformation \u00e4r ett av v\u00e5r tids st\u00f6rsta utmaningar samt att detta fenomen \u00e4r starkt kopplat till den \u00f6kade rasismen som skett i samh\u00e4llet de senaste \u00e5ren?<\/strong><\/p>\n<p><!-- \/wp:paragraph --><!-- wp:paragraph --><\/p>\n<p>&#8221;Facts over Fiction &#8211; att syna fake news och desinformation&#8221; \u00e4r en ny satsning inom PeaceWorks med m\u00e5let att \u00f6ka kunskap och kapacitet f\u00f6r att motverka spridningen av rasistiska f\u00f6rest\u00e4llningar och id\u00e9er i samh\u00e4llet.<\/p>\n<p><!-- \/wp:paragraph --><!-- wp:paragraph --><\/p>\n<p>Eftersom PeaceWorks jobbar med unga och f\u00f6r unga s\u00e5 syftar v\u00e5r projekt att tillsammans med elever mellan 15-19 \u00e5r och l\u00e4rare att jobba fram ett metodbok som kommer ge b\u00e5de kunskap som grundas i dagsaktuella teorier och forskning inom \u00e4mnet samt praktiska metoder som unga kan anv\u00e4nda sig utav f\u00f6r att motverka spridningen av den hatiska retoriken som sprids genom fake news och desinformation.\u00a0<\/p>\n<p><!-- \/wp:paragraph --><!-- wp:paragraph --><\/p>\n<p>Vi ser att rasismen har f\u00e5tt f\u00e4ste i digitala rum genom en \u00f6kad propaganda-rapportering bland rasistiska organisationer som varken bygger p\u00e5 journalistiska normer, pressetik eller k\u00e4llkritik. Eftersom unga har en h\u00f6g n\u00e4rvaro i digitala rum och f\u00e5r mycket av sin information genom n\u00e4tet har vi identifierat en problembild d\u00e4r just kopplingen mellan den \u00f6kade rasismen och \u00f6kningen av fake news och desinformation beh\u00f6ver adresseras f\u00f6r att i sin tur motverkas. Behovet som har identifierats \u00e4r s\u00e5ledes att motverka rasism och intolerans genom att synligg\u00f6ra och motarbeta fake news och desinformation i \u00e4mnet.<\/p>\n<p><!-- \/wp:paragraph --><!-- wp:paragraph --><\/p>\n<p>\u00a0<\/p>\n<p><!-- \/wp:paragraph --><!-- wp:paragraph --><\/p>\n<p>Projektet genomf\u00f6rs med st\u00f6d av MUCF.<\/p>\n<p><!-- \/wp:paragraph --><!-- wp:paragraph --><\/p>\n<p>Vill du veta mer om projektet? Kontakta <a href=\"mailto:info@peaceworks.se\">info@peaceworks.se<\/a><\/p>\n<p><!-- \/wp:paragraph --><\/p>\t\t\t\t\t\t\t\t<\/div>\n\t\t\t\t<\/div>\n\t\t\t\t\t<\/div>\n\t\t\t\t<\/div>\n\t\t<div class=\"elementor-element elementor-element-22a7c29 e-grid e-con-boxed e-con e-parent\" data-id=\"22a7c29\" data-element_type=\"container\" data-e-type=\"container\">\n\t\t\t\t\t<div class=\"e-con-inner\">\n\t\t\t\t<div class=\"elementor-element elementor-element-4c88269 elementor-widget elementor-widget-heading\" data-id=\"4c88269\" data-element_type=\"widget\" data-e-type=\"widget\" data-widget_type=\"heading.default\">\n\t\t\t\t<div class=\"elementor-widget-container\">\n\t\t\t\t\t<h2 class=\"elementor-heading-title elementor-size-default\">Material till lektionerna<\/h2>\t\t\t\t<\/div>\n\t\t\t\t<\/div>\n\t\t\t\t<div class=\"elementor-element elementor-element-737799c elementor-widget elementor-widget-text-editor\" data-id=\"737799c\" data-element_type=\"widget\" data-e-type=\"widget\" data-widget_type=\"text-editor.default\">\n\t\t\t\t<div class=\"elementor-widget-container\">\n\t\t\t\t\t\t\t\t\t<p><a style=\"text-align: var(--text-align); background-color: #ffffff; font-size: 0.9rem;\" href=\"http:\/\/peaceworks.se\/wp-content\/uploads\/2024\/12\/Checklista-for-hur-man-kan-upptacka-och-motarbeta-fake-news-Att-handla-antirasistiskt-i-relation-till-fake-news-ar-en-viktig-del-i-att-motverka-rasistiska-narrativ-som-ofta-sprids-via-felaktig-inf-2.pdf\" target=\"_blank\" rel=\"noopener\">Checklista f\u00f6r att identifiera fake news.\u00a0<\/a><\/p>\n<p><a href=\"http:\/\/peaceworks.se\/wp-content\/uploads\/2024\/12\/Scenarier-for-rollspel.pdf\"><span style=\"text-align: var(--text-align); font-size: 0.9rem;\">Scenarier f\u00f6r rollspel.\u00a0<\/span><\/a><\/p>\t\t\t\t\t\t\t\t<\/div>\n\t\t\t\t<\/div>\n\t\t\t\t\t<\/div>\n\t\t\t\t<\/div>\n\t\t<div class=\"elementor-element elementor-element-9ad4ab9 e-grid e-con-boxed e-con e-parent\" data-id=\"9ad4ab9\" data-element_type=\"container\" data-e-type=\"container\">\n\t\t\t\t\t<div class=\"e-con-inner\">\n\t\t\t\t<div class=\"elementor-element elementor-element-b019d1d elementor-widget elementor-widget-text-editor\" data-id=\"b019d1d\" data-element_type=\"widget\" data-e-type=\"widget\" data-widget_type=\"text-editor.default\">\n\t\t\t\t<div class=\"elementor-widget-container\">\n\t\t\t\t\t\t\t\t\t<p><b>Lektion 1 &#8211; Sant eller falskt<\/b><\/p>\n<p><a style=\"text-align: var(--text-align); background-color: #ffffff; font-size: 0.9rem;\" href=\"http:\/\/peaceworks.se\/wp-content\/uploads\/2024\/12\/Lektion-1.-Sant-eller-falskt.pdf\" target=\"_blank\" rel=\"noopener\">Presentation.<\/a><\/p>\n<p><a href=\"http:\/\/peaceworks.se\/wp-content\/uploads\/2024\/12\/Lektion-1.-_Sant-eller-falskt_-1.pdf\"><span style=\"text-align: var(--text-align); font-size: 0.9rem;\">Manus.<\/span><\/a><\/p>\t\t\t\t\t\t\t\t<\/div>\n\t\t\t\t<\/div>\n\t\t\t\t<div class=\"elementor-element elementor-element-55b6027 elementor-widget elementor-widget-text-editor\" data-id=\"55b6027\" data-element_type=\"widget\" data-e-type=\"widget\" data-widget_type=\"text-editor.default\">\n\t\t\t\t<div class=\"elementor-widget-container\">\n\t\t\t\t\t\t\t\t\t<p><span style=\"font-weight: bold;\">Lektion 2 &#8211; Vad \u00e4r rasism?<\/span><\/p>\n<p><a style=\"text-align: var(--text-align); background-color: #ffffff; font-size: 0.9rem;\" href=\"http:\/\/peaceworks.se\/wp-content\/uploads\/2024\/12\/Lektion-2.-Vad-ar-rasism.pdf\" target=\"_blank\" rel=\"noopener\">Presentation.<\/a><\/p>\n<p><a href=\"http:\/\/peaceworks.se\/wp-content\/uploads\/2024\/12\/Lektion-2-_Vad-ar-rasism_.pdf\"><span style=\"text-align: var(--text-align); font-size: 0.9rem;\">Manus.<\/span><\/a><\/p>\t\t\t\t\t\t\t\t<\/div>\n\t\t\t\t<\/div>\n\t\t\t\t<div class=\"elementor-element elementor-element-3c9cd60 elementor-widget elementor-widget-text-editor\" data-id=\"3c9cd60\" data-element_type=\"widget\" data-e-type=\"widget\" data-widget_type=\"text-editor.default\">\n\t\t\t\t<div class=\"elementor-widget-container\">\n\t\t\t\t\t\t\t\t\t<p><strong>Lektion 3- Algoritmer p\u00e5 sociala medier och p\u00e5verkan p\u00e5 rasism<\/strong><\/p>\n<p><a href=\"http:\/\/peaceworks.se\/wp-content\/uploads\/2025\/02\/Lektion-3.-Algoritmer-pa-sociala-medier-och-paverkan-pa-rasism.pdf\" target=\"_blank\" rel=\"noopener\">Presentation.<\/a><\/p>\n<p><a href=\"http:\/\/peaceworks.se\/wp-content\/uploads\/2025\/02\/Lektion-3-Algoritmer-pa-sociala-medier-och-paverkan-pa-rasism.docx.pdf\">Manus.<\/a><\/p>\t\t\t\t\t\t\t\t<\/div>\n\t\t\t\t<\/div>\n\t\t\t\t<div class=\"elementor-element elementor-element-1f4af7e elementor-widget elementor-widget-text-editor\" data-id=\"1f4af7e\" data-element_type=\"widget\" data-e-type=\"widget\" data-widget_type=\"text-editor.default\">\n\t\t\t\t<div class=\"elementor-widget-container\">\n\t\t\t\t\t\t\t\t\t<p><strong>Lektion 4 &#8211; Rasisitiska stereotyper i nyheter<\/strong><\/p>\n<p><a href=\"http:\/\/peaceworks.se\/wp-content\/uploads\/2025\/02\/Lektion-4.-Rasistiska-stereotyper-i-nyheter.pdf\" target=\"_blank\" rel=\"noopener\">Presentation.<\/a><\/p>\n<p><a href=\"http:\/\/peaceworks.se\/wp-content\/uploads\/2025\/02\/Lektion-4-_Rasistiska-stereotyper-i-nyheter_.docx.pdf\">Manus.<\/a><\/p>\t\t\t\t\t\t\t\t<\/div>\n\t\t\t\t<\/div>\n\t\t\t\t<div class=\"elementor-element elementor-element-1ec2fee elementor-widget elementor-widget-text-editor\" data-id=\"1ec2fee\" data-element_type=\"widget\" data-e-type=\"widget\" data-widget_type=\"text-editor.default\">\n\t\t\t\t<div class=\"elementor-widget-container\">\n\t\t\t\t\t\t\t\t\t<p><strong>Lektion 5 &#8211; Viskleken<\/strong><\/p>\n<p><a href=\"http:\/\/peaceworks.se\/wp-content\/uploads\/2025\/02\/Lektion-5.-Viskleken.pdf\" target=\"_blank\" rel=\"noopener\">Presentation.<\/a><\/p>\n<p><a href=\"http:\/\/peaceworks.se\/wp-content\/uploads\/2025\/02\/Lektion-5.-_Viskleken_.docx.pdf\">Manus.<\/a><\/p>\n<p>\u00a0<\/p>\n<p>\u00a0<\/p>\t\t\t\t\t\t\t\t<\/div>\n\t\t\t\t<\/div>\n\t\t\t\t<div class=\"elementor-element elementor-element-61912bd elementor-widget elementor-widget-text-editor\" data-id=\"61912bd\" data-element_type=\"widget\" data-e-type=\"widget\" data-widget_type=\"text-editor.default\">\n\t\t\t\t<div class=\"elementor-widget-container\">\n\t\t\t\t\t\t\t\t\t<p><span style=\"font-weight: bold;\">Lektion 6 &#8211; Rasism genom historien<\/span><\/p>\n<p><a style=\"text-align: var(--text-align); background-color: #ffffff; font-size: 0.9rem;\" href=\"http:\/\/peaceworks.se\/wp-content\/uploads\/2025\/03\/Lektion-6.-Rasism-genom-aren.pdf\" target=\"_blank\" rel=\"noopener\">Presentation.<\/a><\/p>\n<p><a href=\"http:\/\/peaceworks.se\/wp-content\/uploads\/2025\/03\/Lektion-6-_Rasism-genom-aren_.docx.pdf\"><span style=\"text-align: var(--text-align); font-size: 0.9rem;\">Manus.<\/span><\/a><\/p>\t\t\t\t\t\t\t\t<\/div>\n\t\t\t\t<\/div>\n\t\t\t\t<div class=\"elementor-element elementor-element-9a52440 elementor-widget elementor-widget-text-editor\" data-id=\"9a52440\" data-element_type=\"widget\" data-e-type=\"widget\" data-widget_type=\"text-editor.default\">\n\t\t\t\t<div class=\"elementor-widget-container\">\n\t\t\t\t\t\t\t\t\t<p><span style=\"font-weight: bold;\">Lektion 7 &#8211; Ras och privilegium<\/span><\/p>\n<p><a style=\"text-align: var(--text-align); background-color: #ffffff; font-size: 0.9rem;\" href=\"http:\/\/peaceworks.se\/wp-content\/uploads\/2025\/02\/Lektion-7.-Ras-och-privilegium.pdf\" target=\"_blank\" rel=\"noopener\">Presentation.<\/a><\/p>\n<p><a href=\"http:\/\/peaceworks.se\/wp-content\/uploads\/2025\/02\/Lektion-7.-Ras-och-privilegium.docx.pdf\"><span style=\"text-align: var(--text-align); font-size: 0.9rem;\">Manus.<\/span><\/a><\/p>\t\t\t\t\t\t\t\t<\/div>\n\t\t\t\t<\/div>\n\t\t\t\t<div class=\"elementor-element elementor-element-80a7e7b elementor-widget elementor-widget-text-editor\" data-id=\"80a7e7b\" data-element_type=\"widget\" data-e-type=\"widget\" data-widget_type=\"text-editor.default\">\n\t\t\t\t<div class=\"elementor-widget-container\">\n\t\t\t\t\t\t\t\t\t<p><span style=\"font-weight: bold;\">Lektion\u00a0 8 &#8211; Yttrandefrihet<\/span><\/p>\n<p><a style=\"text-align: var(--text-align); background-color: #ffffff; font-size: 0.9rem;\" href=\"http:\/\/peaceworks.se\/wp-content\/uploads\/2025\/02\/Lektion-8.-Yttrandefrihet.pdf\" target=\"_blank\" rel=\"noopener\">Presentation.<\/a><\/p>\n<p><a href=\"http:\/\/peaceworks.se\/wp-content\/uploads\/2025\/02\/Lektion-8-_Yttrandefrihet_.docx.pdf\"><span style=\"text-align: var(--text-align); font-size: 0.9rem;\">Manus.<\/span><\/a><\/p>\t\t\t\t\t\t\t\t<\/div>\n\t\t\t\t<\/div>\n\t\t\t\t<div class=\"elementor-element elementor-element-204bb58 elementor-widget elementor-widget-text-editor\" data-id=\"204bb58\" data-element_type=\"widget\" data-e-type=\"widget\" data-widget_type=\"text-editor.default\">\n\t\t\t\t<div class=\"elementor-widget-container\">\n\t\t\t\t\t\t\t\t\t<p><span style=\"font-weight: bold;\">Lektion 9 &#8211; Normer och normkritik<\/span><\/p>\n<p><a style=\"text-align: var(--text-align); background-color: #ffffff; font-size: 0.9rem;\" href=\"http:\/\/peaceworks.se\/wp-content\/uploads\/2025\/02\/Lektion-9.-Normer.pdf\" target=\"_blank\" rel=\"noopener\">Presentation.<\/a><\/p>\n<p><a href=\"http:\/\/peaceworks.se\/wp-content\/uploads\/2025\/02\/Lektion-9-_Normer-och-normkritik_.docx.pdf\"><span style=\"text-align: var(--text-align); font-size: 0.9rem;\">Manus.<\/span><\/a><\/p>\t\t\t\t\t\t\t\t<\/div>\n\t\t\t\t<\/div>\n\t\t\t\t<div class=\"elementor-element elementor-element-d9809a3 elementor-widget elementor-widget-text-editor\" data-id=\"d9809a3\" data-element_type=\"widget\" data-e-type=\"widget\" data-widget_type=\"text-editor.default\">\n\t\t\t\t<div class=\"elementor-widget-container\">\n\t\t\t\t\t\t\t\t\t<p><span style=\"font-weight: bold;\">Lektion 10 &#8211; Rasism och desinformation i skolan<\/span><\/p>\n<p><a href=\"http:\/\/peaceworks.se\/wp-content\/uploads\/2025\/02\/Lektion-10.-Rasism-och-desinformation-i-skolan.pdf\">Presentation.<\/a><\/p>\n<p><a href=\"http:\/\/peaceworks.se\/wp-content\/uploads\/2025\/02\/Lektion-10-_Rasism-och-desinformation-i-skolan_.docx.pdf\"><span style=\"text-align: var(--text-align); font-size: 0.9rem;\">Manus.<\/span><\/a><\/p>\t\t\t\t\t\t\t\t<\/div>\n\t\t\t\t<\/div>\n\t\t\t\t\t<\/div>\n\t\t\t\t<\/div>\n\t\t\t\t<\/div>","protected":false},"excerpt":{"rendered":"<p>Facts over Fiction Ny Bok: Mot Rasism och Desinformation \u2013 Verktyg f\u00f6r L\u00e4rare Rasism \u00e4r ett gammalt problem som fortfarande pr\u00e4glar samh\u00e4llet. Fake news \u00e4r en ny utmaning, som sprids snabbt via internet och sociala medier. Skolan spelar en nyckelroll i att motverka b\u00e5da, men m\u00e5nga l\u00e4rare k\u00e4mpar med att oms\u00e4tta v\u00e4rdegrundsarbetet i praktiken. Den&#8230;<\/p>","protected":false},"author":1,"featured_media":26344,"parent":19505,"menu_order":0,"comment_status":"closed","ping_status":"closed","template":"","meta":{"footnotes":""},"class_list":["post-21434","page","type-page","status-publish","has-post-thumbnail","hentry"],"rttpg_featured_image_url":{"full":["https:\/\/peaceworks.se\/wp-content\/uploads\/2024\/04\/Facts-over-fiction.png",1920,1081,false],"landscape":["https:\/\/peaceworks.se\/wp-content\/uploads\/2024\/04\/Facts-over-fiction.png",1920,1081,false],"portraits":["https:\/\/peaceworks.se\/wp-content\/uploads\/2024\/04\/Facts-over-fiction.png",1920,1081,false],"thumbnail":["https:\/\/peaceworks.se\/wp-content\/uploads\/2024\/04\/Facts-over-fiction-150x150.png",150,150,true],"medium":["https:\/\/peaceworks.se\/wp-content\/uploads\/2024\/04\/Facts-over-fiction-400x225.png",400,225,true],"large":["https:\/\/peaceworks.se\/wp-content\/uploads\/2024\/04\/Facts-over-fiction-800x450.png",800,450,true],"1536x1536":["https:\/\/peaceworks.se\/wp-content\/uploads\/2024\/04\/Facts-over-fiction-1536x865.png",1536,865,true],"2048x2048":["https:\/\/peaceworks.se\/wp-content\/uploads\/2024\/04\/Facts-over-fiction.png",1920,1081,false],"trp-custom-language-flag":["https:\/\/peaceworks.se\/wp-content\/uploads\/2024\/04\/Facts-over-fiction-18x10.png",18,10,true]},"rttpg_author":{"display_name":"PeaceWorks Sweden","author_link":"https:\/\/peaceworks.se\/en\/author\/p3ce-works\/"},"rttpg_comment":0,"rttpg_category":null,"rttpg_excerpt":"Facts over Fiction Ny Bok: Mot Rasism och Desinformation \u2013 Verktyg f\u00f6r L\u00e4rare Rasism \u00e4r ett gammalt problem som fortfarande pr\u00e4glar samh\u00e4llet. Fake news \u00e4r en ny utmaning, som sprids snabbt via internet och sociala medier. Skolan spelar en nyckelroll i att motverka b\u00e5da, men m\u00e5nga l\u00e4rare k\u00e4mpar med att oms\u00e4tta v\u00e4rdegrundsarbetet i praktiken. Den...","_links":{"self":[{"href":"https:\/\/peaceworks.se\/en\/wp-json\/wp\/v2\/pages\/21434","targetHints":{"allow":["GET"]}}],"collection":[{"href":"https:\/\/peaceworks.se\/en\/wp-json\/wp\/v2\/pages"}],"about":[{"href":"https:\/\/peaceworks.se\/en\/wp-json\/wp\/v2\/types\/page"}],"author":[{"embeddable":true,"href":"https:\/\/peaceworks.se\/en\/wp-json\/wp\/v2\/users\/1"}],"replies":[{"embeddable":true,"href":"https:\/\/peaceworks.se\/en\/wp-json\/wp\/v2\/comments?post=21434"}],"version-history":[{"count":99,"href":"https:\/\/peaceworks.se\/en\/wp-json\/wp\/v2\/pages\/21434\/revisions"}],"predecessor-version":[{"id":29476,"href":"https:\/\/peaceworks.se\/en\/wp-json\/wp\/v2\/pages\/21434\/revisions\/29476"}],"up":[{"embeddable":true,"href":"https:\/\/peaceworks.se\/en\/wp-json\/wp\/v2\/pages\/19505"}],"wp:featuredmedia":[{"embeddable":true,"href":"https:\/\/peaceworks.se\/en\/wp-json\/wp\/v2\/media\/26344"}],"wp:attachment":[{"href":"https:\/\/peaceworks.se\/en\/wp-json\/wp\/v2\/media?parent=21434"}],"curies":[{"name":"wp","href":"https:\/\/api.w.org\/{rel}","templated":true}]}}