{"id":21604,"date":"2022-08-26T15:29:35","date_gmt":"2022-08-26T13:29:35","guid":{"rendered":"https:\/\/peaceworks.se\/?page_id=21604"},"modified":"2023-02-23T12:20:11","modified_gmt":"2023-02-23T11:20:11","slug":"relatos-internos-projekt","status":"publish","type":"page","link":"https:\/\/peaceworks.se\/en\/internationella-projekt\/colombia\/relatos-internos-projekt\/","title":{"rendered":"Relatos Internos"},"content":{"rendered":"<div data-elementor-type=\"wp-page\" data-elementor-id=\"21604\" class=\"elementor elementor-21604\">\n\t\t\t\t<div class=\"elementor-element elementor-element-f1e2f3a e-flex e-con-boxed e-con e-parent\" data-id=\"f1e2f3a\" data-element_type=\"container\" data-e-type=\"container\">\n\t\t\t\t\t<div class=\"e-con-inner\">\n\t\t\t\t<div class=\"elementor-element elementor-element-026b9e2 elementor-widget elementor-widget-text-editor\" data-id=\"026b9e2\" data-element_type=\"widget\" data-e-type=\"widget\" data-widget_type=\"text-editor.default\">\n\t\t\t\t<div class=\"elementor-widget-container\">\n\t\t\t\t\t\t\t\t\t<p>PeaceWorksColombia st\u00f6djer <a href=\"https:\/\/www.relatosinternos.com.co\/\">Relatos Internos<\/a>.<\/p><p>Relatos Internos driver kurser i musikproduktion f\u00f6r unga personer som \u00e4r frihetsber\u00f6vade, ungdomar i Tunja och Manizales deltar i kurser kring konst och kommunikation.<\/p><p>Dessutom skapas ytor f\u00f6r dialog och reflektion med ungdomarna, civila samh\u00e4llet och andra offentliga eller privata akt\u00f6rer som arbetar med ungdomars r\u00e4ttigheter.<\/p><p>Relatos internos \u00e4r ett projekt som drivs av v\u00e5r samarbetsorganisation <a href=\"http:\/\/www.relatosinternos.com.co\/quienes-s%C3%B3mos\">La Mixera<\/a>.<\/p><p>\u00a0<\/p>\t\t\t\t\t\t\t\t<\/div>\n\t\t\t\t<\/div>\n\t\t\t\t\t<\/div>\n\t\t\t\t<\/div>\n\t\t<div class=\"elementor-element elementor-element-c64a6e0 e-flex e-con-boxed e-con e-parent\" data-id=\"c64a6e0\" data-element_type=\"container\" data-e-type=\"container\">\n\t\t\t\t\t<div class=\"e-con-inner\">\n\t\t\t\t<div class=\"elementor-element elementor-element-f346d32 elementor-widget elementor-widget-video\" data-id=\"f346d32\" data-element_type=\"widget\" data-e-type=\"widget\" data-settings=\"{&quot;youtube_url&quot;:&quot;https:\\\/\\\/youtu.be\\\/wtpnYyhyxbk&quot;,&quot;lazy_load&quot;:&quot;yes&quot;,&quot;video_type&quot;:&quot;youtube&quot;,&quot;controls&quot;:&quot;yes&quot;}\" data-widget_type=\"video.default\">\n\t\t\t\t<div class=\"elementor-widget-container\">\n\t\t\t\t\t\t\t<div class=\"elementor-wrapper elementor-open-inline\">\n\t\t\t<div class=\"elementor-video\"><\/div>\t\t<\/div>\n\t\t\t\t\t\t<\/div>\n\t\t\t\t<\/div>\n\t\t\t\t\t<\/div>\n\t\t\t\t<\/div>\n\t\t<div class=\"elementor-element elementor-element-d67ed11 e-flex e-con-boxed e-con e-parent\" data-id=\"d67ed11\" data-element_type=\"container\" data-e-type=\"container\">\n\t\t\t\t\t<div class=\"e-con-inner\">\n\t\t\t\t<div class=\"elementor-element elementor-element-af29228 elementor-widget elementor-widget-heading\" data-id=\"af29228\" data-element_type=\"widget\" data-e-type=\"widget\" data-widget_type=\"heading.default\">\n\t\t\t\t<div class=\"elementor-widget-container\">\n\t\t\t\t\t<h3 class=\"elementor-heading-title elementor-size-default\">Dokument\u00e4r: Mala Fama<\/h3>\t\t\t\t<\/div>\n\t\t\t\t<\/div>\n\t\t\t\t\t<\/div>\n\t\t\t\t<\/div>\n\t\t<div class=\"elementor-element elementor-element-7db660a e-flex e-con-boxed e-con e-parent\" data-id=\"7db660a\" data-element_type=\"container\" data-e-type=\"container\">\n\t\t\t\t\t<div class=\"e-con-inner\">\n\t\t\t\t<div class=\"elementor-element elementor-element-bd338e4 elementor-widget elementor-widget-video\" data-id=\"bd338e4\" data-element_type=\"widget\" data-e-type=\"widget\" data-settings=\"{&quot;youtube_url&quot;:&quot;https:\\\/\\\/youtu.be\\\/Ajup_kLsVk0&quot;,&quot;lazy_load&quot;:&quot;yes&quot;,&quot;video_type&quot;:&quot;youtube&quot;,&quot;controls&quot;:&quot;yes&quot;}\" data-widget_type=\"video.default\">\n\t\t\t\t<div class=\"elementor-widget-container\">\n\t\t\t\t\t\t\t<div class=\"elementor-wrapper elementor-open-inline\">\n\t\t\t<div class=\"elementor-video\"><\/div>\t\t<\/div>\n\t\t\t\t\t\t<\/div>\n\t\t\t\t<\/div>\n\t\t\t\t\t<\/div>\n\t\t\t\t<\/div>\n\t\t<div class=\"elementor-element elementor-element-62b5366 e-flex e-con-boxed e-con e-parent\" data-id=\"62b5366\" data-element_type=\"container\" data-e-type=\"container\">\n\t\t\t\t\t<div class=\"e-con-inner\">\n\t\t\t\t<div class=\"elementor-element elementor-element-c6bea5a elementor-widget elementor-widget-spacer\" data-id=\"c6bea5a\" data-element_type=\"widget\" data-e-type=\"widget\" data-widget_type=\"spacer.default\">\n\t\t\t\t<div class=\"elementor-widget-container\">\n\t\t\t\t\t\t\t<div class=\"elementor-spacer\">\n\t\t\t<div class=\"elementor-spacer-inner\"><\/div>\n\t\t<\/div>\n\t\t\t\t\t\t<\/div>\n\t\t\t\t<\/div>\n\t\t\t\t\t<\/div>\n\t\t\t\t<\/div>\n\t\t<div class=\"elementor-element elementor-element-db25a26 e-flex e-con-boxed e-con e-parent\" data-id=\"db25a26\" data-element_type=\"container\" data-e-type=\"container\">\n\t\t\t\t\t<div class=\"e-con-inner\">\n\t\t\t\t<div class=\"elementor-element elementor-element-790f97c elementor-grid-eael-col-1 elementor-grid-tablet-eael-col-2 elementor-grid-mobile-eael-col-1 elementor-widget elementor-widget-eael-post-grid\" data-id=\"790f97c\" data-element_type=\"widget\" data-e-type=\"widget\" data-settings=\"{&quot;eael_post_grid_columns&quot;:&quot;eael-col-1&quot;,&quot;eael_post_grid_columns_tablet&quot;:&quot;eael-col-2&quot;,&quot;eael_post_grid_columns_mobile&quot;:&quot;eael-col-1&quot;}\" data-widget_type=\"eael-post-grid.default\">\n\t\t\t\t<div class=\"elementor-widget-container\">\n\t\t\t\t\t<div id=\"eael-post-grid-790f97c\" class=\"eael-post-grid-container\">\n            <div class=\"eael-post-grid eael-post-appender eael-post-appender-790f97c eael-post-grid-style-one\" data-layout-mode=\"masonry\"><p class=\"no-posts-found\">No posts found!<\/p><\/div>\n            <div class=\"clearfix\"><\/div>\n        <\/div>\t\t\t\t<\/div>\n\t\t\t\t<\/div>\n\t\t\t\t\t<\/div>\n\t\t\t\t<\/div>\n\t\t\t\t<\/div>","protected":false},"excerpt":{"rendered":"<p>PeaceWorksColombia st\u00f6djer Relatos Internos. Relatos Internos driver kurser i musikproduktion f\u00f6r unga personer som \u00e4r frihetsber\u00f6vade, ungdomar i Tunja och Manizales deltar i kurser kring konst och kommunikation. Dessutom skapas ytor f\u00f6r dialog och reflektion med ungdomarna, civila samh\u00e4llet och andra offentliga eller privata akt\u00f6rer som arbetar med ungdomars r\u00e4ttigheter. Relatos internos \u00e4r ett projekt&#8230;<\/p>","protected":false},"author":1,"featured_media":20696,"parent":19511,"menu_order":1,"comment_status":"closed","ping_status":"closed","template":"","meta":{"footnotes":""},"class_list":["post-21604","page","type-page","status-publish","has-post-thumbnail","hentry"],"rttpg_featured_image_url":{"full":["https:\/\/peaceworks.se\/wp-content\/uploads\/2022\/03\/relatosinternos-scaled.jpeg",2560,1700,false],"landscape":["https:\/\/peaceworks.se\/wp-content\/uploads\/2022\/03\/relatosinternos-scaled.jpeg",2560,1700,false],"portraits":["https:\/\/peaceworks.se\/wp-content\/uploads\/2022\/03\/relatosinternos-scaled.jpeg",2560,1700,false],"thumbnail":["https:\/\/peaceworks.se\/wp-content\/uploads\/2022\/03\/relatosinternos-150x150.jpeg",150,150,true],"medium":["https:\/\/peaceworks.se\/wp-content\/uploads\/2022\/03\/relatosinternos-400x266.jpeg",400,266,true],"large":["https:\/\/peaceworks.se\/wp-content\/uploads\/2022\/03\/relatosinternos-800x531.jpeg",800,531,true],"1536x1536":["https:\/\/peaceworks.se\/wp-content\/uploads\/2022\/03\/relatosinternos-1536x1020.jpeg",1536,1020,true],"2048x2048":["https:\/\/peaceworks.se\/wp-content\/uploads\/2022\/03\/relatosinternos-2048x1360.jpeg",2048,1360,true],"trp-custom-language-flag":["https:\/\/peaceworks.se\/wp-content\/uploads\/2022\/03\/relatosinternos-scaled.jpeg",18,12,false]},"rttpg_author":{"display_name":"PeaceWorks Sweden","author_link":"https:\/\/peaceworks.se\/en\/author\/p3ce-works\/"},"rttpg_comment":0,"rttpg_category":null,"rttpg_excerpt":"PeaceWorksColombia st\u00f6djer Relatos Internos. Relatos Internos driver kurser i musikproduktion f\u00f6r unga personer som \u00e4r frihetsber\u00f6vade, ungdomar i Tunja och Manizales deltar i kurser kring konst och kommunikation. Dessutom skapas ytor f\u00f6r dialog och reflektion med ungdomarna, civila samh\u00e4llet och andra offentliga eller privata akt\u00f6rer som arbetar med ungdomars r\u00e4ttigheter. Relatos internos \u00e4r ett projekt...","_links":{"self":[{"href":"https:\/\/peaceworks.se\/en\/wp-json\/wp\/v2\/pages\/21604","targetHints":{"allow":["GET"]}}],"collection":[{"href":"https:\/\/peaceworks.se\/en\/wp-json\/wp\/v2\/pages"}],"about":[{"href":"https:\/\/peaceworks.se\/en\/wp-json\/wp\/v2\/types\/page"}],"author":[{"embeddable":true,"href":"https:\/\/peaceworks.se\/en\/wp-json\/wp\/v2\/users\/1"}],"replies":[{"embeddable":true,"href":"https:\/\/peaceworks.se\/en\/wp-json\/wp\/v2\/comments?post=21604"}],"version-history":[{"count":13,"href":"https:\/\/peaceworks.se\/en\/wp-json\/wp\/v2\/pages\/21604\/revisions"}],"predecessor-version":[{"id":23744,"href":"https:\/\/peaceworks.se\/en\/wp-json\/wp\/v2\/pages\/21604\/revisions\/23744"}],"up":[{"embeddable":true,"href":"https:\/\/peaceworks.se\/en\/wp-json\/wp\/v2\/pages\/19511"}],"wp:featuredmedia":[{"embeddable":true,"href":"https:\/\/peaceworks.se\/en\/wp-json\/wp\/v2\/media\/20696"}],"wp:attachment":[{"href":"https:\/\/peaceworks.se\/en\/wp-json\/wp\/v2\/media?parent=21604"}],"curies":[{"name":"wp","href":"https:\/\/api.w.org\/{rel}","templated":true}]}}