{"id":21627,"date":"2022-08-26T17:36:01","date_gmt":"2022-08-26T15:36:01","guid":{"rendered":"https:\/\/peaceworks.se\/?page_id=21627"},"modified":"2022-08-26T17:46:49","modified_gmt":"2022-08-26T15:46:49","slug":"sin-comillas","status":"publish","type":"page","link":"https:\/\/peaceworks.se\/en\/internationella-projekt\/colombia\/sin-comillas\/","title":{"rendered":"Sin Comillas"},"content":{"rendered":"<div data-elementor-type=\"wp-page\" data-elementor-id=\"21627\" class=\"elementor elementor-21627\">\n\t\t\t\t\t\t<section class=\"elementor-section elementor-top-section elementor-element elementor-element-7854ca2 elementor-section-boxed elementor-section-height-default elementor-section-height-default\" data-id=\"7854ca2\" data-element_type=\"section\" data-e-type=\"section\">\n\t\t\t\t\t\t<div class=\"elementor-container elementor-column-gap-default\">\n\t\t\t\t\t<div class=\"elementor-column elementor-col-100 elementor-top-column elementor-element elementor-element-6a7136b0\" data-id=\"6a7136b0\" data-element_type=\"column\" data-e-type=\"column\">\n\t\t\t<div class=\"elementor-widget-wrap elementor-element-populated\">\n\t\t\t\t\t\t<div class=\"elementor-element elementor-element-49ba67ed elementor-widget elementor-widget-text-editor\" data-id=\"49ba67ed\" data-element_type=\"widget\" data-e-type=\"widget\" data-widget_type=\"text-editor.default\">\n\t\t\t\t<div class=\"elementor-widget-container\">\n\t\t\t\t\t\t\t\t\t\n<p class=\"has-text-align-right\">*PeaceWorks Colombia st\u00f6djer: Sin Comillas<\/p>\n\n\n\n<p>&#8221;<a href=\"https:\/\/www.sincomillas.co\/\">Sin Comillas<\/a>&#8221; st\u00e4rker unga genom utbildningsprogram om medier och journalism. De har en plattform f\u00f6r reflektion och dialog om ungas deltagande i fred och alternativ kommunikation i Bogota.<br>Sin Comillas \u00e4r ett projekt som drivs av v\u00e5r samarbetsorganisation &#8221;<a href=\"https:\/\/laotrajuventud.org\/en\/home\/\">Fundaci\u00f3n la Otra Juventud<\/a>&#8221;.<\/p>\n\n\n\n<p><\/p>\n\n\n\n<p><\/p>\n\t\t\t\t\t\t\t\t<\/div>\n\t\t\t\t<\/div>\n\t\t\t\t\t<\/div>\n\t\t<\/div>\n\t\t\t\t\t<\/div>\n\t\t<\/section>\n\t\t<div class=\"elementor-element elementor-element-b8eb24b e-flex e-con-boxed e-con e-parent\" data-id=\"b8eb24b\" data-element_type=\"container\" data-e-type=\"container\">\n\t\t\t\t\t<div class=\"e-con-inner\">\n\t\t\t\t<div class=\"elementor-element elementor-element-bfd5bc5 elementor-widget elementor-widget-video\" data-id=\"bfd5bc5\" data-element_type=\"widget\" data-e-type=\"widget\" data-settings=\"{&quot;youtube_url&quot;:&quot;https:\\\/\\\/youtu.be\\\/e3_iqFUeybM&quot;,&quot;lazy_load&quot;:&quot;yes&quot;,&quot;video_type&quot;:&quot;youtube&quot;,&quot;controls&quot;:&quot;yes&quot;}\" data-widget_type=\"video.default\">\n\t\t\t\t<div class=\"elementor-widget-container\">\n\t\t\t\t\t\t\t<div class=\"elementor-wrapper elementor-open-inline\">\n\t\t\t<div class=\"elementor-video\"><\/div>\t\t<\/div>\n\t\t\t\t\t\t<\/div>\n\t\t\t\t<\/div>\n\t\t\t\t\t<\/div>\n\t\t\t\t<\/div>\n\t\t<div class=\"elementor-element elementor-element-22ad080 e-flex e-con-boxed e-con e-parent\" data-id=\"22ad080\" data-element_type=\"container\" data-e-type=\"container\">\n\t\t\t\t\t<div class=\"e-con-inner\">\n\t\t\t\t<div class=\"elementor-element elementor-element-cd151e9 elementor-grid-eael-col-1 elementor-grid-tablet-eael-col-2 elementor-grid-mobile-eael-col-1 elementor-widget elementor-widget-eael-post-grid\" data-id=\"cd151e9\" data-element_type=\"widget\" data-e-type=\"widget\" data-settings=\"{&quot;eael_post_grid_columns&quot;:&quot;eael-col-1&quot;,&quot;eael_post_grid_columns_tablet&quot;:&quot;eael-col-2&quot;,&quot;eael_post_grid_columns_mobile&quot;:&quot;eael-col-1&quot;}\" data-widget_type=\"eael-post-grid.default\">\n\t\t\t\t<div class=\"elementor-widget-container\">\n\t\t\t\t\t<div id=\"eael-post-grid-cd151e9\" class=\"eael-post-grid-container\">\n            <div class=\"eael-post-grid eael-post-appender eael-post-appender-cd151e9 eael-post-grid-style-one\" data-layout-mode=\"masonry\"><article class=\"eael-grid-post  eael-post-grid-column eael-pg-post-19987\" data-id=\"19987\">\n        <div class=\"eael-grid-post-holder\">\n            <div class=\"eael-grid-post-holder-inner\"><div class=\"eael-entry-media\"><div class=\"eael-entry-overlay fade-in\"><i class=\"fas fa-long-arrow-alt-right\" aria-hidden=\"true\"><\/i><a href=\"https:\/\/peaceworks.se\/en\/internationella-projekt\/colombia\/varfor-colombia\/\"><\/a><\/div><div class=\"eael-entry-thumbnail\">\n                <img fetchpriority=\"high\" decoding=\"async\" width=\"400\" height=\"211\" src=\"https:\/\/peaceworks.se\/wp-content\/uploads\/2020\/10\/paz-3-520x274-1-400x211.jpg\" class=\"attachment-medium size-medium wp-image-18031\" alt=\"PeaceWorks Colombia- fred\" srcset=\"https:\/\/peaceworks.se\/wp-content\/uploads\/2020\/10\/paz-3-520x274-1-400x211.jpg 400w, https:\/\/peaceworks.se\/wp-content\/uploads\/2020\/10\/paz-3-520x274-1.jpg 520w\" sizes=\"(max-width: 400px) 100vw, 400px\" \/>\n            <\/div>\n        <\/div><div class=\"eael-entry-wrapper\"><header class=\"eael-entry-header\"><h3 class=\"eael-entry-title\"><a class=\"eael-grid-post-link\" href=\"https:\/\/peaceworks.se\/en\/internationella-projekt\/colombia\/varfor-colombia\/\" title=\"Why Colombia?\">Why Colombia?<\/a><\/h3><\/header><div class=\"eael-entry-content\">\n                        <div class=\"eael-grid-post-excerpt\"><p>Ungdomar utg\u00f6r en s\u00e4rskilt utsatt och s\u00e5rbar grupp i Colombia....<\/p><\/div>\n                    <\/div><\/div><\/div>\n        <\/div>\n    <\/article><article class=\"eael-grid-post  eael-post-grid-column eael-pg-post-19528\" data-id=\"19528\">\n        <div class=\"eael-grid-post-holder\">\n            <div class=\"eael-grid-post-holder-inner\"><div class=\"eael-entry-wrapper\"><header class=\"eael-entry-header\"><h3 class=\"eael-entry-title\"><a class=\"eael-grid-post-link\" href=\"https:\/\/peaceworks.se\/en\/engagera-dig\/stod-oss\/\" title=\"Support us\">Support us<\/a><\/h3><\/header><div class=\"eael-entry-content\">\n                        <div class=\"eael-grid-post-excerpt\"><p>St\u00f6d oss Var med och bidra till en r\u00e4ttvis och...<\/p><\/div>\n                    <\/div><\/div><\/div>\n        <\/div>\n    <\/article><\/div>\n            <div class=\"clearfix\"><\/div>\n        <\/div>\t\t\t\t<\/div>\n\t\t\t\t<\/div>\n\t\t\t\t\t<\/div>\n\t\t\t\t<\/div>\n\t\t\t\t<\/div>","protected":false},"excerpt":{"rendered":"<p>*PeaceWorks Colombia st\u00f6djer: Sin Comillas &#8221;Sin Comillas&#8221; st\u00e4rker unga genom utbildningsprogram om medier och journalism. De har en plattform f\u00f6r reflektion och dialog om ungas deltagande i fred och alternativ kommunikation i Bogota.Sin Comillas \u00e4r ett projekt som drivs av v\u00e5r samarbetsorganisation &#8221;Fundaci\u00f3n la Otra Juventud&#8221;. La otra juventud La Otra Juventud \u2013 arbeta med&#8230;<\/p>","protected":false},"author":1,"featured_media":21634,"parent":19511,"menu_order":3,"comment_status":"closed","ping_status":"closed","template":"","meta":{"footnotes":""},"class_list":["post-21627","page","type-page","status-publish","has-post-thumbnail","hentry"],"rttpg_featured_image_url":{"full":["https:\/\/peaceworks.se\/wp-content\/uploads\/2022\/08\/Captura-de-pantalla-2022-08-26-a-las-17.43.45.png",2772,1534,false],"landscape":["https:\/\/peaceworks.se\/wp-content\/uploads\/2022\/08\/Captura-de-pantalla-2022-08-26-a-las-17.43.45.png",2772,1534,false],"portraits":["https:\/\/peaceworks.se\/wp-content\/uploads\/2022\/08\/Captura-de-pantalla-2022-08-26-a-las-17.43.45.png",2772,1534,false],"thumbnail":["https:\/\/peaceworks.se\/wp-content\/uploads\/2022\/08\/Captura-de-pantalla-2022-08-26-a-las-17.43.45-150x150.png",150,150,true],"medium":["https:\/\/peaceworks.se\/wp-content\/uploads\/2022\/08\/Captura-de-pantalla-2022-08-26-a-las-17.43.45-400x221.png",400,221,true],"large":["https:\/\/peaceworks.se\/wp-content\/uploads\/2022\/08\/Captura-de-pantalla-2022-08-26-a-las-17.43.45-800x443.png",800,443,true],"1536x1536":["https:\/\/peaceworks.se\/wp-content\/uploads\/2022\/08\/Captura-de-pantalla-2022-08-26-a-las-17.43.45-1536x850.png",1536,850,true],"2048x2048":["https:\/\/peaceworks.se\/wp-content\/uploads\/2022\/08\/Captura-de-pantalla-2022-08-26-a-las-17.43.45-2048x1133.png",2048,1133,true],"trp-custom-language-flag":["https:\/\/peaceworks.se\/wp-content\/uploads\/2022\/08\/Captura-de-pantalla-2022-08-26-a-las-17.43.45-18x10.png",18,10,true]},"rttpg_author":{"display_name":"PeaceWorks Sweden","author_link":"https:\/\/peaceworks.se\/en\/author\/p3ce-works\/"},"rttpg_comment":0,"rttpg_category":null,"rttpg_excerpt":"*PeaceWorks Colombia st\u00f6djer: Sin Comillas &#8221;Sin Comillas&#8221; st\u00e4rker unga genom utbildningsprogram om medier och journalism. De har en plattform f\u00f6r reflektion och dialog om ungas deltagande i fred och alternativ kommunikation i Bogota.Sin Comillas \u00e4r ett projekt som drivs av v\u00e5r samarbetsorganisation &#8221;Fundaci\u00f3n la Otra Juventud&#8221;. La otra juventud La Otra Juventud \u2013 arbeta med...","_links":{"self":[{"href":"https:\/\/peaceworks.se\/en\/wp-json\/wp\/v2\/pages\/21627","targetHints":{"allow":["GET"]}}],"collection":[{"href":"https:\/\/peaceworks.se\/en\/wp-json\/wp\/v2\/pages"}],"about":[{"href":"https:\/\/peaceworks.se\/en\/wp-json\/wp\/v2\/types\/page"}],"author":[{"embeddable":true,"href":"https:\/\/peaceworks.se\/en\/wp-json\/wp\/v2\/users\/1"}],"replies":[{"embeddable":true,"href":"https:\/\/peaceworks.se\/en\/wp-json\/wp\/v2\/comments?post=21627"}],"version-history":[{"count":7,"href":"https:\/\/peaceworks.se\/en\/wp-json\/wp\/v2\/pages\/21627\/revisions"}],"predecessor-version":[{"id":21636,"href":"https:\/\/peaceworks.se\/en\/wp-json\/wp\/v2\/pages\/21627\/revisions\/21636"}],"up":[{"embeddable":true,"href":"https:\/\/peaceworks.se\/en\/wp-json\/wp\/v2\/pages\/19511"}],"wp:featuredmedia":[{"embeddable":true,"href":"https:\/\/peaceworks.se\/en\/wp-json\/wp\/v2\/media\/21634"}],"wp:attachment":[{"href":"https:\/\/peaceworks.se\/en\/wp-json\/wp\/v2\/media?parent=21627"}],"curies":[{"name":"wp","href":"https:\/\/api.w.org\/{rel}","templated":true}]}}