{"id":21760,"date":"2022-09-07T14:51:34","date_gmt":"2022-09-07T12:51:34","guid":{"rendered":"https:\/\/peaceworks.se\/?page_id=21760"},"modified":"2024-04-19T22:04:33","modified_gmt":"2024-04-19T20:04:33","slug":"anti-racism","status":"publish","type":"page","link":"https:\/\/peaceworks.se\/en\/internationella-projekt\/erasmus\/anti-racism\/","title":{"rendered":"Anti-racism in Practice and as Practice"},"content":{"rendered":"<p>PeaceWorks, together with our partner organisations, are offering a training course on anti-racism for youth workers. We see an increasing need for practical knowledge and strategies on how to tackle xenophobia and racism in contemporary Europe.<\/p>\n<p><strong>This training course contributes to increased capacity in addressing youth participation and anti-racism from a holistic perspective for positive social change. <\/strong><\/p>\n<p>We often meet people in the youth sector who express concern regarding the relationship between the rise of xenophobia and racism among young people and the decreasing youth participation in society. The training course addresses these issues by strengthening the capacities of youth workers to counteract racism and xenophobia in their daily work as well as their capacities to actively support anti-racist struggles and implement anti-racist projects.<\/p>\n<article data-id=\"24141\"><img fetchpriority=\"high\" decoding=\"async\" src=\"http:\/\/peaceworks.se\/wp-content\/uploads\/2023\/04\/14-400x300.png\" alt=\"workshop 2023 ErasmusPlus\" width=\"400\" height=\"300\" \/><\/p>\n<header>\n<h3><a title=\"Nu har vi avslutat v\u00e5r andra kurs inom projektet \u201dAnti-racism in practice and as practice\u201d\" href=\"https:\/\/peaceworks.se\/en\/nu-har-vi-avslutat-var-andra-kurs-inom-projektet-anti-racism-in-practice-and-as-practice\/\">Nu har vi avslutat v\u00e5r andra kurs inom projektet \u201dAnti-racism in practice and as practice\u201d<\/a><\/h3>\n<\/header>\n<p>24 deltagare fr\u00e5n 7 olika l\u00e4nder samlades f\u00f6r att \u00f6ka&#8230;<\/p>\n<p><a href=\"https:\/\/peaceworks.se\/en\/nu-har-vi-avslutat-var-andra-kurs-inom-projektet-anti-racism-in-practice-and-as-practice\/\">Read More<\/a><\/p>\n<\/article>\n<p>Vill du ha mer info? kontakta oss:<\/p>\n<figure><img decoding=\"async\" class=\"\" src=\"http:\/\/peaceworks.se\/wp-content\/uploads\/2022\/09\/3.png\" alt=\"Lisa B\u00f6rjel\" width=\"178\" height=\"137\" \/><\/figure>\n<h3>Lisa B\u00f6rjel<\/h3>\n<p>Erasmus+\/ESC koordinator<br \/>\n+46 (0)70 752 96 67<br \/>\nlisa.borjel@peaceworks.se<\/p>","protected":false},"excerpt":{"rendered":"<p>PeaceWork\u2019s project \u2018Anti-Racism In Practice and As Practice\u2018 aims to strengthen the capacity for anti-racist work among youth workers and youth organisations in Europe. Together with our partner organisations PeaceWorks is organising two activities within the project. <\/p>","protected":false},"author":1,"featured_media":26503,"parent":19514,"menu_order":4,"comment_status":"closed","ping_status":"closed","template":"","meta":{"footnotes":""},"class_list":["post-21760","page","type-page","status-publish","has-post-thumbnail","hentry"],"rttpg_featured_image_url":{"full":["https:\/\/peaceworks.se\/wp-content\/uploads\/2024\/04\/Anti-racism-in-Practice-and-as-Practice.png",1920,1081,false],"landscape":["https:\/\/peaceworks.se\/wp-content\/uploads\/2024\/04\/Anti-racism-in-Practice-and-as-Practice.png",1920,1081,false],"portraits":["https:\/\/peaceworks.se\/wp-content\/uploads\/2024\/04\/Anti-racism-in-Practice-and-as-Practice.png",1920,1081,false],"thumbnail":["https:\/\/peaceworks.se\/wp-content\/uploads\/2024\/04\/Anti-racism-in-Practice-and-as-Practice-150x150.png",150,150,true],"medium":["https:\/\/peaceworks.se\/wp-content\/uploads\/2024\/04\/Anti-racism-in-Practice-and-as-Practice-400x225.png",400,225,true],"large":["https:\/\/peaceworks.se\/wp-content\/uploads\/2024\/04\/Anti-racism-in-Practice-and-as-Practice-800x450.png",800,450,true],"1536x1536":["https:\/\/peaceworks.se\/wp-content\/uploads\/2024\/04\/Anti-racism-in-Practice-and-as-Practice-1536x865.png",1536,865,true],"2048x2048":["https:\/\/peaceworks.se\/wp-content\/uploads\/2024\/04\/Anti-racism-in-Practice-and-as-Practice.png",1920,1081,false],"trp-custom-language-flag":["https:\/\/peaceworks.se\/wp-content\/uploads\/2024\/04\/Anti-racism-in-Practice-and-as-Practice-18x10.png",18,10,true]},"rttpg_author":{"display_name":"PeaceWorks Sweden","author_link":"https:\/\/peaceworks.se\/en\/author\/p3ce-works\/"},"rttpg_comment":0,"rttpg_category":null,"rttpg_excerpt":"PeaceWork\u2019s project \u2018Anti-Racism In Practice and As Practice\u2018 aims to strengthen the capacity for anti-racist work among youth workers and youth organisations in Europe. Together with our partner organisations PeaceWorks is organising two activities within the project.","_links":{"self":[{"href":"https:\/\/peaceworks.se\/en\/wp-json\/wp\/v2\/pages\/21760","targetHints":{"allow":["GET"]}}],"collection":[{"href":"https:\/\/peaceworks.se\/en\/wp-json\/wp\/v2\/pages"}],"about":[{"href":"https:\/\/peaceworks.se\/en\/wp-json\/wp\/v2\/types\/page"}],"author":[{"embeddable":true,"href":"https:\/\/peaceworks.se\/en\/wp-json\/wp\/v2\/users\/1"}],"replies":[{"embeddable":true,"href":"https:\/\/peaceworks.se\/en\/wp-json\/wp\/v2\/comments?post=21760"}],"version-history":[{"count":65,"href":"https:\/\/peaceworks.se\/en\/wp-json\/wp\/v2\/pages\/21760\/revisions"}],"predecessor-version":[{"id":26504,"href":"https:\/\/peaceworks.se\/en\/wp-json\/wp\/v2\/pages\/21760\/revisions\/26504"}],"up":[{"embeddable":true,"href":"https:\/\/peaceworks.se\/en\/wp-json\/wp\/v2\/pages\/19514"}],"wp:featuredmedia":[{"embeddable":true,"href":"https:\/\/peaceworks.se\/en\/wp-json\/wp\/v2\/media\/26503"}],"wp:attachment":[{"href":"https:\/\/peaceworks.se\/en\/wp-json\/wp\/v2\/media?parent=21760"}],"curies":[{"name":"wp","href":"https:\/\/api.w.org\/{rel}","templated":true}]}}