{"id":21928,"date":"2022-09-12T17:10:25","date_gmt":"2022-09-12T15:10:25","guid":{"rendered":"https:\/\/peaceworks.se\/?page_id=21928"},"modified":"2025-06-02T18:09:05","modified_gmt":"2025-06-02T16:09:05","slug":"lediga-tjanster-och-praktikplatser","status":"publish","type":"page","link":"https:\/\/peaceworks.se\/en\/lediga-tjanster-och-praktikplatser\/","title":{"rendered":"Career and internship"},"content":{"rendered":"<div data-elementor-type=\"wp-page\" data-elementor-id=\"21928\" class=\"elementor elementor-21928\">\n\t\t\t\t<div class=\"elementor-element elementor-element-1bf54e0 e-flex e-con-boxed e-con e-parent\" data-id=\"1bf54e0\" data-element_type=\"container\" data-e-type=\"container\">\n\t\t\t\t\t<div class=\"e-con-inner\">\n\t\t\t\t<div class=\"elementor-element elementor-element-a3e6670 elementor-widget elementor-widget-heading\" data-id=\"a3e6670\" data-element_type=\"widget\" data-e-type=\"widget\" data-widget_type=\"heading.default\">\n\t\t\t\t<div class=\"elementor-widget-container\">\n\t\t\t\t\t<h1 class=\"elementor-heading-title elementor-size-default\">Career and internship<\/h1>\t\t\t\t<\/div>\n\t\t\t\t<\/div>\n\t\t\t\t\t<\/div>\n\t\t\t\t<\/div>\n\t\t<div class=\"elementor-element elementor-element-ed013b5 e-flex e-con-boxed e-con e-parent\" data-id=\"ed013b5\" data-element_type=\"container\" data-e-type=\"container\">\n\t\t\t\t\t<div class=\"e-con-inner\">\n\t\t\t\t<div class=\"elementor-element elementor-element-91bc02f elementor-widget elementor-widget-text-editor\" data-id=\"91bc02f\" data-element_type=\"widget\" data-e-type=\"widget\" data-widget_type=\"text-editor.default\">\n\t\t\t\t<div class=\"elementor-widget-container\">\n\t\t\t\t\t\t\t\t\t<h3><strong>PeaceWorks s\u00f6ker webbutvecklare\u00a0 f\u00f6r medlemsformul\u00e4r 2025.<\/strong><\/h3><p><b>Vilka \u00e4r PeaceWorks<br \/><\/b><span style=\"font-weight: 400;\">PeaceWorks Sweden \u00e4r en ideell freds- och ungdomsorganisation som verkar f\u00f6r en r\u00e4ttvis och h\u00e5llbar v\u00e4rld i fred. Vi antar en bred definition av fred, d\u00e4r begreppet str\u00e4cker sig ut\u00f6ver enbart avsaknaden av v\u00e4pnat krig och v\u00e5ld, och som \u00e4ven innefattar avsaknad av v\u00e5ldstrukturer som skapar or\u00e4ttvisor i ett samh\u00e4lle. Som intersektionell och normkritisk plattform arbetar PeaceWorks med tre tematiska fokusomr\u00e5den:<\/span><\/p><ul><li style=\"font-weight: 400;\" aria-level=\"1\"><span style=\"font-weight: 400;\">anti-racism<\/span><\/li><li style=\"font-weight: 400;\" aria-level=\"1\"><span style=\"font-weight: 400;\">feminism<\/span><\/li><li style=\"font-weight: 400;\" aria-level=\"1\"><span style=\"font-weight: 400;\">global r\u00e4ttvisa<\/span><\/li><\/ul><p>\u00a0<\/p><p><b>Beskrivning<\/b><span style=\"font-weight: 300;\"><br \/><\/span><span style=\"font-weight: 400;\">PeaceWorks beh\u00f6ver hj\u00e4lp av en kunnig webbutvecklare med erfarenhet av WordPress. Uppdraget g\u00e4ller att s\u00e4tta upp ett medlemsformul\u00e4r p\u00e5 v\u00e5r hemsida \u2013 ett viktigt steg f\u00f6r att f\u00f6renkla medlemsregistrering och f\u00f6rb\u00e4ttra kontakten med v\u00e5ra medlemmar. Vi anv\u00e4nder idag ArcMember som medlemssystem och s\u00f6ker en l\u00f6sning med liknande funktioner, eller m\u00f6jlighet att integrera ett system med motsvarande funktionalitet D\u00e5 PeaceWorks st\u00e5r inf\u00f6r omfattande f\u00f6r\u00e4ndringar i verksamheten under 2025 kan vi \u00e4ven komma att beh\u00f6va hj\u00e4lp med att anpassa hemsidan till f\u00f6reningens nya f\u00f6ruts\u00e4ttningar och behov fr\u00e5n och med 2026.\u00a0<\/span><\/p><p><b>Uppdraget innefattar:<\/b><\/p><ul><li style=\"font-weight: 300;\" aria-level=\"1\"><b>R\u00e5dgiva<\/b><span style=\"font-weight: 400;\"> kring l\u00e4mplig WordPress-plugin som uppfyller v\u00e5ra krav (g\u00e4rna med \u00f6ppen k\u00e4llkod eller l\u00e5ga licenskostnader, men dataexport och eventuell koppling till nyhetsbrev).<\/span><\/li><\/ul><p style=\"padding-left: 40px;\"><i><span style=\"font-weight: 400;\">\u2192 Vi har redan tittat p\u00e5 tv\u00e5 alternativ, men vill g\u00e4rna f\u00e5 hj\u00e4lp att utv\u00e4rdera dem \u2013 eller se om det finns b\u00e4ttre l\u00f6sningar vi har missat.<\/span><\/i><\/p><ul><li style=\"font-weight: 300;\" aria-level=\"1\"><b>Installera och konfigurera<\/b><span style=\"font-weight: 400;\"> formul\u00e4ret i v\u00e5r befintliga WordPress-sida.<\/span><\/li><li style=\"font-weight: 300;\" aria-level=\"1\"><span style=\"font-weight: 400;\">Skapa en <\/span><b>enkel och tydlig administrationsvy<\/b><span style=\"font-weight: 400;\"> f\u00f6r v\u00e5r personal och styrelse.<\/span><\/li><li style=\"font-weight: 300;\" aria-level=\"1\"><span style=\"font-weight: 400;\">H\u00e5lla en <\/span><b>introduktion\/genomg\u00e5ng<\/b><span style=\"font-weight: 400;\"> f\u00f6r oss s\u00e5 att vi sj\u00e4lva kan hantera systemet fram\u00f6ver.<\/span><\/li><li style=\"font-weight: 300;\" aria-level=\"1\"><span style=\"font-weight: 400;\">Eventuellt <\/span><b>\u00f6vriga utvecklingsinsatser<\/b><span style=\"font-weight: 400;\"> f\u00f6r att f\u00f6rb\u00e4ttra webbplatsens prestanda, funktionalitet och anv\u00e4ndarupplevelse<\/span><\/li><\/ul><p><b><br \/>Omfattning<br \/><\/b><span style=\"font-weight: 400;\">Vi uppskattar att uppdraget kommer ta ca 4-8 timmar, beroende p\u00e5 plugin-val och behov av handledning. Du \u00e4r v\u00e4lkommen att inkludera eget f\u00f6rslag p\u00e5 tidsuppskattning i offerten.<\/span><\/p><p><b>Vi s\u00f6ker dig som<\/b><\/p><ul><li style=\"font-weight: 400;\" aria-level=\"1\"><span style=\"font-weight: 400;\">Har erfarenhet av webbutvecklare och\/eller studerar till webbutvecklare<\/span><\/li><li style=\"font-weight: 400;\" aria-level=\"1\"><span style=\"font-weight: 400;\">Meriterande om du har erfarenhet av ideella f\u00f6reningar och medlemshantering inom ideell sektor.<\/span><\/li><\/ul><p><b><br \/>Vad beh\u00f6ver ing\u00e5 i medlemsformul\u00e4ret?<\/b><\/p><p><span style=\"font-weight: 500;\">F\u00f6ljande information ska formul\u00e4ret samla in:<\/span><\/p><ul><li style=\"font-weight: 400;\" aria-level=\"1\"><span style=\"font-weight: 400;\">Fullst\u00e4ndigt namn<\/span><\/li><li style=\"font-weight: 400;\" aria-level=\"1\"><span style=\"font-weight: 400;\">Personnummer (\u00c5\u00c5\u00c5\u00c5MMDD-XXXX)<\/span><\/li><li style=\"font-weight: 400;\" aria-level=\"1\"><span style=\"font-weight: 400;\">K\u00f6n<\/span><ul><li style=\"font-weight: 400;\" aria-level=\"2\"><span style=\"font-weight: 400;\">Kvinna<\/span><\/li><li style=\"font-weight: 400;\" aria-level=\"2\"><span style=\"font-weight: 400;\">Annat<\/span><\/li><li style=\"font-weight: 400;\" aria-level=\"2\"><span style=\"font-weight: 400;\">Man<\/span><\/li><li style=\"font-weight: 400;\" aria-level=\"2\"><span style=\"font-weight: 400;\">Vill ej svara<\/span><\/li><\/ul><\/li><li style=\"font-weight: 400;\" aria-level=\"1\"><span style=\"font-weight: 400;\">Telefonnummer<\/span><\/li><li style=\"font-weight: 400;\" aria-level=\"1\"><span style=\"font-weight: 400;\">Epost\u00a0<\/span><\/li><li style=\"font-weight: 400;\" aria-level=\"1\"><span style=\"font-weight: 400;\">Adress\u00a0<\/span><\/li><li style=\"font-weight: 400;\" aria-level=\"1\"><span style=\"font-weight: 400;\">Postnummer\u00a0<\/span><\/li><li style=\"font-weight: 400;\" aria-level=\"1\"><span style=\"font-weight: 400;\">Postort\u00a0<\/span><\/li><li style=\"font-weight: 400;\" aria-level=\"1\"><span style=\"font-weight: 400;\">Grupp (medlemsf\u00f6rening att knyta sitt medlemskap till)<\/span><ul><li style=\"font-weight: 400;\" aria-level=\"2\"><span style=\"font-weight: 400;\">PeaceWorks Stockholm (Lokalf\u00f6rening)<\/span><\/li><li style=\"font-weight: 400;\" aria-level=\"2\"><span style=\"font-weight: 400;\">PeaceWorks Malm\u00f6 (Lokalf\u00f6rening)<\/span><\/li><li style=\"font-weight: 400;\" aria-level=\"2\"><span style=\"font-weight: 400;\">PeaceWorks G\u00f6teborg (Lokalf\u00f6rening)<\/span><\/li><li style=\"font-weight: 400;\" aria-level=\"2\"><span style=\"font-weight: 400;\">Teater Agrell<\/span><\/li><li style=\"font-weight: 400;\" aria-level=\"2\"><span style=\"font-weight: 400;\">Front f\u00f6r Falastin<\/span><\/li><li style=\"font-weight: 400;\" aria-level=\"2\"><span style=\"font-weight: 400;\">The Challenge Group<\/span><\/li><li style=\"font-weight: 400;\" aria-level=\"2\"><span style=\"font-weight: 400;\">Fundaci\u00f3n Amiga<\/span><\/li><li style=\"font-weight: 400;\" aria-level=\"2\"><span style=\"font-weight: 400;\">MENA-gruppen<\/span><\/li><li style=\"font-weight: 400;\" aria-level=\"2\"><span style=\"font-weight: 400;\">GR\u00c4BBA<\/span><\/li><\/ul><\/li><\/ul><p><span style=\"font-weight: 500;\"><br \/>\u00d6vriga funktioner:<br \/><\/span><span style=\"font-weight: 400;\">N\u00e4r en blir medlem i PeaceWorks m\u00e5ste en v\u00e4lja minst en medlemsf\u00f6rening att tillh\u00f6ra (det g\u00e5r att v\u00e4lja flera). Det inneb\u00e4r att formul\u00e4ret m\u00e5ste kunna hantera f\u00f6ljande funktionalitet:<\/span><\/p><ul><li style=\"font-weight: 400;\" aria-level=\"1\"><span style=\"font-weight: 400;\">M\u00f6jlighet att v\u00e4lja en eller flera medlemsf\u00f6reningar i samband med registrering.<\/span><\/li><li style=\"font-weight: 400;\" aria-level=\"1\"><span style=\"font-weight: 400;\">M\u00f6jlighet att exportera medlemsinformation:<\/span><ul><li style=\"font-weight: 400;\" aria-level=\"2\"><span style=\"font-weight: 400;\">F\u00f6r hela PeaceWorks<\/span><\/li><li style=\"font-weight: 400;\" aria-level=\"2\"><span style=\"font-weight: 400;\">F\u00f6r varje enskild medlemsf\u00f6rening<\/span><\/li><li style=\"font-weight: 400;\" aria-level=\"2\"><span style=\"font-weight: 400;\">Datum f\u00f6r medlemskap<\/span><\/li><li style=\"font-weight: 400;\" aria-level=\"2\"><span style=\"font-weight: 400;\">G\u00e4rna \u00e5rsvis<\/span><\/li><\/ul><\/li><li style=\"font-weight: 400;\" aria-level=\"1\"><span style=\"font-weight: 400;\">N\u00e5gon form av autentisering eller verifiering, exempelvis IP-adressloggning eller liknande, f\u00f6r att \u00f6ka s\u00e4kerheten.<\/span><\/li><\/ul><p><b><br \/>Arvode<br \/><\/b><span style=\"font-weight: 400;\">Vi tar g\u00e4rna emot offert med prisf\u00f6rslag \u2013 antingen timpris eller fast pris f\u00f6r hela uppdraget.\u00a0<\/span><\/p><p><b>Tidplan<br \/><\/b><span style=\"font-weight: 400;\">Uppdraget ska vara klart innan Q4.\u00a0<\/span><\/p><p><b>Hur du ans\u00f6ker<br \/><\/b><span style=\"font-weight: 400;\">V\u00e4lkommen att maila CV (g\u00e4rna med exempel p\u00e5 liknande uppdrag) och din offert till: <\/span><a href=\"mailto:rafaella.garde@peaceworks.se\"><span style=\"font-weight: 400;\">rafaella.garde@peaceworks.se<\/span><\/a><span style=\"font-weight: 400;\"> och nasma.salim@peaceworks.se <strong>senast den 30 e juni<\/strong>. Uppdraget kan komma att tills\u00e4ttas innan sista ans\u00f6kningsdagen. Det g\u00e5r bra att maila Rafaella f\u00f6r mer information.<\/span><\/p>\t\t\t\t\t\t\t\t<\/div>\n\t\t\t\t<\/div>\n\t\t\t\t\t<\/div>\n\t\t\t\t<\/div>\n\t\t\t\t<\/div>","protected":false},"excerpt":{"rendered":"<p>Lediga tj\u00e4nster och praktikplatser PeaceWorks s\u00f6ker webbutvecklare\u00a0 f\u00f6r medlemsformul\u00e4r 2025. Vilka \u00e4r PeaceWorksPeaceWorks Sweden \u00e4r en ideell freds- och ungdomsorganisation som verkar f\u00f6r en r\u00e4ttvis och h\u00e5llbar v\u00e4rld i fred. Vi antar en bred definition av fred, d\u00e4r begreppet str\u00e4cker sig ut\u00f6ver enbart avsaknaden av v\u00e4pnat krig och v\u00e5ld, och som \u00e4ven innefattar avsaknad av&#8230;<\/p>","protected":false},"author":1,"featured_media":26446,"parent":0,"menu_order":0,"comment_status":"closed","ping_status":"closed","template":"","meta":{"footnotes":""},"class_list":["post-21928","page","type-page","status-publish","has-post-thumbnail","hentry"],"rttpg_featured_image_url":{"full":["https:\/\/peaceworks.se\/wp-content\/uploads\/2024\/04\/lediga-tjanstr-och-praktikplatser.png",1921,1081,false],"landscape":["https:\/\/peaceworks.se\/wp-content\/uploads\/2024\/04\/lediga-tjanstr-och-praktikplatser.png",1921,1081,false],"portraits":["https:\/\/peaceworks.se\/wp-content\/uploads\/2024\/04\/lediga-tjanstr-och-praktikplatser.png",1921,1081,false],"thumbnail":["https:\/\/peaceworks.se\/wp-content\/uploads\/2024\/04\/lediga-tjanstr-och-praktikplatser-150x150.png",150,150,true],"medium":["https:\/\/peaceworks.se\/wp-content\/uploads\/2024\/04\/lediga-tjanstr-och-praktikplatser-400x225.png",400,225,true],"large":["https:\/\/peaceworks.se\/wp-content\/uploads\/2024\/04\/lediga-tjanstr-och-praktikplatser-800x450.png",800,450,true],"1536x1536":["https:\/\/peaceworks.se\/wp-content\/uploads\/2024\/04\/lediga-tjanstr-och-praktikplatser-1536x864.png",1536,864,true],"2048x2048":["https:\/\/peaceworks.se\/wp-content\/uploads\/2024\/04\/lediga-tjanstr-och-praktikplatser.png",1921,1081,false],"trp-custom-language-flag":["https:\/\/peaceworks.se\/wp-content\/uploads\/2024\/04\/lediga-tjanstr-och-praktikplatser-18x10.png",18,10,true]},"rttpg_author":{"display_name":"PeaceWorks Sweden","author_link":"https:\/\/peaceworks.se\/en\/author\/p3ce-works\/"},"rttpg_comment":0,"rttpg_category":null,"rttpg_excerpt":"Lediga tj\u00e4nster och praktikplatser PeaceWorks s\u00f6ker webbutvecklare\u00a0 f\u00f6r medlemsformul\u00e4r 2025. Vilka \u00e4r PeaceWorksPeaceWorks Sweden \u00e4r en ideell freds- och ungdomsorganisation som verkar f\u00f6r en r\u00e4ttvis och h\u00e5llbar v\u00e4rld i fred. Vi antar en bred definition av fred, d\u00e4r begreppet str\u00e4cker sig ut\u00f6ver enbart avsaknaden av v\u00e4pnat krig och v\u00e5ld, och som \u00e4ven innefattar avsaknad av...","_links":{"self":[{"href":"https:\/\/peaceworks.se\/en\/wp-json\/wp\/v2\/pages\/21928","targetHints":{"allow":["GET"]}}],"collection":[{"href":"https:\/\/peaceworks.se\/en\/wp-json\/wp\/v2\/pages"}],"about":[{"href":"https:\/\/peaceworks.se\/en\/wp-json\/wp\/v2\/types\/page"}],"author":[{"embeddable":true,"href":"https:\/\/peaceworks.se\/en\/wp-json\/wp\/v2\/users\/1"}],"replies":[{"embeddable":true,"href":"https:\/\/peaceworks.se\/en\/wp-json\/wp\/v2\/comments?post=21928"}],"version-history":[{"count":103,"href":"https:\/\/peaceworks.se\/en\/wp-json\/wp\/v2\/pages\/21928\/revisions"}],"predecessor-version":[{"id":29746,"href":"https:\/\/peaceworks.se\/en\/wp-json\/wp\/v2\/pages\/21928\/revisions\/29746"}],"wp:featuredmedia":[{"embeddable":true,"href":"https:\/\/peaceworks.se\/en\/wp-json\/wp\/v2\/media\/26446"}],"wp:attachment":[{"href":"https:\/\/peaceworks.se\/en\/wp-json\/wp\/v2\/media?parent=21928"}],"curies":[{"name":"wp","href":"https:\/\/api.w.org\/{rel}","templated":true}]}}