{"id":25690,"date":"2024-04-16T02:02:05","date_gmt":"2024-04-16T00:02:05","guid":{"rendered":"https:\/\/peaceworks.se\/?page_id=25690"},"modified":"2024-12-09T12:16:31","modified_gmt":"2024-12-09T11:16:31","slug":"genomfor-en-medlemsaktivitet","status":"publish","type":"page","link":"https:\/\/peaceworks.se\/en\/genomfor-en-medlemsaktivitet\/","title":{"rendered":"Genomf\u00f6r en medlemsaktivitet"},"content":{"rendered":"\t\t<div data-elementor-type=\"wp-page\" data-elementor-id=\"25690\" class=\"elementor elementor-25690\">\n\t\t\t\t<div class=\"elementor-element elementor-element-48ac624 e-flex e-con-boxed e-con e-parent\" data-id=\"48ac624\" data-element_type=\"container\" data-e-type=\"container\" data-settings=\"{&quot;background_background&quot;:&quot;classic&quot;,&quot;shape_divider_top&quot;:&quot;curve&quot;,&quot;shape_divider_bottom&quot;:&quot;curve&quot;}\">\n\t\t\t\t\t<div class=\"e-con-inner\">\n\t\t\t\t<div class=\"elementor-shape elementor-shape-top\" aria-hidden=\"true\" data-negative=\"false\">\n\t\t\t<svg xmlns=\"http:\/\/www.w3.org\/2000\/svg\" viewBox=\"0 0 1000 100\" preserveAspectRatio=\"none\">\n    <path class=\"elementor-shape-fill\" d=\"M1000,4.3V0H0v4.3C0.9,23.1,126.7,99.2,500,100S1000,22.7,1000,4.3z\"\/>\n<\/svg>\t\t<\/div>\n\t\t\t\t<div class=\"elementor-shape elementor-shape-bottom\" aria-hidden=\"true\" data-negative=\"false\">\n\t\t\t<svg xmlns=\"http:\/\/www.w3.org\/2000\/svg\" viewBox=\"0 0 1000 100\" preserveAspectRatio=\"none\">\n    <path class=\"elementor-shape-fill\" d=\"M1000,4.3V0H0v4.3C0.9,23.1,126.7,99.2,500,100S1000,22.7,1000,4.3z\"\/>\n<\/svg>\t\t<\/div>\n\t\t<div class=\"elementor-element elementor-element-8057d48 e-con-full e-flex e-con e-child\" data-id=\"8057d48\" data-element_type=\"container\" data-e-type=\"container\">\n\t\t\t\t<div class=\"elementor-element elementor-element-ad0001e elementor-widget elementor-widget-heading\" data-id=\"ad0001e\" data-element_type=\"widget\" data-e-type=\"widget\" data-widget_type=\"heading.default\">\n\t\t\t\t<div class=\"elementor-widget-container\">\n\t\t\t\t\t<h1 class=\"elementor-heading-title elementor-size-default\">Genomf\u00f6r en medlemsaktivitet<\/h1>\t\t\t\t<\/div>\n\t\t\t\t<\/div>\n\t\t\t\t<div class=\"elementor-element elementor-element-d1f04d9 elementor-widget elementor-widget-text-editor\" data-id=\"d1f04d9\" data-element_type=\"widget\" data-e-type=\"widget\" data-widget_type=\"text-editor.default\">\n\t\t\t\t<div class=\"elementor-widget-container\">\n\t\t\t\t\t\t\t\t\t<p>PeaceWorks syfte \u00e4r att fr\u00e4mja ungas kamp f\u00f6r solidariska, j\u00e4mlika samh\u00e4llen. Det inneb\u00e4r att du som medlem kan kontakta oss med id\u00e9er om aktiviteter som du vill ordna med st\u00f6d av PeaceWorks. Vi st\u00f6ttar med lokal (Solidaritetshuset), spridning, praktiska f\u00f6rberedelser och mindre f\u00f6rt\u00e4ringskostnader.\u00a0<\/p>\t\t\t\t\t\t\t\t<\/div>\n\t\t\t\t<\/div>\n\t\t\t\t<\/div>\n\t\t\t\t\t<\/div>\n\t\t\t\t<\/div>\n\t\t<div class=\"elementor-element elementor-element-3eb4434 e-flex e-con-boxed e-con e-parent\" data-id=\"3eb4434\" data-element_type=\"container\" data-e-type=\"container\">\n\t\t\t\t\t<div class=\"e-con-inner\">\n\t\t\t\t<div class=\"elementor-element elementor-element-6507a55 elementor-widget elementor-widget-spacer\" data-id=\"6507a55\" data-element_type=\"widget\" data-e-type=\"widget\" data-widget_type=\"spacer.default\">\n\t\t\t\t<div class=\"elementor-widget-container\">\n\t\t\t\t\t\t\t<div class=\"elementor-spacer\">\n\t\t\t<div class=\"elementor-spacer-inner\"><\/div>\n\t\t<\/div>\n\t\t\t\t\t\t<\/div>\n\t\t\t\t<\/div>\n\t\t\t\t\t<\/div>\n\t\t\t\t<\/div>\n\t\t<div class=\"elementor-element elementor-element-908ebdb e-flex e-con-boxed e-con e-parent\" data-id=\"908ebdb\" data-element_type=\"container\" data-e-type=\"container\">\n\t\t\t\t\t<div class=\"e-con-inner\">\n\t\t\t\t<div class=\"elementor-element elementor-element-12d2811 elementor-widget__width-initial elementor-widget elementor-widget-heading\" data-id=\"12d2811\" data-element_type=\"widget\" data-e-type=\"widget\" data-widget_type=\"heading.default\">\n\t\t\t\t<div class=\"elementor-widget-container\">\n\t\t\t\t\t<h4 class=\"elementor-heading-title elementor-size-default\">Vad kan du g\u00f6ra?<\/h4>\t\t\t\t<\/div>\n\t\t\t\t<\/div>\n\t\t<div class=\"elementor-element elementor-element-8135e43 e-con-full e-flex e-con e-child\" data-id=\"8135e43\" data-element_type=\"container\" data-e-type=\"container\">\n\t\t<div class=\"elementor-element elementor-element-d950847 e-con-full e-flex e-con e-child\" data-id=\"d950847\" data-element_type=\"container\" data-e-type=\"container\" data-settings=\"{&quot;background_background&quot;:&quot;classic&quot;}\">\n\t\t\t\t<div class=\"elementor-element elementor-element-76a5361 elementor-view-default elementor-widget elementor-widget-icon\" data-id=\"76a5361\" data-element_type=\"widget\" data-e-type=\"widget\" data-widget_type=\"icon.default\">\n\t\t\t\t<div class=\"elementor-widget-container\">\n\t\t\t\t\t\t\t<div class=\"elementor-icon-wrapper\">\n\t\t\t<div class=\"elementor-icon\">\n\t\t\t<svg xmlns=\"http:\/\/www.w3.org\/2000\/svg\" height=\"24px\" viewBox=\"0 -960 960 960\" width=\"24px\" fill=\"#000000\"><path d=\"M480-400q-50 0-85-35t-35-85v-240q0-50 35-85t85-35q50 0 85 35t35 85v240q0 50-35 85t-85 35Zm0-240Zm-40 520v-123q-104-14-172-93t-68-184h80q0 83 58.5 141.5T480-320q83 0 141.5-58.5T680-520h80q0 105-68 184t-172 93v123h-80Zm40-360q17 0 28.5-11.5T520-520v-240q0-17-11.5-28.5T480-800q-17 0-28.5 11.5T440-760v240q0 17 11.5 28.5T480-480Z\"><\/path><\/svg>\t\t\t<\/div>\n\t\t<\/div>\n\t\t\t\t\t\t<\/div>\n\t\t\t\t<\/div>\n\t\t\t\t<div class=\"elementor-element elementor-element-1217910 elementor-widget elementor-widget-text-editor\" data-id=\"1217910\" data-element_type=\"widget\" data-e-type=\"widget\" data-widget_type=\"text-editor.default\">\n\t\t\t\t<div class=\"elementor-widget-container\">\n\t\t\t\t\t\t\t\t\t<p>Panelsamtal<\/p>\t\t\t\t\t\t\t\t<\/div>\n\t\t\t\t<\/div>\n\t\t\t\t<\/div>\n\t\t<div class=\"elementor-element elementor-element-c3c6429 e-con-full e-flex e-con e-child\" data-id=\"c3c6429\" data-element_type=\"container\" data-e-type=\"container\" data-settings=\"{&quot;background_background&quot;:&quot;classic&quot;}\">\n\t\t\t\t<div class=\"elementor-element elementor-element-a8f3a95 elementor-view-default elementor-widget elementor-widget-icon\" data-id=\"a8f3a95\" data-element_type=\"widget\" data-e-type=\"widget\" data-widget_type=\"icon.default\">\n\t\t\t\t<div class=\"elementor-widget-container\">\n\t\t\t\t\t\t\t<div class=\"elementor-icon-wrapper\">\n\t\t\t<div class=\"elementor-icon\">\n\t\t\t<svg xmlns=\"http:\/\/www.w3.org\/2000\/svg\" height=\"24px\" viewBox=\"0 -960 960 960\" width=\"24px\" fill=\"#000000\"><path d=\"M160-80q-33 0-56.5-23.5T80-160v-480q0-25 13.5-45t36.5-29l506-206 26 66-330 134h468q33 0 56.5 23.5T880-640v480q0 33-23.5 56.5T800-80H160Zm0-80h640v-280H160v280Zm160-40q42 0 71-29t29-71q0-42-29-71t-71-29q-42 0-71 29t-29 71q0 42 29 71t71 29ZM160-520h480v-80h80v80h80v-120H160v120Zm0 360v-280 280Z\"><\/path><\/svg>\t\t\t<\/div>\n\t\t<\/div>\n\t\t\t\t\t\t<\/div>\n\t\t\t\t<\/div>\n\t\t\t\t<div class=\"elementor-element elementor-element-d9f69f6 elementor-widget elementor-widget-text-editor\" data-id=\"d9f69f6\" data-element_type=\"widget\" data-e-type=\"widget\" data-widget_type=\"text-editor.default\">\n\t\t\t\t<div class=\"elementor-widget-container\">\n\t\t\t\t\t\t\t\t\t<p>Poddinspelningar<\/p>\t\t\t\t\t\t\t\t<\/div>\n\t\t\t\t<\/div>\n\t\t\t\t<\/div>\n\t\t<div class=\"elementor-element elementor-element-3768900 e-con-full e-flex e-con e-child\" data-id=\"3768900\" data-element_type=\"container\" data-e-type=\"container\">\n\t\t\t\t<div class=\"elementor-element elementor-element-9e01f83 elementor-view-default elementor-widget elementor-widget-icon\" data-id=\"9e01f83\" data-element_type=\"widget\" data-e-type=\"widget\" data-widget_type=\"icon.default\">\n\t\t\t\t<div class=\"elementor-widget-container\">\n\t\t\t\t\t\t\t<div class=\"elementor-icon-wrapper\">\n\t\t\t<div class=\"elementor-icon\">\n\t\t\t<svg xmlns=\"http:\/\/www.w3.org\/2000\/svg\" height=\"24px\" viewBox=\"0 -960 960 960\" width=\"24px\" fill=\"#000000\"><path d=\"M160-160q-33 0-56.5-23.5T80-240v-480q0-33 23.5-56.5T160-800h480q33 0 56.5 23.5T720-720v180l160-160v440L720-420v180q0 33-23.5 56.5T640-160H160Zm0-80h480v-480H160v480Zm0 0v-480 480Z\"><\/path><\/svg>\t\t\t<\/div>\n\t\t<\/div>\n\t\t\t\t\t\t<\/div>\n\t\t\t\t<\/div>\n\t\t\t\t<div class=\"elementor-element elementor-element-5e763c3 elementor-widget elementor-widget-text-editor\" data-id=\"5e763c3\" data-element_type=\"widget\" data-e-type=\"widget\" data-widget_type=\"text-editor.default\">\n\t\t\t\t<div class=\"elementor-widget-container\">\n\t\t\t\t\t\t\t\t\t<p>Filmvisningar<\/p>\t\t\t\t\t\t\t\t<\/div>\n\t\t\t\t<\/div>\n\t\t\t\t<\/div>\n\t\t<div class=\"elementor-element elementor-element-3ae547f e-con-full e-flex e-con e-child\" data-id=\"3ae547f\" data-element_type=\"container\" data-e-type=\"container\">\n\t\t\t\t<div class=\"elementor-element elementor-element-23109d0 elementor-view-default elementor-widget elementor-widget-icon\" data-id=\"23109d0\" data-element_type=\"widget\" data-e-type=\"widget\" data-widget_type=\"icon.default\">\n\t\t\t\t<div class=\"elementor-widget-container\">\n\t\t\t\t\t\t\t<div class=\"elementor-icon-wrapper\">\n\t\t\t<div class=\"elementor-icon\">\n\t\t\t<svg xmlns=\"http:\/\/www.w3.org\/2000\/svg\" height=\"24px\" viewBox=\"0 -960 960 960\" width=\"24px\" fill=\"#000000\"><path d=\"M260-320q47 0 91.5 10.5T440-278v-394q-41-24-87-36t-93-12q-36 0-71.5 7T120-692v396q35-12 69.5-18t70.5-6Zm260 42q44-21 88.5-31.5T700-320q36 0 70.5 6t69.5 18v-396q-33-14-68.5-21t-71.5-7q-47 0-93 12t-87 36v394Zm-40 118q-48-38-104-59t-116-21q-42 0-82.5 11T100-198q-21 11-40.5-1T40-234v-482q0-11 5.5-21T62-752q46-24 96-36t102-12q58 0 113.5 15T480-740q51-30 106.5-45T700-800q52 0 102 12t96 36q11 5 16.5 15t5.5 21v482q0 23-19.5 35t-40.5 1q-37-20-77.5-31T700-240q-60 0-116 21t-104 59ZM280-494Z\"><\/path><\/svg>\t\t\t<\/div>\n\t\t<\/div>\n\t\t\t\t\t\t<\/div>\n\t\t\t\t<\/div>\n\t\t\t\t<div class=\"elementor-element elementor-element-7e4014c elementor-widget elementor-widget-text-editor\" data-id=\"7e4014c\" data-element_type=\"widget\" data-e-type=\"widget\" data-widget_type=\"text-editor.default\">\n\t\t\t\t<div class=\"elementor-widget-container\">\n\t\t\t\t\t\t\t\t\t<p>Bokcirkel<\/p>\t\t\t\t\t\t\t\t<\/div>\n\t\t\t\t<\/div>\n\t\t\t\t<\/div>\n\t\t<div class=\"elementor-element elementor-element-59a7063 e-con-full e-flex e-con e-child\" data-id=\"59a7063\" data-element_type=\"container\" data-e-type=\"container\">\n\t\t\t\t<div class=\"elementor-element elementor-element-bd3281b elementor-view-default elementor-widget elementor-widget-icon\" data-id=\"bd3281b\" data-element_type=\"widget\" data-e-type=\"widget\" data-widget_type=\"icon.default\">\n\t\t\t\t<div class=\"elementor-widget-container\">\n\t\t\t\t\t\t\t<div class=\"elementor-icon-wrapper\">\n\t\t\t<div class=\"elementor-icon\">\n\t\t\t<svg xmlns=\"http:\/\/www.w3.org\/2000\/svg\" height=\"24px\" viewBox=\"0 -960 960 960\" width=\"24px\" fill=\"#000000\"><path d=\"M440-440H200v-80h240v-240h80v240h240v80H520v240h-80v-240Z\"><\/path><\/svg>\t\t\t<\/div>\n\t\t<\/div>\n\t\t\t\t\t\t<\/div>\n\t\t\t\t<\/div>\n\t\t\t\t<div class=\"elementor-element elementor-element-2ebfdb9 elementor-widget elementor-widget-text-editor\" data-id=\"2ebfdb9\" data-element_type=\"widget\" data-e-type=\"widget\" data-widget_type=\"text-editor.default\">\n\t\t\t\t<div class=\"elementor-widget-container\">\n\t\t\t\t\t\t\t\t\t<p>Andra aktiviteter!<\/p>\t\t\t\t\t\t\t\t<\/div>\n\t\t\t\t<\/div>\n\t\t\t\t<\/div>\n\t\t\t\t<\/div>\n\t\t\t\t\t<\/div>\n\t\t\t\t<\/div>\n\t\t<div class=\"elementor-element elementor-element-105db3b e-flex e-con-boxed e-con e-parent\" data-id=\"105db3b\" data-element_type=\"container\" data-e-type=\"container\">\n\t\t\t\t\t<div class=\"e-con-inner\">\n\t\t\t\t<div class=\"elementor-element elementor-element-426bfa4 elementor-widget elementor-widget-spacer\" data-id=\"426bfa4\" data-element_type=\"widget\" data-e-type=\"widget\" data-widget_type=\"spacer.default\">\n\t\t\t\t<div class=\"elementor-widget-container\">\n\t\t\t\t\t\t\t<div class=\"elementor-spacer\">\n\t\t\t<div class=\"elementor-spacer-inner\"><\/div>\n\t\t<\/div>\n\t\t\t\t\t\t<\/div>\n\t\t\t\t<\/div>\n\t\t\t\t\t<\/div>\n\t\t\t\t<\/div>\n\t\t<div class=\"elementor-element elementor-element-6c87e34 e-flex e-con-boxed e-con e-parent\" data-id=\"6c87e34\" data-element_type=\"container\" data-e-type=\"container\" data-settings=\"{&quot;background_background&quot;:&quot;classic&quot;}\">\n\t\t\t\t\t<div class=\"e-con-inner\">\n\t\t\t\t<div class=\"elementor-element elementor-element-b94e9f9 elementor-widget elementor-widget-heading\" data-id=\"b94e9f9\" data-element_type=\"widget\" data-e-type=\"widget\" data-widget_type=\"heading.default\">\n\t\t\t\t<div class=\"elementor-widget-container\">\n\t\t\t\t\t<h2 class=\"elementor-heading-title elementor-size-default\">Villkor<\/h2>\t\t\t\t<\/div>\n\t\t\t\t<\/div>\n\t\t\t\t<div class=\"elementor-element elementor-element-f1bf259 elementor-widget elementor-widget-text-editor\" data-id=\"f1bf259\" data-element_type=\"widget\" data-e-type=\"widget\" data-widget_type=\"text-editor.default\">\n\t\t\t\t<div class=\"elementor-widget-container\">\n\t\t\t\t\t\t\t\t\t<ul><li>Du b\u00f6r bara vara medlem i PeaceWorks. <a href=\"https:\/\/peaceworks.se\/bli-medlem\/\">Det \u00e4r helt gratis att vara medlem<\/a>.<\/li><li>Aktiviteten ska vara i linje med PeaceWorks vision om en r\u00e4ttvis v\u00e4rld i fred och f\u00f6ljande principer:<\/li><li style=\"list-style-type: none;\"><ul><li>Ungt perspektiv: PeaceWorks \u00e4r en ungdomsorganisation som drivs av och f\u00f6r unga.<\/li><li>J\u00e4mlikhet: PeaceWorks utg\u00e5r fr\u00e5n alla m\u00e4nniskors lika v\u00e4rde. Vi str\u00e4var d\u00e4rf\u00f6r efter att motarbeta all typ av \u00f6ver- och underordning av m\u00e4nniskor som forts\u00e4tter att legitimera v\u00e4rldens oj\u00e4mlikhet och or\u00e4ttvisor.<\/li><li>Solidaritet: PeaceWorks \u00e4r en solidarisk organisation. Det inneb\u00e4r att vi (1) tar st\u00e4llning mot ekonomiska och sociala system som skapar och reproducerar or\u00e4ttvisor och oj\u00e4mn f\u00f6rdelning av makt och resurser; och (2) arbetar med konkreta solidariska handlingar och metoder s\u00e5v\u00e4l lokalt som globalt.<\/li><li>Kritisk reflektion: Genom kritisk reflektion str\u00e4var vi efter att synligg\u00f6ra och utmana dominerande f\u00f6rest\u00e4llningar om v\u00e4rlden, samt motverka globala maktstrukturer som grundar sig i dessa f\u00f6rest\u00e4llningar.<\/li><\/ul><\/li><li>Projektet ska antingen drivas av unga eller har unga som m\u00e5lgrupp.<\/li><li>PeaceWorks beh\u00f6ver godk\u00e4nna aktiviteten och bed\u00f6mer inkomna f\u00f6rslag p\u00e5 medlemsaktiviteter l\u00f6pande. Vi f\u00f6rbeh\u00e5ller oss r\u00e4tten att be om f\u00f6r\u00e4ndringar i f\u00f6rslaget (ex tid, plats etc som krockar med v\u00e5r verksamhet) eller avb\u00f6ja samverkan vid behov.<\/li><li>Aktivitetens deltagare \u00e4r eller blir medlemmar i PeaceWorks.<\/li><li>Bilder och kort sammanfattning av aktiviteten skickas till PeaceWorks efter genomf\u00f6randet.<\/li><\/ul>\t\t\t\t\t\t\t\t<\/div>\n\t\t\t\t<\/div>\n\t\t\t\t\t<\/div>\n\t\t\t\t<\/div>\n\t\t<div class=\"elementor-element elementor-element-9a18fc2 e-flex e-con-boxed e-con e-parent\" data-id=\"9a18fc2\" data-element_type=\"container\" data-e-type=\"container\">\n\t\t\t\t\t<div class=\"e-con-inner\">\n\t\t\t\t<div class=\"elementor-element elementor-element-2983465 elementor-widget elementor-widget-spacer\" data-id=\"2983465\" data-element_type=\"widget\" data-e-type=\"widget\" data-widget_type=\"spacer.default\">\n\t\t\t\t<div class=\"elementor-widget-container\">\n\t\t\t\t\t\t\t<div class=\"elementor-spacer\">\n\t\t\t<div class=\"elementor-spacer-inner\"><\/div>\n\t\t<\/div>\n\t\t\t\t\t\t<\/div>\n\t\t\t\t<\/div>\n\t\t\t\t\t<\/div>\n\t\t\t\t<\/div>\n\t\t<div class=\"elementor-element elementor-element-2fcd64e e-flex e-con-boxed e-con e-parent\" data-id=\"2fcd64e\" data-element_type=\"container\" data-e-type=\"container\">\n\t\t\t\t\t<div class=\"e-con-inner\">\n\t\t\t\t<div class=\"elementor-element elementor-element-393d579 elementor-widget elementor-widget-heading\" data-id=\"393d579\" data-element_type=\"widget\" data-e-type=\"widget\" data-widget_type=\"heading.default\">\n\t\t\t\t<div class=\"elementor-widget-container\">\n\t\t\t\t\t<h2 class=\"elementor-heading-title elementor-size-default\">Ans\u00f6k<\/h2>\t\t\t\t<\/div>\n\t\t\t\t<\/div>\n\t\t\t\t<div class=\"elementor-element elementor-element-a276069 elementor-widget elementor-widget-text-editor\" data-id=\"a276069\" data-element_type=\"widget\" data-e-type=\"widget\" data-widget_type=\"text-editor.default\">\n\t\t\t\t<div class=\"elementor-widget-container\">\n\t\t\t\t\t\t\t\t\t<p><div class=\"wpforms-container wpforms-container-full\" id=\"wpforms-26073\"><form id=\"wpforms-form-26073\" class=\"wpforms-validate wpforms-form wpforms-ajax-form\" data-formid=\"26073\" method=\"post\" enctype=\"multipart\/form-data\" action=\"\/en\/wp-json\/wp\/v2\/pages\/25690\" data-token=\"516bbd5db5a4afc69552930dac62bc42\" data-token-time=\"1778357083\"><noscript class=\"wpforms-error-noscript\">Please enable JavaScript in your browser to complete this form.<\/noscript><div class=\"wpforms-field-container\"><div id=\"wpforms-26073-field_3-container\" class=\"wpforms-field wpforms-field-text\" data-field-id=\"3\"><label class=\"wpforms-field-label\" for=\"wpforms-26073-field_3\">Namn p\u00e5 aktivitet <span class=\"wpforms-required-label\">*<\/span><\/label><input type=\"text\" id=\"wpforms-26073-field_3\" class=\"wpforms-field-medium wpforms-field-required\" name=\"wpforms[fields][3]\" required><\/div><div id=\"wpforms-26073-field_2-container\" class=\"wpforms-field wpforms-field-textarea\" data-field-id=\"2\"><label class=\"wpforms-field-label\" for=\"wpforms-26073-field_2\">Beskrivning p\u00e5 aktivitet <span class=\"wpforms-required-label\">*<\/span><\/label><textarea id=\"wpforms-26073-field_2\" class=\"wpforms-field-medium wpforms-field-required\" name=\"wpforms[fields][2]\" required><\/textarea><\/div><div id=\"wpforms-26073-field_4-container\" class=\"wpforms-field wpforms-field-textarea\" data-field-id=\"4\"><label class=\"wpforms-field-label\" for=\"wpforms-26073-field_4\">P\u00e5 vilket s\u00e4tt relaterar aktiviteten till PeaceWorks principer och fokusomr\u00e5den  <span class=\"wpforms-required-label\">*<\/span><\/label><textarea id=\"wpforms-26073-field_4\" class=\"wpforms-field-medium wpforms-field-required\" name=\"wpforms[fields][4]\" required><\/textarea><\/div><div id=\"wpforms-26073-field_5-container\" class=\"wpforms-field wpforms-field-textarea\" data-field-id=\"5\"><label class=\"wpforms-field-label\" for=\"wpforms-26073-field_5\">Tidsplan <span class=\"wpforms-required-label\">*<\/span><\/label><textarea id=\"wpforms-26073-field_5\" class=\"wpforms-field-medium wpforms-field-required\" name=\"wpforms[fields][5]\" required><\/textarea><\/div><div id=\"wpforms-26073-field_6-container\" class=\"wpforms-field wpforms-field-textarea\" data-field-id=\"6\"><label class=\"wpforms-field-label\" for=\"wpforms-26073-field_6\">Vilken typ av st\u00f6d s\u00f6ker ni fr\u00e5n pw? <span class=\"wpforms-required-label\">*<\/span><\/label><textarea id=\"wpforms-26073-field_6\" class=\"wpforms-field-medium wpforms-field-required\" name=\"wpforms[fields][6]\" required><\/textarea><\/div><div id=\"wpforms-26073-field_7-container\" class=\"wpforms-field wpforms-field-textarea\" data-field-id=\"7\"><label class=\"wpforms-field-label\" for=\"wpforms-26073-field_7\">M\u00e5lgrupp  <span class=\"wpforms-required-label\">*<\/span><\/label><textarea id=\"wpforms-26073-field_7\" class=\"wpforms-field-medium wpforms-field-required\" name=\"wpforms[fields][7]\" required><\/textarea><\/div><div id=\"wpforms-26073-field_8-container\" class=\"wpforms-field wpforms-field-textarea\" data-field-id=\"8\"><label class=\"wpforms-field-label\" for=\"wpforms-26073-field_8\">\u00c4r det ett samarbete med en annan grupp eller organisation? Om ja, beskriv hur samarbetet kommer att fungera <span class=\"wpforms-required-label\">*<\/span><\/label><textarea id=\"wpforms-26073-field_8\" class=\"wpforms-field-medium wpforms-field-required\" name=\"wpforms[fields][8]\" required><\/textarea><\/div><\/div><!-- .wpforms-field-container --><div class=\"wpforms-submit-container\" ><input type=\"hidden\" name=\"wpforms[id]\" value=\"26073\"><input type=\"hidden\" name=\"page_title\" value=\"\"><input type=\"hidden\" name=\"page_url\" value=\"https:\/\/peaceworks.se\/en\/wp-json\/wp\/v2\/pages\/25690\"><input type=\"hidden\" name=\"url_referer\" value=\"\"><button type=\"submit\" name=\"wpforms[submit]\" id=\"wpforms-submit-26073\" class=\"wpforms-submit\" data-alt-text=\"skickar...\" data-submit-text=\"l\u00e4mna in\" aria-live=\"assertive\" value=\"wpforms-submit\">l\u00e4mna in<\/button><img decoding=\"async\" src=\"https:\/\/peaceworks.se\/wp-content\/plugins\/wpforms-lite\/assets\/images\/submit-spin.svg\" class=\"wpforms-submit-spinner\" style=\"display: none;\" width=\"26\" height=\"26\" alt=\"Loading\"><\/div><\/form><\/div>  <!-- .wpforms-container --><\/p>\t\t\t\t\t\t\t\t<\/div>\n\t\t\t\t<\/div>\n\t\t\t\t\t<\/div>\n\t\t\t\t<\/div>\n\t\t<div class=\"elementor-element elementor-element-c577e79 e-flex e-con-boxed e-con e-parent\" data-id=\"c577e79\" data-element_type=\"container\" data-e-type=\"container\">\n\t\t\t\t\t<div class=\"e-con-inner\">\n\t\t<div class=\"elementor-element elementor-element-026cbab e-con-full e-flex e-con e-child\" data-id=\"026cbab\" data-element_type=\"container\" data-e-type=\"container\">\n\t\t\t\t<div class=\"elementor-element elementor-element-4aecfb1 elementor-widget elementor-widget-text-editor\" data-id=\"4aecfb1\" data-element_type=\"widget\" data-e-type=\"widget\" data-widget_type=\"text-editor.default\">\n\t\t\t\t<div class=\"elementor-widget-container\">\n\t\t\t\t\t\t\t\t\t<h4 style=\"text-align: right;\">Vill du ha mer info?<\/h4><h5 style=\"text-align: right;\">Kontakta oss<\/h5>\t\t\t\t\t\t\t\t<\/div>\n\t\t\t\t<\/div>\n\t\t\t\t<\/div>\n\t\t<div class=\"elementor-element elementor-element-ac602bc e-con-full e-flex e-con e-child\" data-id=\"ac602bc\" data-element_type=\"container\" data-e-type=\"container\" data-settings=\"{&quot;background_background&quot;:&quot;classic&quot;}\">\n\t\t\t\t<div class=\"elementor-element elementor-element-acc9829 elementor-widget elementor-widget-text-editor\" data-id=\"acc9829\" data-element_type=\"widget\" data-e-type=\"widget\" data-widget_type=\"text-editor.default\">\n\t\t\t\t<div class=\"elementor-widget-container\">\n\t\t\t\t\t\t\t\t\t<h3>Rafaella G\u00e4rde<\/h3><p>Nationell f\u00f6reningssamordnare<\/p><p><a href=\"mailto:rafaella.garde@peaceworks.se\">rafaella.garde@peaceworks.se<\/a><\/p>\t\t\t\t\t\t\t\t<\/div>\n\t\t\t\t<\/div>\n\t\t\t\t<\/div>\n\t\t\t\t\t<\/div>\n\t\t\t\t<\/div>\n\t\t\t\t<\/div>\n\t\t","protected":false},"excerpt":{"rendered":"<p>Genomf\u00f6r en medlemsaktivitet PeaceWorks syfte \u00e4r att fr\u00e4mja ungas kamp f\u00f6r solidariska, j\u00e4mlika samh\u00e4llen. Det inneb\u00e4r att du som medlem kan kontakta oss med id\u00e9er om aktiviteter som du vill ordna med st\u00f6d av PeaceWorks. Vi st\u00f6ttar med lokal (Solidaritetshuset), spridning, praktiska f\u00f6rberedelser och mindre f\u00f6rt\u00e4ringskostnader.\u00a0 Vad kan du g\u00f6ra? Panelsamtal Poddinspelningar Filmvisningar Bokcirkel Andra&#8230;<\/p>","protected":false},"author":1,"featured_media":0,"parent":0,"menu_order":0,"comment_status":"closed","ping_status":"closed","template":"","meta":{"footnotes":""},"class_list":["post-25690","page","type-page","status-publish","hentry"],"rttpg_featured_image_url":null,"rttpg_author":{"display_name":"PeaceWorks Sweden","author_link":"https:\/\/peaceworks.se\/en\/author\/p3ce-works\/"},"rttpg_comment":0,"rttpg_category":null,"rttpg_excerpt":"Genomf\u00f6r en medlemsaktivitet PeaceWorks syfte \u00e4r att fr\u00e4mja ungas kamp f\u00f6r solidariska, j\u00e4mlika samh\u00e4llen. Det inneb\u00e4r att du som medlem kan kontakta oss med id\u00e9er om aktiviteter som du vill ordna med st\u00f6d av PeaceWorks. Vi st\u00f6ttar med lokal (Solidaritetshuset), spridning, praktiska f\u00f6rberedelser och mindre f\u00f6rt\u00e4ringskostnader.\u00a0 Vad kan du g\u00f6ra? Panelsamtal Poddinspelningar Filmvisningar Bokcirkel Andra...","_links":{"self":[{"href":"https:\/\/peaceworks.se\/en\/wp-json\/wp\/v2\/pages\/25690","targetHints":{"allow":["GET"]}}],"collection":[{"href":"https:\/\/peaceworks.se\/en\/wp-json\/wp\/v2\/pages"}],"about":[{"href":"https:\/\/peaceworks.se\/en\/wp-json\/wp\/v2\/types\/page"}],"author":[{"embeddable":true,"href":"https:\/\/peaceworks.se\/en\/wp-json\/wp\/v2\/users\/1"}],"replies":[{"embeddable":true,"href":"https:\/\/peaceworks.se\/en\/wp-json\/wp\/v2\/comments?post=25690"}],"version-history":[{"count":196,"href":"https:\/\/peaceworks.se\/en\/wp-json\/wp\/v2\/pages\/25690\/revisions"}],"predecessor-version":[{"id":29235,"href":"https:\/\/peaceworks.se\/en\/wp-json\/wp\/v2\/pages\/25690\/revisions\/29235"}],"wp:attachment":[{"href":"https:\/\/peaceworks.se\/en\/wp-json\/wp\/v2\/media?parent=25690"}],"curies":[{"name":"wp","href":"https:\/\/api.w.org\/{rel}","templated":true}]}}