{"id":25720,"date":"2024-04-16T02:26:47","date_gmt":"2024-04-16T00:26:47","guid":{"rendered":"https:\/\/peaceworks.se\/?page_id=25720"},"modified":"2024-12-06T14:12:05","modified_gmt":"2024-12-06T13:12:05","slug":"vara-utbildningar","status":"publish","type":"page","link":"https:\/\/peaceworks.se\/en\/vara-utbildningar\/","title":{"rendered":"Our training courses"},"content":{"rendered":"<div data-elementor-type=\"wp-page\" data-elementor-id=\"25720\" class=\"elementor elementor-25720\">\n\t\t\t\t<div class=\"elementor-element elementor-element-214b012 e-flex e-con-boxed e-con e-parent\" data-id=\"214b012\" data-element_type=\"container\" data-e-type=\"container\">\n\t\t\t\t\t<div class=\"e-con-inner\">\n\t\t<div class=\"elementor-element elementor-element-007ff6d e-con-full e-flex e-con e-child\" data-id=\"007ff6d\" data-element_type=\"container\" data-e-type=\"container\">\n\t\t\t\t<div class=\"elementor-element elementor-element-5a792d2 elementor-widget elementor-widget-heading\" data-id=\"5a792d2\" data-element_type=\"widget\" data-e-type=\"widget\" data-widget_type=\"heading.default\">\n\t\t\t\t<div class=\"elementor-widget-container\">\n\t\t\t\t\t<h1 class=\"elementor-heading-title elementor-size-default\">Our training courses<\/h1>\t\t\t\t<\/div>\n\t\t\t\t<\/div>\n\t\t\t\t<div class=\"elementor-element elementor-element-d85181f elementor-widget elementor-widget-text-editor\" data-id=\"d85181f\" data-element_type=\"widget\" data-e-type=\"widget\" data-widget_type=\"text-editor.default\">\n\t\t\t\t<div class=\"elementor-widget-container\">\n\t\t\t\t\t\t\t\t\t<h5>Workshops<\/h5><h6>H\u00e4r hittar du information om PeaceWorks workshops.<\/h6>\t\t\t\t\t\t\t\t<\/div>\n\t\t\t\t<\/div>\n\t\t\t\t<\/div>\n\t\t<div class=\"elementor-element elementor-element-a0debef e-con-full e-flex e-con e-child\" data-id=\"a0debef\" data-element_type=\"container\" data-e-type=\"container\">\n\t\t<a class=\"eael-wrapper-link-0254ccf --eael-wrapper-link-tag\" href=\"https:\/\/peaceworks.se\/en\/vara-utbildningar\/genus-feminism\/\"><\/a><div data-eael-wrapper-link=\"eael-wrapper-link-0254ccf\" class=\"elementor-element elementor-element-0254ccf e-con-full e-flex e-con e-child\" data-id=\"0254ccf\" data-element_type=\"container\" data-e-type=\"container\" data-settings=\"{&quot;background_background&quot;:&quot;classic&quot;}\">\n\t\t\t\t<div class=\"elementor-element elementor-element-6f0c958 elementor-widget elementor-widget-heading\" data-id=\"6f0c958\" data-element_type=\"widget\" data-e-type=\"widget\" data-widget_type=\"heading.default\">\n\t\t\t\t<div class=\"elementor-widget-container\">\n\t\t\t\t\t<h3 class=\"elementor-heading-title elementor-size-default\">Genus &amp; Feminism<\/h3>\t\t\t\t<\/div>\n\t\t\t\t<\/div>\n\t\t\t\t<div class=\"elementor-element elementor-element-8f5ce2b elementor-widget elementor-widget-image\" data-id=\"8f5ce2b\" data-element_type=\"widget\" data-e-type=\"widget\" data-widget_type=\"image.default\">\n\t\t\t\t<div class=\"elementor-widget-container\">\n\t\t\t\t\t\t\t\t\t\t\t\t\t\t\t\t<a href=\"https:\/\/peaceworks.se\/en\/vara-utbildningar\/genus-feminism\/\">\n\t\t\t\t\t\t\t<img fetchpriority=\"high\" decoding=\"async\" width=\"401\" height=\"400\" src=\"https:\/\/peaceworks.se\/wp-content\/uploads\/2024\/05\/feminism-line-art-textur.png\" class=\"elementor-animation-grow attachment-large size-large wp-image-27851\" alt=\"\" srcset=\"https:\/\/peaceworks.se\/wp-content\/uploads\/2024\/05\/feminism-line-art-textur.png 401w, https:\/\/peaceworks.se\/wp-content\/uploads\/2024\/05\/feminism-line-art-textur-150x150.png 150w, https:\/\/peaceworks.se\/wp-content\/uploads\/2024\/05\/feminism-line-art-textur-12x12.png 12w\" sizes=\"(max-width: 401px) 100vw, 401px\" \/>\t\t\t\t\t\t\t\t<\/a>\n\t\t\t\t\t\t\t\t\t\t\t\t\t\t\t<\/div>\n\t\t\t\t<\/div>\n\t\t\t\t<\/div>\n\t\t<a class=\"eael-wrapper-link-dd4a212 --eael-wrapper-link-tag\" href=\"https:\/\/peaceworks.se\/en\/vara-utbildningar\/global-orattvisa\/\"><\/a><div data-eael-wrapper-link=\"eael-wrapper-link-dd4a212\" class=\"elementor-element elementor-element-dd4a212 e-con-full e-flex e-con e-child\" data-id=\"dd4a212\" data-element_type=\"container\" data-e-type=\"container\" data-settings=\"{&quot;background_background&quot;:&quot;classic&quot;}\">\n\t\t\t\t<div class=\"elementor-element elementor-element-326446d elementor-widget elementor-widget-heading\" data-id=\"326446d\" data-element_type=\"widget\" data-e-type=\"widget\" data-widget_type=\"heading.default\">\n\t\t\t\t<div class=\"elementor-widget-container\">\n\t\t\t\t\t<h3 class=\"elementor-heading-title elementor-size-default\">Global (o)r\u00e4ttvisa<\/h3>\t\t\t\t<\/div>\n\t\t\t\t<\/div>\n\t\t\t\t<div class=\"elementor-element elementor-element-c328f67 elementor-widget elementor-widget-image\" data-id=\"c328f67\" data-element_type=\"widget\" data-e-type=\"widget\" data-widget_type=\"image.default\">\n\t\t\t\t<div class=\"elementor-widget-container\">\n\t\t\t\t\t\t\t\t\t\t\t\t\t\t\t\t<a href=\"https:\/\/peaceworks.se\/en\/vara-utbildningar\/global-orattvisa\/\">\n\t\t\t\t\t\t\t<img decoding=\"async\" width=\"401\" height=\"400\" src=\"https:\/\/peaceworks.se\/wp-content\/uploads\/2024\/05\/global-rattvisa-line-art-textur.png\" class=\"elementor-animation-grow attachment-large size-large wp-image-27850\" alt=\"\" srcset=\"https:\/\/peaceworks.se\/wp-content\/uploads\/2024\/05\/global-rattvisa-line-art-textur.png 401w, https:\/\/peaceworks.se\/wp-content\/uploads\/2024\/05\/global-rattvisa-line-art-textur-150x150.png 150w, https:\/\/peaceworks.se\/wp-content\/uploads\/2024\/05\/global-rattvisa-line-art-textur-12x12.png 12w\" sizes=\"(max-width: 401px) 100vw, 401px\" \/>\t\t\t\t\t\t\t\t<\/a>\n\t\t\t\t\t\t\t\t\t\t\t\t\t\t\t<\/div>\n\t\t\t\t<\/div>\n\t\t\t\t<\/div>\n\t\t<a class=\"eael-wrapper-link-6f1f0b5 --eael-wrapper-link-tag\" href=\"https:\/\/peaceworks.se\/en\/vara-utbildningar\/antirasism\/\"><\/a><div data-eael-wrapper-link=\"eael-wrapper-link-6f1f0b5\" class=\"elementor-element elementor-element-6f1f0b5 e-con-full e-flex e-con e-child\" data-id=\"6f1f0b5\" data-element_type=\"container\" data-e-type=\"container\" data-settings=\"{&quot;background_background&quot;:&quot;classic&quot;}\">\n\t\t\t\t<div class=\"elementor-element elementor-element-ce23876 elementor-widget elementor-widget-heading\" data-id=\"ce23876\" data-element_type=\"widget\" data-e-type=\"widget\" data-widget_type=\"heading.default\">\n\t\t\t\t<div class=\"elementor-widget-container\">\n\t\t\t\t\t<h3 class=\"elementor-heading-title elementor-size-default\">Antirasism<\/h3>\t\t\t\t<\/div>\n\t\t\t\t<\/div>\n\t\t\t\t<div class=\"elementor-element elementor-element-c20aaba elementor-widget elementor-widget-image\" data-id=\"c20aaba\" data-element_type=\"widget\" data-e-type=\"widget\" data-widget_type=\"image.default\">\n\t\t\t\t<div class=\"elementor-widget-container\">\n\t\t\t\t\t\t\t\t\t\t\t\t\t\t\t\t<a href=\"https:\/\/peaceworks.se\/en\/vara-utbildningar\/antirasism\/\">\n\t\t\t\t\t\t\t<img decoding=\"async\" width=\"401\" height=\"400\" src=\"https:\/\/peaceworks.se\/wp-content\/uploads\/2024\/05\/global-rattvisa-line-art-textur_1.png\" class=\"elementor-animation-grow attachment-large size-large wp-image-27852\" alt=\"\" srcset=\"https:\/\/peaceworks.se\/wp-content\/uploads\/2024\/05\/global-rattvisa-line-art-textur_1.png 401w, https:\/\/peaceworks.se\/wp-content\/uploads\/2024\/05\/global-rattvisa-line-art-textur_1-150x150.png 150w, https:\/\/peaceworks.se\/wp-content\/uploads\/2024\/05\/global-rattvisa-line-art-textur_1-12x12.png 12w\" sizes=\"(max-width: 401px) 100vw, 401px\" \/>\t\t\t\t\t\t\t\t<\/a>\n\t\t\t\t\t\t\t\t\t\t\t\t\t\t\t<\/div>\n\t\t\t\t<\/div>\n\t\t\t\t<\/div>\n\t\t\t\t<\/div>\n\t\t\t\t\t<\/div>\n\t\t\t\t<\/div>\n\t\t<div class=\"elementor-element elementor-element-64d4182 e-flex e-con-boxed e-con e-parent\" data-id=\"64d4182\" data-element_type=\"container\" data-e-type=\"container\">\n\t\t\t\t\t<div class=\"e-con-inner\">\n\t\t\t\t<div class=\"elementor-element elementor-element-2d56f7c elementor-widget elementor-widget-spacer\" data-id=\"2d56f7c\" data-element_type=\"widget\" data-e-type=\"widget\" data-widget_type=\"spacer.default\">\n\t\t\t\t<div class=\"elementor-widget-container\">\n\t\t\t\t\t\t\t<div class=\"elementor-spacer\">\n\t\t\t<div class=\"elementor-spacer-inner\"><\/div>\n\t\t<\/div>\n\t\t\t\t\t\t<\/div>\n\t\t\t\t<\/div>\n\t\t\t\t\t<\/div>\n\t\t\t\t<\/div>\n\t\t<div class=\"elementor-element elementor-element-1e55fa4 elementor-hidden-desktop elementor-hidden-tablet elementor-hidden-mobile e-flex e-con-boxed e-con e-parent\" data-id=\"1e55fa4\" data-element_type=\"container\" data-e-type=\"container\">\n\t\t\t\t\t<div class=\"e-con-inner\">\n\t\t\t\t<div class=\"elementor-element elementor-element-34e031d elementor-widget elementor-widget-text-editor\" data-id=\"34e031d\" data-element_type=\"widget\" data-e-type=\"widget\" data-widget_type=\"text-editor.default\">\n\t\t\t\t<div class=\"elementor-widget-container\">\n\t\t\t\t\t\t\t\t\t<p><div class=\"_df_book df-lite\" id=\"df_26262\"  _slug=\"infopaket-peaceworks-utbildning\" data-title=\"infopaket-peaceworks-utbildning\" wpoptions=\"true\" thumbtype=\"\" ><\/div><script class=\"df-shortcode-script\" nowprocket type=\"application\/javascript\">window.option_df_26262 = {\"outline\":[],\"autoEnableOutline\":\"false\",\"autoEnableThumbnail\":\"false\",\"overwritePDFOutline\":\"false\",\"direction\":\"1\",\"pageSize\":\"0\",\"source\":\"http:\\\/\\\/peaceworks.se\\\/wp-content\\\/uploads\\\/sites\\\/6\\\/2022\\\/09\\\/Infopaket-utbildning2022-a4.pdf\",\"wpOptions\":\"true\"}; if(window.DFLIP && window.DFLIP.parseBooks){window.DFLIP.parseBooks();}<\/script><\/p>\t\t\t\t\t\t\t\t<\/div>\n\t\t\t\t<\/div>\n\t\t\t\t\t<\/div>\n\t\t\t\t<\/div>\n\t\t\t\t<\/div>","protected":false},"excerpt":{"rendered":"<p>V\u00e5ra utbildningar Workshops H\u00e4r hittar du information om PeaceWorks workshops. Genus &amp; Feminism Global (o)r\u00e4ttvisa Antirasism<\/p>","protected":false},"author":1,"featured_media":26394,"parent":0,"menu_order":0,"comment_status":"closed","ping_status":"closed","template":"","meta":{"footnotes":""},"class_list":["post-25720","page","type-page","status-publish","has-post-thumbnail","hentry"],"rttpg_featured_image_url":{"full":["https:\/\/peaceworks.se\/wp-content\/uploads\/2024\/04\/vara-utbildningar.png",1920,1081,false],"landscape":["https:\/\/peaceworks.se\/wp-content\/uploads\/2024\/04\/vara-utbildningar.png",1920,1081,false],"portraits":["https:\/\/peaceworks.se\/wp-content\/uploads\/2024\/04\/vara-utbildningar.png",1920,1081,false],"thumbnail":["https:\/\/peaceworks.se\/wp-content\/uploads\/2024\/04\/vara-utbildningar-150x150.png",150,150,true],"medium":["https:\/\/peaceworks.se\/wp-content\/uploads\/2024\/04\/vara-utbildningar-400x225.png",400,225,true],"large":["https:\/\/peaceworks.se\/wp-content\/uploads\/2024\/04\/vara-utbildningar-800x450.png",800,450,true],"1536x1536":["https:\/\/peaceworks.se\/wp-content\/uploads\/2024\/04\/vara-utbildningar-1536x865.png",1536,865,true],"2048x2048":["https:\/\/peaceworks.se\/wp-content\/uploads\/2024\/04\/vara-utbildningar.png",1920,1081,false],"trp-custom-language-flag":["https:\/\/peaceworks.se\/wp-content\/uploads\/2024\/04\/vara-utbildningar-18x10.png",18,10,true]},"rttpg_author":{"display_name":"PeaceWorks Sweden","author_link":"https:\/\/peaceworks.se\/en\/author\/p3ce-works\/"},"rttpg_comment":0,"rttpg_category":null,"rttpg_excerpt":"V\u00e5ra utbildningar Workshops H\u00e4r hittar du information om PeaceWorks workshops. Genus &amp; Feminism Global (o)r\u00e4ttvisa Antirasism","_links":{"self":[{"href":"https:\/\/peaceworks.se\/en\/wp-json\/wp\/v2\/pages\/25720","targetHints":{"allow":["GET"]}}],"collection":[{"href":"https:\/\/peaceworks.se\/en\/wp-json\/wp\/v2\/pages"}],"about":[{"href":"https:\/\/peaceworks.se\/en\/wp-json\/wp\/v2\/types\/page"}],"author":[{"embeddable":true,"href":"https:\/\/peaceworks.se\/en\/wp-json\/wp\/v2\/users\/1"}],"replies":[{"embeddable":true,"href":"https:\/\/peaceworks.se\/en\/wp-json\/wp\/v2\/comments?post=25720"}],"version-history":[{"count":41,"href":"https:\/\/peaceworks.se\/en\/wp-json\/wp\/v2\/pages\/25720\/revisions"}],"predecessor-version":[{"id":29109,"href":"https:\/\/peaceworks.se\/en\/wp-json\/wp\/v2\/pages\/25720\/revisions\/29109"}],"wp:featuredmedia":[{"embeddable":true,"href":"https:\/\/peaceworks.se\/en\/wp-json\/wp\/v2\/media\/26394"}],"wp:attachment":[{"href":"https:\/\/peaceworks.se\/en\/wp-json\/wp\/v2\/media?parent=25720"}],"curies":[{"name":"wp","href":"https:\/\/api.w.org\/{rel}","templated":true}]}}