{"id":26221,"date":"2024-04-18T17:28:42","date_gmt":"2024-04-18T15:28:42","guid":{"rendered":"https:\/\/peaceworks.se\/?page_id=26221"},"modified":"2024-04-22T15:09:23","modified_gmt":"2024-04-22T13:09:23","slug":"antirasism","status":"publish","type":"page","link":"https:\/\/peaceworks.se\/en\/vara-utbildningar\/antirasism\/","title":{"rendered":"Antirasism"},"content":{"rendered":"\t\t<div data-elementor-type=\"wp-page\" data-elementor-id=\"26221\" class=\"elementor elementor-26221\">\n\t\t\t\t<div class=\"elementor-element elementor-element-dbf7a87 e-flex e-con-boxed e-con e-parent\" data-id=\"dbf7a87\" data-element_type=\"container\" data-e-type=\"container\">\n\t\t\t\t\t<div class=\"e-con-inner\">\n\t\t<div class=\"elementor-element elementor-element-7cf62e5 e-flex e-con-boxed e-con e-child\" data-id=\"7cf62e5\" data-element_type=\"container\" data-e-type=\"container\">\n\t\t\t\t\t<div class=\"e-con-inner\">\n\t\t\t\t<div class=\"elementor-element elementor-element-4805147 elementor-widget elementor-widget-heading\" data-id=\"4805147\" data-element_type=\"widget\" data-e-type=\"widget\" data-widget_type=\"heading.default\">\n\t\t\t\t<div class=\"elementor-widget-container\">\n\t\t\t\t\t<h3 class=\"elementor-heading-title elementor-size-default\">Workshop<\/h3>\t\t\t\t<\/div>\n\t\t\t\t<\/div>\n\t\t\t\t<div class=\"elementor-element elementor-element-b8d0b34 elementor-widget elementor-widget-text-editor\" data-id=\"b8d0b34\" data-element_type=\"widget\" data-e-type=\"widget\" data-widget_type=\"text-editor.default\">\n\t\t\t\t<div class=\"elementor-widget-container\">\n\t\t\t\t\t\t\t\t\t<p>Vi utvecklar ett program f\u00f6r kompetensutveckling utifr\u00e5n ditt teams intresse och behov.<\/p><div class=\"wp-block-columns\"><div class=\"wp-block-column\"><p>P\u00e5 fokusomr\u00e5det antirasism har vi framf\u00f6rallt f\u00f6ljande tv\u00e5 utbildningar:<\/p><\/div><\/div>\t\t\t\t\t\t\t\t<\/div>\n\t\t\t\t<\/div>\n\t\t\t\t<div class=\"elementor-element elementor-element-a21ac8d elementor-widget elementor-widget-heading\" data-id=\"a21ac8d\" data-element_type=\"widget\" data-e-type=\"widget\" data-widget_type=\"heading.default\">\n\t\t\t\t<div class=\"elementor-widget-container\">\n\t\t\t\t\t<h4 class=\"elementor-heading-title elementor-size-default\">L\u00e5t st\u00e5<\/h4>\t\t\t\t<\/div>\n\t\t\t\t<\/div>\n\t\t\t\t<div class=\"elementor-element elementor-element-6542e05 elementor-widget elementor-widget-text-editor\" data-id=\"6542e05\" data-element_type=\"widget\" data-e-type=\"widget\" data-widget_type=\"text-editor.default\">\n\t\t\t\t<div class=\"elementor-widget-container\">\n\t\t\t\t\t\t\t\t\t<div class=\"wp-block-columns\"><div class=\"wp-block-column\"><p>Genom hela utbildningsmaterialet l\u00f6per en pedagogisk r\u00f6d tr\u00e5d: fr\u00e5n utbildningens f\u00f6rsta stund till dess sista timme. Den r\u00f6da tr\u00e5den inneb\u00e4r att l\u00e4ra genom att g\u00f6ra. Ist\u00e4llet f\u00f6r att enbart prata om antirasism arbetar deltagarna aktivt med detta under utbildningen.<\/p><p>L\u00e5t St\u00e5 \u00e4r ett antirasistiskt metodmaterial som har tagits fram i samarbete med M\u00e5ngkulturellt centrum och pilotskolor runt om i Sverige. Det syftar till att st\u00e4rka skolor i implementeringen av antirasism s\u00e5 att det genomsyrar hela verksamheten, fr\u00e5n undervisning till f\u00f6rh\u00e5llningss\u00e4tt, regler och rutiner. Materialet \u00e4r v\u00e4l f\u00f6rankrad i forskningen och vilar i huvudsak p\u00e5 postkoloniala teorier samt kritiska ras- och vithetstudier.<\/p><p>L\u00e5t St\u00e5 \u00e4r f\u00f6r\u00e4ndringsinriktat och inneh\u00e5ller arbetsmetoder och strategier mot rasism. Det \u00e4r ett material som hj\u00e4lper l\u00e4raren att s\u00e4kerst\u00e4lla god kvalitet i arbetet med att uppfylla l\u00e4roplanens m\u00e5l.<\/p><\/div><\/div>\t\t\t\t\t\t\t\t<\/div>\n\t\t\t\t<\/div>\n\t\t\t\t<div class=\"elementor-element elementor-element-c34bd19 elementor-widget elementor-widget-heading\" data-id=\"c34bd19\" data-element_type=\"widget\" data-e-type=\"widget\" data-widget_type=\"heading.default\">\n\t\t\t\t<div class=\"elementor-widget-container\">\n\t\t\t\t\t<h5 class=\"elementor-heading-title elementor-size-default\">Uppl\u00e4gg<\/h5>\t\t\t\t<\/div>\n\t\t\t\t<\/div>\n\t\t<div class=\"elementor-element elementor-element-3c810a1 e-flex e-con-boxed e-con e-child\" data-id=\"3c810a1\" data-element_type=\"container\" data-e-type=\"container\">\n\t\t\t\t\t<div class=\"e-con-inner\">\n\t\t<div class=\"elementor-element elementor-element-801fe6d e-flex e-con-boxed e-con e-child\" data-id=\"801fe6d\" data-element_type=\"container\" data-e-type=\"container\">\n\t\t\t\t\t<div class=\"e-con-inner\">\n\t\t\t\t<div class=\"elementor-element elementor-element-dda2779 elementor-widget elementor-widget-text-editor\" data-id=\"dda2779\" data-element_type=\"widget\" data-e-type=\"widget\" data-widget_type=\"text-editor.default\">\n\t\t\t\t<div class=\"elementor-widget-container\">\n\t\t\t\t\t\t\t\t\t<p>Block 1: teoretiska ramverk<\/p><div class=\"wp-block-columns\"><div class=\"wp-block-column\"><ul><li>Makt och strukturer<\/li><li>Rasismens historia och samtid<\/li><li>Vithet<\/li><li>Ras, etnicitet och kultur<\/li><li>Svenskhet och svensk sj\u00e4lvbild<\/li><\/ul><\/div><\/div>\t\t\t\t\t\t\t\t<\/div>\n\t\t\t\t<\/div>\n\t\t\t\t\t<\/div>\n\t\t\t\t<\/div>\n\t\t<div class=\"elementor-element elementor-element-020a963 e-flex e-con-boxed e-con e-child\" data-id=\"020a963\" data-element_type=\"container\" data-e-type=\"container\">\n\t\t\t\t\t<div class=\"e-con-inner\">\n\t\t\t\t<div class=\"elementor-element elementor-element-0cb9cf1 elementor-widget elementor-widget-text-editor\" data-id=\"0cb9cf1\" data-element_type=\"widget\" data-e-type=\"widget\" data-widget_type=\"text-editor.default\">\n\t\t\t\t<div class=\"elementor-widget-container\">\n\t\t\t\t\t\t\t\t\t<div class=\"wp-block-column\"><p>Block 2: antirasism i praktiken<\/p><\/div><div><p><em>Hur l\u00e5ng \u00e4r utbildningen?<\/em><\/p><p>I sin helhet \u00e4r utbildningen<br \/>2 heldagar men det g\u00e5r att<br \/>anpassa till en halv- eller<br \/>hel dag.<\/p><\/div>\t\t\t\t\t\t\t\t<\/div>\n\t\t\t\t<\/div>\n\t\t\t\t\t<\/div>\n\t\t\t\t<\/div>\n\t\t\t\t\t<\/div>\n\t\t\t\t<\/div>\n\t\t\t\t<div class=\"elementor-element elementor-element-46b6daa elementor-widget elementor-widget-image\" data-id=\"46b6daa\" data-element_type=\"widget\" data-e-type=\"widget\" data-widget_type=\"image.default\">\n\t\t\t\t<div class=\"elementor-widget-container\">\n\t\t\t\t\t\t\t\t\t\t\t\t\t\t\t<img fetchpriority=\"high\" decoding=\"async\" width=\"800\" height=\"418\" src=\"https:\/\/peaceworks.se\/wp-content\/uploads\/2015\/01\/latstainsta-fb-800x418.jpg\" class=\"attachment-large size-large wp-image-10987\" alt=\"L\u00e5t st\u00e5\" srcset=\"https:\/\/peaceworks.se\/wp-content\/uploads\/2015\/01\/latstainsta-fb-800x418.jpg 800w, https:\/\/peaceworks.se\/wp-content\/uploads\/2015\/01\/latstainsta-fb-400x209.jpg 400w, https:\/\/peaceworks.se\/wp-content\/uploads\/2015\/01\/latstainsta-fb-768x401.jpg 768w, https:\/\/peaceworks.se\/wp-content\/uploads\/2015\/01\/latstainsta-fb.jpg 1200w\" sizes=\"(max-width: 800px) 100vw, 800px\" \/>\t\t\t\t\t\t\t\t\t\t\t\t\t\t\t<\/div>\n\t\t\t\t<\/div>\n\t\t\t\t<div class=\"elementor-element elementor-element-b88cdb3 elementor-widget elementor-widget-heading\" data-id=\"b88cdb3\" data-element_type=\"widget\" data-e-type=\"widget\" data-widget_type=\"heading.default\">\n\t\t\t\t<div class=\"elementor-widget-container\">\n\t\t\t\t\t<h4 class=\"elementor-heading-title elementor-size-default\">Min skola och v\u00e5r j\u00e4vla vardag<\/h4>\t\t\t\t<\/div>\n\t\t\t\t<\/div>\n\t\t\t\t<div class=\"elementor-element elementor-element-3358cf1 elementor-widget elementor-widget-text-editor\" data-id=\"3358cf1\" data-element_type=\"widget\" data-e-type=\"widget\" data-widget_type=\"text-editor.default\">\n\t\t\t\t<div class=\"elementor-widget-container\">\n\t\t\t\t\t\t\t\t\t<p>Utbildningen \u00f6kar f\u00f6rst\u00e5elsen f\u00f6r rasismens mekanismer samtidigt som den tillf\u00f6r konkreta verktyg att bedriva en antirasistisk verksamhet.<\/p><p>Min Skola \u00e4r ett antirasistiskt metodmaterial som syftar till att st\u00e4rka skolor i deras redan existerande v\u00e4rdegrundsarbete utifr\u00e5n en antirasistisk pedagogik.<\/p><div class=\"wp-block-columns\"><div class=\"wp-block-column\"><h5>Uppl\u00e4gg<\/h5><ul><li>Makt och normer<\/li><li>Normkritik vs tolerans<\/li><li>Vithet, etnicitet och kultur<\/li><li>Rasismisberget<\/li><\/ul><\/div><div class=\"wp-block-column\"><blockquote class=\"wp-block-quote\"><p>*Till\u00e4gg<br \/>Hyr filmen<\/p><p><img decoding=\"async\" src=\"https:\/\/peaceworks.se\/wp-content\/uploads\/2020\/08\/PW-hemsida-filmvisning-scaled.jpg\" \/><\/p><\/blockquote><\/div><\/div>\t\t\t\t\t\t\t\t<\/div>\n\t\t\t\t<\/div>\n\t\t\t\t\t<\/div>\n\t\t\t\t<\/div>\n\t\t<div class=\"elementor-element elementor-element-52b8414 e-flex e-con-boxed e-con e-child\" data-id=\"52b8414\" data-element_type=\"container\" data-e-type=\"container\">\n\t\t\t\t\t<div class=\"e-con-inner\">\n\t\t\t\t<div class=\"elementor-element elementor-element-f25c31e elementor-widget elementor-widget-heading\" data-id=\"f25c31e\" data-element_type=\"widget\" data-e-type=\"widget\" data-widget_type=\"heading.default\">\n\t\t\t\t<div class=\"elementor-widget-container\">\n\t\t\t\t\t<h2 class=\"elementor-heading-title elementor-size-default\">Boka workshopen<\/h2>\t\t\t\t<\/div>\n\t\t\t\t<\/div>\n\t\t\t\t<div class=\"elementor-element elementor-element-72ac131 eael-wpforms-labels-yes eael-wpforms-form-button-custom elementor-widget elementor-widget-eael-wpforms\" data-id=\"72ac131\" data-element_type=\"widget\" data-e-type=\"widget\" data-widget_type=\"eael-wpforms.default\">\n\t\t\t\t<div class=\"elementor-widget-container\">\n\t\t\t\t\t            <div class=\"eael-contact-form eael-wpforms eael-wpforms-align-default\">\n                                <div class=\"wpforms-container wpforms-container-full\" id=\"wpforms-26301\"><form id=\"wpforms-form-26301\" class=\"wpforms-validate wpforms-form wpforms-ajax-form\" data-formid=\"26301\" method=\"post\" enctype=\"multipart\/form-data\" action=\"\/en\/wp-json\/wp\/v2\/pages\/26221\" data-token=\"4d38ffc4159639e1293fe64e9df6d868\" data-token-time=\"1778352912\"><div class=\"wpforms-head-container\"><div class=\"wpforms-description\">Vill du ha mer information om v\u00e5ra workshops? kontakta oss!<\/div><\/div><noscript class=\"wpforms-error-noscript\">Please enable JavaScript in your browser to complete this form.<\/noscript><div class=\"wpforms-field-container\"><div id=\"wpforms-26301-field_1-container\" class=\"wpforms-field wpforms-field-name\" data-field-id=\"1\"><label class=\"wpforms-field-label\">Namn <span class=\"wpforms-required-label\">*<\/span><\/label><div class=\"wpforms-field-row wpforms-field-medium\"><div class=\"wpforms-field-row-block wpforms-first wpforms-one-half\"><input type=\"text\" id=\"wpforms-26301-field_1\" class=\"wpforms-field-name-first wpforms-field-required\" name=\"wpforms[fields][1][first]\" required><label for=\"wpforms-26301-field_1\" class=\"wpforms-field-sublabel after\">First<\/label><\/div><div class=\"wpforms-field-row-block wpforms-one-half\"><input type=\"text\" id=\"wpforms-26301-field_1-last\" class=\"wpforms-field-name-last wpforms-field-required\" name=\"wpforms[fields][1][last]\" required><label for=\"wpforms-26301-field_1-last\" class=\"wpforms-field-sublabel after\">Last<\/label><\/div><\/div><\/div><div id=\"wpforms-26301-field_2-container\" class=\"wpforms-field wpforms-field-email\" data-field-id=\"2\"><label class=\"wpforms-field-label\" for=\"wpforms-26301-field_2\">e-post <span class=\"wpforms-required-label\">*<\/span><\/label><input type=\"email\" id=\"wpforms-26301-field_2\" class=\"wpforms-field-medium wpforms-field-required\" name=\"wpforms[fields][2]\" spellcheck=\"false\" required><\/div><div id=\"wpforms-26301-field_3-container\" class=\"wpforms-field wpforms-field-text\" data-field-id=\"3\"><label class=\"wpforms-field-label\" for=\"wpforms-26301-field_3\">F\u00f6rening\/f\u00f6retag <span class=\"wpforms-required-label\">*<\/span><\/label><input type=\"text\" id=\"wpforms-26301-field_3\" class=\"wpforms-field-medium wpforms-field-required\" name=\"wpforms[fields][3]\" required><\/div><div id=\"wpforms-26301-field_4-container\" class=\"wpforms-field wpforms-field-checkbox\" data-field-id=\"4\"><label class=\"wpforms-field-label\">V\u00e4lj workshop <span class=\"wpforms-required-label\">*<\/span><\/label><ul id=\"wpforms-26301-field_4\" class=\"wpforms-field-required\"><li class=\"choice-1 depth-1\"><input type=\"checkbox\" id=\"wpforms-26301-field_4_1\" name=\"wpforms[fields][4][]\" value=\"Workshop om antirasism\" required ><label class=\"wpforms-field-label-inline\" for=\"wpforms-26301-field_4_1\">Workshop om antirasism<\/label><\/li><li class=\"choice-2 depth-1\"><input type=\"checkbox\" id=\"wpforms-26301-field_4_2\" name=\"wpforms[fields][4][]\" value=\"Workshop om genus &amp; feminism\" required ><label class=\"wpforms-field-label-inline\" for=\"wpforms-26301-field_4_2\">Workshop om genus &amp; feminism<\/label><\/li><li class=\"choice-3 depth-1\"><input type=\"checkbox\" id=\"wpforms-26301-field_4_3\" name=\"wpforms[fields][4][]\" value=\"Workshop om Global (o)r\u00e4ttvisa\" required ><label class=\"wpforms-field-label-inline\" for=\"wpforms-26301-field_4_3\">Workshop om Global (o)r\u00e4ttvisa<\/label><\/li><\/ul><\/div><div id=\"wpforms-26301-field_5-container\" class=\"wpforms-field wpforms-field-textarea\" data-field-id=\"5\"><label class=\"wpforms-field-label\" for=\"wpforms-26301-field_5\">Kommentar<\/label><textarea id=\"wpforms-26301-field_5\" class=\"wpforms-field-medium\" name=\"wpforms[fields][5]\" ><\/textarea><\/div><\/div><!-- .wpforms-field-container --><div class=\"wpforms-submit-container\" ><input type=\"hidden\" name=\"wpforms[id]\" value=\"26301\"><input type=\"hidden\" name=\"page_title\" value=\"\"><input type=\"hidden\" name=\"page_url\" value=\"https:\/\/peaceworks.se\/en\/wp-json\/wp\/v2\/pages\/26221\"><input type=\"hidden\" name=\"url_referer\" value=\"\"><button type=\"submit\" name=\"wpforms[submit]\" id=\"wpforms-submit-26301\" class=\"wpforms-submit\" data-alt-text=\"Skickar...\" data-submit-text=\"Skicka\" aria-live=\"assertive\" value=\"wpforms-submit\">Skicka<\/button><img decoding=\"async\" src=\"https:\/\/peaceworks.se\/wp-content\/plugins\/wpforms-lite\/assets\/images\/submit-spin.svg\" class=\"wpforms-submit-spinner\" style=\"display: none;\" width=\"26\" height=\"26\" alt=\"Loading\"><\/div><\/form><\/div>  <!-- .wpforms-container -->            <\/div>\n\t\t\t\t<\/div>\n\t\t\t\t<\/div>\n\t\t\t\t<div class=\"elementor-element elementor-element-ff6bccf elementor-widget elementor-widget-text-editor\" data-id=\"ff6bccf\" data-element_type=\"widget\" data-e-type=\"widget\" data-widget_type=\"text-editor.default\">\n\t\t\t\t<div class=\"elementor-widget-container\">\n\t\t\t\t\t\t\t\t\t<blockquote><p>M\u00e5nga upplever att kunskap och konkreta metoder lyser med sin fr\u00e5nvaro n\u00e4r det kommer till arbete mot rasism och diskriminering i i allt fr\u00e5n skolan till kommunala verksamheter. Genom utbildningen f\u00e5r deltagarna effektiva verktyg att kunna motverka rasismens olika uttryck, s\u00e5v\u00e4l som att sj\u00e4lva uppn\u00e5 positiva attitydf\u00f6r\u00e4ndringar.<\/p><\/blockquote><p>\u00a0<\/p><p>\u00a0<\/p><p>Mer info:\u00a0<a href=\"mailto:info@peaceworks.se\">info@peaceworks.se<\/a><\/p>\t\t\t\t\t\t\t\t<\/div>\n\t\t\t\t<\/div>\n\t\t\t\t\t<\/div>\n\t\t\t\t<\/div>\n\t\t\t\t\t<\/div>\n\t\t\t\t<\/div>\n\t\t\t\t<\/div>\n\t\t","protected":false},"excerpt":{"rendered":"<p>Workshop Vi utvecklar ett program f\u00f6r kompetensutveckling utifr\u00e5n ditt teams intresse och behov. P\u00e5 fokusomr\u00e5det antirasism har vi framf\u00f6rallt f\u00f6ljande tv\u00e5 utbildningar: L\u00e5t st\u00e5 Genom hela utbildningsmaterialet l\u00f6per en pedagogisk r\u00f6d tr\u00e5d: fr\u00e5n utbildningens f\u00f6rsta stund till dess sista timme. Den r\u00f6da tr\u00e5den inneb\u00e4r att l\u00e4ra genom att g\u00f6ra. Ist\u00e4llet f\u00f6r att enbart prata om&#8230;<\/p>","protected":false},"author":1,"featured_media":0,"parent":25720,"menu_order":0,"comment_status":"closed","ping_status":"closed","template":"","meta":{"footnotes":""},"class_list":["post-26221","page","type-page","status-publish","hentry"],"rttpg_featured_image_url":null,"rttpg_author":{"display_name":"PeaceWorks Sweden","author_link":"https:\/\/peaceworks.se\/en\/author\/p3ce-works\/"},"rttpg_comment":0,"rttpg_category":null,"rttpg_excerpt":"Workshop Vi utvecklar ett program f\u00f6r kompetensutveckling utifr\u00e5n ditt teams intresse och behov. P\u00e5 fokusomr\u00e5det antirasism har vi framf\u00f6rallt f\u00f6ljande tv\u00e5 utbildningar: L\u00e5t st\u00e5 Genom hela utbildningsmaterialet l\u00f6per en pedagogisk r\u00f6d tr\u00e5d: fr\u00e5n utbildningens f\u00f6rsta stund till dess sista timme. Den r\u00f6da tr\u00e5den inneb\u00e4r att l\u00e4ra genom att g\u00f6ra. Ist\u00e4llet f\u00f6r att enbart prata om...","_links":{"self":[{"href":"https:\/\/peaceworks.se\/en\/wp-json\/wp\/v2\/pages\/26221","targetHints":{"allow":["GET"]}}],"collection":[{"href":"https:\/\/peaceworks.se\/en\/wp-json\/wp\/v2\/pages"}],"about":[{"href":"https:\/\/peaceworks.se\/en\/wp-json\/wp\/v2\/types\/page"}],"author":[{"embeddable":true,"href":"https:\/\/peaceworks.se\/en\/wp-json\/wp\/v2\/users\/1"}],"replies":[{"embeddable":true,"href":"https:\/\/peaceworks.se\/en\/wp-json\/wp\/v2\/comments?post=26221"}],"version-history":[{"count":31,"href":"https:\/\/peaceworks.se\/en\/wp-json\/wp\/v2\/pages\/26221\/revisions"}],"predecessor-version":[{"id":26648,"href":"https:\/\/peaceworks.se\/en\/wp-json\/wp\/v2\/pages\/26221\/revisions\/26648"}],"up":[{"embeddable":true,"href":"https:\/\/peaceworks.se\/en\/wp-json\/wp\/v2\/pages\/25720"}],"wp:attachment":[{"href":"https:\/\/peaceworks.se\/en\/wp-json\/wp\/v2\/media?parent=26221"}],"curies":[{"name":"wp","href":"https:\/\/api.w.org\/{rel}","templated":true}]}}