{"id":26223,"date":"2024-04-18T17:29:12","date_gmt":"2024-04-18T15:29:12","guid":{"rendered":"https:\/\/peaceworks.se\/?page_id=26223"},"modified":"2024-04-22T15:04:55","modified_gmt":"2024-04-22T13:04:55","slug":"genus-feminism","status":"publish","type":"page","link":"https:\/\/peaceworks.se\/en\/vara-utbildningar\/genus-feminism\/","title":{"rendered":"Genus &#038; feminism"},"content":{"rendered":"\t\t<div data-elementor-type=\"wp-page\" data-elementor-id=\"26223\" class=\"elementor elementor-26223\">\n\t\t\t\t<div class=\"elementor-element elementor-element-2c0ad85 e-flex e-con-boxed e-con e-parent\" data-id=\"2c0ad85\" data-element_type=\"container\" data-e-type=\"container\">\n\t\t\t\t\t<div class=\"e-con-inner\">\n\t\t<div class=\"elementor-element elementor-element-af0f3b2 e-flex e-con-boxed e-con e-child\" data-id=\"af0f3b2\" data-element_type=\"container\" data-e-type=\"container\">\n\t\t\t\t\t<div class=\"e-con-inner\">\n\t\t\t\t<div class=\"elementor-element elementor-element-8b7cd98 elementor-widget elementor-widget-text-editor\" data-id=\"8b7cd98\" data-element_type=\"widget\" data-e-type=\"widget\" data-widget_type=\"text-editor.default\">\n\t\t\t\t<div class=\"elementor-widget-container\">\n\t\t\t\t\t\t\t\t\t<p><\/p>\n<h3 class=\"wp-block-heading\">Workshop om genus &amp; feminism<\/h3>\n<p><\/p>\n<div class=\"is-layout-flex wp-container-core-columns-is-layout-9d6595d7 wp-block-columns-is-layout-flex\">\n<div class=\"is-layout-flow wp-block-column-is-layout-flow\">\n<blockquote class=\"is-layout-flow wp-block-quote-is-layout-flow\">\n<p>Vi utvecklar ett program f\u00f6r kompetensutveckling utifr\u00e5n ditt teams intresse och behov.<\/p>\n<\/blockquote>\n\n<p>Feministisk workshop med fokus p\u00e5 destruktiva maskulinitetsnormer utifr\u00e5n ett intersektionellt perspektiv. Den togs fram 2017 inom ramen f\u00f6r projektet Under det bl\u00e5 t\u00e4cket. Sedan projektets slut har workshoppen uppdaterats och integrerats i Peaceworks ordinarie utbildningsverksamhet.<\/p>\n\n<p>Genom en blandning av teori och interaktiva \u00f6vningar granskar vi k\u00f6nsmaktsordningen, hur den tar sig i uttryck och hur den uppr\u00e4tth\u00e5lls.<br \/>Workshop-serien inneh\u00e5ller i sin helhet f\u00f6ljande teman relaterat till maskulinitetsnormer:<\/p>\n\n<p>Under det bl\u00e5 t\u00e4cket \u00e4r v\u00e5r workshop-serie med fokus p\u00e5 destruktiva maskulinitetsnormer utifr\u00e5n ett intersektionellt perspektiv. Vi g\u00e5r igenom f\u00f6ljande teman och unders\u00f6ker hur de \u00e4r relaterade till destruktiva maskulinitetsnormer:<\/p>\n\n<h4 class=\"wp-block-heading\">Huvudteman<\/h4>\n\n<ul class=\"wp-block-list\">\n<li>Makt och normer<\/li>\n\n<li>Intersektionalitet och normkritik i praktiken<\/li>\n\n<li>V\u00e5ld<\/li>\n<\/ul>\n\n<h4 class=\"wp-block-heading\">Valbara teman:<\/h4>\n\n<ul class=\"wp-block-list\">\n<li>K\u00e4rlek &amp; sexualitet<\/li>\n\n<li>Identitet &amp; bin\u00e4ritet<\/li>\n\n<li>H\u00e4lsa &amp; k\u00e4nslor<\/li>\n<\/ul>\n<\/div>\n\n<div class=\"is-layout-flow wp-block-column-is-layout-flow\"><\/div>\n<\/div>\n<p><\/p>\n<div aria-hidden=\"true\">\u00a0<\/div>\n<p><\/p>\n<div class=\"wp-block-columns is-layout-flex wp-container-core-columns-is-layout-9d6595d7 wp-block-columns-is-layout-flex\">\n<div class=\"wp-block-column is-layout-flow wp-block-column-is-layout-flow\">\n<p>Vill du ha mer information? kontakta oss: <a href=\"mailto:info@peaceworks.se\">info@peaceworks.se<\/a><\/p>\n<\/div>\n\n<div class=\"wp-block-column is-layout-flow wp-block-column-is-layout-flow\"><\/div>\n<\/div>\n<p><\/p>\t\t\t\t\t\t\t\t<\/div>\n\t\t\t\t<\/div>\n\t\t\t\t\t<\/div>\n\t\t\t\t<\/div>\n\t\t<div class=\"elementor-element elementor-element-640dbc8 e-flex e-con-boxed e-con e-child\" data-id=\"640dbc8\" data-element_type=\"container\" data-e-type=\"container\">\n\t\t\t\t\t<div class=\"e-con-inner\">\n\t\t\t\t<div class=\"elementor-element elementor-element-17e719b elementor-widget elementor-widget-heading\" data-id=\"17e719b\" data-element_type=\"widget\" data-e-type=\"widget\" data-widget_type=\"heading.default\">\n\t\t\t\t<div class=\"elementor-widget-container\">\n\t\t\t\t\t<h3 class=\"elementor-heading-title elementor-size-default\">Boka workshopen<\/h3>\t\t\t\t<\/div>\n\t\t\t\t<\/div>\n\t\t\t\t<div class=\"elementor-element elementor-element-6c97c4b elementor-widget elementor-widget-text-editor\" data-id=\"6c97c4b\" data-element_type=\"widget\" data-e-type=\"widget\" data-widget_type=\"text-editor.default\">\n\t\t\t\t<div class=\"elementor-widget-container\">\n\t\t\t\t\t\t\t\t\t<p><div class=\"wpforms-container wpforms-container-full\" id=\"wpforms-26301\"><form id=\"wpforms-form-26301\" class=\"wpforms-validate wpforms-form wpforms-ajax-form\" data-formid=\"26301\" method=\"post\" enctype=\"multipart\/form-data\" action=\"\/en\/wp-json\/wp\/v2\/pages\/26223\" data-token=\"4d38ffc4159639e1293fe64e9df6d868\" data-token-time=\"1778359939\"><noscript class=\"wpforms-error-noscript\">Please enable JavaScript in your browser to complete this form.<\/noscript><div class=\"wpforms-field-container\"><div id=\"wpforms-26301-field_1-container\" class=\"wpforms-field wpforms-field-name\" data-field-id=\"1\"><label class=\"wpforms-field-label\">Namn <span class=\"wpforms-required-label\">*<\/span><\/label><div class=\"wpforms-field-row wpforms-field-medium\"><div class=\"wpforms-field-row-block wpforms-first wpforms-one-half\"><input type=\"text\" id=\"wpforms-26301-field_1\" class=\"wpforms-field-name-first wpforms-field-required\" name=\"wpforms[fields][1][first]\" required><label for=\"wpforms-26301-field_1\" class=\"wpforms-field-sublabel after\">First<\/label><\/div><div class=\"wpforms-field-row-block wpforms-one-half\"><input type=\"text\" id=\"wpforms-26301-field_1-last\" class=\"wpforms-field-name-last wpforms-field-required\" name=\"wpforms[fields][1][last]\" required><label for=\"wpforms-26301-field_1-last\" class=\"wpforms-field-sublabel after\">Last<\/label><\/div><\/div><\/div><div id=\"wpforms-26301-field_2-container\" class=\"wpforms-field wpforms-field-email\" data-field-id=\"2\"><label class=\"wpforms-field-label\" for=\"wpforms-26301-field_2\">e-post <span class=\"wpforms-required-label\">*<\/span><\/label><input type=\"email\" id=\"wpforms-26301-field_2\" class=\"wpforms-field-medium wpforms-field-required\" name=\"wpforms[fields][2]\" spellcheck=\"false\" required><\/div><div id=\"wpforms-26301-field_3-container\" class=\"wpforms-field wpforms-field-text\" data-field-id=\"3\"><label class=\"wpforms-field-label\" for=\"wpforms-26301-field_3\">F\u00f6rening\/f\u00f6retag <span class=\"wpforms-required-label\">*<\/span><\/label><input type=\"text\" id=\"wpforms-26301-field_3\" class=\"wpforms-field-medium wpforms-field-required\" name=\"wpforms[fields][3]\" required><\/div><div id=\"wpforms-26301-field_4-container\" class=\"wpforms-field wpforms-field-checkbox\" data-field-id=\"4\"><label class=\"wpforms-field-label\">V\u00e4lj workshop <span class=\"wpforms-required-label\">*<\/span><\/label><ul id=\"wpforms-26301-field_4\" class=\"wpforms-field-required\"><li class=\"choice-1 depth-1\"><input type=\"checkbox\" id=\"wpforms-26301-field_4_1\" name=\"wpforms[fields][4][]\" value=\"Workshop om antirasism\" required ><label class=\"wpforms-field-label-inline\" for=\"wpforms-26301-field_4_1\">Workshop om antirasism<\/label><\/li><li class=\"choice-2 depth-1\"><input type=\"checkbox\" id=\"wpforms-26301-field_4_2\" name=\"wpforms[fields][4][]\" value=\"Workshop om genus &amp; feminism\" required ><label class=\"wpforms-field-label-inline\" for=\"wpforms-26301-field_4_2\">Workshop om genus &amp; feminism<\/label><\/li><li class=\"choice-3 depth-1\"><input type=\"checkbox\" id=\"wpforms-26301-field_4_3\" name=\"wpforms[fields][4][]\" value=\"Workshop om Global (o)r\u00e4ttvisa\" required ><label class=\"wpforms-field-label-inline\" for=\"wpforms-26301-field_4_3\">Workshop om Global (o)r\u00e4ttvisa<\/label><\/li><\/ul><\/div><div id=\"wpforms-26301-field_5-container\" class=\"wpforms-field wpforms-field-textarea\" data-field-id=\"5\"><label class=\"wpforms-field-label\" for=\"wpforms-26301-field_5\">Kommentar<\/label><textarea id=\"wpforms-26301-field_5\" class=\"wpforms-field-medium\" name=\"wpforms[fields][5]\" ><\/textarea><\/div><\/div><!-- .wpforms-field-container --><div class=\"wpforms-submit-container\" ><input type=\"hidden\" name=\"wpforms[id]\" value=\"26301\"><input type=\"hidden\" name=\"page_title\" value=\"\"><input type=\"hidden\" name=\"page_url\" value=\"https:\/\/peaceworks.se\/en\/wp-json\/wp\/v2\/pages\/26223\"><input type=\"hidden\" name=\"url_referer\" value=\"\"><button type=\"submit\" name=\"wpforms[submit]\" id=\"wpforms-submit-26301\" class=\"wpforms-submit\" data-alt-text=\"Skickar...\" data-submit-text=\"Skicka\" aria-live=\"assertive\" value=\"wpforms-submit\">Skicka<\/button><img decoding=\"async\" src=\"https:\/\/peaceworks.se\/wp-content\/plugins\/wpforms-lite\/assets\/images\/submit-spin.svg\" class=\"wpforms-submit-spinner\" style=\"display: none;\" width=\"26\" height=\"26\" alt=\"Loading\"><\/div><\/form><\/div>  <!-- .wpforms-container --><\/p>\t\t\t\t\t\t\t\t<\/div>\n\t\t\t\t<\/div>\n\t\t\t\t\t<\/div>\n\t\t\t\t<\/div>\n\t\t\t\t\t<\/div>\n\t\t\t\t<\/div>\n\t\t\t\t<\/div>\n\t\t","protected":false},"excerpt":{"rendered":"<p>Workshop om genus &amp; feminism Vi utvecklar ett program f\u00f6r kompetensutveckling utifr\u00e5n ditt teams intresse och behov. Feministisk workshop med fokus p\u00e5 destruktiva maskulinitetsnormer utifr\u00e5n ett intersektionellt perspektiv. Den togs fram 2017 inom ramen f\u00f6r projektet Under det bl\u00e5 t\u00e4cket. Sedan projektets slut har workshoppen uppdaterats och integrerats i Peaceworks ordinarie utbildningsverksamhet. Genom en blandning&#8230;<\/p>","protected":false},"author":1,"featured_media":0,"parent":25720,"menu_order":0,"comment_status":"closed","ping_status":"closed","template":"","meta":{"footnotes":""},"class_list":["post-26223","page","type-page","status-publish","hentry"],"rttpg_featured_image_url":null,"rttpg_author":{"display_name":"PeaceWorks Sweden","author_link":"https:\/\/peaceworks.se\/en\/author\/p3ce-works\/"},"rttpg_comment":0,"rttpg_category":null,"rttpg_excerpt":"Workshop om genus &amp; feminism Vi utvecklar ett program f\u00f6r kompetensutveckling utifr\u00e5n ditt teams intresse och behov. Feministisk workshop med fokus p\u00e5 destruktiva maskulinitetsnormer utifr\u00e5n ett intersektionellt perspektiv. Den togs fram 2017 inom ramen f\u00f6r projektet Under det bl\u00e5 t\u00e4cket. Sedan projektets slut har workshoppen uppdaterats och integrerats i Peaceworks ordinarie utbildningsverksamhet. Genom en blandning...","_links":{"self":[{"href":"https:\/\/peaceworks.se\/en\/wp-json\/wp\/v2\/pages\/26223","targetHints":{"allow":["GET"]}}],"collection":[{"href":"https:\/\/peaceworks.se\/en\/wp-json\/wp\/v2\/pages"}],"about":[{"href":"https:\/\/peaceworks.se\/en\/wp-json\/wp\/v2\/types\/page"}],"author":[{"embeddable":true,"href":"https:\/\/peaceworks.se\/en\/wp-json\/wp\/v2\/users\/1"}],"replies":[{"embeddable":true,"href":"https:\/\/peaceworks.se\/en\/wp-json\/wp\/v2\/comments?post=26223"}],"version-history":[{"count":7,"href":"https:\/\/peaceworks.se\/en\/wp-json\/wp\/v2\/pages\/26223\/revisions"}],"predecessor-version":[{"id":26645,"href":"https:\/\/peaceworks.se\/en\/wp-json\/wp\/v2\/pages\/26223\/revisions\/26645"}],"up":[{"embeddable":true,"href":"https:\/\/peaceworks.se\/en\/wp-json\/wp\/v2\/pages\/25720"}],"wp:attachment":[{"href":"https:\/\/peaceworks.se\/en\/wp-json\/wp\/v2\/media?parent=26223"}],"curies":[{"name":"wp","href":"https:\/\/api.w.org\/{rel}","templated":true}]}}