{"id":26225,"date":"2024-04-18T17:29:54","date_gmt":"2024-04-18T15:29:54","guid":{"rendered":"https:\/\/peaceworks.se\/?page_id=26225"},"modified":"2024-04-19T14:50:50","modified_gmt":"2024-04-19T12:50:50","slug":"global-orattvisa","status":"publish","type":"page","link":"https:\/\/peaceworks.se\/en\/vara-utbildningar\/global-orattvisa\/","title":{"rendered":"Global (o)r\u00e4ttvisa"},"content":{"rendered":"\t\t<div data-elementor-type=\"wp-page\" data-elementor-id=\"26225\" class=\"elementor elementor-26225\">\n\t\t\t\t<div class=\"elementor-element elementor-element-51ce0cd e-flex e-con-boxed e-con e-parent\" data-id=\"51ce0cd\" data-element_type=\"container\" data-e-type=\"container\">\n\t\t\t\t\t<div class=\"e-con-inner\">\n\t\t<div class=\"elementor-element elementor-element-69fc2b9 e-flex e-con-boxed e-con e-child\" data-id=\"69fc2b9\" data-element_type=\"container\" data-e-type=\"container\">\n\t\t\t\t\t<div class=\"e-con-inner\">\n\t\t\t\t<div class=\"elementor-element elementor-element-cd57a13 elementor-widget elementor-widget-text-editor\" data-id=\"cd57a13\" data-element_type=\"widget\" data-e-type=\"widget\" data-widget_type=\"text-editor.default\">\n\t\t\t\t<div class=\"elementor-widget-container\">\n\t\t\t\t\t\t\t\t\t<p><\/p>\n<h3 class=\"wp-block-heading\">Workshop om Global (o)r\u00e4ttvisa<\/h3>\n<p><\/p>\n<div class=\"is-layout-flex wp-container-core-columns-is-layout-9d6595d7 wp-block-columns-is-layout-flex\">\n<div class=\"is-layout-flow wp-block-column-is-layout-flow\">\n<blockquote class=\"is-layout-flow wp-block-quote-is-layout-flow\">\n<p>Vi utvecklar ett program f\u00f6r kompetensutveckling utifr\u00e5n ditt teams intresse och behov.<\/p>\n<\/blockquote>\n\n<p>Utbildning i globala maktstrukturer fokuserar p\u00e5 hur olika f\u00f6rtryckande strukturer f\u00f6rhindrar en r\u00e4ttvis v\u00e4rld. Vi diskuterar hur dessa hinder fungerar men ocks\u00e5 hur organisationer, sociala r\u00f6relser och m\u00e4nniskor kan motverka dessa strukturer, samarbeta internationellt p\u00e5 ett solidariskt s\u00e4tt och verka f\u00f6r en r\u00e4ttvisare v\u00e4rld.<\/p>\n\n<p>Hur p\u00e5verkar det koloniala arvet oss idag, hur lever maktstrukturer kvar idag? Hur och varf\u00f6r kan och b\u00f6r vi bryta destruktiva normer? Hur kan vi agera solidariskt f\u00f6r global r\u00e4ttvisa i en lokal kontext?<\/p>\n\n<p>Med denna utbildning ger vi dig en b\u00e5de teoretiska kunskaper om f\u00f6rtryckande strukturer men ocks\u00e5 praktiska verktyg och v\u00e4gar fram\u00e5t f\u00f6r att bryta ner dem. Vi tar p\u00e5 s\u00e5 s\u00e4tt ner stora fenomen till en gr\u00e4srotsniv\u00e5 och blandar interaktiva \u00f6vningar med egna ber\u00e4ttelser fr\u00e5n m\u00e4nniskor\u00e4ttsk\u00e4mpar i syd. Med denna utbildning ger vi dig kunskapen och verktygen f\u00f6r att f\u00f6r\u00e4ndra b\u00e5de lokalt och globalt.<\/p>\n\n<p>\u00a0<\/p>\n\n<p>Fokusomr\u00e5den:<\/p>\n\n<ul class=\"wp-block-list\">\n<li>Globala maktstrukturer &#8211; rasism, patriarkala strukturer, ekonomisk or\u00e4ttvisa.<\/li>\n\n<li>Koloniala arvet.<\/li>\n\n<li>Internationell solidaritet i kontrast till global utveckling.<\/li>\n<\/ul>\n<\/div>\n\n<div class=\"is-layout-flow wp-block-column-is-layout-flow\"><\/div>\n<\/div>\n<p><\/p>\n<p><\/p>\n<div class=\"wp-block-columns is-layout-flex wp-container-core-columns-is-layout-9d6595d7 wp-block-columns-is-layout-flex\">\n<div class=\"is-layout-flow wp-block-column-is-layout-flow\">\n<p>Vill du ha mer information? kontakta oss: <a href=\"mailto:info@peaceworks.se\">info@peaceworks.se<\/a><\/p>\n<\/div>\n<\/div>\n<p><\/p>\t\t\t\t\t\t\t\t<\/div>\n\t\t\t\t<\/div>\n\t\t\t\t\t<\/div>\n\t\t\t\t<\/div>\n\t\t<div class=\"elementor-element elementor-element-83e39aa e-flex e-con-boxed e-con e-child\" data-id=\"83e39aa\" data-element_type=\"container\" data-e-type=\"container\">\n\t\t\t\t\t<div class=\"e-con-inner\">\n\t\t\t\t<div class=\"elementor-element elementor-element-1f52f32 elementor-widget elementor-widget-heading\" data-id=\"1f52f32\" data-element_type=\"widget\" data-e-type=\"widget\" data-widget_type=\"heading.default\">\n\t\t\t\t<div class=\"elementor-widget-container\">\n\t\t\t\t\t<h2 class=\"elementor-heading-title elementor-size-default\">Boka workshopen<\/h2>\t\t\t\t<\/div>\n\t\t\t\t<\/div>\n\t\t\t\t<div class=\"elementor-element elementor-element-0115169 elementor-widget elementor-widget-wpforms\" data-id=\"0115169\" data-element_type=\"widget\" data-e-type=\"widget\" data-widget_type=\"wpforms.default\">\n\t\t\t\t<div class=\"elementor-widget-container\">\n\t\t\t\t\t<div class=\"wpforms-container wpforms-container-full\" id=\"wpforms-26301\"><form id=\"wpforms-form-26301\" class=\"wpforms-validate wpforms-form wpforms-ajax-form\" data-formid=\"26301\" method=\"post\" enctype=\"multipart\/form-data\" action=\"\/en\/wp-json\/wp\/v2\/pages\/26225\" data-token=\"b25cbe6c4c9b2f05b0fe38e5d4b9324e\" data-token-time=\"1776423947\"><noscript class=\"wpforms-error-noscript\">Please enable JavaScript in your browser to complete this form.<\/noscript><div class=\"wpforms-field-container\"><div id=\"wpforms-26301-field_1-container\" class=\"wpforms-field wpforms-field-name\" data-field-id=\"1\"><label class=\"wpforms-field-label\">Namn <span class=\"wpforms-required-label\">*<\/span><\/label><div class=\"wpforms-field-row wpforms-field-medium\"><div class=\"wpforms-field-row-block wpforms-first wpforms-one-half\"><input type=\"text\" id=\"wpforms-26301-field_1\" class=\"wpforms-field-name-first wpforms-field-required\" name=\"wpforms[fields][1][first]\" required><label for=\"wpforms-26301-field_1\" class=\"wpforms-field-sublabel after\">First<\/label><\/div><div class=\"wpforms-field-row-block wpforms-one-half\"><input type=\"text\" id=\"wpforms-26301-field_1-last\" class=\"wpforms-field-name-last wpforms-field-required\" name=\"wpforms[fields][1][last]\" required><label for=\"wpforms-26301-field_1-last\" class=\"wpforms-field-sublabel after\">Last<\/label><\/div><\/div><\/div><div id=\"wpforms-26301-field_2-container\" class=\"wpforms-field wpforms-field-email\" data-field-id=\"2\"><label class=\"wpforms-field-label\" for=\"wpforms-26301-field_2\">e-post <span class=\"wpforms-required-label\">*<\/span><\/label><input type=\"email\" id=\"wpforms-26301-field_2\" class=\"wpforms-field-medium wpforms-field-required\" name=\"wpforms[fields][2]\" spellcheck=\"false\" required><\/div><div id=\"wpforms-26301-field_3-container\" class=\"wpforms-field wpforms-field-text\" data-field-id=\"3\"><label class=\"wpforms-field-label\" for=\"wpforms-26301-field_3\">F\u00f6rening\/f\u00f6retag <span class=\"wpforms-required-label\">*<\/span><\/label><input type=\"text\" id=\"wpforms-26301-field_3\" class=\"wpforms-field-medium wpforms-field-required\" name=\"wpforms[fields][3]\" required><\/div><div id=\"wpforms-26301-field_4-container\" class=\"wpforms-field wpforms-field-checkbox\" data-field-id=\"4\"><label class=\"wpforms-field-label\">V\u00e4lj workshop <span class=\"wpforms-required-label\">*<\/span><\/label><ul id=\"wpforms-26301-field_4\" class=\"wpforms-field-required\"><li class=\"choice-1 depth-1\"><input type=\"checkbox\" id=\"wpforms-26301-field_4_1\" name=\"wpforms[fields][4][]\" value=\"Workshop om antirasism\" required ><label class=\"wpforms-field-label-inline\" for=\"wpforms-26301-field_4_1\">Workshop om antirasism<\/label><\/li><li class=\"choice-2 depth-1\"><input type=\"checkbox\" id=\"wpforms-26301-field_4_2\" name=\"wpforms[fields][4][]\" value=\"Workshop om genus &amp; feminism\" required ><label class=\"wpforms-field-label-inline\" for=\"wpforms-26301-field_4_2\">Workshop om genus &amp; feminism<\/label><\/li><li class=\"choice-3 depth-1\"><input type=\"checkbox\" id=\"wpforms-26301-field_4_3\" name=\"wpforms[fields][4][]\" value=\"Workshop om Global (o)r\u00e4ttvisa\" required ><label class=\"wpforms-field-label-inline\" for=\"wpforms-26301-field_4_3\">Workshop om Global (o)r\u00e4ttvisa<\/label><\/li><\/ul><\/div><div id=\"wpforms-26301-field_5-container\" class=\"wpforms-field wpforms-field-textarea\" data-field-id=\"5\"><label class=\"wpforms-field-label\" for=\"wpforms-26301-field_5\">Kommentar<\/label><textarea id=\"wpforms-26301-field_5\" class=\"wpforms-field-medium\" name=\"wpforms[fields][5]\" ><\/textarea><\/div><\/div><!-- .wpforms-field-container --><div class=\"wpforms-submit-container\" ><input type=\"hidden\" name=\"wpforms[id]\" value=\"26301\"><input type=\"hidden\" name=\"page_title\" value=\"\"><input type=\"hidden\" name=\"page_url\" value=\"https:\/\/peaceworks.se\/en\/wp-json\/wp\/v2\/pages\/26225\"><input type=\"hidden\" name=\"url_referer\" value=\"\"><button type=\"submit\" name=\"wpforms[submit]\" id=\"wpforms-submit-26301\" class=\"wpforms-submit\" data-alt-text=\"Skickar...\" data-submit-text=\"Skicka\" aria-live=\"assertive\" value=\"wpforms-submit\">Skicka<\/button><img decoding=\"async\" src=\"https:\/\/peaceworks.se\/wp-content\/plugins\/wpforms-lite\/assets\/images\/submit-spin.svg\" class=\"wpforms-submit-spinner\" style=\"display: none;\" width=\"26\" height=\"26\" alt=\"Loading\"><\/div><\/form><\/div>  <!-- .wpforms-container -->\t\t\t\t<\/div>\n\t\t\t\t<\/div>\n\t\t\t\t\t<\/div>\n\t\t\t\t<\/div>\n\t\t\t\t\t<\/div>\n\t\t\t\t<\/div>\n\t\t\t\t<\/div>\n\t\t","protected":false},"excerpt":{"rendered":"<p>Workshop om Global (o)r\u00e4ttvisa Vi utvecklar ett program f\u00f6r kompetensutveckling utifr\u00e5n ditt teams intresse och behov. Utbildning i globala maktstrukturer fokuserar p\u00e5 hur olika f\u00f6rtryckande strukturer f\u00f6rhindrar en r\u00e4ttvis v\u00e4rld. Vi diskuterar hur dessa hinder fungerar men ocks\u00e5 hur organisationer, sociala r\u00f6relser och m\u00e4nniskor kan motverka dessa strukturer, samarbeta internationellt p\u00e5 ett solidariskt s\u00e4tt och&#8230;<\/p>","protected":false},"author":1,"featured_media":0,"parent":25720,"menu_order":0,"comment_status":"closed","ping_status":"closed","template":"","meta":{"footnotes":""},"class_list":["post-26225","page","type-page","status-publish","hentry"],"rttpg_featured_image_url":null,"rttpg_author":{"display_name":"PeaceWorks Sweden","author_link":"https:\/\/peaceworks.se\/en\/author\/p3ce-works\/"},"rttpg_comment":0,"rttpg_category":null,"rttpg_excerpt":"Workshop om Global (o)r\u00e4ttvisa Vi utvecklar ett program f\u00f6r kompetensutveckling utifr\u00e5n ditt teams intresse och behov. Utbildning i globala maktstrukturer fokuserar p\u00e5 hur olika f\u00f6rtryckande strukturer f\u00f6rhindrar en r\u00e4ttvis v\u00e4rld. Vi diskuterar hur dessa hinder fungerar men ocks\u00e5 hur organisationer, sociala r\u00f6relser och m\u00e4nniskor kan motverka dessa strukturer, samarbeta internationellt p\u00e5 ett solidariskt s\u00e4tt och...","_links":{"self":[{"href":"https:\/\/peaceworks.se\/en\/wp-json\/wp\/v2\/pages\/26225","targetHints":{"allow":["GET"]}}],"collection":[{"href":"https:\/\/peaceworks.se\/en\/wp-json\/wp\/v2\/pages"}],"about":[{"href":"https:\/\/peaceworks.se\/en\/wp-json\/wp\/v2\/types\/page"}],"author":[{"embeddable":true,"href":"https:\/\/peaceworks.se\/en\/wp-json\/wp\/v2\/users\/1"}],"replies":[{"embeddable":true,"href":"https:\/\/peaceworks.se\/en\/wp-json\/wp\/v2\/comments?post=26225"}],"version-history":[{"count":7,"href":"https:\/\/peaceworks.se\/en\/wp-json\/wp\/v2\/pages\/26225\/revisions"}],"predecessor-version":[{"id":26315,"href":"https:\/\/peaceworks.se\/en\/wp-json\/wp\/v2\/pages\/26225\/revisions\/26315"}],"up":[{"embeddable":true,"href":"https:\/\/peaceworks.se\/en\/wp-json\/wp\/v2\/pages\/25720"}],"wp:attachment":[{"href":"https:\/\/peaceworks.se\/en\/wp-json\/wp\/v2\/media?parent=26225"}],"curies":[{"name":"wp","href":"https:\/\/api.w.org\/{rel}","templated":true}]}}