{"id":27304,"date":"2024-05-05T16:16:05","date_gmt":"2024-05-05T14:16:05","guid":{"rendered":"https:\/\/peaceworks.se\/?page_id=27304"},"modified":"2025-07-04T18:37:04","modified_gmt":"2025-07-04T16:37:04","slug":"peaceworks-goteborg","status":"publish","type":"page","link":"https:\/\/peaceworks.se\/en\/engagera-dig\/organisera-dig\/lokalforeningar\/peaceworks-goteborg\/","title":{"rendered":"PeaceWorks G\u00f6teborg"},"content":{"rendered":"\t\t<div data-elementor-type=\"wp-page\" data-elementor-id=\"27304\" class=\"elementor elementor-27304\">\n\t\t\t\t<div class=\"elementor-element elementor-element-53d4450 e-flex e-con-boxed e-con e-parent\" data-id=\"53d4450\" data-element_type=\"container\" data-e-type=\"container\" data-settings=\"{&quot;background_background&quot;:&quot;classic&quot;}\">\n\t\t\t\t\t<div class=\"e-con-inner\">\n\t\t<div class=\"elementor-element elementor-element-8d24d0a e-flex e-con-boxed e-con e-child\" data-id=\"8d24d0a\" data-element_type=\"container\" data-e-type=\"container\">\n\t\t\t\t\t<div class=\"e-con-inner\">\n\t\t\t\t<div class=\"elementor-element elementor-element-7f7f414 elementor-widget elementor-widget-image\" data-id=\"7f7f414\" data-element_type=\"widget\" data-e-type=\"widget\" data-widget_type=\"image.default\">\n\t\t\t\t<div class=\"elementor-widget-container\">\n\t\t\t\t\t\t\t\t\t\t\t\t\t\t\t<img fetchpriority=\"high\" decoding=\"async\" width=\"800\" height=\"460\" src=\"https:\/\/peaceworks.se\/wp-content\/uploads\/2024\/12\/Goteborg_1-800x460.png\" class=\"attachment-large size-large wp-image-29071\" alt=\"\" srcset=\"https:\/\/peaceworks.se\/wp-content\/uploads\/2024\/12\/Goteborg_1-800x460.png 800w, https:\/\/peaceworks.se\/wp-content\/uploads\/2024\/12\/Goteborg_1-400x230.png 400w, https:\/\/peaceworks.se\/wp-content\/uploads\/2024\/12\/Goteborg_1-768x441.png 768w, https:\/\/peaceworks.se\/wp-content\/uploads\/2024\/12\/Goteborg_1-18x10.png 18w, https:\/\/peaceworks.se\/wp-content\/uploads\/2024\/12\/Goteborg_1.png 1001w\" sizes=\"(max-width: 800px) 100vw, 800px\" \/>\t\t\t\t\t\t\t\t\t\t\t\t\t\t\t<\/div>\n\t\t\t\t<\/div>\n\t\t\t\t\t<\/div>\n\t\t\t\t<\/div>\n\t\t\t\t\t<\/div>\n\t\t\t\t<\/div>\n\t\t<div class=\"elementor-element elementor-element-0e275cb e-flex e-con-boxed e-con e-parent\" data-id=\"0e275cb\" data-element_type=\"container\" data-e-type=\"container\">\n\t\t\t\t\t<div class=\"e-con-inner\">\n\t\t\t\t<div class=\"elementor-element elementor-element-1768043 elementor-widget elementor-widget-heading\" data-id=\"1768043\" data-element_type=\"widget\" data-e-type=\"widget\" data-widget_type=\"heading.default\">\n\t\t\t\t<div class=\"elementor-widget-container\">\n\t\t\t\t\t<h2 class=\"elementor-heading-title elementor-size-default\">PeaceWorks G\u00f6teborg<\/h2>\t\t\t\t<\/div>\n\t\t\t\t<\/div>\n\t\t\t\t<div class=\"elementor-element elementor-element-c81b840 elementor-widget elementor-widget-text-editor\" data-id=\"c81b840\" data-element_type=\"widget\" data-e-type=\"widget\" data-widget_type=\"text-editor.default\">\n\t\t\t\t<div class=\"elementor-widget-container\">\n\t\t\t\t\t\t\t\t\t<p data-start=\"113\" data-end=\"344\"><strong>PeaceWorks G\u00f6teborg \u00e4r tillbaka!<\/strong><\/p><p data-start=\"113\" data-end=\"344\">Efter att ha varit vilande mellan 2020 och 2025 har PeaceWorks lokalf\u00f6rening i G\u00f6teborg \u00e5teraktiverats av engagerade medlemmar bosatta i staden. \u00c5rsm\u00f6tet h\u00f6lls den 22 maj, d\u00e4r beslutet fattades att \u00e5teruppta f\u00f6reningens verksamhet.<\/p><p data-start=\"346\" data-end=\"546\">Nu finns PeaceWorks G\u00f6teborg \u00e5terigen som en plattform f\u00f6r ungas organisering. F\u00f6reningen str\u00e4var efter att skapa aktiviteter med fokus p\u00e5 antirasism, feminism och h\u00e5llbarhet, lokalt i G\u00f6teborgsomr\u00e5det.<\/p><p data-start=\"548\" data-end=\"601\">Mer information om kommande aktiviteter kommer snart!<\/p><p data-start=\"603\" data-end=\"643\"><strong data-start=\"603\" data-end=\"615\">Kontakt:<\/strong><br data-start=\"615\" data-end=\"618\" \/>\u2709\ufe0f <a class=\"cursor-pointer\" rel=\"noopener\" data-start=\"621\" data-end=\"643\">goteborg@peaceworks.se<\/a><\/p><p data-start=\"603\" data-end=\"643\"><strong>Sociala medier:<\/strong><\/p>\t\t\t\t\t\t\t\t<\/div>\n\t\t\t\t<\/div>\n\t\t\t\t<div class=\"elementor-element elementor-element-b629eed elementor-shape-circle e-grid-align-left elementor-grid-0 elementor-widget elementor-widget-social-icons\" data-id=\"b629eed\" data-element_type=\"widget\" data-e-type=\"widget\" data-widget_type=\"social-icons.default\">\n\t\t\t\t<div class=\"elementor-widget-container\">\n\t\t\t\t\t\t\t<div class=\"elementor-social-icons-wrapper elementor-grid\" role=\"list\">\n\t\t\t\t\t\t\t<span class=\"elementor-grid-item\" role=\"listitem\">\n\t\t\t\t\t<a class=\"elementor-icon elementor-social-icon elementor-social-icon-facebook elementor-repeater-item-ca9e217\" href=\"https:\/\/www.facebook.com\/profile.php?id=61577623779921\" target=\"_blank\">\n\t\t\t\t\t\t<span class=\"elementor-screen-only\">Facebook<\/span>\n\t\t\t\t\t\t<svg aria-hidden=\"true\" class=\"e-font-icon-svg e-fab-facebook\" viewBox=\"0 0 512 512\" xmlns=\"http:\/\/www.w3.org\/2000\/svg\"><path d=\"M504 256C504 119 393 8 256 8S8 119 8 256c0 123.78 90.69 226.38 209.25 245V327.69h-63V256h63v-54.64c0-62.15 37-96.48 93.67-96.48 27.14 0 55.52 4.84 55.52 4.84v61h-31.28c-30.8 0-40.41 19.12-40.41 38.73V256h68.78l-11 71.69h-57.78V501C413.31 482.38 504 379.78 504 256z\"><\/path><\/svg>\t\t\t\t\t<\/a>\n\t\t\t\t<\/span>\n\t\t\t\t\t\t\t<span class=\"elementor-grid-item\" role=\"listitem\">\n\t\t\t\t\t<a class=\"elementor-icon elementor-social-icon elementor-social-icon-instagram elementor-repeater-item-42a9282\" href=\"https:\/\/www.instagram.com\/peaceworksgoteborg\/?utm_source=ig_web_button_share_sheet\" target=\"_blank\">\n\t\t\t\t\t\t<span class=\"elementor-screen-only\">Instagram<\/span>\n\t\t\t\t\t\t<svg aria-hidden=\"true\" class=\"e-font-icon-svg e-fab-instagram\" viewBox=\"0 0 448 512\" xmlns=\"http:\/\/www.w3.org\/2000\/svg\"><path d=\"M224.1 141c-63.6 0-114.9 51.3-114.9 114.9s51.3 114.9 114.9 114.9S339 319.5 339 255.9 287.7 141 224.1 141zm0 189.6c-41.1 0-74.7-33.5-74.7-74.7s33.5-74.7 74.7-74.7 74.7 33.5 74.7 74.7-33.6 74.7-74.7 74.7zm146.4-194.3c0 14.9-12 26.8-26.8 26.8-14.9 0-26.8-12-26.8-26.8s12-26.8 26.8-26.8 26.8 12 26.8 26.8zm76.1 27.2c-1.7-35.9-9.9-67.7-36.2-93.9-26.2-26.2-58-34.4-93.9-36.2-37-2.1-147.9-2.1-184.9 0-35.8 1.7-67.6 9.9-93.9 36.1s-34.4 58-36.2 93.9c-2.1 37-2.1 147.9 0 184.9 1.7 35.9 9.9 67.7 36.2 93.9s58 34.4 93.9 36.2c37 2.1 147.9 2.1 184.9 0 35.9-1.7 67.7-9.9 93.9-36.2 26.2-26.2 34.4-58 36.2-93.9 2.1-37 2.1-147.8 0-184.8zM398.8 388c-7.8 19.6-22.9 34.7-42.6 42.6-29.5 11.7-99.5 9-132.1 9s-102.7 2.6-132.1-9c-19.6-7.8-34.7-22.9-42.6-42.6-11.7-29.5-9-99.5-9-132.1s-2.6-102.7 9-132.1c7.8-19.6 22.9-34.7 42.6-42.6 29.5-11.7 99.5-9 132.1-9s102.7-2.6 132.1 9c19.6 7.8 34.7 22.9 42.6 42.6 11.7 29.5 9 99.5 9 132.1s2.7 102.7-9 132.1z\"><\/path><\/svg>\t\t\t\t\t<\/a>\n\t\t\t\t<\/span>\n\t\t\t\t\t<\/div>\n\t\t\t\t\t\t<\/div>\n\t\t\t\t<\/div>\n\t\t\t\t<div class=\"elementor-element elementor-element-c2805ef elementor-widget elementor-widget-text-editor\" data-id=\"c2805ef\" data-element_type=\"widget\" data-e-type=\"widget\" data-widget_type=\"text-editor.default\">\n\t\t\t\t<div class=\"elementor-widget-container\">\n\t\t\t\t\t\t\t\t\t<p><img decoding=\"async\" class=\"wp-image-29673 alignleft\" src=\"http:\/\/peaceworks.se\/wp-content\/uploads\/2025\/05\/Goteborg-400x344.png\" alt=\"\" width=\"155\" height=\"133\" srcset=\"https:\/\/peaceworks.se\/wp-content\/uploads\/2025\/05\/Goteborg-400x344.png 400w, https:\/\/peaceworks.se\/wp-content\/uploads\/2025\/05\/Goteborg-800x688.png 800w, https:\/\/peaceworks.se\/wp-content\/uploads\/2025\/05\/Goteborg-768x661.png 768w, https:\/\/peaceworks.se\/wp-content\/uploads\/2025\/05\/Goteborg-14x12.png 14w, https:\/\/peaceworks.se\/wp-content\/uploads\/2025\/05\/Goteborg.png 1001w\" sizes=\"(max-width: 155px) 100vw, 155px\" \/><\/p><p><strong>\u00c5rsm\u00f6teshandlingar 2025<\/strong><\/p><p><a href=\"http:\/\/peaceworks.se\/wp-content\/uploads\/2025\/05\/Peaceworks-Goteborg-Stadgar-2019-1.pdf\" target=\"_blank\" rel=\"noopener\">Stadgar PeaceWorks G\u00f6teborg<\/a><br \/><a href=\"http:\/\/peaceworks.se\/wp-content\/uploads\/2025\/05\/Forslag-pa-dagordning-ateruppstart-av-PeaceWorks-Goteborg-2025.pdf\" target=\"_blank\" rel=\"noopener\">Fo\u0308rslag pa\u030a dagordning<\/a><br \/><a href=\"http:\/\/peaceworks.se\/wp-content\/uploads\/2025\/05\/Forslag-verksamhetsplan-ateraktivering-PeaceWorks-Goteborg.pdf\" target=\"_blank\" rel=\"noopener\">F\u00f6rslag p\u00e5 verksamhetsplan<\/a><br \/><a href=\"http:\/\/peaceworks.se\/wp-content\/uploads\/2025\/05\/Budgetforslag-PeaceWorks-Goteborg-2025-Blad1.pdf\" target=\"_blank\" rel=\"noopener\">Budgetfo\u0308rslag 2025\u00a0<\/a><br \/><a href=\"http:\/\/peaceworks.se\/wp-content\/uploads\/2025\/05\/Motion-om-stadgeandringar.pdf\" target=\"_blank\" rel=\"noopener\">Motion om stadgea\u0308ndringar<\/a><\/p>\t\t\t\t\t\t\t\t<\/div>\n\t\t\t\t<\/div>\n\t\t\t\t<div class=\"elementor-element elementor-element-a7d7db1 elementor-widget elementor-widget-wpforms\" data-id=\"a7d7db1\" data-element_type=\"widget\" data-e-type=\"widget\" data-widget_type=\"wpforms.default\">\n\t\t\t\t<div class=\"elementor-widget-container\">\n\t\t\t\t\t<div class=\"wpforms-container wpforms-container-full\" id=\"wpforms-22410\"><form id=\"wpforms-form-22410\" class=\"wpforms-validate wpforms-form wpforms-ajax-form\" data-formid=\"22410\" method=\"post\" enctype=\"multipart\/form-data\" action=\"\/en\/wp-json\/wp\/v2\/pages\/27304\" data-token=\"dae9e54aa1e28f6063d33d744be473e1\" data-token-time=\"1778361558\"><div class=\"wpforms-head-container\"><div class=\"wpforms-title\">Intresseanm\u00e4lan PeaceWorks G\u00f6teborg<\/div><div class=\"wpforms-description\">N\u00e4r du har fyllt i detta formul\u00e4r kommer vi att kontakta dig f\u00f6r att f\u00f6lja upp med din intresseanm\u00e4lan. OBS detta \u00e4r inte formul\u00e4ret f\u00f6r anm\u00e4lan till \u00e5rsm\u00f6tet.<\/div><\/div><noscript class=\"wpforms-error-noscript\">Please enable JavaScript in your browser to complete this form.<\/noscript><div class=\"wpforms-field-container\"><div id=\"wpforms-22410-field_2-container\" class=\"wpforms-field wpforms-field-name\" data-field-id=\"2\"><label class=\"wpforms-field-label\" for=\"wpforms-22410-field_2\">Namn <span class=\"wpforms-required-label\">*<\/span><\/label><div class=\"wpforms-field-row wpforms-field-medium\"><div class=\"wpforms-field-row-block wpforms-first wpforms-one-half\"><input type=\"text\" id=\"wpforms-22410-field_2\" class=\"wpforms-field-name-first wpforms-field-required\" name=\"wpforms[fields][2][first]\" placeholder=\"F\u00f6rnamn\" required><label for=\"wpforms-22410-field_2\" class=\"wpforms-field-sublabel after wpforms-sublabel-hide\">First<\/label><\/div><div class=\"wpforms-field-row-block wpforms-one-half\"><input type=\"text\" id=\"wpforms-22410-field_2-last\" class=\"wpforms-field-name-last wpforms-field-required\" name=\"wpforms[fields][2][last]\" placeholder=\"Efternamn\" required><label for=\"wpforms-22410-field_2-last\" class=\"wpforms-field-sublabel after wpforms-sublabel-hide\">Last<\/label><\/div><\/div><\/div><div id=\"wpforms-22410-field_3-container\" class=\"wpforms-field wpforms-field-email\" data-field-id=\"3\"><label class=\"wpforms-field-label\" for=\"wpforms-22410-field_3\">E-post <span class=\"wpforms-required-label\">*<\/span><\/label><input type=\"email\" id=\"wpforms-22410-field_3\" class=\"wpforms-field-medium wpforms-field-required\" name=\"wpforms[fields][3]\" spellcheck=\"false\" required><\/div><div id=\"wpforms-22410-field_16-container\" class=\"wpforms-field wpforms-field-number\" data-field-id=\"16\"><label class=\"wpforms-field-label\" for=\"wpforms-22410-field_16\">Telefonnummer <span class=\"wpforms-required-label\">*<\/span><\/label><input type=\"number\" id=\"wpforms-22410-field_16\" class=\"wpforms-field-medium wpforms-field-required\" name=\"wpforms[fields][16]\" step=\"any\" required><\/div><div id=\"wpforms-22410-field_6-container\" class=\"wpforms-field wpforms-field-number\" data-field-id=\"6\"><label class=\"wpforms-field-label\" for=\"wpforms-22410-field_6\">F\u00f6delsedatum <span class=\"wpforms-required-label\">*<\/span><\/label><input type=\"number\" id=\"wpforms-22410-field_6\" class=\"wpforms-field-medium wpforms-field-required\" name=\"wpforms[fields][6]\" placeholder=\"\u00c5\u00c5\u00c5\u00c5MMDD\" step=\"any\" required><\/div><div id=\"wpforms-22410-field_26-container\" class=\"wpforms-field wpforms-field-select wpforms-field-select-style-classic\" data-field-id=\"26\"><label class=\"wpforms-field-label\" for=\"wpforms-22410-field_26\">\u00c4r du bosatt i G\u00f6teborg? <span class=\"wpforms-required-label\">*<\/span><\/label><select id=\"wpforms-22410-field_26\" class=\"wpforms-field-medium wpforms-field-required\" name=\"wpforms[fields][26]\" required=\"required\"><option value=\"Ja\"  class=\"choice-1 depth-1\"  >Ja<\/option><option value=\"Nej\"  class=\"choice-2 depth-1\"  >Nej<\/option><\/select><\/div><div id=\"wpforms-22410-field_7-container\" class=\"wpforms-field wpforms-field-select wpforms-field-select-style-classic\" data-field-id=\"7\"><label class=\"wpforms-field-label\" for=\"wpforms-22410-field_7\">Har du varit engagerad i PeaceWorks tidigare? <span class=\"wpforms-required-label\">*<\/span><\/label><select id=\"wpforms-22410-field_7\" class=\"wpforms-field-medium wpforms-field-required\" name=\"wpforms[fields][7]\" required=\"required\"><option value=\"Ja\"  class=\"choice-1 depth-1\"  >Ja<\/option><option value=\"Nej\"  class=\"choice-2 depth-1\"  >Nej<\/option><option value=\"Choice 3\"  class=\"choice-3 depth-1\"  >Choice 3<\/option><\/select><\/div><div id=\"wpforms-22410-field_8-container\" class=\"wpforms-field wpforms-field-text\" data-field-id=\"8\"><label class=\"wpforms-field-label\" for=\"wpforms-22410-field_8\">Om Ja, beskriv g\u00e4rna hur:<\/label><input type=\"text\" id=\"wpforms-22410-field_8\" class=\"wpforms-field-medium\" name=\"wpforms[fields][8]\" ><\/div><div id=\"wpforms-22410-field_9-container\" class=\"wpforms-field wpforms-field-textarea\" data-field-id=\"9\"><label class=\"wpforms-field-label\" for=\"wpforms-22410-field_9\">Vilken typ av aktiviteter vill du vara med och driva? <span class=\"wpforms-required-label\">*<\/span><\/label><textarea id=\"wpforms-22410-field_9\" class=\"wpforms-field-medium wpforms-field-required\" name=\"wpforms[fields][9]\" required><\/textarea><\/div><div id=\"wpforms-22410-field_10-container\" class=\"wpforms-field wpforms-field-textarea\" data-field-id=\"10\"><label class=\"wpforms-field-label\" for=\"wpforms-22410-field_10\">Har du n\u00e5gon tidigare erfarenhet av styrelsearbete? <span class=\"wpforms-required-label\">*<\/span><\/label><textarea id=\"wpforms-22410-field_10\" class=\"wpforms-field-medium wpforms-field-required\" name=\"wpforms[fields][10]\" required><\/textarea><\/div><div id=\"wpforms-22410-field_17-container\" class=\"wpforms-field wpforms-field-checkbox\" data-field-id=\"17\"><label class=\"wpforms-field-label\">Samtycker du till att vi delar dina kontaktuppgifter med f\u00f6reningens styrelse? <span class=\"wpforms-required-label\">*<\/span><\/label><ul id=\"wpforms-22410-field_17\" class=\"wpforms-field-required\"><li class=\"choice-1 depth-1\"><input type=\"checkbox\" id=\"wpforms-22410-field_17_1\" name=\"wpforms[fields][17][]\" value=\"Ja\" required ><label class=\"wpforms-field-label-inline\" for=\"wpforms-22410-field_17_1\">Ja<\/label><\/li><li class=\"choice-2 depth-1\"><input type=\"checkbox\" id=\"wpforms-22410-field_17_2\" name=\"wpforms[fields][17][]\" value=\"Nej\" required ><label class=\"wpforms-field-label-inline\" for=\"wpforms-22410-field_17_2\">Nej<\/label><\/li><\/ul><\/div><\/div><!-- .wpforms-field-container --><div class=\"wpforms-submit-container\" ><input type=\"hidden\" name=\"wpforms[id]\" value=\"22410\"><input type=\"hidden\" name=\"page_title\" value=\"\"><input type=\"hidden\" name=\"page_url\" value=\"https:\/\/peaceworks.se\/en\/wp-json\/wp\/v2\/pages\/27304\"><input type=\"hidden\" name=\"url_referer\" value=\"\"><button type=\"submit\" name=\"wpforms[submit]\" id=\"wpforms-submit-22410\" class=\"wpforms-submit\" data-alt-text=\"Skickar \u2026\" data-submit-text=\"Skicka\" aria-live=\"assertive\" value=\"wpforms-submit\">Skicka<\/button><img decoding=\"async\" src=\"https:\/\/peaceworks.se\/wp-content\/plugins\/wpforms-lite\/assets\/images\/submit-spin.svg\" class=\"wpforms-submit-spinner\" style=\"display: none;\" width=\"26\" height=\"26\" alt=\"Loading\"><\/div><\/form><\/div>  <!-- .wpforms-container -->\t\t\t\t<\/div>\n\t\t\t\t<\/div>\n\t\t\t\t\t<\/div>\n\t\t\t\t<\/div>\n\t\t<div class=\"elementor-element elementor-element-920167b e-flex e-con-boxed e-con e-parent\" data-id=\"920167b\" data-element_type=\"container\" data-e-type=\"container\">\n\t\t\t\t\t<div class=\"e-con-inner\">\n\t\t<div class=\"elementor-element elementor-element-ac2c24e e-con-full e-flex e-con e-child\" data-id=\"ac2c24e\" data-element_type=\"container\" data-e-type=\"container\">\n\t\t\t\t<div class=\"elementor-element elementor-element-d7ef77d elementor-widget elementor-widget-text-editor\" data-id=\"d7ef77d\" data-element_type=\"widget\" data-e-type=\"widget\" data-widget_type=\"text-editor.default\">\n\t\t\t\t<div class=\"elementor-widget-container\">\n\t\t\t\t\t\t\t\t\t<h4 style=\"text-align: right\">Vill du ha mer info?<\/h4><h5 style=\"text-align: right\">Kontakta oss<\/h5>\t\t\t\t\t\t\t\t<\/div>\n\t\t\t\t<\/div>\n\t\t\t\t<\/div>\n\t\t<div class=\"elementor-element elementor-element-8edc45e e-con-full e-flex e-con e-child\" data-id=\"8edc45e\" data-element_type=\"container\" data-e-type=\"container\" data-settings=\"{&quot;background_background&quot;:&quot;classic&quot;}\">\n\t\t\t\t<div class=\"elementor-element elementor-element-6ae8f66 elementor-widget elementor-widget-text-editor\" data-id=\"6ae8f66\" data-element_type=\"widget\" data-e-type=\"widget\" data-widget_type=\"text-editor.default\">\n\t\t\t\t<div class=\"elementor-widget-container\">\n\t\t\t\t\t\t\t\t\t<h3>Rafaella G\u00e4rde<\/h3><p>Nationell f\u00f6reningssamordnare<\/p><p><a href=\"mailto:rafaella.garde@peaceworks.se\">rafaella.garde@peaceworks.se<\/a><\/p>\t\t\t\t\t\t\t\t<\/div>\n\t\t\t\t<\/div>\n\t\t\t\t<\/div>\n\t\t\t\t\t<\/div>\n\t\t\t\t<\/div>\n\t\t\t\t<\/div>\n\t\t","protected":false},"excerpt":{"rendered":"<p>PeaceWorks G\u00f6teborg PeaceWorks G\u00f6teborg \u00e4r tillbaka! Efter att ha varit vilande mellan 2020 och 2025 har PeaceWorks lokalf\u00f6rening i G\u00f6teborg \u00e5teraktiverats av engagerade medlemmar bosatta i staden. \u00c5rsm\u00f6tet h\u00f6lls den 22 maj, d\u00e4r beslutet fattades att \u00e5teruppta f\u00f6reningens verksamhet. Nu finns PeaceWorks G\u00f6teborg \u00e5terigen som en plattform f\u00f6r ungas organisering. F\u00f6reningen str\u00e4var efter att skapa&#8230;<\/p>","protected":false},"author":1,"featured_media":27533,"parent":19611,"menu_order":0,"comment_status":"closed","ping_status":"closed","template":"","meta":{"footnotes":""},"class_list":["post-27304","page","type-page","status-publish","has-post-thumbnail","hentry"],"rttpg_featured_image_url":{"full":["https:\/\/peaceworks.se\/wp-content\/uploads\/2024\/05\/Goteborg-thumbnail.png",251,251,false],"landscape":["https:\/\/peaceworks.se\/wp-content\/uploads\/2024\/05\/Goteborg-thumbnail.png",251,251,false],"portraits":["https:\/\/peaceworks.se\/wp-content\/uploads\/2024\/05\/Goteborg-thumbnail.png",251,251,false],"thumbnail":["https:\/\/peaceworks.se\/wp-content\/uploads\/2024\/05\/Goteborg-thumbnail-150x150.png",150,150,true],"medium":["https:\/\/peaceworks.se\/wp-content\/uploads\/2024\/05\/Goteborg-thumbnail.png",251,251,false],"large":["https:\/\/peaceworks.se\/wp-content\/uploads\/2024\/05\/Goteborg-thumbnail.png",251,251,false],"1536x1536":["https:\/\/peaceworks.se\/wp-content\/uploads\/2024\/05\/Goteborg-thumbnail.png",251,251,false],"2048x2048":["https:\/\/peaceworks.se\/wp-content\/uploads\/2024\/05\/Goteborg-thumbnail.png",251,251,false],"trp-custom-language-flag":["https:\/\/peaceworks.se\/wp-content\/uploads\/2024\/05\/Goteborg-thumbnail-12x12.png",12,12,true]},"rttpg_author":{"display_name":"PeaceWorks Sweden","author_link":"https:\/\/peaceworks.se\/en\/author\/p3ce-works\/"},"rttpg_comment":0,"rttpg_category":null,"rttpg_excerpt":"PeaceWorks G\u00f6teborg PeaceWorks G\u00f6teborg \u00e4r tillbaka! Efter att ha varit vilande mellan 2020 och 2025 har PeaceWorks lokalf\u00f6rening i G\u00f6teborg \u00e5teraktiverats av engagerade medlemmar bosatta i staden. \u00c5rsm\u00f6tet h\u00f6lls den 22 maj, d\u00e4r beslutet fattades att \u00e5teruppta f\u00f6reningens verksamhet. Nu finns PeaceWorks G\u00f6teborg \u00e5terigen som en plattform f\u00f6r ungas organisering. F\u00f6reningen str\u00e4var efter att skapa...","_links":{"self":[{"href":"https:\/\/peaceworks.se\/en\/wp-json\/wp\/v2\/pages\/27304","targetHints":{"allow":["GET"]}}],"collection":[{"href":"https:\/\/peaceworks.se\/en\/wp-json\/wp\/v2\/pages"}],"about":[{"href":"https:\/\/peaceworks.se\/en\/wp-json\/wp\/v2\/types\/page"}],"author":[{"embeddable":true,"href":"https:\/\/peaceworks.se\/en\/wp-json\/wp\/v2\/users\/1"}],"replies":[{"embeddable":true,"href":"https:\/\/peaceworks.se\/en\/wp-json\/wp\/v2\/comments?post=27304"}],"version-history":[{"count":37,"href":"https:\/\/peaceworks.se\/en\/wp-json\/wp\/v2\/pages\/27304\/revisions"}],"predecessor-version":[{"id":29830,"href":"https:\/\/peaceworks.se\/en\/wp-json\/wp\/v2\/pages\/27304\/revisions\/29830"}],"up":[{"embeddable":true,"href":"https:\/\/peaceworks.se\/en\/wp-json\/wp\/v2\/pages\/19611"}],"wp:featuredmedia":[{"embeddable":true,"href":"https:\/\/peaceworks.se\/en\/wp-json\/wp\/v2\/media\/27533"}],"wp:attachment":[{"href":"https:\/\/peaceworks.se\/en\/wp-json\/wp\/v2\/media?parent=27304"}],"curies":[{"name":"wp","href":"https:\/\/api.w.org\/{rel}","templated":true}]}}