{"id":29280,"date":"2024-12-18T16:47:53","date_gmt":"2024-12-18T15:47:53","guid":{"rendered":"https:\/\/peaceworks.se\/?page_id=29280"},"modified":"2025-01-21T15:59:31","modified_gmt":"2025-01-21T14:59:31","slug":"grabba","status":"publish","type":"page","link":"https:\/\/peaceworks.se\/en\/engagera-dig\/organisera-dig\/anslutna-foreningar\/grabba\/","title":{"rendered":"GR\u00c4BBA"},"content":{"rendered":"\t\t<div data-elementor-type=\"wp-page\" data-elementor-id=\"29280\" class=\"elementor elementor-29280\">\n\t\t\t\t<div class=\"elementor-element elementor-element-f1f4748 e-flex e-con-boxed e-con e-parent\" data-id=\"f1f4748\" data-element_type=\"container\" data-e-type=\"container\">\n\t\t\t\t\t<div class=\"e-con-inner\">\n\t\t\t\t<div class=\"elementor-element elementor-element-134b855 elementor-widget elementor-widget-heading\" data-id=\"134b855\" data-element_type=\"widget\" data-e-type=\"widget\" data-widget_type=\"heading.default\">\n\t\t\t\t<div class=\"elementor-widget-container\">\n\t\t\t\t\t<h2 class=\"elementor-heading-title elementor-size-default\">Om oss<\/h2>\t\t\t\t<\/div>\n\t\t\t\t<\/div>\n\t\t\t\t<div class=\"elementor-element elementor-element-756bc7c elementor-widget elementor-widget-text-editor\" data-id=\"756bc7c\" data-element_type=\"widget\" data-e-type=\"widget\" data-widget_type=\"text-editor.default\">\n\t\t\t\t<div class=\"elementor-widget-container\">\n\t\t\t\t\t\t\t\t\t<p style=\"text-align: left\">Gr\u00e4bba \u00e4r en ideell f\u00f6rening baserad i Lund som arbetar f\u00f6r att fr\u00e4mja ungdomars engagemang i kampen f\u00f6r ett mer j\u00e4mlikt och j\u00e4mst\u00e4llt samh\u00e4lle. Vi \u00e4r partipolitiskt och religi\u00f6st obundna och v\u00e4lkomnar alla mellan 13 och 26 \u00e5r som delar v\u00e5r vision om ett samh\u00e4lle pr\u00e4glat av respekt, r\u00e4ttvisa och nolltolerans mot hat och diskriminering.<\/p>\n<p>Vi erbjuder plattformar f\u00f6r diskussion, kunskapsspridning och erfarenhetsutbyte kring j\u00e4mst\u00e4lldhet och diskriminering. Genom kreativa uttryck, workshops och demonstrationer vill vi ge unga verktyg och sj\u00e4lvf\u00f6rtroende att st\u00e5 upp mot or\u00e4ttvisor. V\u00e5rt f\u00f6rsta \u00e5r fokuserar vi p\u00e5 att v\u00e4xa v\u00e5r n\u00e4rvaro p\u00e5 sociala medier och sprida budskapet om Gr\u00e4bba \u2013 en f\u00f6rening som st\u00e5r f\u00f6r f\u00f6r\u00e4ndring och gemenskap.<\/p>\n<p><b>F\u00f6lj oss p\u00e5 sociala medier<\/b><br><a href=\"https:\/\/www.instagram.com\/grabba.feminister\/\" target=\"_blank\">Instagram<\/a><br><\/p>\t\t\t\t\t\t\t\t<\/div>\n\t\t\t\t<\/div>\n\t\t\t\t\t<\/div>\n\t\t\t\t<\/div>\n\t\t<div class=\"elementor-element elementor-element-f16ab00 e-flex e-con-boxed e-con e-parent\" data-id=\"f16ab00\" data-element_type=\"container\" data-e-type=\"container\">\n\t\t\t\t\t<div class=\"e-con-inner\">\n\t\t\t\t<div class=\"elementor-element elementor-element-1189051 elementor-widget elementor-widget-heading\" data-id=\"1189051\" data-element_type=\"widget\" data-e-type=\"widget\" data-widget_type=\"heading.default\">\n\t\t\t\t<div class=\"elementor-widget-container\">\n\t\t\t\t\t<h2 class=\"elementor-heading-title elementor-size-default\">Vill du engagera dig i GR\u00c4BBA?<\/h2>\t\t\t\t<\/div>\n\t\t\t\t<\/div>\n\t\t\t\t<div class=\"elementor-element elementor-element-5b92a36 elementor-widget elementor-widget-wpforms\" data-id=\"5b92a36\" data-element_type=\"widget\" data-e-type=\"widget\" data-widget_type=\"wpforms.default\">\n\t\t\t\t<div class=\"elementor-widget-container\">\n\t\t\t\t\t<div class=\"wpforms-container wpforms-container-full\" id=\"wpforms-29282\"><form id=\"wpforms-form-29282\" class=\"wpforms-validate wpforms-form wpforms-ajax-form\" data-formid=\"29282\" method=\"post\" enctype=\"multipart\/form-data\" action=\"\/en\/wp-json\/wp\/v2\/pages\/29280\" data-token=\"cfea1b30970f2639fbefcab1751b498c\" data-token-time=\"1776352183\"><noscript class=\"wpforms-error-noscript\">Please enable JavaScript in your browser to complete this form.<\/noscript><div class=\"wpforms-field-container\"><div id=\"wpforms-29282-field_2-container\" class=\"wpforms-field wpforms-field-name\" data-field-id=\"2\"><label class=\"wpforms-field-label\" for=\"wpforms-29282-field_2\">Namn <span class=\"wpforms-required-label\">*<\/span><\/label><div class=\"wpforms-field-row wpforms-field-medium\"><div class=\"wpforms-field-row-block wpforms-first wpforms-one-half\"><input type=\"text\" id=\"wpforms-29282-field_2\" class=\"wpforms-field-name-first wpforms-field-required\" name=\"wpforms[fields][2][first]\" placeholder=\"F\u00f6rnamn\" required><label for=\"wpforms-29282-field_2\" class=\"wpforms-field-sublabel after wpforms-sublabel-hide\">First<\/label><\/div><div class=\"wpforms-field-row-block wpforms-one-half\"><input type=\"text\" id=\"wpforms-29282-field_2-last\" class=\"wpforms-field-name-last wpforms-field-required\" name=\"wpforms[fields][2][last]\" placeholder=\"Efternamn\" required><label for=\"wpforms-29282-field_2-last\" class=\"wpforms-field-sublabel after wpforms-sublabel-hide\">Last<\/label><\/div><\/div><\/div><div id=\"wpforms-29282-field_3-container\" class=\"wpforms-field wpforms-field-email\" data-field-id=\"3\"><label class=\"wpforms-field-label\" for=\"wpforms-29282-field_3\">E-post <span class=\"wpforms-required-label\">*<\/span><\/label><input type=\"email\" id=\"wpforms-29282-field_3\" class=\"wpforms-field-medium wpforms-field-required\" name=\"wpforms[fields][3]\" spellcheck=\"false\" required><\/div><div id=\"wpforms-29282-field_16-container\" class=\"wpforms-field wpforms-field-number\" data-field-id=\"16\"><label class=\"wpforms-field-label\" for=\"wpforms-29282-field_16\">Telefonnummer <span class=\"wpforms-required-label\">*<\/span><\/label><input type=\"number\" id=\"wpforms-29282-field_16\" class=\"wpforms-field-medium wpforms-field-required\" name=\"wpforms[fields][16]\" step=\"any\" required><\/div><div id=\"wpforms-29282-field_6-container\" class=\"wpforms-field wpforms-field-number\" data-field-id=\"6\"><label class=\"wpforms-field-label\" for=\"wpforms-29282-field_6\">F\u00f6delsedatum <span class=\"wpforms-required-label\">*<\/span><\/label><input type=\"number\" id=\"wpforms-29282-field_6\" class=\"wpforms-field-medium wpforms-field-required\" name=\"wpforms[fields][6]\" placeholder=\"\u00c5\u00c5\u00c5\u00c5MMDD\" step=\"any\" required><\/div><div id=\"wpforms-29282-field_26-container\" class=\"wpforms-field wpforms-field-select wpforms-field-select-style-classic\" data-field-id=\"26\"><label class=\"wpforms-field-label\" for=\"wpforms-29282-field_26\">\u00c4r du bosatt i Lund? <span class=\"wpforms-required-label\">*<\/span><\/label><select id=\"wpforms-29282-field_26\" class=\"wpforms-field-medium wpforms-field-required\" name=\"wpforms[fields][26]\" required=\"required\"><option value=\"Ja\"  class=\"choice-1 depth-1\"  >Ja<\/option><option value=\"Nej\"  class=\"choice-2 depth-1\"  >Nej<\/option><\/select><\/div><div id=\"wpforms-29282-field_7-container\" class=\"wpforms-field wpforms-field-select wpforms-field-select-style-classic\" data-field-id=\"7\"><label class=\"wpforms-field-label\" for=\"wpforms-29282-field_7\">Har du varit engagerad i PeaceWorks tidigare? <span class=\"wpforms-required-label\">*<\/span><\/label><select id=\"wpforms-29282-field_7\" class=\"wpforms-field-medium wpforms-field-required\" name=\"wpforms[fields][7]\" required=\"required\"><option value=\"Ja\"  class=\"choice-1 depth-1\"  >Ja<\/option><option value=\"Nej\"  class=\"choice-2 depth-1\"  >Nej<\/option><option value=\"Choice 3\"  class=\"choice-3 depth-1\"  >Choice 3<\/option><\/select><\/div><div id=\"wpforms-29282-field_8-container\" class=\"wpforms-field wpforms-field-text\" data-field-id=\"8\"><label class=\"wpforms-field-label\" for=\"wpforms-29282-field_8\">Om Ja, beskriv g\u00e4rna hur:<\/label><input type=\"text\" id=\"wpforms-29282-field_8\" class=\"wpforms-field-medium\" name=\"wpforms[fields][8]\" ><\/div><div id=\"wpforms-29282-field_9-container\" class=\"wpforms-field wpforms-field-textarea\" data-field-id=\"9\"><label class=\"wpforms-field-label\" for=\"wpforms-29282-field_9\">Vilken typ av aktiviteter vill du vara med och driva? <span class=\"wpforms-required-label\">*<\/span><\/label><textarea id=\"wpforms-29282-field_9\" class=\"wpforms-field-medium wpforms-field-required\" name=\"wpforms[fields][9]\" required><\/textarea><\/div><div id=\"wpforms-29282-field_10-container\" class=\"wpforms-field wpforms-field-textarea\" data-field-id=\"10\"><label class=\"wpforms-field-label\" for=\"wpforms-29282-field_10\">Har du n\u00e5gon tidigare erfarenhet av styrelsearbete? <span class=\"wpforms-required-label\">*<\/span><\/label><textarea id=\"wpforms-29282-field_10\" class=\"wpforms-field-medium wpforms-field-required\" name=\"wpforms[fields][10]\" required><\/textarea><\/div><div id=\"wpforms-29282-field_17-container\" class=\"wpforms-field wpforms-field-checkbox\" data-field-id=\"17\"><label class=\"wpforms-field-label\">Samtycker du till att vi delar dina kontaktuppgifter med f\u00f6reningens styrelse? <span class=\"wpforms-required-label\">*<\/span><\/label><ul id=\"wpforms-29282-field_17\" class=\"wpforms-field-required\"><li class=\"choice-1 depth-1\"><input type=\"checkbox\" id=\"wpforms-29282-field_17_1\" name=\"wpforms[fields][17][]\" value=\"Ja\" required ><label class=\"wpforms-field-label-inline\" for=\"wpforms-29282-field_17_1\">Ja<\/label><\/li><li class=\"choice-2 depth-1\"><input type=\"checkbox\" id=\"wpforms-29282-field_17_2\" name=\"wpforms[fields][17][]\" value=\"Nej\" required ><label class=\"wpforms-field-label-inline\" for=\"wpforms-29282-field_17_2\">Nej<\/label><\/li><\/ul><\/div><\/div><!-- .wpforms-field-container --><div class=\"wpforms-submit-container\" ><input type=\"hidden\" name=\"wpforms[id]\" value=\"29282\"><input type=\"hidden\" name=\"page_title\" value=\"\"><input type=\"hidden\" name=\"page_url\" value=\"https:\/\/peaceworks.se\/en\/wp-json\/wp\/v2\/pages\/29280\"><input type=\"hidden\" name=\"url_referer\" value=\"\"><button type=\"submit\" name=\"wpforms[submit]\" id=\"wpforms-submit-29282\" class=\"wpforms-submit\" data-alt-text=\"Skickar \u2026\" data-submit-text=\"Skicka\" aria-live=\"assertive\" value=\"wpforms-submit\">Skicka<\/button><img decoding=\"async\" src=\"https:\/\/peaceworks.se\/wp-content\/plugins\/wpforms-lite\/assets\/images\/submit-spin.svg\" class=\"wpforms-submit-spinner\" style=\"display: none;\" width=\"26\" height=\"26\" alt=\"Loading\"><\/div><\/form><\/div>  <!-- .wpforms-container -->\t\t\t\t<\/div>\n\t\t\t\t<\/div>\n\t\t\t\t\t<\/div>\n\t\t\t\t<\/div>\n\t\t\t\t<\/div>\n\t\t","protected":false},"excerpt":{"rendered":"<p>Om oss Gr\u00e4bba \u00e4r en ideell f\u00f6rening baserad i Lund som arbetar f\u00f6r att fr\u00e4mja ungdomars engagemang i kampen f\u00f6r ett mer j\u00e4mlikt och j\u00e4mst\u00e4llt samh\u00e4lle. Vi \u00e4r partipolitiskt och religi\u00f6st obundna och v\u00e4lkomnar alla mellan 13 och 26 \u00e5r som delar v\u00e5r vision om ett samh\u00e4lle pr\u00e4glat av respekt, r\u00e4ttvisa och nolltolerans mot hat&#8230;<\/p>","protected":false},"author":91,"featured_media":29352,"parent":19613,"menu_order":6,"comment_status":"closed","ping_status":"closed","template":"","meta":{"footnotes":""},"class_list":["post-29280","page","type-page","status-publish","has-post-thumbnail","hentry"],"rttpg_featured_image_url":{"full":["https:\/\/peaceworks.se\/wp-content\/uploads\/2025\/01\/FFF-hemsidan-4.jpg",1920,1080,false],"landscape":["https:\/\/peaceworks.se\/wp-content\/uploads\/2025\/01\/FFF-hemsidan-4.jpg",1920,1080,false],"portraits":["https:\/\/peaceworks.se\/wp-content\/uploads\/2025\/01\/FFF-hemsidan-4.jpg",1920,1080,false],"thumbnail":["https:\/\/peaceworks.se\/wp-content\/uploads\/2025\/01\/FFF-hemsidan-4-150x150.jpg",150,150,true],"medium":["https:\/\/peaceworks.se\/wp-content\/uploads\/2025\/01\/FFF-hemsidan-4-400x225.jpg",400,225,true],"large":["https:\/\/peaceworks.se\/wp-content\/uploads\/2025\/01\/FFF-hemsidan-4-800x450.jpg",800,450,true],"1536x1536":["https:\/\/peaceworks.se\/wp-content\/uploads\/2025\/01\/FFF-hemsidan-4-1536x864.jpg",1536,864,true],"2048x2048":["https:\/\/peaceworks.se\/wp-content\/uploads\/2025\/01\/FFF-hemsidan-4.jpg",1920,1080,false],"trp-custom-language-flag":["https:\/\/peaceworks.se\/wp-content\/uploads\/2025\/01\/FFF-hemsidan-4-18x10.jpg",18,10,true]},"rttpg_author":{"display_name":"Rafaella G\u00e4rde","author_link":"https:\/\/peaceworks.se\/en\/author\/rafaellagarde\/"},"rttpg_comment":0,"rttpg_category":null,"rttpg_excerpt":"Om oss Gr\u00e4bba \u00e4r en ideell f\u00f6rening baserad i Lund som arbetar f\u00f6r att fr\u00e4mja ungdomars engagemang i kampen f\u00f6r ett mer j\u00e4mlikt och j\u00e4mst\u00e4llt samh\u00e4lle. Vi \u00e4r partipolitiskt och religi\u00f6st obundna och v\u00e4lkomnar alla mellan 13 och 26 \u00e5r som delar v\u00e5r vision om ett samh\u00e4lle pr\u00e4glat av respekt, r\u00e4ttvisa och nolltolerans mot hat...","_links":{"self":[{"href":"https:\/\/peaceworks.se\/en\/wp-json\/wp\/v2\/pages\/29280","targetHints":{"allow":["GET"]}}],"collection":[{"href":"https:\/\/peaceworks.se\/en\/wp-json\/wp\/v2\/pages"}],"about":[{"href":"https:\/\/peaceworks.se\/en\/wp-json\/wp\/v2\/types\/page"}],"author":[{"embeddable":true,"href":"https:\/\/peaceworks.se\/en\/wp-json\/wp\/v2\/users\/91"}],"replies":[{"embeddable":true,"href":"https:\/\/peaceworks.se\/en\/wp-json\/wp\/v2\/comments?post=29280"}],"version-history":[{"count":11,"href":"https:\/\/peaceworks.se\/en\/wp-json\/wp\/v2\/pages\/29280\/revisions"}],"predecessor-version":[{"id":29353,"href":"https:\/\/peaceworks.se\/en\/wp-json\/wp\/v2\/pages\/29280\/revisions\/29353"}],"up":[{"embeddable":true,"href":"https:\/\/peaceworks.se\/en\/wp-json\/wp\/v2\/pages\/19613"}],"wp:featuredmedia":[{"embeddable":true,"href":"https:\/\/peaceworks.se\/en\/wp-json\/wp\/v2\/media\/29352"}],"wp:attachment":[{"href":"https:\/\/peaceworks.se\/en\/wp-json\/wp\/v2\/media?parent=29280"}],"curies":[{"name":"wp","href":"https:\/\/api.w.org\/{rel}","templated":true}]}}