{"id":29499,"date":"2025-04-08T16:56:15","date_gmt":"2025-04-08T14:56:15","guid":{"rendered":"https:\/\/peaceworks.se\/?page_id=29499"},"modified":"2025-07-15T14:42:59","modified_gmt":"2025-07-15T12:42:59","slug":"ung-i-varlden","status":"publish","type":"page","link":"https:\/\/peaceworks.se\/en\/engagera-dig\/organisera-dig\/anslutna-foreningar\/ung-i-varlden\/","title":{"rendered":"Ung i V\u00e4rlden"},"content":{"rendered":"\t\t<div data-elementor-type=\"wp-page\" data-elementor-id=\"29499\" class=\"elementor elementor-29499\">\n\t\t\t\t<div class=\"elementor-element elementor-element-4046a128 e-flex e-con-boxed e-con e-parent\" data-id=\"4046a128\" data-element_type=\"container\" data-e-type=\"container\">\n\t\t\t\t\t<div class=\"e-con-inner\">\n\t\t\t\t<div class=\"elementor-element elementor-element-1509ed7b elementor-widget elementor-widget-text-editor\" data-id=\"1509ed7b\" data-element_type=\"widget\" data-e-type=\"widget\" data-widget_type=\"text-editor.default\">\n\t\t\t\t<div class=\"elementor-widget-container\">\n\t\t\t\t\t\t\t\t\t<h4><strong>Om oss<\/strong><\/h4><p>Ung i V\u00e4rlden \u00e4r en ungdomsorganisation som fokuserar p\u00e5 globala fr\u00e5gor och m\u00e4nskliga r\u00e4ttigheter. V\u00e5rt m\u00e5l \u00e4r att skapa en mer inkluderande och r\u00e4ttvis bist\u00e5ndssektor d\u00e4r fler perspektiv f\u00e5r ta plats och p\u00e5verka framtiden. Genom att tillg\u00e4ngligg\u00f6ra praktiska verktyg arbetar vi f\u00f6r att st\u00e4rka ungas m\u00f6jligheter att delta, p\u00e5verka och ha inflytande \u2013 s\u00e4rskilt de som ofta exkluderas fr\u00e5n policyarbete och internationella partnerskap, s\u00e5som unga med migrationsbakgrund. Organisationens v\u00e4rdegrund bygger p\u00e5 principerna om j\u00e4mst\u00e4lldhet, icke-diskriminering, milj\u00f6, bist\u00e5nd och fred.<\/p><p><em>Du kan bli medlem i Ung i V\u00e4rlden <a href=\"https:\/\/ungivarlden.se\/engagera-dig#bli-medlem\">h\u00e4r<\/a>.\u00a0<\/em><\/p><p><strong>Detta har h\u00e4nt\u00a0<\/strong><\/p><p>Under v\u00e5ren har vi genomf\u00f6rt flera aktiviteter inom projektet Ung i V\u00e4rlden. Deltagarna har gjort studiebes\u00f6k hos bland annat FBA, MSB, War Child och UNICEF f\u00f6r att l\u00e4ra sig mer om internationellt arbete. Projektet avslutades under J\u00e4rvaveckan d\u00e4r vi deltog i panelsamtal, seminarier och n\u00e4tverkande. Vi hade \u00e4ven ett eget t\u00e4lt med aktiviteter, medlemsrekrytering och ett panelsamtal p\u00e5 temat &#8221;Osedd kultur&#8221;.<\/p><p>F\u00f6reningen har ocks\u00e5 representerats vid Charlemagne ungdomsprisets ceremoni i Aachen och beviljats stipendium fr\u00e5n Id\u00e9er f\u00f6r livet inf\u00f6r n\u00e4sta verksamhets\u00e5r. <\/p><p><strong><span style=\"text-align: var(--text-align); font-size: 0.9rem;\">Vad som v\u00e4ntar<\/span><\/strong><\/p><p>I augusti h\u00e5ller vi ett st\u00f6rre styrelsem\u00f6te f\u00f6r att planera n\u00e4sta verksamhets\u00e5r, projektet <em>Globala Unga<\/em>, och f\u00f6rbereda inf\u00f6r \u00e5rsm\u00f6tet. Arbetsgruppen planerar sin f\u00f6rsta kickoff, som syftar till att st\u00e4rka engagemanget bland medlemmarna. Genom <em>Globala Unga<\/em> vill vi \u00f6ppna upp verksamheten \u00e4nnu mer f\u00f6r alla v\u00e5ra medlemmar. Mer information kommer snart &#8211; h\u00e5ll dig uppdaterad via v\u00e5ra sociala medier!<\/p><p><strong>F\u00f6lj oss p\u00e5 sociala medier!<\/strong><\/p><p><a href=\"https:\/\/ungivarlden.se\/\">Hemsida<\/a><br \/><a href=\"https:\/\/www.instagram.com\/ungivarldensweden\/\">Instagram<\/a><\/p><p><strong>Vill du engagera dig i f\u00f6reningen? Fyll i intressanm\u00e4lan nedan.\u00a0<\/strong><\/p>\t\t\t\t\t\t\t\t<\/div>\n\t\t\t\t<\/div>\n\t\t\t\t<div class=\"elementor-element elementor-element-2032d2c elementor-widget elementor-widget-wpforms\" data-id=\"2032d2c\" data-element_type=\"widget\" data-e-type=\"widget\" data-widget_type=\"wpforms.default\">\n\t\t\t\t<div class=\"elementor-widget-container\">\n\t\t\t\t\t<div class=\"wpforms-container wpforms-container-full\" id=\"wpforms-29501\"><form id=\"wpforms-form-29501\" class=\"wpforms-validate wpforms-form wpforms-ajax-form\" data-formid=\"29501\" method=\"post\" enctype=\"multipart\/form-data\" action=\"\/en\/wp-json\/wp\/v2\/pages\/29499\" data-token=\"0059c8f8468d2d80994df613af8909d4\" data-token-time=\"1776510441\"><div class=\"wpforms-head-container\"><div class=\"wpforms-title\">Intresseanm\u00e4lan Ung i V\u00e4rlden<\/div><div class=\"wpforms-description\">N\u00e4r du har fyllt i detta formul\u00e4r kommer vi att kontakta dig f\u00f6r att f\u00f6lja upp med din intresseanm\u00e4lan.<\/div><\/div><noscript class=\"wpforms-error-noscript\">Please enable JavaScript in your browser to complete this form.<\/noscript><div class=\"wpforms-field-container\"><div id=\"wpforms-29501-field_2-container\" class=\"wpforms-field wpforms-field-name\" data-field-id=\"2\"><label class=\"wpforms-field-label\" for=\"wpforms-29501-field_2\">Namn <span class=\"wpforms-required-label\">*<\/span><\/label><div class=\"wpforms-field-row wpforms-field-medium\"><div class=\"wpforms-field-row-block wpforms-first wpforms-one-half\"><input type=\"text\" id=\"wpforms-29501-field_2\" class=\"wpforms-field-name-first wpforms-field-required\" name=\"wpforms[fields][2][first]\" placeholder=\"F\u00f6rnamn\" required><label for=\"wpforms-29501-field_2\" class=\"wpforms-field-sublabel after wpforms-sublabel-hide\">First<\/label><\/div><div class=\"wpforms-field-row-block wpforms-one-half\"><input type=\"text\" id=\"wpforms-29501-field_2-last\" class=\"wpforms-field-name-last wpforms-field-required\" name=\"wpforms[fields][2][last]\" placeholder=\"Efternamn\" required><label for=\"wpforms-29501-field_2-last\" class=\"wpforms-field-sublabel after wpforms-sublabel-hide\">Last<\/label><\/div><\/div><\/div><div id=\"wpforms-29501-field_3-container\" class=\"wpforms-field wpforms-field-email\" data-field-id=\"3\"><label class=\"wpforms-field-label\" for=\"wpforms-29501-field_3\">E-post <span class=\"wpforms-required-label\">*<\/span><\/label><input type=\"email\" id=\"wpforms-29501-field_3\" class=\"wpforms-field-medium wpforms-field-required\" name=\"wpforms[fields][3]\" spellcheck=\"false\" required><\/div><div id=\"wpforms-29501-field_16-container\" class=\"wpforms-field wpforms-field-number\" data-field-id=\"16\"><label class=\"wpforms-field-label\" for=\"wpforms-29501-field_16\">Telefonnummer <span class=\"wpforms-required-label\">*<\/span><\/label><input type=\"number\" id=\"wpforms-29501-field_16\" class=\"wpforms-field-medium wpforms-field-required\" name=\"wpforms[fields][16]\" step=\"any\" required><\/div><div id=\"wpforms-29501-field_6-container\" class=\"wpforms-field wpforms-field-number\" data-field-id=\"6\"><label class=\"wpforms-field-label\" for=\"wpforms-29501-field_6\">F\u00f6delsedatum <span class=\"wpforms-required-label\">*<\/span><\/label><input type=\"number\" id=\"wpforms-29501-field_6\" class=\"wpforms-field-medium wpforms-field-required\" name=\"wpforms[fields][6]\" placeholder=\"\u00c5\u00c5\u00c5\u00c5MMDD\" step=\"any\" required><\/div><div id=\"wpforms-29501-field_26-container\" class=\"wpforms-field wpforms-field-select wpforms-field-select-style-classic\" data-field-id=\"26\"><label class=\"wpforms-field-label\" for=\"wpforms-29501-field_26\">\u00c4r du bosatt i Stockholm? <span class=\"wpforms-required-label\">*<\/span><\/label><select id=\"wpforms-29501-field_26\" class=\"wpforms-field-medium wpforms-field-required\" name=\"wpforms[fields][26]\" required=\"required\"><option value=\"Ja\"  class=\"choice-1 depth-1\"  >Ja<\/option><option value=\"Nej\"  class=\"choice-2 depth-1\"  >Nej<\/option><\/select><\/div><div id=\"wpforms-29501-field_27-container\" class=\"wpforms-field wpforms-field-text\" data-field-id=\"27\"><label class=\"wpforms-field-label\" for=\"wpforms-29501-field_27\">Om nej, vart \u00e4r du bosatt?<\/label><input type=\"text\" id=\"wpforms-29501-field_27\" class=\"wpforms-field-medium\" name=\"wpforms[fields][27]\" ><\/div><div id=\"wpforms-29501-field_7-container\" class=\"wpforms-field wpforms-field-select wpforms-field-select-style-classic\" data-field-id=\"7\"><label class=\"wpforms-field-label\" for=\"wpforms-29501-field_7\">Har du varit engagerad i PeaceWorks tidigare? <span class=\"wpforms-required-label\">*<\/span><\/label><select id=\"wpforms-29501-field_7\" class=\"wpforms-field-medium wpforms-field-required\" name=\"wpforms[fields][7]\" required=\"required\"><option value=\"Ja\"  class=\"choice-1 depth-1\"  >Ja<\/option><option value=\"Nej\"  class=\"choice-2 depth-1\"  >Nej<\/option><option value=\"Choice 3\"  class=\"choice-3 depth-1\"  >Choice 3<\/option><\/select><\/div><div id=\"wpforms-29501-field_8-container\" class=\"wpforms-field wpforms-field-text\" data-field-id=\"8\"><label class=\"wpforms-field-label\" for=\"wpforms-29501-field_8\">Om Ja, beskriv g\u00e4rna hur:<\/label><input type=\"text\" id=\"wpforms-29501-field_8\" class=\"wpforms-field-medium\" name=\"wpforms[fields][8]\" ><\/div><div id=\"wpforms-29501-field_9-container\" class=\"wpforms-field wpforms-field-textarea\" data-field-id=\"9\"><label class=\"wpforms-field-label\" for=\"wpforms-29501-field_9\">Vilken typ av aktiviteter vill du vara med och driva? <span class=\"wpforms-required-label\">*<\/span><\/label><textarea id=\"wpforms-29501-field_9\" class=\"wpforms-field-medium wpforms-field-required\" name=\"wpforms[fields][9]\" required><\/textarea><\/div><div id=\"wpforms-29501-field_10-container\" class=\"wpforms-field wpforms-field-textarea\" data-field-id=\"10\"><label class=\"wpforms-field-label\" for=\"wpforms-29501-field_10\">Har du n\u00e5gon tidigare erfarenhet av styrelsearbete? <span class=\"wpforms-required-label\">*<\/span><\/label><textarea id=\"wpforms-29501-field_10\" class=\"wpforms-field-medium wpforms-field-required\" name=\"wpforms[fields][10]\" required><\/textarea><\/div><div id=\"wpforms-29501-field_17-container\" class=\"wpforms-field wpforms-field-checkbox\" data-field-id=\"17\"><label class=\"wpforms-field-label\">Samtycker du till att vi delar dina kontaktuppgifter med f\u00f6reningens styrelse? <span class=\"wpforms-required-label\">*<\/span><\/label><ul id=\"wpforms-29501-field_17\" class=\"wpforms-field-required\"><li class=\"choice-1 depth-1\"><input type=\"checkbox\" id=\"wpforms-29501-field_17_1\" name=\"wpforms[fields][17][]\" value=\"Ja\" required ><label class=\"wpforms-field-label-inline\" for=\"wpforms-29501-field_17_1\">Ja<\/label><\/li><li class=\"choice-2 depth-1\"><input type=\"checkbox\" id=\"wpforms-29501-field_17_2\" name=\"wpforms[fields][17][]\" value=\"Nej\" required ><label class=\"wpforms-field-label-inline\" for=\"wpforms-29501-field_17_2\">Nej<\/label><\/li><\/ul><\/div><\/div><!-- .wpforms-field-container --><div class=\"wpforms-submit-container\" ><input type=\"hidden\" name=\"wpforms[id]\" value=\"29501\"><input type=\"hidden\" name=\"page_title\" value=\"\"><input type=\"hidden\" name=\"page_url\" value=\"https:\/\/peaceworks.se\/en\/wp-json\/wp\/v2\/pages\/29499\"><input type=\"hidden\" name=\"url_referer\" value=\"\"><button type=\"submit\" name=\"wpforms[submit]\" id=\"wpforms-submit-29501\" class=\"wpforms-submit\" data-alt-text=\"Skickar \u2026\" data-submit-text=\"Skicka\" aria-live=\"assertive\" value=\"wpforms-submit\">Skicka<\/button><img decoding=\"async\" src=\"https:\/\/peaceworks.se\/wp-content\/plugins\/wpforms-lite\/assets\/images\/submit-spin.svg\" class=\"wpforms-submit-spinner\" style=\"display: none;\" width=\"26\" height=\"26\" alt=\"Loading\"><\/div><\/form><\/div>  <!-- .wpforms-container -->\t\t\t\t<\/div>\n\t\t\t\t<\/div>\n\t\t\t\t\t<\/div>\n\t\t\t\t<\/div>\n\t\t\t\t<\/div>\n\t\t","protected":false},"excerpt":{"rendered":"<p>Om oss Ung i V\u00e4rlden \u00e4r en ungdomsorganisation som fokuserar p\u00e5 globala fr\u00e5gor och m\u00e4nskliga r\u00e4ttigheter. V\u00e5rt m\u00e5l \u00e4r att skapa en mer inkluderande och r\u00e4ttvis bist\u00e5ndssektor d\u00e4r fler perspektiv f\u00e5r ta plats och p\u00e5verka framtiden. Genom att tillg\u00e4ngligg\u00f6ra praktiska verktyg arbetar vi f\u00f6r att st\u00e4rka ungas m\u00f6jligheter att delta, p\u00e5verka och ha inflytande \u2013&#8230;<\/p>","protected":false},"author":1,"featured_media":29561,"parent":19613,"menu_order":0,"comment_status":"closed","ping_status":"closed","template":"","meta":{"footnotes":""},"class_list":["post-29499","page","type-page","status-publish","has-post-thumbnail","hentry"],"rttpg_featured_image_url":{"full":["https:\/\/peaceworks.se\/wp-content\/uploads\/2025\/04\/uiv-hemsidoprofil.jpg",1920,1080,false],"landscape":["https:\/\/peaceworks.se\/wp-content\/uploads\/2025\/04\/uiv-hemsidoprofil.jpg",1920,1080,false],"portraits":["https:\/\/peaceworks.se\/wp-content\/uploads\/2025\/04\/uiv-hemsidoprofil.jpg",1920,1080,false],"thumbnail":["https:\/\/peaceworks.se\/wp-content\/uploads\/2025\/04\/uiv-hemsidoprofil-150x150.jpg",150,150,true],"medium":["https:\/\/peaceworks.se\/wp-content\/uploads\/2025\/04\/uiv-hemsidoprofil-400x225.jpg",400,225,true],"large":["https:\/\/peaceworks.se\/wp-content\/uploads\/2025\/04\/uiv-hemsidoprofil-800x450.jpg",800,450,true],"1536x1536":["https:\/\/peaceworks.se\/wp-content\/uploads\/2025\/04\/uiv-hemsidoprofil-1536x864.jpg",1536,864,true],"2048x2048":["https:\/\/peaceworks.se\/wp-content\/uploads\/2025\/04\/uiv-hemsidoprofil.jpg",1920,1080,false],"trp-custom-language-flag":["https:\/\/peaceworks.se\/wp-content\/uploads\/2025\/04\/uiv-hemsidoprofil-18x10.jpg",18,10,true]},"rttpg_author":{"display_name":"PeaceWorks Sweden","author_link":"https:\/\/peaceworks.se\/en\/author\/p3ce-works\/"},"rttpg_comment":0,"rttpg_category":null,"rttpg_excerpt":"Om oss Ung i V\u00e4rlden \u00e4r en ungdomsorganisation som fokuserar p\u00e5 globala fr\u00e5gor och m\u00e4nskliga r\u00e4ttigheter. V\u00e5rt m\u00e5l \u00e4r att skapa en mer inkluderande och r\u00e4ttvis bist\u00e5ndssektor d\u00e4r fler perspektiv f\u00e5r ta plats och p\u00e5verka framtiden. Genom att tillg\u00e4ngligg\u00f6ra praktiska verktyg arbetar vi f\u00f6r att st\u00e4rka ungas m\u00f6jligheter att delta, p\u00e5verka och ha inflytande \u2013...","_links":{"self":[{"href":"https:\/\/peaceworks.se\/en\/wp-json\/wp\/v2\/pages\/29499","targetHints":{"allow":["GET"]}}],"collection":[{"href":"https:\/\/peaceworks.se\/en\/wp-json\/wp\/v2\/pages"}],"about":[{"href":"https:\/\/peaceworks.se\/en\/wp-json\/wp\/v2\/types\/page"}],"author":[{"embeddable":true,"href":"https:\/\/peaceworks.se\/en\/wp-json\/wp\/v2\/users\/1"}],"replies":[{"embeddable":true,"href":"https:\/\/peaceworks.se\/en\/wp-json\/wp\/v2\/comments?post=29499"}],"version-history":[{"count":18,"href":"https:\/\/peaceworks.se\/en\/wp-json\/wp\/v2\/pages\/29499\/revisions"}],"predecessor-version":[{"id":29944,"href":"https:\/\/peaceworks.se\/en\/wp-json\/wp\/v2\/pages\/29499\/revisions\/29944"}],"up":[{"embeddable":true,"href":"https:\/\/peaceworks.se\/en\/wp-json\/wp\/v2\/pages\/19613"}],"wp:featuredmedia":[{"embeddable":true,"href":"https:\/\/peaceworks.se\/en\/wp-json\/wp\/v2\/media\/29561"}],"wp:attachment":[{"href":"https:\/\/peaceworks.se\/en\/wp-json\/wp\/v2\/media?parent=29499"}],"curies":[{"name":"wp","href":"https:\/\/api.w.org\/{rel}","templated":true}]}}